{"id":10693,"date":"2023-06-20T09:33:19","date_gmt":"2023-06-20T09:33:19","guid":{"rendered":"https:\/\/rosinalaw.wpenginepowered.com\/recursos\/"},"modified":"2025-10-16T17:01:09","modified_gmt":"2025-10-16T17:01:09","slug":"recursos","status":"publish","type":"page","link":"https:\/\/www.rosinalaw.com\/es\/recursos\/","title":{"rendered":"Recursos"},"content":{"rendered":"<h2><strong>\ud83c\udfdb\ufe0f Gobierno y recursos oficiales<\/strong><\/h2>\n<div class=\"bullet-list t1\">\n<h3>1. Servicios de Ciudadan\u00eda e Inmigraci\u00f3n de EE.UU. (USCIS)<\/h3>\n<ul>\n<li style=\"font-weight: 400;\" aria-level=\"1\"><b>Sitio principal<\/b><span style=\"font-weight: 400;\">:<\/span><a href=\"https:\/\/www.uscis.gov\" target=\"_blank\" rel=\"noopener\"><span style=\"font-weight: 400;\">https:\/\/www.uscis.gov<\/span><\/a><\/li>\n<li style=\"font-weight: 400;\" aria-level=\"1\"><b>Herramienta de estado de los casos<\/b><span style=\"font-weight: 400;\">: <\/span><a href=\"https:\/\/egov.uscis.gov\/casestatus\/landing.do\" target=\"_blank\" rel=\"noopener\"><span style=\"font-weight: 400;\">https:\/\/egov.uscis.gov\/casestatus\/landing.do<\/span><\/a><span style=\"font-weight: 400;\"><br \/>\n<\/span><\/li>\n<li style=\"font-weight: 400;\" aria-level=\"1\"><b>Biblioteca de formularios<\/b><span style=\"font-weight: 400;\">: <\/span><a href=\"https:\/\/www.uscis.gov\/forms\" target=\"_blank\" rel=\"noopener\"><span style=\"font-weight: 400;\">https:\/\/www.uscis.gov\/forms<\/span><\/a><span style=\"font-weight: 400;\"><br \/>\n<\/span><\/li>\n<li style=\"font-weight: 400;\" aria-level=\"1\"><b>Tiempos de procesamiento<\/b><span style=\"font-weight: 400;\">: <\/span><a href=\"https:\/\/egov.uscis.gov\/processing-times\/\" target=\"_blank\" rel=\"noopener\"><span style=\"font-weight: 400;\">https:\/\/egov.uscis.gov\/processing-times\/<\/span><\/a><span style=\"font-weight: 400;\"><br \/>\n<\/span><\/li>\n<\/ul>\n<h3>2. Departamento de Estado de EE.UU.<\/h3>\n<ul>\n<li style=\"font-weight: 400;\" aria-level=\"1\"><b>Bolet\u00edn de visados<\/b><span style=\"font-weight: 400;\">: <\/span><a href=\"https:\/\/travel.state.gov\/content\/travel\/en\/legal\/visa-law0\/visa-bulletin.html\" target=\"_blank\" rel=\"noopener\"><span style=\"font-weight: 400;\">https:\/\/travel.state.gov\/content\/travel\/en\/legal\/visa-law0\/visa-bulletin.html<\/span><\/a><span style=\"font-weight: 400;\"><br \/>\n<\/span><\/li>\n<li style=\"font-weight: 400;\" aria-level=\"1\"><b>Asuntos consulares<\/b><span style=\"font-weight: 400;\">: <\/span><a href=\"https:\/\/travel.state.gov\" target=\"_blank\" rel=\"noopener\"><span style=\"font-weight: 400;\">https:\/\/travel.state.gov<\/span><\/a><span style=\"font-weight: 400;\"><br \/>\n<\/span><\/li>\n<li style=\"font-weight: 400;\" aria-level=\"1\"><b>Solicitud de visado DS-160<\/b><span style=\"font-weight: 400;\">: <\/span><a href=\"https:\/\/ceac.state.gov\/genniv\/\" target=\"_blank\" rel=\"noopener\"><span style=\"font-weight: 400;\">https:\/\/ceac.state.gov\/genniv\/<\/span><\/a><span style=\"font-weight: 400;\"><br \/>\n<\/span><\/li>\n<\/ul>\n<h3>3. Tribunales de inmigraci\u00f3n y sistema jur\u00eddico<\/h3>\n<ul>\n<li style=\"font-weight: 400;\" aria-level=\"1\"><b>Estado del caso EOIR<\/b><span style=\"font-weight: 400;\"> (Oficina Ejecutiva de Revisi\u00f3n de Casos de Inmigraci\u00f3n): <\/span><a href=\"https:\/\/portal.eoir.justice.gov\" target=\"_blank\" rel=\"noopener\"><span style=\"font-weight: 400;\">https:\/\/portal.eoir.justice.gov<\/span><\/a><span style=\"font-weight: 400;\"><br \/>\n<\/span><\/li>\n<li style=\"font-weight: 400;\" aria-level=\"1\"><b>Junta de Recursos de Inmigraci\u00f3n (BIA)<\/b><span style=\"font-weight: 400;\">: <\/span><a href=\"https:\/\/www.justice.gov\/eoir\/board-of-immigration-appeals\" target=\"_blank\" rel=\"noopener\"><span style=\"font-weight: 400;\">https:\/\/www.justice.gov\/eoir\/board-of-immigration-appeals<\/span><\/a><span style=\"font-weight: 400;\"><br \/>\n<\/span><\/li>\n<\/ul>\n<h2><strong>\ud83d\udcd1 Formularios, Gu\u00edas y Herramientas<\/strong><\/h2>\n<h3>4. Calculadora de tasas del USCIS<\/h3>\n<ul>\n<li aria-level=\"1\"><a href=\"https:\/\/www.uscis.gov\/feecalculator\" target=\"_blank\" rel=\"noopener\">https:\/\/www.uscis.gov\/feecalculator<\/a><\/li>\n<\/ul>\n<h3>5. Herramienta de Tiempos de Espera para Visados de EE.UU.<\/h3>\n<ul>\n<li style=\"font-weight: 400;\" aria-level=\"1\"><a href=\"https:\/\/travel.state.gov\/content\/travel\/en\/us-visas\/visa-information-resources\/wait-times.html\" target=\"_blank\" rel=\"noopener\"><span style=\"font-weight: 400;\">https:\/\/travel.state.gov\/content\/travel\/en\/us-visas\/visa-information-resources\/wait-times.html<\/span><\/a><span style=\"font-weight: 400;\"><br \/>\n<\/span><\/li>\n<\/ul>\n<h2><strong>\ud83d\udcda Recursos educativos y comunitarios<\/strong><\/h2>\n<h3>6. Gu\u00eda de bienvenida a EE.UU. (USCIS)<\/h3>\n<ul>\n<li style=\"font-weight: 400;\" aria-level=\"1\"><a href=\"https:\/\/www.uscis.gov\/sites\/default\/files\/document\/guides\/M-618.pdf\" target=\"_blank\" rel=\"noopener\"><span style=\"font-weight: 400;\">https:\/\/www.uscis.gov\/sites\/default\/files\/document\/guides\/M-618.pdf<\/span><\/a><span style=\"font-weight: 400;\"><br \/>\n<\/span><\/li>\n<\/ul>\n<h3>7. EEUUHola<\/h3>\n<p><a href=\"https:\/\/www.usahello.org\" target=\"_blank\" rel=\"noopener\"><span style=\"font-weight: 400;\">https:\/\/www.usahello.org<\/span><span style=\"font-weight: 400;\"><br \/>\n<\/span><\/a><\/p>\n<\/div>\n<h2><strong>\ud83d\udcc3 Art\u00edculos informativos<\/strong><\/h2>\n<h3>8. La Administraci\u00f3n mult\u00f3 a inmigrantes con bajos ingresos<\/h3>\n<ul>\n<li><a href=\"https:\/\/www.reuters.com\/world\/us\/low-income-migrants-fined-up-18-million-by-trump-administration-2025-05-20\/\" target=\"_blank\" rel=\"noopener\">https:\/\/www.reuters.com\/world\/us\/low-income-migrants-fined-up-18-million-by-trump-administration-2025-05-20\/<\/a><\/li>\n<\/ul>\n","protected":false},"excerpt":{"rendered":"<p>\ud83c\udfdb\ufe0f Gobierno y recursos oficiales 1. Servicios de Ciudadan\u00eda e Inmigraci\u00f3n de EE.UU. (USCIS) Sitio principal:https:\/\/www.uscis.gov Herramienta de estado de los casos: https:\/\/egov.uscis.gov\/casestatus\/landing.do Biblioteca de formularios: https:\/\/www.uscis.gov\/forms Tiempos de procesamiento: https:\/\/egov.uscis.gov\/processing-times\/ 2. Departamento de Estado de EE.UU. Bolet\u00edn de visados: https:\/\/travel.state.gov\/content\/travel\/en\/legal\/visa-law0\/visa-bulletin.html Asuntos consulares: https:\/\/travel.state.gov Solicitud de visado DS-160: https:\/\/ceac.state.gov\/genniv\/ 3. Tribunales de inmigraci\u00f3n y sistema [&hellip;]<\/p>\n","protected":false},"author":21,"featured_media":9697,"parent":0,"menu_order":0,"comment_status":"closed","ping_status":"closed","template":"","meta":{"_acf_changed":false,"site-sidebar-layout":"default","site-content-layout":"default","ast-site-content-layout":"default","site-content-style":"default","site-sidebar-style":"default","ast-global-header-display":"","ast-banner-title-visibility":"","ast-main-header-display":"","ast-hfb-above-header-display":"","ast-hfb-below-header-display":"","ast-hfb-mobile-header-display":"","site-post-title":"","ast-breadcrumbs-content":"","ast-featured-img":"","footer-sml-layout":"","ast-disable-related-posts":"","theme-transparent-header-meta":"default","adv-header-id-meta":"","stick-header-meta":"","header-above-stick-meta":"","header-main-stick-meta":"","header-below-stick-meta":"","astra-migrate-meta-layouts":"default","ast-page-background-enabled":"default","ast-page-background-meta":{"desktop":{"background-color":"var(--ast-global-color-4)","background-image":"","background-repeat":"repeat","background-position":"center center","background-size":"auto","background-attachment":"scroll","background-type":"","background-media":"","overlay-type":"","overlay-color":"","overlay-opacity":"","overlay-gradient":""},"tablet":{"background-color":"","background-image":"","background-repeat":"repeat","background-position":"center center","background-size":"auto","background-attachment":"scroll","background-type":"","background-media":"","overlay-type":"","overlay-color":"","overlay-opacity":"","overlay-gradient":""},"mobile":{"background-color":"","background-image":"","background-repeat":"repeat","background-position":"center center","background-size":"auto","background-attachment":"scroll","background-type":"","background-media":"","overlay-type":"","overlay-color":"","overlay-opacity":"","overlay-gradient":""}},"ast-content-background-meta":{"desktop":{"background-color":"var(--ast-global-color-5)","background-image":"","background-repeat":"repeat","background-position":"center center","background-size":"auto","background-attachment":"scroll","background-type":"","background-media":"","overlay-type":"","overlay-color":"","overlay-opacity":"","overlay-gradient":""},"tablet":{"background-color":"var(--ast-global-color-5)","background-image":"","background-repeat":"repeat","background-position":"center center","background-size":"auto","background-attachment":"scroll","background-type":"","background-media":"","overlay-type":"","overlay-color":"","overlay-opacity":"","overlay-gradient":""},"mobile":{"background-color":"var(--ast-global-color-5)","background-image":"","background-repeat":"repeat","background-position":"center center","background-size":"auto","background-attachment":"scroll","background-type":"","background-media":"","overlay-type":"","overlay-color":"","overlay-opacity":"","overlay-gradient":""}},"footnotes":""},"class_list":["post-10693","page","type-page","status-publish","has-post-thumbnail","hentry"],"acf":[],"yoast_head":"<!-- This site is optimized with the Yoast SEO plugin v27.4 - https:\/\/yoast.com\/product\/yoast-seo-wordpress\/ -->\n<title>Recursos | Abogado de inmigraci\u00f3n en York<\/title>\n<meta name=\"description\" content=\"Recursos. El Despacho Jur\u00eddico de Rosina C. Stambaugh puede proporcionarte a\u00f1os de experiencia en derecho de inmigraci\u00f3n. \u00a1Llama hoy mismo!\" \/>\n<meta name=\"robots\" content=\"index, follow, max-snippet:-1, max-image-preview:large, max-video-preview:-1\" \/>\n<link rel=\"canonical\" href=\"https:\/\/www.rosinalaw.com\/es\/recursos\/\" \/>\n<meta property=\"og:locale\" content=\"es_ES\" \/>\n<meta property=\"og:type\" content=\"article\" \/>\n<meta property=\"og:title\" content=\"Recursos | Abogado de inmigraci\u00f3n en York\" \/>\n<meta property=\"og:description\" content=\"Recursos. El Despacho Jur\u00eddico de Rosina C. Stambaugh puede proporcionarte a\u00f1os de experiencia en derecho de inmigraci\u00f3n. \u00a1Llama hoy mismo!\" \/>\n<meta property=\"og:url\" content=\"https:\/\/www.rosinalaw.com\/es\/recursos\/\" \/>\n<meta property=\"og:site_name\" content=\"The Law Office of Rosina Stambaugh\" \/>\n<meta property=\"article:publisher\" content=\"https:\/\/www.facebook.com\/rosinastambaughlaw\/\" \/>\n<meta property=\"article:modified_time\" content=\"2025-10-16T17:01:09+00:00\" \/>\n<meta property=\"og:image\" content=\"https:\/\/www.rosinalaw.com\/wp-content\/uploads\/2023\/06\/blog_fet.png\" \/>\n\t<meta property=\"og:image:width\" content=\"1100\" \/>\n\t<meta property=\"og:image:height\" content=\"590\" \/>\n\t<meta property=\"og:image:type\" content=\"image\/png\" \/>\n<meta name=\"twitter:card\" content=\"summary_large_image\" \/>\n<meta name=\"twitter:site\" content=\"@LawOffice_RCS\" \/>\n<meta name=\"twitter:label1\" content=\"Tiempo de lectura\" \/>\n\t<meta name=\"twitter:data1\" content=\"1 minuto\" \/>\n<script type=\"application\/ld+json\" class=\"yoast-schema-graph\">{\"@context\":\"https:\\\/\\\/schema.org\",\"@graph\":[{\"@type\":\"WebPage\",\"@id\":\"https:\\\/\\\/www.rosinalaw.com\\\/es\\\/recursos\\\/\",\"url\":\"https:\\\/\\\/www.rosinalaw.com\\\/es\\\/recursos\\\/\",\"name\":\"Recursos | Abogado de inmigraci\u00f3n en York\",\"isPartOf\":{\"@id\":\"https:\\\/\\\/www.rosinalaw.com\\\/#website\"},\"primaryImageOfPage\":{\"@id\":\"https:\\\/\\\/www.rosinalaw.com\\\/es\\\/recursos\\\/#primaryimage\"},\"image\":{\"@id\":\"https:\\\/\\\/www.rosinalaw.com\\\/es\\\/recursos\\\/#primaryimage\"},\"thumbnailUrl\":\"https:\\\/\\\/www.rosinalaw.com\\\/wp-content\\\/uploads\\\/2023\\\/06\\\/blog_fet.png\",\"datePublished\":\"2023-06-20T09:33:19+00:00\",\"dateModified\":\"2025-10-16T17:01:09+00:00\",\"description\":\"Recursos. El Despacho Jur\u00eddico de Rosina C. Stambaugh puede proporcionarte a\u00f1os de experiencia en derecho de inmigraci\u00f3n. \u00a1Llama hoy mismo!\",\"breadcrumb\":{\"@id\":\"https:\\\/\\\/www.rosinalaw.com\\\/es\\\/recursos\\\/#breadcrumb\"},\"inLanguage\":\"es\",\"potentialAction\":[{\"@type\":\"ReadAction\",\"target\":[\"https:\\\/\\\/www.rosinalaw.com\\\/es\\\/recursos\\\/\"]}]},{\"@type\":\"ImageObject\",\"inLanguage\":\"es\",\"@id\":\"https:\\\/\\\/www.rosinalaw.com\\\/es\\\/recursos\\\/#primaryimage\",\"url\":\"https:\\\/\\\/www.rosinalaw.com\\\/wp-content\\\/uploads\\\/2023\\\/06\\\/blog_fet.png\",\"contentUrl\":\"https:\\\/\\\/www.rosinalaw.com\\\/wp-content\\\/uploads\\\/2023\\\/06\\\/blog_fet.png\",\"width\":1100,\"height\":590},{\"@type\":\"BreadcrumbList\",\"@id\":\"https:\\\/\\\/www.rosinalaw.com\\\/es\\\/recursos\\\/#breadcrumb\",\"itemListElement\":[{\"@type\":\"ListItem\",\"position\":1,\"name\":\"Inicio\",\"item\":\"https:\\\/\\\/www.rosinalaw.com\\\/es\\\/inicio\\\/\"},{\"@type\":\"ListItem\",\"position\":2,\"name\":\"Recursos\"}]},{\"@type\":\"WebSite\",\"@id\":\"https:\\\/\\\/www.rosinalaw.com\\\/#website\",\"url\":\"https:\\\/\\\/www.rosinalaw.com\\\/\",\"name\":\"The Law Office of Rosina Stambaugh\",\"description\":\"\",\"publisher\":{\"@id\":\"https:\\\/\\\/www.rosinalaw.com\\\/#organization\"},\"potentialAction\":[{\"@type\":\"SearchAction\",\"target\":{\"@type\":\"EntryPoint\",\"urlTemplate\":\"https:\\\/\\\/www.rosinalaw.com\\\/?s={search_term_string}\"},\"query-input\":{\"@type\":\"PropertyValueSpecification\",\"valueRequired\":true,\"valueName\":\"search_term_string\"}}],\"inLanguage\":\"es\"},{\"@type\":\"Organization\",\"@id\":\"https:\\\/\\\/www.rosinalaw.com\\\/#organization\",\"name\":\"El bufete de Rosina Stambaugh\",\"url\":\"https:\\\/\\\/www.rosinalaw.com\\\/\",\"logo\":{\"@type\":\"ImageObject\",\"inLanguage\":\"es\",\"@id\":\"https:\\\/\\\/www.rosinalaw.com\\\/#\\\/schema\\\/logo\\\/image\\\/\",\"url\":\"https:\\\/\\\/www.rosinalaw.com\\\/wp-content\\\/uploads\\\/2023\\\/06\\\/logo-header.png\",\"contentUrl\":\"https:\\\/\\\/www.rosinalaw.com\\\/wp-content\\\/uploads\\\/2023\\\/06\\\/logo-header.png\",\"width\":540,\"height\":80,\"caption\":\"El bufete de Rosina Stambaugh\"},\"image\":{\"@id\":\"https:\\\/\\\/www.rosinalaw.com\\\/#\\\/schema\\\/logo\\\/image\\\/\"},\"sameAs\":[\"https:\\\/\\\/www.facebook.com\\\/rosinastambaughlaw\\\/\",\"https:\\\/\\\/x.com\\\/LawOffice_RCS\"]}]}<\/script>\n<!-- \/ Yoast SEO plugin. -->","yoast_head_json":{"title":"Recursos | Abogado de inmigraci\u00f3n en York","description":"Recursos. El Despacho Jur\u00eddico de Rosina C. Stambaugh puede proporcionarte a\u00f1os de experiencia en derecho de inmigraci\u00f3n. \u00a1Llama hoy mismo!","robots":{"index":"index","follow":"follow","max-snippet":"max-snippet:-1","max-image-preview":"max-image-preview:large","max-video-preview":"max-video-preview:-1"},"canonical":"https:\/\/www.rosinalaw.com\/es\/recursos\/","og_locale":"es_ES","og_type":"article","og_title":"Recursos | Abogado de inmigraci\u00f3n en York","og_description":"Recursos. El Despacho Jur\u00eddico de Rosina C. Stambaugh puede proporcionarte a\u00f1os de experiencia en derecho de inmigraci\u00f3n. \u00a1Llama hoy mismo!","og_url":"https:\/\/www.rosinalaw.com\/es\/recursos\/","og_site_name":"The Law Office of Rosina Stambaugh","article_publisher":"https:\/\/www.facebook.com\/rosinastambaughlaw\/","article_modified_time":"2025-10-16T17:01:09+00:00","og_image":[{"width":1100,"height":590,"url":"https:\/\/www.rosinalaw.com\/wp-content\/uploads\/2023\/06\/blog_fet.png","type":"image\/png"}],"twitter_card":"summary_large_image","twitter_site":"@LawOffice_RCS","twitter_misc":{"Tiempo de lectura":"1 minuto"},"schema":{"@context":"https:\/\/schema.org","@graph":[{"@type":"WebPage","@id":"https:\/\/www.rosinalaw.com\/es\/recursos\/","url":"https:\/\/www.rosinalaw.com\/es\/recursos\/","name":"Recursos | Abogado de inmigraci\u00f3n en York","isPartOf":{"@id":"https:\/\/www.rosinalaw.com\/#website"},"primaryImageOfPage":{"@id":"https:\/\/www.rosinalaw.com\/es\/recursos\/#primaryimage"},"image":{"@id":"https:\/\/www.rosinalaw.com\/es\/recursos\/#primaryimage"},"thumbnailUrl":"https:\/\/www.rosinalaw.com\/wp-content\/uploads\/2023\/06\/blog_fet.png","datePublished":"2023-06-20T09:33:19+00:00","dateModified":"2025-10-16T17:01:09+00:00","description":"Recursos. El Despacho Jur\u00eddico de Rosina C. Stambaugh puede proporcionarte a\u00f1os de experiencia en derecho de inmigraci\u00f3n. \u00a1Llama hoy mismo!","breadcrumb":{"@id":"https:\/\/www.rosinalaw.com\/es\/recursos\/#breadcrumb"},"inLanguage":"es","potentialAction":[{"@type":"ReadAction","target":["https:\/\/www.rosinalaw.com\/es\/recursos\/"]}]},{"@type":"ImageObject","inLanguage":"es","@id":"https:\/\/www.rosinalaw.com\/es\/recursos\/#primaryimage","url":"https:\/\/www.rosinalaw.com\/wp-content\/uploads\/2023\/06\/blog_fet.png","contentUrl":"https:\/\/www.rosinalaw.com\/wp-content\/uploads\/2023\/06\/blog_fet.png","width":1100,"height":590},{"@type":"BreadcrumbList","@id":"https:\/\/www.rosinalaw.com\/es\/recursos\/#breadcrumb","itemListElement":[{"@type":"ListItem","position":1,"name":"Inicio","item":"https:\/\/www.rosinalaw.com\/es\/inicio\/"},{"@type":"ListItem","position":2,"name":"Recursos"}]},{"@type":"WebSite","@id":"https:\/\/www.rosinalaw.com\/#website","url":"https:\/\/www.rosinalaw.com\/","name":"The Law Office of Rosina Stambaugh","description":"","publisher":{"@id":"https:\/\/www.rosinalaw.com\/#organization"},"potentialAction":[{"@type":"SearchAction","target":{"@type":"EntryPoint","urlTemplate":"https:\/\/www.rosinalaw.com\/?s={search_term_string}"},"query-input":{"@type":"PropertyValueSpecification","valueRequired":true,"valueName":"search_term_string"}}],"inLanguage":"es"},{"@type":"Organization","@id":"https:\/\/www.rosinalaw.com\/#organization","name":"El bufete de Rosina Stambaugh","url":"https:\/\/www.rosinalaw.com\/","logo":{"@type":"ImageObject","inLanguage":"es","@id":"https:\/\/www.rosinalaw.com\/#\/schema\/logo\/image\/","url":"https:\/\/www.rosinalaw.com\/wp-content\/uploads\/2023\/06\/logo-header.png","contentUrl":"https:\/\/www.rosinalaw.com\/wp-content\/uploads\/2023\/06\/logo-header.png","width":540,"height":80,"caption":"El bufete de Rosina Stambaugh"},"image":{"@id":"https:\/\/www.rosinalaw.com\/#\/schema\/logo\/image\/"},"sameAs":["https:\/\/www.facebook.com\/rosinastambaughlaw\/","https:\/\/x.com\/LawOffice_RCS"]}]}},"_links":{"self":[{"href":"https:\/\/www.rosinalaw.com\/es\/wp-json\/wp\/v2\/pages\/10693","targetHints":{"allow":["GET"]}}],"collection":[{"href":"https:\/\/www.rosinalaw.com\/es\/wp-json\/wp\/v2\/pages"}],"about":[{"href":"https:\/\/www.rosinalaw.com\/es\/wp-json\/wp\/v2\/types\/page"}],"author":[{"embeddable":true,"href":"https:\/\/www.rosinalaw.com\/es\/wp-json\/wp\/v2\/users\/21"}],"replies":[{"embeddable":true,"href":"https:\/\/www.rosinalaw.com\/es\/wp-json\/wp\/v2\/comments?post=10693"}],"version-history":[{"count":0,"href":"https:\/\/www.rosinalaw.com\/es\/wp-json\/wp\/v2\/pages\/10693\/revisions"}],"wp:featuredmedia":[{"embeddable":true,"href":"https:\/\/www.rosinalaw.com\/es\/wp-json\/wp\/v2\/media\/9697"}],"wp:attachment":[{"href":"https:\/\/www.rosinalaw.com\/es\/wp-json\/wp\/v2\/media?parent=10693"}],"curies":[{"name":"wp","href":"https:\/\/api.w.org\/{rel}","templated":true}]}}