{"id":10700,"date":"2023-06-27T12:32:49","date_gmt":"2023-06-27T12:32:49","guid":{"rendered":"https:\/\/rosinalaw.wpenginepowered.com\/crimmigration\/"},"modified":"2025-10-16T17:00:26","modified_gmt":"2025-10-16T17:00:26","slug":"crimmigration","status":"publish","type":"page","link":"https:\/\/www.rosinalaw.com\/es\/crimmigration\/","title":{"rendered":"Crimmigration"},"content":{"rendered":"<h1>Crimmigration<\/h1>\n<h2>Abogado de Defensa Criminal de York<\/h2>\n<h3>Ayudar a Abogados e Inmigrantes a Combatir Acusaciones Judiciales<\/h3>\n<p>Ser acusado de un delito es una tarea aterradora y estresante, sean cuales sean las circunstancias, pero tener antecedentes penales como no ciudadano -o como abogado que lo representa- puede acarrear penas especialmente severas que justifiquen una representaci\u00f3n legal experimentada. El t\u00e9rmino \u00abcrimmigraci\u00f3n\u00bb se refiere a la intersecci\u00f3n del derecho penal y la pol\u00edtica de inmigraci\u00f3n. En pocas palabras, significa que tu inmigraci\u00f3n podr\u00eda peligrar si se te acusa y condena por un delito mientras vives en el pa\u00eds como no ciudadano.  <\/p>\n<p>Un factor clave que contribuye a las decisiones relativas a muchas solicitudes de inmigraci\u00f3n es si el solicitante es de \u00abbuena reputaci\u00f3n moral\u00bb y si su presencia en Estados Unidos representa alguna amenaza para la seguridad p\u00fablica o nacional. Aunque a menudo esos criterios pueden ampliarse a discreci\u00f3n de los agentes del Servicio de Ciudadan\u00eda e Inmigraci\u00f3n de Estados Unidos (USCIS), a menudo todo se reduce a una comprobaci\u00f3n de antecedentes penales. A los no ciudadanos que tienen un estatus legal, como una tarjeta verde, tambi\u00e9n se les puede rescindir su estatus como consecuencia de nuevas condenas penales.  <\/p>\n<p>La conclusi\u00f3n es que ser acusado penalmente en Estados Unidos como no ciudadano es un asunto grave, y puede que nunca haya tanto en juego. Nuestro abogado de defensa penal de inmigraci\u00f3n de York, del bufete de Rosina C. Stambaugh, puede ayudarte a combatir tus cargos y hacer todo lo posible para proteger tu situaci\u00f3n de inmigraci\u00f3n. Comprendemos la gravedad de los delitos, incluso de los relativamente peque\u00f1os, y tenemos experiencia en ayudar a clientes de Pensilvania a triunfar contra los cargos e incluso a anularlos en numerosos tribunales estatales.  <\/p>\n<p>Date una oportunidad de luchar contratando a un abogado con experiencia. Llama <a href=\"tel:717-900-1818\">al 717-900-1818<\/a> o <a href=\"https:\/\/www.rosinalaw.com\/es\/contacte-con-nosotros\/\">ponte en contacto con nosotros<\/a> en l\u00ednea para obtener la asistencia jur\u00eddica que necesitas en tu caso de inmigraci\u00f3n ilegal. <\/p>\n<p><img decoding=\"async\" class=\"aligncenter wp-image-11503 size-full\" src=\"https:\/\/www.rosinalaw.com\/wp-content\/uploads\/2024\/05\/Rosina-Stambaug-Case-Success-Story-2-min.png\" alt=\"Se concede la tarjeta verde a un cliente detenido con una condena penal\" width=\"6912\" height=\"3456\" srcset=\"https:\/\/www.rosinalaw.com\/wp-content\/uploads\/2024\/05\/Rosina-Stambaug-Case-Success-Story-2-min.png 6912w, https:\/\/www.rosinalaw.com\/wp-content\/uploads\/2024\/05\/Rosina-Stambaug-Case-Success-Story-2-min-300x150.png 300w, https:\/\/www.rosinalaw.com\/wp-content\/uploads\/2024\/05\/Rosina-Stambaug-Case-Success-Story-2-min-1024x512.png 1024w, https:\/\/www.rosinalaw.com\/wp-content\/uploads\/2024\/05\/Rosina-Stambaug-Case-Success-Story-2-min-768x384.png 768w, https:\/\/www.rosinalaw.com\/wp-content\/uploads\/2024\/05\/Rosina-Stambaug-Case-Success-Story-2-min-125x63.png 125w, https:\/\/www.rosinalaw.com\/wp-content\/uploads\/2024\/05\/Rosina-Stambaug-Case-Success-Story-2-min-75x38.png 75w, https:\/\/www.rosinalaw.com\/wp-content\/uploads\/2024\/05\/Rosina-Stambaug-Case-Success-Story-2-min-1536x768.png 1536w, https:\/\/www.rosinalaw.com\/wp-content\/uploads\/2024\/05\/Rosina-Stambaug-Case-Success-Story-2-min-2048x1024.png 2048w\" sizes=\"(max-width: 6912px) 100vw, 6912px\" \/><\/p>\n<h2>C\u00f3mo funcionan nuestros servicios de inmigraci\u00f3n ilegal<\/h2>\n<p>Cuando eres un no ciudadano acusado de un delito, tu primer paso debe ser contratar a un abogado cualificado para que te represente en tu caso. Cuanto antes lo hagas, mejor. Intentar enfrentarse solo a los cargos penales no es recomendable en ning\u00fan escenario, y mucho menos en uno en el que pueda peligrar tu estatus de inmigrante.  <\/p>\n<p>El primer paso para trabajar con nuestro bufete es que realicemos una evaluaci\u00f3n exhaustiva de todas las facetas de tu situaci\u00f3n. Revisaremos todos los detalles potencialmente relevantes, incluyendo c\u00f3mo entraste por primera vez en el pa\u00eds, cu\u00e1l es tu estatus actual, c\u00f3mo se obtuvo ese estatus y qu\u00e9 relaciones familiares existen en el pa\u00eds.Los detalles espec\u00edficos de tu estatus y los pasos que diste para llegar a \u00e9l ser\u00e1n primordiales para dar forma a nuestra estrategia legal y probablemente determinar\u00e1n qu\u00e9 soluciones estar\u00e1n disponibles. <\/p>\n<p>A menudo, solicitamos reunirnos con la familia del cliente. El motivo es doble: En primer lugar, queremos hacernos una idea completa de la vida del cliente en Estados Unidos. En segundo lugar<b>, <\/b>los lazos familiares en Estados Unidos pueden, en algunas situaciones, evitar que un no ciudadano sea expulsado, sobre todo cuando la expulsi\u00f3n provocar\u00eda dificultades extremas a la familia que dejar\u00eda atr\u00e1s.  <\/p>\n<p>A continuaci\u00f3n, revisaremos la totalidad de la causa penal. Esto incluir\u00e1 la evaluaci\u00f3n de los documentos de acusaci\u00f3n, cualquier testimonio y cualquier antecedente en los antecedentes penales. Tambi\u00e9n consideraremos las implicaciones para un posible procedimiento de deportaci\u00f3n. Un Aviso de Comparecencia (NTA), el documento legal que instiga una posible expulsi\u00f3n, contendr\u00e1 informaci\u00f3n espec\u00edfica que justifique por qu\u00e9 un no ciudadano debe ser expulsado del pa\u00eds. Es importante que nos anticipemos a la forma concreta en que se sustentar\u00e1 el NTA y procedamos as\u00ed con tu caso penal. La NTA podr\u00eda derivarse de la acusaci\u00f3n en s\u00ed, de una sentencia que resulte de una condena, o del tipo de estatus que tengas actualmente y del tiempo que lo hayas tenido.     <\/p>\n<p>A partir de aqu\u00ed, nuestro despacho preparar\u00e1 soluciones legales encaminadas a conseguirte el mayor alivio posible. Siempre nos esforzamos por reducir las consecuencias negativas de cualquier caso de delito de inmigraci\u00f3n, pero ten en cuenta que nuestro objetivo final es mantenerte en Estados Unidos con tu familia y amigos. Eso puede significar participar en un acuerdo de culpabilidad o negociar cuidadosamente los t\u00e9rminos que rodean a un veredicto de culpabilidad. Nuestro abogado en defensa de la inmigraci\u00f3n ilegal en York conoce a fondo las leyes y los procedimientos implicados y te ayudar\u00e1 a comprender qu\u00e9 opciones tienes a tu disposici\u00f3n.   <\/p>\n<h3>Defensa para delincuentes primerizos no ciudadanos mediante el Programa de Disposici\u00f3n Rehabilitadora Acelerada (ARD)<\/h3>\n<p>Si nunca antes has sido acusado de un delito, sigue siendo esencial que busques representaci\u00f3n legal inmediatamente cuando te acusen por primera vez. Un solo cargo penal, aunque sea por un delito no violento, puede poner en peligro tu capacidad de permanecer en el pa\u00eds como no ciudadano. <\/p>\n<p>Por suerte, los delincuentes primerizos disponen de soluciones legales adicionales para ayudarles a proteger su situaci\u00f3n actual y sus futuras oportunidades de inmigraci\u00f3n. Tras realizar una revisi\u00f3n exhaustiva de tu situaci\u00f3n y tu caso, nuestro equipo trabajar\u00e1 para conseguir que se retiren tus cargos, una estrategia que a menudo puede tener m\u00e1s \u00e9xito para los delincuentes primerizos. <\/p>\n<p>Si no conseguimos que se retiren tus cargos, podemos buscar una soluci\u00f3n a trav\u00e9s del programa de Disposici\u00f3n Rehabilitadora Acelerada (ARD) del estado de Pensilvania. Completar este programa puede ayudarte a evitar una condena y antecedentes penales por ciertos tipos de delitos no violentos. En otras palabras, participar significa que podr\u00e1s hacer como si la acusaci\u00f3n nunca hubiera existido, ya que se eliminar\u00e1 de tus antecedentes. Por esta raz\u00f3n, completar el programa ARD puede protegerte de la deportaci\u00f3n y ayudarte a permanecer en Estados Unidos.   <\/p>\n<p><strong>Entre los tipos de cargos que pueden acogerse a la exenci\u00f3n del programa ARD se incluyen:<\/strong><\/p>\n<ul>\n<li>Vandalismo<\/li>\n<li>Hurto menor<\/li>\n<li>DUI sin lesiones<\/li>\n<li>Conducta desordenada<\/li>\n<li>Suministro de alcohol a menores<\/li>\n<li>Posesi\u00f3n de una peque\u00f1a cantidad de marihuana<\/li>\n<\/ul>\n<p>Si no conseguimos que se retiren tus cargos, podemos buscar una soluci\u00f3n a trav\u00e9s del programa de Disposici\u00f3n Rehabilitadora Acelerada (ARD) del estado de Pensilvania. Completar este programa puede ayudarte a evitar una condena y antecedentes penales por ciertos tipos de delitos no violentos<b>. <\/b>En otras palabras, participar significa que podr\u00e1s hacer como si la acusaci\u00f3n nunca hubiera existido, ya que se eliminar\u00e1 de tus antecedentes. Por esta raz\u00f3n, completar el programa ARD puede protegerte de la deportaci\u00f3n y ayudarte a permanecer en Estados Unidos.  <\/p>\n<h3>Anulaci\u00f3n de condenas a no ciudadanos<\/h3>\n<p>Si acudes a nosotros despu\u00e9s de haber sido condenado por un delito que ahora amenaza tu estatus de inmigrante, es posible que a\u00fan podamos ayudarte. Nuestro bufete est\u00e1 familiarizado con las estrategias legales que pueden funcionar para reabrir tu caso y solicitar la anulaci\u00f3n de las condenas que amenazan tu capacidad de permanecer en Estados Unidos. Si no podemos anular una condena y has recibido un Aviso de Comparecencia, tambi\u00e9n ofrecemos servicios de defensa contra la deportaci\u00f3n.  <\/p>\n<p>Si te condenaron anteriormente y actualmente est\u00e1s cumpliendo condena o en libertad condicional, tambi\u00e9n podemos estudiar la posibilidad de presentar una petici\u00f3n de la Ley de Alivio Tras la Condena (PCRA)<b>. <\/b>Estas peticiones pueden presentarse hasta 1 a\u00f1o despu\u00e9s de la condena original y pueden ayudar a reexaminar elementos del caso original, incluida la ineficacia del abogado, con el fin de anular la decisi\u00f3n inicial. Podemos aconsejarte si presentar una petici\u00f3n PCRA tiene sentido para tu situaci\u00f3n, especialmente si hacerlo puede ayudarte a mantenerte en el pa\u00eds. <\/p>\n<h3>Nuestros Servicios Jur\u00eddicos para Abogados Defensores de Inmigrantes<\/h3>\n<p>Los abogados defensores de los inmigrantes tienen la obligaci\u00f3n de representar diligentemente a sus clientes y asesorarles sobre las decisiones adecuadas que puedan ayudarles a vivir y trabajar en Estados Unidos. A veces, los representantes legales pueden ser acusados de delitos penales en casos de inmigraci\u00f3n, especialmente en situaciones en las que su cliente ha sido acusado de conducta fraudulenta. Nuestro abogado penalista de York tiene experiencia en ayudar a abogados penalistas y a sus clientes que se enfrentan a cargos penales.  <\/p>\n<h3>Podemos luchar para que te quedes en Estados Unidos<\/h3>\n<p>Enfrentarte a una acusaci\u00f3n penal puede poner r\u00e1pidamente en peligro tu capacidad para permanecer en el pa\u00eds, aunque hayas hecho todo lo dem\u00e1s bien y seg\u00fan las normas. Incluso los delincuentes primerizos por delitos menores pueden verse r\u00e1pidamente inmersos en un procedimiento de expulsi\u00f3n<b>. <\/b>Nuestro equipo <a href=\"\/\">del Bufete de Rosina C. Stambaugh<\/a> se compromete a ayudar a encontrar alivio a los no ciudadanos que se enfrentan a cargos penales o han sido condenados por ellos, mediante soluciones jur\u00eddicas innovadoras. Podemos ayudar a defenderte de cargos penales o trabajar para anular condenas existentes como medio de mantenerte con tus amigos y familiares en Estados Unidos. Somos compasivos con la gravedad de tu situaci\u00f3n y exploraremos todas las opciones legales posibles para proteger tu futuro en el pa\u00eds.   <\/p>\n<p><strong>Programa una consulta exhaustiva para ver c\u00f3mo podemos ayudarte en tu caso de crimmigraci\u00f3n. Llama <a href=\"tel:717-900-1818\">al 717-900-1818<\/a> o <a href=\"https:\/\/www.rosinalaw.com\/es\/contacte-con-nosotros\/\">ponte en contacto con nosotros<\/a> en l\u00ednea hoy mismo <\/strong><\/p>\n","protected":false},"excerpt":{"rendered":"<p>Crimmigration Abogado de Defensa Criminal de York Ayudar a Abogados e Inmigrantes a Combatir Acusaciones Judiciales Ser acusado de un delito es una tarea aterradora y estresante, sean cuales sean las circunstancias, pero tener antecedentes penales como no ciudadano -o como abogado que lo representa- puede acarrear penas especialmente severas que justifiquen una representaci\u00f3n legal [&hellip;]<\/p>\n","protected":false},"author":21,"featured_media":9697,"parent":0,"menu_order":0,"comment_status":"closed","ping_status":"closed","template":"","meta":{"_acf_changed":false,"site-sidebar-layout":"default","site-content-layout":"default","ast-site-content-layout":"default","site-content-style":"default","site-sidebar-style":"default","ast-global-header-display":"","ast-banner-title-visibility":"","ast-main-header-display":"","ast-hfb-above-header-display":"","ast-hfb-below-header-display":"","ast-hfb-mobile-header-display":"","site-post-title":"","ast-breadcrumbs-content":"","ast-featured-img":"","footer-sml-layout":"","ast-disable-related-posts":"","theme-transparent-header-meta":"default","adv-header-id-meta":"","stick-header-meta":"","header-above-stick-meta":"","header-main-stick-meta":"","header-below-stick-meta":"","astra-migrate-meta-layouts":"default","ast-page-background-enabled":"default","ast-page-background-meta":{"desktop":{"background-color":"var(--ast-global-color-4)","background-image":"","background-repeat":"repeat","background-position":"center center","background-size":"auto","background-attachment":"scroll","background-type":"","background-media":"","overlay-type":"","overlay-color":"","overlay-opacity":"","overlay-gradient":""},"tablet":{"background-color":"","background-image":"","background-repeat":"repeat","background-position":"center center","background-size":"auto","background-attachment":"scroll","background-type":"","background-media":"","overlay-type":"","overlay-color":"","overlay-opacity":"","overlay-gradient":""},"mobile":{"background-color":"","background-image":"","background-repeat":"repeat","background-position":"center center","background-size":"auto","background-attachment":"scroll","background-type":"","background-media":"","overlay-type":"","overlay-color":"","overlay-opacity":"","overlay-gradient":""}},"ast-content-background-meta":{"desktop":{"background-color":"var(--ast-global-color-5)","background-image":"","background-repeat":"repeat","background-position":"center center","background-size":"auto","background-attachment":"scroll","background-type":"","background-media":"","overlay-type":"","overlay-color":"","overlay-opacity":"","overlay-gradient":""},"tablet":{"background-color":"var(--ast-global-color-5)","background-image":"","background-repeat":"repeat","background-position":"center center","background-size":"auto","background-attachment":"scroll","background-type":"","background-media":"","overlay-type":"","overlay-color":"","overlay-opacity":"","overlay-gradient":""},"mobile":{"background-color":"var(--ast-global-color-5)","background-image":"","background-repeat":"repeat","background-position":"center center","background-size":"auto","background-attachment":"scroll","background-type":"","background-media":"","overlay-type":"","overlay-color":"","overlay-opacity":"","overlay-gradient":""}},"footnotes":""},"class_list":["post-10700","page","type-page","status-publish","has-post-thumbnail","hentry"],"acf":[],"yoast_head":"<!-- This site is optimized with the Yoast SEO plugin v27.4 - https:\/\/yoast.com\/product\/yoast-seo-wordpress\/ -->\n<title>Defensa Penal | Abogado experimentado York<\/title>\n<meta name=\"description\" content=\"Ser acusado de un delito como no ciudadano puede poner en peligro tu posibilidad de permanecer en Estados Unidos, incluso por delitos menores o de primera vez. Nuestro abogado de defensa contra la inmigraci\u00f3n ilegal en York puede ayudarte. Llama hoy mismo.\" \/>\n<meta name=\"robots\" content=\"index, follow, max-snippet:-1, max-image-preview:large, max-video-preview:-1\" \/>\n<link rel=\"canonical\" href=\"https:\/\/www.rosinalaw.com\/es\/crimmigration\/\" \/>\n<meta property=\"og:locale\" content=\"es_ES\" \/>\n<meta property=\"og:type\" content=\"article\" \/>\n<meta property=\"og:title\" content=\"Defensa Penal | Abogado experimentado York\" \/>\n<meta property=\"og:description\" content=\"Ser acusado de un delito como no ciudadano puede poner en peligro tu posibilidad de permanecer en Estados Unidos, incluso por delitos menores o de primera vez. Nuestro abogado de defensa contra la inmigraci\u00f3n ilegal en York puede ayudarte. Llama hoy mismo.\" \/>\n<meta property=\"og:url\" content=\"https:\/\/www.rosinalaw.com\/es\/crimmigration\/\" \/>\n<meta property=\"og:site_name\" content=\"The Law Office of Rosina Stambaugh\" \/>\n<meta property=\"article:publisher\" content=\"https:\/\/www.facebook.com\/rosinastambaughlaw\/\" \/>\n<meta property=\"article:modified_time\" content=\"2025-10-16T17:00:26+00:00\" \/>\n<meta property=\"og:image\" content=\"https:\/\/www.rosinalaw.com\/wp-content\/uploads\/2023\/06\/blog_fet.png\" \/>\n\t<meta property=\"og:image:width\" content=\"1100\" \/>\n\t<meta property=\"og:image:height\" content=\"590\" \/>\n\t<meta property=\"og:image:type\" content=\"image\/png\" \/>\n<meta name=\"twitter:card\" content=\"summary_large_image\" \/>\n<meta name=\"twitter:site\" content=\"@LawOffice_RCS\" \/>\n<meta name=\"twitter:label1\" content=\"Tiempo de lectura\" \/>\n\t<meta name=\"twitter:data1\" content=\"8 minutos\" \/>\n<script type=\"application\/ld+json\" class=\"yoast-schema-graph\">{\"@context\":\"https:\\\/\\\/schema.org\",\"@graph\":[{\"@type\":\"WebPage\",\"@id\":\"https:\\\/\\\/www.rosinalaw.com\\\/es\\\/crimmigration\\\/\",\"url\":\"https:\\\/\\\/www.rosinalaw.com\\\/es\\\/crimmigration\\\/\",\"name\":\"Defensa Penal | Abogado experimentado York\",\"isPartOf\":{\"@id\":\"https:\\\/\\\/www.rosinalaw.com\\\/#website\"},\"primaryImageOfPage\":{\"@id\":\"https:\\\/\\\/www.rosinalaw.com\\\/es\\\/crimmigration\\\/#primaryimage\"},\"image\":{\"@id\":\"https:\\\/\\\/www.rosinalaw.com\\\/es\\\/crimmigration\\\/#primaryimage\"},\"thumbnailUrl\":\"https:\\\/\\\/www.rosinalaw.com\\\/wp-content\\\/uploads\\\/2023\\\/06\\\/blog_fet.png\",\"datePublished\":\"2023-06-27T12:32:49+00:00\",\"dateModified\":\"2025-10-16T17:00:26+00:00\",\"description\":\"Ser acusado de un delito como no ciudadano puede poner en peligro tu posibilidad de permanecer en Estados Unidos, incluso por delitos menores o de primera vez. Nuestro abogado de defensa contra la inmigraci\u00f3n ilegal en York puede ayudarte. Llama hoy mismo.\",\"breadcrumb\":{\"@id\":\"https:\\\/\\\/www.rosinalaw.com\\\/es\\\/crimmigration\\\/#breadcrumb\"},\"inLanguage\":\"es\",\"potentialAction\":[{\"@type\":\"ReadAction\",\"target\":[\"https:\\\/\\\/www.rosinalaw.com\\\/es\\\/crimmigration\\\/\"]}]},{\"@type\":\"ImageObject\",\"inLanguage\":\"es\",\"@id\":\"https:\\\/\\\/www.rosinalaw.com\\\/es\\\/crimmigration\\\/#primaryimage\",\"url\":\"https:\\\/\\\/www.rosinalaw.com\\\/wp-content\\\/uploads\\\/2023\\\/06\\\/blog_fet.png\",\"contentUrl\":\"https:\\\/\\\/www.rosinalaw.com\\\/wp-content\\\/uploads\\\/2023\\\/06\\\/blog_fet.png\",\"width\":1100,\"height\":590},{\"@type\":\"BreadcrumbList\",\"@id\":\"https:\\\/\\\/www.rosinalaw.com\\\/es\\\/crimmigration\\\/#breadcrumb\",\"itemListElement\":[{\"@type\":\"ListItem\",\"position\":1,\"name\":\"Inicio\",\"item\":\"https:\\\/\\\/www.rosinalaw.com\\\/es\\\/inicio\\\/\"},{\"@type\":\"ListItem\",\"position\":2,\"name\":\"Crimmigration\"}]},{\"@type\":\"WebSite\",\"@id\":\"https:\\\/\\\/www.rosinalaw.com\\\/#website\",\"url\":\"https:\\\/\\\/www.rosinalaw.com\\\/\",\"name\":\"The Law Office of Rosina Stambaugh\",\"description\":\"\",\"publisher\":{\"@id\":\"https:\\\/\\\/www.rosinalaw.com\\\/#organization\"},\"potentialAction\":[{\"@type\":\"SearchAction\",\"target\":{\"@type\":\"EntryPoint\",\"urlTemplate\":\"https:\\\/\\\/www.rosinalaw.com\\\/?s={search_term_string}\"},\"query-input\":{\"@type\":\"PropertyValueSpecification\",\"valueRequired\":true,\"valueName\":\"search_term_string\"}}],\"inLanguage\":\"es\"},{\"@type\":\"Organization\",\"@id\":\"https:\\\/\\\/www.rosinalaw.com\\\/#organization\",\"name\":\"El bufete de Rosina Stambaugh\",\"url\":\"https:\\\/\\\/www.rosinalaw.com\\\/\",\"logo\":{\"@type\":\"ImageObject\",\"inLanguage\":\"es\",\"@id\":\"https:\\\/\\\/www.rosinalaw.com\\\/#\\\/schema\\\/logo\\\/image\\\/\",\"url\":\"https:\\\/\\\/www.rosinalaw.com\\\/wp-content\\\/uploads\\\/2023\\\/06\\\/logo-header.png\",\"contentUrl\":\"https:\\\/\\\/www.rosinalaw.com\\\/wp-content\\\/uploads\\\/2023\\\/06\\\/logo-header.png\",\"width\":540,\"height\":80,\"caption\":\"El bufete de Rosina Stambaugh\"},\"image\":{\"@id\":\"https:\\\/\\\/www.rosinalaw.com\\\/#\\\/schema\\\/logo\\\/image\\\/\"},\"sameAs\":[\"https:\\\/\\\/www.facebook.com\\\/rosinastambaughlaw\\\/\",\"https:\\\/\\\/x.com\\\/LawOffice_RCS\"]}]}<\/script>\n<!-- \/ Yoast SEO plugin. -->","yoast_head_json":{"title":"Defensa Penal | Abogado experimentado York","description":"Ser acusado de un delito como no ciudadano puede poner en peligro tu posibilidad de permanecer en Estados Unidos, incluso por delitos menores o de primera vez. Nuestro abogado de defensa contra la inmigraci\u00f3n ilegal en York puede ayudarte. Llama hoy mismo.","robots":{"index":"index","follow":"follow","max-snippet":"max-snippet:-1","max-image-preview":"max-image-preview:large","max-video-preview":"max-video-preview:-1"},"canonical":"https:\/\/www.rosinalaw.com\/es\/crimmigration\/","og_locale":"es_ES","og_type":"article","og_title":"Defensa Penal | Abogado experimentado York","og_description":"Ser acusado de un delito como no ciudadano puede poner en peligro tu posibilidad de permanecer en Estados Unidos, incluso por delitos menores o de primera vez. Nuestro abogado de defensa contra la inmigraci\u00f3n ilegal en York puede ayudarte. Llama hoy mismo.","og_url":"https:\/\/www.rosinalaw.com\/es\/crimmigration\/","og_site_name":"The Law Office of Rosina Stambaugh","article_publisher":"https:\/\/www.facebook.com\/rosinastambaughlaw\/","article_modified_time":"2025-10-16T17:00:26+00:00","og_image":[{"width":1100,"height":590,"url":"https:\/\/www.rosinalaw.com\/wp-content\/uploads\/2023\/06\/blog_fet.png","type":"image\/png"}],"twitter_card":"summary_large_image","twitter_site":"@LawOffice_RCS","twitter_misc":{"Tiempo de lectura":"8 minutos"},"schema":{"@context":"https:\/\/schema.org","@graph":[{"@type":"WebPage","@id":"https:\/\/www.rosinalaw.com\/es\/crimmigration\/","url":"https:\/\/www.rosinalaw.com\/es\/crimmigration\/","name":"Defensa Penal | Abogado experimentado York","isPartOf":{"@id":"https:\/\/www.rosinalaw.com\/#website"},"primaryImageOfPage":{"@id":"https:\/\/www.rosinalaw.com\/es\/crimmigration\/#primaryimage"},"image":{"@id":"https:\/\/www.rosinalaw.com\/es\/crimmigration\/#primaryimage"},"thumbnailUrl":"https:\/\/www.rosinalaw.com\/wp-content\/uploads\/2023\/06\/blog_fet.png","datePublished":"2023-06-27T12:32:49+00:00","dateModified":"2025-10-16T17:00:26+00:00","description":"Ser acusado de un delito como no ciudadano puede poner en peligro tu posibilidad de permanecer en Estados Unidos, incluso por delitos menores o de primera vez. Nuestro abogado de defensa contra la inmigraci\u00f3n ilegal en York puede ayudarte. Llama hoy mismo.","breadcrumb":{"@id":"https:\/\/www.rosinalaw.com\/es\/crimmigration\/#breadcrumb"},"inLanguage":"es","potentialAction":[{"@type":"ReadAction","target":["https:\/\/www.rosinalaw.com\/es\/crimmigration\/"]}]},{"@type":"ImageObject","inLanguage":"es","@id":"https:\/\/www.rosinalaw.com\/es\/crimmigration\/#primaryimage","url":"https:\/\/www.rosinalaw.com\/wp-content\/uploads\/2023\/06\/blog_fet.png","contentUrl":"https:\/\/www.rosinalaw.com\/wp-content\/uploads\/2023\/06\/blog_fet.png","width":1100,"height":590},{"@type":"BreadcrumbList","@id":"https:\/\/www.rosinalaw.com\/es\/crimmigration\/#breadcrumb","itemListElement":[{"@type":"ListItem","position":1,"name":"Inicio","item":"https:\/\/www.rosinalaw.com\/es\/inicio\/"},{"@type":"ListItem","position":2,"name":"Crimmigration"}]},{"@type":"WebSite","@id":"https:\/\/www.rosinalaw.com\/#website","url":"https:\/\/www.rosinalaw.com\/","name":"The Law Office of Rosina Stambaugh","description":"","publisher":{"@id":"https:\/\/www.rosinalaw.com\/#organization"},"potentialAction":[{"@type":"SearchAction","target":{"@type":"EntryPoint","urlTemplate":"https:\/\/www.rosinalaw.com\/?s={search_term_string}"},"query-input":{"@type":"PropertyValueSpecification","valueRequired":true,"valueName":"search_term_string"}}],"inLanguage":"es"},{"@type":"Organization","@id":"https:\/\/www.rosinalaw.com\/#organization","name":"El bufete de Rosina Stambaugh","url":"https:\/\/www.rosinalaw.com\/","logo":{"@type":"ImageObject","inLanguage":"es","@id":"https:\/\/www.rosinalaw.com\/#\/schema\/logo\/image\/","url":"https:\/\/www.rosinalaw.com\/wp-content\/uploads\/2023\/06\/logo-header.png","contentUrl":"https:\/\/www.rosinalaw.com\/wp-content\/uploads\/2023\/06\/logo-header.png","width":540,"height":80,"caption":"El bufete de Rosina Stambaugh"},"image":{"@id":"https:\/\/www.rosinalaw.com\/#\/schema\/logo\/image\/"},"sameAs":["https:\/\/www.facebook.com\/rosinastambaughlaw\/","https:\/\/x.com\/LawOffice_RCS"]}]}},"_links":{"self":[{"href":"https:\/\/www.rosinalaw.com\/es\/wp-json\/wp\/v2\/pages\/10700","targetHints":{"allow":["GET"]}}],"collection":[{"href":"https:\/\/www.rosinalaw.com\/es\/wp-json\/wp\/v2\/pages"}],"about":[{"href":"https:\/\/www.rosinalaw.com\/es\/wp-json\/wp\/v2\/types\/page"}],"author":[{"embeddable":true,"href":"https:\/\/www.rosinalaw.com\/es\/wp-json\/wp\/v2\/users\/21"}],"replies":[{"embeddable":true,"href":"https:\/\/www.rosinalaw.com\/es\/wp-json\/wp\/v2\/comments?post=10700"}],"version-history":[{"count":0,"href":"https:\/\/www.rosinalaw.com\/es\/wp-json\/wp\/v2\/pages\/10700\/revisions"}],"wp:featuredmedia":[{"embeddable":true,"href":"https:\/\/www.rosinalaw.com\/es\/wp-json\/wp\/v2\/media\/9697"}],"wp:attachment":[{"href":"https:\/\/www.rosinalaw.com\/es\/wp-json\/wp\/v2\/media?parent=10700"}],"curies":[{"name":"wp","href":"https:\/\/api.w.org\/{rel}","templated":true}]}}