{"id":10708,"date":"2023-06-28T04:59:27","date_gmt":"2023-06-28T04:59:27","guid":{"rendered":"https:\/\/rosinalaw.wpenginepowered.com\/quienes-somos\/rosina-c-stambaugh-esq\/"},"modified":"2025-10-16T17:00:27","modified_gmt":"2025-10-16T17:00:27","slug":"rosina-c-stambaugh-esq","status":"publish","type":"page","link":"https:\/\/www.rosinalaw.com\/es\/quienes-somos\/rosina-c-stambaugh-esq\/","title":{"rendered":"Rosina C. Stambaugh, Abogada"},"content":{"rendered":"<h1>Rosina C. Stambaugh, Abogada<\/h1>\n<h2>Abogado<\/h2>\n<div class=\"section-intro-image\">\n<div class=\"section-block\"><img decoding=\"async\" class=\"img-fluid alignright\" src=\"\/wp-content\/uploads\/2023\/06\/team1.png\" alt=\"equipo1\"><\/div>\n<\/div>\n<p>Antes de fundar el bufete de Rosina C. Stambaugh en York, la Sra. Stambaugh fue asociada en el bufete de Christopher A. Ferro, LLC, donde se ocupaba de los servicios de inmigraci\u00f3n del bufete y de diversos casos penales, muchos de los cuales inclu\u00edan cuestiones complejas de inmigraci\u00f3n. Centra su pr\u00e1ctica en la defensa contra la expulsi\u00f3n en los \u00e1mbitos de detenci\u00f3n y no detenci\u00f3n. La Sra. Stambaugh tiene amplia experiencia en todas las formas de amparo contra la expulsi\u00f3n y ha litigado con \u00e9xito casos en distintos Tribunales de Inmigraci\u00f3n de EE.UU., en la Junta de Apelaciones de Inmigraci\u00f3n y en el Tribunal de Apelaciones del Tercer Circuito. Tambi\u00e9n representa a personas y familias que solicitan beneficios afirmativos ante los Servicios de Ciudadan\u00eda e Inmigraci\u00f3n de EE.UU. Hija de inmigrantes italianos, la Sra. Stambaugh comprende la importancia de la inmigraci\u00f3n y sus efectos en todos los aspectos de la vida de una persona.    <\/p>\n<p>La Sra. Stambaugh es miembro de la Asociaci\u00f3n Americana de Abogados de Inmigraci\u00f3n (AILA), la Asociaci\u00f3n de Abogados Criminalistas de Pensilvania (PACDL), la Asociaci\u00f3n de Abogados de Pensilvania (PBA), el Comit\u00e9 de Derecho de Inmigraci\u00f3n de la PBA, el Comit\u00e9 de Pr\u00e1ctica no Autorizada del Derecho de la PBA y la Asociaci\u00f3n de Abogados del Condado de York (YCBA). La Sra. Stambaugh tambi\u00e9n es miembro de la Junta Directiva del Colegio de Abogados del Condado de York. La Sra. Stambaugh est\u00e1 habilitada para ejercer ante el Tribunal Superior de Pensilvania, el Tribunal Supremo de Pensilvania, el Tribunal de Apelaci\u00f3n del Tercer Circuito de los EE.UU. y el Tribunal Supremo de los Estados Unidos. Tambi\u00e9n ha sido nombrada Vicepresidenta del Comit\u00e9 de Derecho de Inmigraci\u00f3n de la PBA y Vicepresidenta del Comit\u00e9 de Ejercicio no Autorizado de la Abogac\u00eda de la PBA para el pr\u00f3ximo a\u00f1o profesional.   <\/p>\n<p>La Sra. Stambaugh fue seleccionada como \u00abRising Star\u00bb de 2019 a la actualidad por Super Lawyers en derecho de inmigraci\u00f3n en Pensilvania. Tambi\u00e9n recibi\u00f3 el premio a la Abogada Pro Bono del A\u00f1o de la Asociaci\u00f3n de Abogados de Pensilvania en 2017. En 2016, recibi\u00f3 el premio Light of Liberty Attorney of the Year por el Pennsylvania Immigration Resource Center (PIRC), y fue seleccionada como abogada selecta de Susquehanna Valley para Derecho de Inmigraci\u00f3n en York en 2014 y 2015.  <\/p>\n<p>La Sra. Stambaugh se licenci\u00f3, summa cum laude, en Ciencias Pol\u00edticas por el York College de Pensilvania y se doctor\u00f3 en Derecho por la Facultad de Derecho de la Universidad Widener de Harrisburg, donde recibi\u00f3 la beca Nancy &amp; Howard Finkelman, concedida a estudiantes meritorios, de cursos superiores y de divisi\u00f3n ampliada que hayan demostrado excelencia acad\u00e9mica en el \u00e1rea de la defensa en juicios. Mientras estudiaba en Widener, la Sra. Stambaugh trabaj\u00f3 a tiempo completo en el Centro de Recursos de Inmigraci\u00f3n de Pensilvania (PIRC) como secretaria jur\u00eddica y representante acreditada ante la Junta de Apelaciones de Inmigraci\u00f3n (BIA). Trabaj\u00f3 con la poblaci\u00f3n inmigrante detenida en la prisi\u00f3n del condado de York y represent\u00f3 a varios inmigrantes en proceso de expulsi\u00f3n ante el Tribunal de Inmigraci\u00f3n de York. La Sra. Stambaugh tambi\u00e9n fue pasante voluntaria jur\u00eddica en el Tribunal de Inmigraci\u00f3n de York, donde prest\u00f3 asistencia en investigaci\u00f3n jur\u00eddica y redacci\u00f3n a los jueces de inmigraci\u00f3n.   <\/p>\n<p><strong>Las \u00e1reas de inmigraci\u00f3n que maneja incluyen, pero no se limitan a:<\/strong><\/p>\n<ul>\n<li>Defensa contra la deportaci\u00f3n<\/li>\n<li>Peticiones familiares<\/li>\n<li>Visados para novios<\/li>\n<li>Ajuste de estatus<\/li>\n<li>Acci\u00f3n Diferida para los Llegados en la Infancia (DACA)<\/li>\n<li>Peticiones Especiales de Inmigrante Juvenil (SIJ)<\/li>\n<li>Peticiones de visado U para v\u00edctimas de delitos<\/li>\n<li>Naturalizaci\u00f3n y certificados de ciudadan\u00eda<\/li>\n<li>Tramitaci\u00f3n consular y Estatus de Protecci\u00f3n Temporal (TPS)<\/li>\n<\/ul>\n<p><strong>Es miembro de pleno derecho del Colegio de Abogados de Pensilvania y est\u00e1 habilitada para ejercer ante:<\/strong><\/p>\n<ul>\n<li>Tribunal Superior de Pensilvania<\/li>\n<li>Tribunal Supremo de Pensilvania<\/li>\n<li>Tribunal de Apelaci\u00f3n del Tercer Circuito de los Estados Unidos<\/li>\n<li>Tribunal Supremo de los Estados Unidos<\/li>\n<\/ul>\n<section class=\"xt-full-container mb-3\">\n<div class=\"xt-full-container py-3 conference-section\">\n<div class=\"xt-container\">\n<div class=\"xt-row\">\n<div class=\"xt-col-12 conference-rosina-stambaugh\">\n<div id=\"conference-slider\" class=\"owl-carousel owl-theme\">\n<div class=\"item\"><img decoding=\"async\" class=\"img-fluid\" src=\"\/wp-content\/uploads\/2023\/07\/conferenceImage_1.jpeg\" alt=\"conferenciaImagen_1\"><\/div>\n<div class=\"item\"><img decoding=\"async\" class=\"img-fluid\" src=\"\/wp-content\/uploads\/2023\/07\/conferenceImage_2.jpeg\" alt=\"conferenciaImagen_2\"><\/div>\n<div class=\"item\"><img decoding=\"async\" class=\"img-fluid\" src=\"\/wp-content\/uploads\/2023\/07\/conferenceImage_3.jpeg\" alt=\"conferenciaImagen_3\"><\/div>\n<div class=\"item\"><img decoding=\"async\" class=\"img-fluid\" src=\"\/wp-content\/uploads\/2023\/07\/conferenceImage_4.jpeg\" alt=\"conferenciaImagen_4\"><\/div>\n<\/div>\n<\/div>\n<\/div>\n<\/div>\n<\/div>\n<\/section>\n<h3><strong>Licencia\/Comit\u00e9s\/Asociaciones<\/strong><\/h3>\n<ul>\n<li>Admitido para ejercer en Pensilvania<\/li>\n<li>Admitido a ejercer ante:\n<ul>\n<li>Tribunal Supremo de EE.UU.<\/li>\n<li>Tercer Circuito de EE.UU.<\/li>\n<li>Tribunal Supremo de Pensilvania<\/li>\n<\/ul>\n<\/li>\n<li>Asociaci\u00f3n Americana de Abogados de Inmigraci\u00f3n (AILA)\n<ul>\n<li>Presidente de Enlace de la Secci\u00f3n de Filadelfia<\/li>\n<li>Secci\u00f3n de Pittsburgh<\/li>\n<li>Programa de Asistencia Militar (AILA MAP)<\/li>\n<\/ul>\n<\/li>\n<li>Miembro de la Junta del Colegio de Abogados del Condado de York<\/li>\n<li>Colegio de Abogados de Pensilvania\n<ul>\n<li>Comisi\u00f3n de Derecho de Extranjer\u00eda<\/li>\n<li>Vicepresidente de la Comisi\u00f3n de Derecho de Inmigraci\u00f3n (2022-2023)<\/li>\n<li>Comisi\u00f3n de Ejercicio Ilegal de la Abogac\u00eda\n<ul>\n<li>Vicepresidente de la Comisi\u00f3n UPL (2002-2023)<\/li>\n<\/ul>\n<\/li>\n<\/ul>\n<\/li>\n<\/ul>\n<h3><b>Premios<\/b><\/h3>\n<p><!-- begin super lawyers badge --><\/p>\n<div data-slbadge=\"v2-rsbadge-blue\" style=\"width:180px;height:150px;border-radius:12px;font-family:arial, sans-serif;color:gray;text-align:center\"><script async=\"\" type=\"text\/javascript\" src=\"https:\/\/www.superlawyers.com\/static\/sl-badge\/v2\/load.min.js\"><\/script><a class=\"slbadge_profileurl\" title=\"Ver el perfil de la abogada de inmigraci\u00f3n de Pensilvania Rosina Stambaugh\" href=\"https:\/\/profiles.superlawyers.com\/pennsylvania\/york\/lawyer\/rosina-stambaugh\/b0e760a7-f52e-45fb-bcf7-31392cff52b8.html?npcmp=rsb:badge:sl_badge:b0e760a7-f52e-45fb-bcf7-31392cff52b8:main&amp;utm_source=b0e760a7-f52e-45fb-bcf7-31392cff52b8&amp;utm_campaign=v2-rsbadge-blue&amp;utm_content=profile\">Rosina Stambaugh<\/a><\/p>\n<div style=\"margin-top:6px\">Calificado por Super Lawyers<\/p>\n<p>carga &#8230;<\/div>\n<\/div>\n<p><!-- end super lawyers badge --><\/p>\n<ul>\n<li>Premio Pro Bono de Derecho de Inmigraci\u00f3n de la Asociaci\u00f3n de Abogados de Pensilvania 2022<\/li>\n<li>Super Lawyer&#8217;s Rising Star por Derecho de Inmigraci\u00f3n en Pensilvania 2019-presente<\/li>\n<li>Abogado Pro Bono de la Asociaci\u00f3n de Abogados de Pensilvania del a\u00f1o 2017, 2020<\/li>\n<li>Abogado pro bono PIRC del a\u00f1o 2016<\/li>\n<li>Abogado selecto de Susquehanna Valley en derecho de inmigraci\u00f3n en York 2014 y 2015<\/li>\n<\/ul>\n<h3><b>Presentaciones<\/b><\/h3>\n<ul>\n<li>Conferencia Nacional de la AILA 24 de junio de 2023<\/li>\n<li>CLE de Pr\u00e1ctica Federal &#8211; Litigios de Inmigraci\u00f3n y Cuestiones de Apelaci\u00f3n 2022<\/li>\n<li>Inmigraci\u00f3n 101-Todo sobre Inmigraci\u00f3n (CLE) al Colegio de Abogados de York) 14\/9\/22<\/li>\n<li>Conferencia Paralegal AILA (Eliminaci\u00f3n) 2022, 2021<\/li>\n<li>Estatuto Especial del Menor Inmigrante y Tribunal de Familia 2022<\/li>\n<li>Simposio sobre Derechos Civiles de PBI (ponente sobre inmigraci\u00f3n) 2021<\/li>\n<li>CLE de primavera de la AILA de Filadelfia 2021<\/li>\n<li>Asociaci\u00f3n de Abogados Penalistas de Pensilvania Cumbre sobre DUI y Veh\u00edculos de Motor 2021<\/li>\n<li>Inmigraci\u00f3n 101 (Inns of Court) 2020<\/li>\n<li>Consecuencias para la inmigraci\u00f3n de las condenas penales 2020<\/li>\n<li>Simposio de Derecho Penal PBI (ponente sobre crimmigraci\u00f3n) 2022- 2018, 2016<\/li>\n<li>Simposio de Derecho de Inmigraci\u00f3n de PBI 2018<\/li>\n<li>Procedimientos de expulsi\u00f3n y fianza 2018<\/li>\n<li>Formaci\u00f3n sobre el ejercicio ilegal de la abogac\u00eda, York, PA 2018<\/li>\n<li>Formaci\u00f3n en Defensa del Asilo y la Expulsi\u00f3n 2018<\/li>\n<li>Copresidente y ponente de la Conferencia CLE de Primavera de la AILA de Filadelfia 2015- 2016<\/li>\n<li>CLE Presentador al Colegio de Abogados del Condado de York &#8211; Representaci\u00f3n de clientes no ciudadanos 2014<\/li>\n<li>Comit\u00e9 Central Menonita Formaci\u00f3n B\u00e1sica sobre Inmigraci\u00f3n-Akron, PA 2014-2019<\/li>\n<\/ul>\n<p><strong>Para concertar una cita con esta experta abogada de inmigraci\u00f3n de York, <a href=\"https:\/\/www.rosinalaw.com\/es\/contacte-con-nosotros\/\">ponte ahora en contacto con su despacho<\/a> llamando al <a href=\"tel:717-900-1818\">717-900-1818<\/a>.<\/strong><\/p>\n","protected":false},"excerpt":{"rendered":"<p>Rosina C. Stambaugh, Abogada Abogado Antes de fundar el bufete de Rosina C. Stambaugh en York, la Sra. Stambaugh fue asociada en el bufete de Christopher A. Ferro, LLC, donde se ocupaba de los servicios de inmigraci\u00f3n del bufete y de diversos casos penales, muchos de los cuales inclu\u00edan cuestiones complejas de inmigraci\u00f3n. Centra su [&hellip;]<\/p>\n","protected":false},"author":21,"featured_media":9697,"parent":10703,"menu_order":0,"comment_status":"closed","ping_status":"closed","template":"","meta":{"_acf_changed":false,"site-sidebar-layout":"default","site-content-layout":"default","ast-site-content-layout":"default","site-content-style":"default","site-sidebar-style":"default","ast-global-header-display":"","ast-banner-title-visibility":"","ast-main-header-display":"","ast-hfb-above-header-display":"","ast-hfb-below-header-display":"","ast-hfb-mobile-header-display":"","site-post-title":"","ast-breadcrumbs-content":"","ast-featured-img":"","footer-sml-layout":"","ast-disable-related-posts":"","theme-transparent-header-meta":"default","adv-header-id-meta":"","stick-header-meta":"","header-above-stick-meta":"","header-main-stick-meta":"","header-below-stick-meta":"","astra-migrate-meta-layouts":"default","ast-page-background-enabled":"default","ast-page-background-meta":{"desktop":{"background-color":"var(--ast-global-color-4)","background-image":"","background-repeat":"repeat","background-position":"center center","background-size":"auto","background-attachment":"scroll","background-type":"","background-media":"","overlay-type":"","overlay-color":"","overlay-opacity":"","overlay-gradient":""},"tablet":{"background-color":"","background-image":"","background-repeat":"repeat","background-position":"center center","background-size":"auto","background-attachment":"scroll","background-type":"","background-media":"","overlay-type":"","overlay-color":"","overlay-opacity":"","overlay-gradient":""},"mobile":{"background-color":"","background-image":"","background-repeat":"repeat","background-position":"center center","background-size":"auto","background-attachment":"scroll","background-type":"","background-media":"","overlay-type":"","overlay-color":"","overlay-opacity":"","overlay-gradient":""}},"ast-content-background-meta":{"desktop":{"background-color":"var(--ast-global-color-5)","background-image":"","background-repeat":"repeat","background-position":"center center","background-size":"auto","background-attachment":"scroll","background-type":"","background-media":"","overlay-type":"","overlay-color":"","overlay-opacity":"","overlay-gradient":""},"tablet":{"background-color":"var(--ast-global-color-5)","background-image":"","background-repeat":"repeat","background-position":"center center","background-size":"auto","background-attachment":"scroll","background-type":"","background-media":"","overlay-type":"","overlay-color":"","overlay-opacity":"","overlay-gradient":""},"mobile":{"background-color":"var(--ast-global-color-5)","background-image":"","background-repeat":"repeat","background-position":"center center","background-size":"auto","background-attachment":"scroll","background-type":"","background-media":"","overlay-type":"","overlay-color":"","overlay-opacity":"","overlay-gradient":""}},"footnotes":""},"class_list":["post-10708","page","type-page","status-publish","has-post-thumbnail","hentry"],"acf":[],"yoast_head":"<!-- This site is optimized with the Yoast SEO plugin v27.4 - https:\/\/yoast.com\/product\/yoast-seo-wordpress\/ -->\n<title>Rosina C. Stambaugh, Abogada | Abogada de Inmigraci\u00f3n de York<\/title>\n<meta name=\"description\" content=\"Rosina C. Stambaugh, abogada. El abogado del bufete de Rosina C. Stambaugh tiene a\u00f1os de experiencia y puede ayudarte a obtener la ayuda legal que necesitas.\" \/>\n<meta name=\"robots\" content=\"index, follow, max-snippet:-1, max-image-preview:large, max-video-preview:-1\" \/>\n<link rel=\"canonical\" href=\"https:\/\/www.rosinalaw.com\/es\/quienes-somos\/rosina-c-stambaugh-esq\/\" \/>\n<meta property=\"og:locale\" content=\"es_ES\" \/>\n<meta property=\"og:type\" content=\"article\" \/>\n<meta property=\"og:title\" content=\"Rosina C. Stambaugh, Abogada | Abogada de Inmigraci\u00f3n de York\" \/>\n<meta property=\"og:description\" content=\"Rosina C. Stambaugh, abogada. El abogado del bufete de Rosina C. Stambaugh tiene a\u00f1os de experiencia y puede ayudarte a obtener la ayuda legal que necesitas.\" \/>\n<meta property=\"og:url\" content=\"https:\/\/www.rosinalaw.com\/es\/quienes-somos\/rosina-c-stambaugh-esq\/\" \/>\n<meta property=\"og:site_name\" content=\"The Law Office of Rosina Stambaugh\" \/>\n<meta property=\"article:publisher\" content=\"https:\/\/www.facebook.com\/rosinastambaughlaw\/\" \/>\n<meta property=\"article:modified_time\" content=\"2025-10-16T17:00:27+00:00\" \/>\n<meta property=\"og:image\" content=\"https:\/\/www.rosinalaw.com\/wp-content\/uploads\/2023\/06\/blog_fet.png\" \/>\n\t<meta property=\"og:image:width\" content=\"1100\" \/>\n\t<meta property=\"og:image:height\" content=\"590\" \/>\n\t<meta property=\"og:image:type\" content=\"image\/png\" \/>\n<meta name=\"twitter:card\" content=\"summary_large_image\" \/>\n<meta name=\"twitter:site\" content=\"@LawOffice_RCS\" \/>\n<meta name=\"twitter:label1\" content=\"Tiempo de lectura\" \/>\n\t<meta name=\"twitter:data1\" content=\"5 minutos\" \/>\n<script type=\"application\/ld+json\" class=\"yoast-schema-graph\">{\"@context\":\"https:\\\/\\\/schema.org\",\"@graph\":[{\"@type\":\"WebPage\",\"@id\":\"https:\\\/\\\/www.rosinalaw.com\\\/es\\\/quienes-somos\\\/rosina-c-stambaugh-esq\\\/\",\"url\":\"https:\\\/\\\/www.rosinalaw.com\\\/es\\\/quienes-somos\\\/rosina-c-stambaugh-esq\\\/\",\"name\":\"Rosina C. Stambaugh, Abogada | Abogada de Inmigraci\u00f3n de York\",\"isPartOf\":{\"@id\":\"https:\\\/\\\/www.rosinalaw.com\\\/#website\"},\"primaryImageOfPage\":{\"@id\":\"https:\\\/\\\/www.rosinalaw.com\\\/es\\\/quienes-somos\\\/rosina-c-stambaugh-esq\\\/#primaryimage\"},\"image\":{\"@id\":\"https:\\\/\\\/www.rosinalaw.com\\\/es\\\/quienes-somos\\\/rosina-c-stambaugh-esq\\\/#primaryimage\"},\"thumbnailUrl\":\"https:\\\/\\\/www.rosinalaw.com\\\/wp-content\\\/uploads\\\/2023\\\/06\\\/blog_fet.png\",\"datePublished\":\"2023-06-28T04:59:27+00:00\",\"dateModified\":\"2025-10-16T17:00:27+00:00\",\"description\":\"Rosina C. Stambaugh, abogada. El abogado del bufete de Rosina C. Stambaugh tiene a\u00f1os de experiencia y puede ayudarte a obtener la ayuda legal que necesitas.\",\"breadcrumb\":{\"@id\":\"https:\\\/\\\/www.rosinalaw.com\\\/es\\\/quienes-somos\\\/rosina-c-stambaugh-esq\\\/#breadcrumb\"},\"inLanguage\":\"es\",\"potentialAction\":[{\"@type\":\"ReadAction\",\"target\":[\"https:\\\/\\\/www.rosinalaw.com\\\/es\\\/quienes-somos\\\/rosina-c-stambaugh-esq\\\/\"]}]},{\"@type\":\"ImageObject\",\"inLanguage\":\"es\",\"@id\":\"https:\\\/\\\/www.rosinalaw.com\\\/es\\\/quienes-somos\\\/rosina-c-stambaugh-esq\\\/#primaryimage\",\"url\":\"https:\\\/\\\/www.rosinalaw.com\\\/wp-content\\\/uploads\\\/2023\\\/06\\\/blog_fet.png\",\"contentUrl\":\"https:\\\/\\\/www.rosinalaw.com\\\/wp-content\\\/uploads\\\/2023\\\/06\\\/blog_fet.png\",\"width\":1100,\"height\":590},{\"@type\":\"BreadcrumbList\",\"@id\":\"https:\\\/\\\/www.rosinalaw.com\\\/es\\\/quienes-somos\\\/rosina-c-stambaugh-esq\\\/#breadcrumb\",\"itemListElement\":[{\"@type\":\"ListItem\",\"position\":1,\"name\":\"Inicio\",\"item\":\"https:\\\/\\\/www.rosinalaw.com\\\/es\\\/inicio\\\/\"},{\"@type\":\"ListItem\",\"position\":2,\"name\":\"Qui\u00e9nes somos\",\"item\":\"https:\\\/\\\/www.rosinalaw.com\\\/es\\\/quienes-somos\\\/\"},{\"@type\":\"ListItem\",\"position\":3,\"name\":\"Rosina C. Stambaugh, Abogada\"}]},{\"@type\":\"WebSite\",\"@id\":\"https:\\\/\\\/www.rosinalaw.com\\\/#website\",\"url\":\"https:\\\/\\\/www.rosinalaw.com\\\/\",\"name\":\"The Law Office of Rosina Stambaugh\",\"description\":\"\",\"publisher\":{\"@id\":\"https:\\\/\\\/www.rosinalaw.com\\\/#organization\"},\"potentialAction\":[{\"@type\":\"SearchAction\",\"target\":{\"@type\":\"EntryPoint\",\"urlTemplate\":\"https:\\\/\\\/www.rosinalaw.com\\\/?s={search_term_string}\"},\"query-input\":{\"@type\":\"PropertyValueSpecification\",\"valueRequired\":true,\"valueName\":\"search_term_string\"}}],\"inLanguage\":\"es\"},{\"@type\":\"Organization\",\"@id\":\"https:\\\/\\\/www.rosinalaw.com\\\/#organization\",\"name\":\"El bufete de Rosina Stambaugh\",\"url\":\"https:\\\/\\\/www.rosinalaw.com\\\/\",\"logo\":{\"@type\":\"ImageObject\",\"inLanguage\":\"es\",\"@id\":\"https:\\\/\\\/www.rosinalaw.com\\\/#\\\/schema\\\/logo\\\/image\\\/\",\"url\":\"https:\\\/\\\/www.rosinalaw.com\\\/wp-content\\\/uploads\\\/2023\\\/06\\\/logo-header.png\",\"contentUrl\":\"https:\\\/\\\/www.rosinalaw.com\\\/wp-content\\\/uploads\\\/2023\\\/06\\\/logo-header.png\",\"width\":540,\"height\":80,\"caption\":\"El bufete de Rosina Stambaugh\"},\"image\":{\"@id\":\"https:\\\/\\\/www.rosinalaw.com\\\/#\\\/schema\\\/logo\\\/image\\\/\"},\"sameAs\":[\"https:\\\/\\\/www.facebook.com\\\/rosinastambaughlaw\\\/\",\"https:\\\/\\\/x.com\\\/LawOffice_RCS\"]}]}<\/script>\n<!-- \/ Yoast SEO plugin. -->","yoast_head_json":{"title":"Rosina C. Stambaugh, Abogada | Abogada de Inmigraci\u00f3n de York","description":"Rosina C. Stambaugh, abogada. El abogado del bufete de Rosina C. Stambaugh tiene a\u00f1os de experiencia y puede ayudarte a obtener la ayuda legal que necesitas.","robots":{"index":"index","follow":"follow","max-snippet":"max-snippet:-1","max-image-preview":"max-image-preview:large","max-video-preview":"max-video-preview:-1"},"canonical":"https:\/\/www.rosinalaw.com\/es\/quienes-somos\/rosina-c-stambaugh-esq\/","og_locale":"es_ES","og_type":"article","og_title":"Rosina C. Stambaugh, Abogada | Abogada de Inmigraci\u00f3n de York","og_description":"Rosina C. Stambaugh, abogada. El abogado del bufete de Rosina C. Stambaugh tiene a\u00f1os de experiencia y puede ayudarte a obtener la ayuda legal que necesitas.","og_url":"https:\/\/www.rosinalaw.com\/es\/quienes-somos\/rosina-c-stambaugh-esq\/","og_site_name":"The Law Office of Rosina Stambaugh","article_publisher":"https:\/\/www.facebook.com\/rosinastambaughlaw\/","article_modified_time":"2025-10-16T17:00:27+00:00","og_image":[{"width":1100,"height":590,"url":"https:\/\/www.rosinalaw.com\/wp-content\/uploads\/2023\/06\/blog_fet.png","type":"image\/png"}],"twitter_card":"summary_large_image","twitter_site":"@LawOffice_RCS","twitter_misc":{"Tiempo de lectura":"5 minutos"},"schema":{"@context":"https:\/\/schema.org","@graph":[{"@type":"WebPage","@id":"https:\/\/www.rosinalaw.com\/es\/quienes-somos\/rosina-c-stambaugh-esq\/","url":"https:\/\/www.rosinalaw.com\/es\/quienes-somos\/rosina-c-stambaugh-esq\/","name":"Rosina C. Stambaugh, Abogada | Abogada de Inmigraci\u00f3n de York","isPartOf":{"@id":"https:\/\/www.rosinalaw.com\/#website"},"primaryImageOfPage":{"@id":"https:\/\/www.rosinalaw.com\/es\/quienes-somos\/rosina-c-stambaugh-esq\/#primaryimage"},"image":{"@id":"https:\/\/www.rosinalaw.com\/es\/quienes-somos\/rosina-c-stambaugh-esq\/#primaryimage"},"thumbnailUrl":"https:\/\/www.rosinalaw.com\/wp-content\/uploads\/2023\/06\/blog_fet.png","datePublished":"2023-06-28T04:59:27+00:00","dateModified":"2025-10-16T17:00:27+00:00","description":"Rosina C. Stambaugh, abogada. El abogado del bufete de Rosina C. Stambaugh tiene a\u00f1os de experiencia y puede ayudarte a obtener la ayuda legal que necesitas.","breadcrumb":{"@id":"https:\/\/www.rosinalaw.com\/es\/quienes-somos\/rosina-c-stambaugh-esq\/#breadcrumb"},"inLanguage":"es","potentialAction":[{"@type":"ReadAction","target":["https:\/\/www.rosinalaw.com\/es\/quienes-somos\/rosina-c-stambaugh-esq\/"]}]},{"@type":"ImageObject","inLanguage":"es","@id":"https:\/\/www.rosinalaw.com\/es\/quienes-somos\/rosina-c-stambaugh-esq\/#primaryimage","url":"https:\/\/www.rosinalaw.com\/wp-content\/uploads\/2023\/06\/blog_fet.png","contentUrl":"https:\/\/www.rosinalaw.com\/wp-content\/uploads\/2023\/06\/blog_fet.png","width":1100,"height":590},{"@type":"BreadcrumbList","@id":"https:\/\/www.rosinalaw.com\/es\/quienes-somos\/rosina-c-stambaugh-esq\/#breadcrumb","itemListElement":[{"@type":"ListItem","position":1,"name":"Inicio","item":"https:\/\/www.rosinalaw.com\/es\/inicio\/"},{"@type":"ListItem","position":2,"name":"Qui\u00e9nes somos","item":"https:\/\/www.rosinalaw.com\/es\/quienes-somos\/"},{"@type":"ListItem","position":3,"name":"Rosina C. Stambaugh, Abogada"}]},{"@type":"WebSite","@id":"https:\/\/www.rosinalaw.com\/#website","url":"https:\/\/www.rosinalaw.com\/","name":"The Law Office of Rosina Stambaugh","description":"","publisher":{"@id":"https:\/\/www.rosinalaw.com\/#organization"},"potentialAction":[{"@type":"SearchAction","target":{"@type":"EntryPoint","urlTemplate":"https:\/\/www.rosinalaw.com\/?s={search_term_string}"},"query-input":{"@type":"PropertyValueSpecification","valueRequired":true,"valueName":"search_term_string"}}],"inLanguage":"es"},{"@type":"Organization","@id":"https:\/\/www.rosinalaw.com\/#organization","name":"El bufete de Rosina Stambaugh","url":"https:\/\/www.rosinalaw.com\/","logo":{"@type":"ImageObject","inLanguage":"es","@id":"https:\/\/www.rosinalaw.com\/#\/schema\/logo\/image\/","url":"https:\/\/www.rosinalaw.com\/wp-content\/uploads\/2023\/06\/logo-header.png","contentUrl":"https:\/\/www.rosinalaw.com\/wp-content\/uploads\/2023\/06\/logo-header.png","width":540,"height":80,"caption":"El bufete de Rosina Stambaugh"},"image":{"@id":"https:\/\/www.rosinalaw.com\/#\/schema\/logo\/image\/"},"sameAs":["https:\/\/www.facebook.com\/rosinastambaughlaw\/","https:\/\/x.com\/LawOffice_RCS"]}]}},"_links":{"self":[{"href":"https:\/\/www.rosinalaw.com\/es\/wp-json\/wp\/v2\/pages\/10708","targetHints":{"allow":["GET"]}}],"collection":[{"href":"https:\/\/www.rosinalaw.com\/es\/wp-json\/wp\/v2\/pages"}],"about":[{"href":"https:\/\/www.rosinalaw.com\/es\/wp-json\/wp\/v2\/types\/page"}],"author":[{"embeddable":true,"href":"https:\/\/www.rosinalaw.com\/es\/wp-json\/wp\/v2\/users\/21"}],"replies":[{"embeddable":true,"href":"https:\/\/www.rosinalaw.com\/es\/wp-json\/wp\/v2\/comments?post=10708"}],"version-history":[{"count":0,"href":"https:\/\/www.rosinalaw.com\/es\/wp-json\/wp\/v2\/pages\/10708\/revisions"}],"up":[{"embeddable":true,"href":"https:\/\/www.rosinalaw.com\/es\/wp-json\/wp\/v2\/pages\/10703"}],"wp:featuredmedia":[{"embeddable":true,"href":"https:\/\/www.rosinalaw.com\/es\/wp-json\/wp\/v2\/media\/9697"}],"wp:attachment":[{"href":"https:\/\/www.rosinalaw.com\/es\/wp-json\/wp\/v2\/media?parent=10708"}],"curies":[{"name":"wp","href":"https:\/\/api.w.org\/{rel}","templated":true}]}}