{"id":10713,"date":"2023-06-20T09:59:03","date_gmt":"2023-06-20T09:59:03","guid":{"rendered":"https:\/\/rosinalaw.wpenginepowered.com\/asilo\/tps\/"},"modified":"2025-10-16T17:01:17","modified_gmt":"2025-10-16T17:01:17","slug":"tps","status":"publish","type":"page","link":"https:\/\/www.rosinalaw.com\/es\/asilo\/tps\/","title":{"rendered":"TPS"},"content":{"rendered":"<h1>Abogado de York para el Estatus de Protecci\u00f3n Temporal<\/h1>\n<h2>Ayudar a los clientes vulnerables a mantener su estatus TPS y sus beneficios<\/h2>\n<p>Cuando una naci\u00f3n experimenta una cat\u00e1strofe peligrosa, sus ciudadanos pueden correr un riesgo inminente. A veces, los ciudadanos de esos pa\u00edses se dirigen a Estados Unidos en busca de una vida mejor. Si las condiciones en su pa\u00eds de origen empeoran, su expulsi\u00f3n de Estados Unidos podr\u00eda representar un peligro importante para sus vidas.  <\/p>\n<p>El Estatus de Protecci\u00f3n Temporal (TPS) es una clasificaci\u00f3n que concede a esos extranjeros permiso temporal para vivir y trabajar en Estados Unidos. Autorizada por el Departamento de Seguridad Nacional (DHS), la distinci\u00f3n se concede a personas que no pueden regresar a su pa\u00eds con seguridad como consecuencia de alg\u00fan tipo de crisis temporal peligrosa. <\/p>\n<p><b>El Departamento de Seguridad Nacional puede instituir un TPS para los pa\u00edses que experimenten:<\/b><\/p>\n<ul>\n<li>Conflicto armado continuado (como una invasi\u00f3n o una guerra civil)<\/li>\n<li>Cat\u00e1strofes medioambientales, como terremotos o inundaciones<\/li>\n<li>Cualquier otra crisis temporal que pueda poner en peligro abrumadoramente a los ciudadanos retornados.<\/li>\n<\/ul>\n<p>Beneficiarte del TPS es una forma de evitar que te expulsen de Estados Unidos como consecuencia de tu situaci\u00f3n migratoria. Nuestro abogado especializado en el Estatus de Protecci\u00f3n Temporal de York, del bufete <a href=\"\/\">de Rosina C. Stambaugh<\/a>, puede evaluar si puedes acogerte al TPS y trabajar para garantizar que las autoridades respeten tus beneficios, que, entre otras cosas, te protegen de la deportaci\u00f3n. <\/p>\n<p class=\"text-highlight v1 bg-box unlike-bg side-padding-medium vertical-padding-tiny\"><b>No esperes para saber si puedes beneficiarte del TPS. Llama a <strong><a href=\"tel:717-900-1818\">717-900-1818<\/a><\/strong> o <a href=\"https:\/\/www.rosinalaw.com\/es\/contacte-con-nosotros\/\">ponte en contacto con nosotros online<\/a> para empezar hoy mismo. <\/b><\/p>\n\n<h2>\u00bfC\u00f3mo s\u00e9 si puedo optar al Estatus de Protecci\u00f3n Temporal?<\/h2>\n<p>Para tener derecho a las prestaciones del TPS, el Secretario del DHS debe otorgar a tu pa\u00eds de origen la designaci\u00f3n de TPS. Sin embargo, el mero hecho de ser ciudadano de un pa\u00eds afectado no te da derecho autom\u00e1ticamente a las prestaciones del TPS. <\/p>\n<p><b>Nunca asumas que te beneficias de la TPS.<\/b>  Adem\u00e1s de ser nacional de un pa\u00eds designado, debes haber vivido de forma continuada en Estados Unidos en el tiempo transcurrido desde una \u00abfecha de designaci\u00f3n\u00bb especificada y haberte registrado para obtener el estatus de TPS en un plazo de tiempo determinado.<\/p>\n<p><strong>Recuerda que debes haber mantenido una presencia f\u00edsica continuada en Estados Unidos desde la fecha de designaci\u00f3n de tu pa\u00eds<\/strong><b>.<\/b> Eso significa que para un nacional de Nepal, por ejemplo, tendr\u00edas que haber estado presente y haber continuado estando presente en EE.UU. desde el 24\/6\/2015 o antes. Nuestro abogado especializado en el Estatus de Protecci\u00f3n Temporal de York puede establecer tu elegibilidad y asegurarse de que tu estatus est\u00e1 actualizado. <\/p>\n<p style=\"text-align: center;\"><strong>No dejes que la incertidumbre defina tu futuro<\/strong><br \/>\n<strong>Has vivido con miedo el tiempo suficiente. No saber si te obligar\u00e1n a volver a una situaci\u00f3n peligrosa puede ser abrumador.   <\/strong><strong>En Rosina Law ayudamos a personas como t\u00fa a solicitar el Estatus de Protecci\u00f3n Temporal con claridad y confianza.  <\/strong><br \/>\n<strong>Ponte en contacto con nosotros hoy mismo:<a href=\"tel:%20717-900-1818\"> 717-900-1818<\/a><\/strong><\/p>\n<h2>\u00bfCu\u00e1les son las ventajas del TPS?<\/h2>\n<p>El TPS confiere poderosos beneficios a los beneficiarios registrados que cumplan los requisitos de elegibilidad. Lo m\u00e1s importante es que los titulares del TPS no pueden ser deportados del pa\u00eds como consecuencia de su estatus migratorio. <\/p>\n<p>Esto se debe a su dise\u00f1o: El TPS est\u00e1 pensado para ayudar a los extranjeros a no ser devueltos a sus pa\u00edses de origen que atraviesan una crisis peligrosa y temporal. Las prestaciones del TPS permiten a las personas afectadas vivir y trabajar en Estados Unidos hasta que sea seguro regresar. <\/p>\n<p>Adem\u00e1s de la inmunidad temporal frente a <a href=\"https:\/\/www.rosinalaw.com\/es\/defensa-contra-la-deportacion\/suspension-de-la-expulsion\/\">los procedimientos de expulsi\u00f3n<\/a>, los titulares del TPS pueden solicitar documentos de autorizaci\u00f3n de empleo (EAD), lo que significa que, en muchos casos, pueden obtener un empleo significativo durante su estancia en Estados Unidos. Los beneficiarios del TPS tambi\u00e9n pueden obtener autorizaci\u00f3n para entrar y salir del pa\u00eds. <\/p>\n<p>No existen limitaciones sobre d\u00f3nde pueden vivir los titulares del TPS en Estados Unidos. Miles de beneficiarios del TPS eligen vivir en \u00e1reas metropolitanas de pr\u00e1cticamente todos los rincones del pa\u00eds, como Los \u00c1ngeles, Miami, Nueva York, Houston y Washington D.C. <\/p>\n<h2>\u00bfCaducan las prestaciones del TPS?<\/h2>\n<p>S\u00ed, aunque duran al menos varios a\u00f1os en la gran mayor\u00eda de las circunstancias y pueden prorrogarse seg\u00fan lo exija la situaci\u00f3n. Los beneficios del TPS s\u00f3lo duran lo que dura el periodo de designaci\u00f3n de un pa\u00eds determinado. <\/p>\n<p>Si caducan tus prestaciones, deber\u00e1s salir de Estados Unidos. De lo contrario, empezar\u00e1s a acumular una presencia ilegal que puede dificultar tu futura inmigraci\u00f3n legal. <\/p>\n<p>El Secretario del DHS puede decidir ampliar el periodo de designaci\u00f3n de un pa\u00eds determinado en cualquier momento. Est\u00e1 obligado a publicar una decisi\u00f3n, en un sentido u otro, al menos 60 d\u00edas antes de que expire el periodo de designaci\u00f3n. Las pr\u00f3rrogas pueden hacerse en incrementos de 6, 12 o 18 meses. Si el Secretario decide no prorrogar una designaci\u00f3n, dispondr\u00e1s de un plazo de 60 d\u00edas para preparar tu salida del pa\u00eds.   <\/p>\n<p><strong>La decisi\u00f3n de prorrogar o no las designaciones de TPS debe reflejar la evoluci\u00f3n de la situaci\u00f3n en el pa\u00eds afectado<\/strong>. Si la situaci\u00f3n desencadenante -una guerra civil o un tsunami, por ejemplo- ha mejorado sensiblemente, es poco probable que el Secretario prorrogue la designaci\u00f3n. <\/p>\n<p>Si la situaci\u00f3n se ha estancado o empeorado -por ejemplo, si sigue en curso un conflicto armado o no se han restablecido los servicios cr\u00edticos tras una cat\u00e1strofe natural-, puede estar justificada una pr\u00f3rroga. En teor\u00eda, el objetivo es evitar devolver a las naciones extranjeras a una situaci\u00f3n peligrosa, aunque a veces las maquinaciones pol\u00edticas parecen interferir con las intenciones de la ley. <\/p>\n<p>Cabe se\u00f1alar que, aunque se prorrogue una designaci\u00f3n de TPS, la pr\u00f3rroga no abre a los nacionales del pa\u00eds a nuevos beneficiarios. En otras palabras, la fecha de designaci\u00f3n original sigue en pie: No puedes solicitar los beneficios del TPS a menos que hayas llegado antes al pa\u00eds y mantenido una presencia continua desde la fecha de designaci\u00f3n original. En consecuencia, las pr\u00f3rrogas s\u00f3lo se aplican a quienes ya tienen beneficios de TPS para ese pa\u00eds.  <\/p>\n<p>Dicho todo esto, los litigios pendientes han enturbiado las consecuencias de la expiraci\u00f3n de la designaci\u00f3n del TPS. Todav\u00eda se est\u00e1n tramitando demandas en los tribunales contra la expiraci\u00f3n de las designaciones de TPS para <a href=\"https:\/\/www.rosinalaw.com\/es\/ultimas-noticias\/el-dhs-designa-a-haiti-para-el-estatus-de-proteccion-temporal\/\">Hait\u00ed<\/a>, Honduras, Nepal, El Salvador, Nicaragua y Sud\u00e1n. <\/p>\n<p>Los primeros mandamientos judiciales han prorrogado autom\u00e1ticamente la expiraci\u00f3n de cada uno de estos pa\u00edses hasta al menos el 1\/4\/2021. No est\u00e1 claro c\u00f3mo se resolver\u00e1n las demandas ni si se presentar\u00e1n otras para luchar contra los vencimientos programados de las restantes designaciones de TPS. <\/p>\n<h2>Nuestro equipo puede ayudarte con el Estatus de Protecci\u00f3n Temporal<\/h2>\n<p>El TPS protege a muchos extranjeros de los procedimientos de deportaci\u00f3n y puede utilizarse potencialmente como defensa en un intento de expulsi\u00f3n. Recuerda, si est\u00e1s registrado como titular del TPS, no puedes ser deportado legalmente. <\/p>\n<p>Ponte en contacto con mi oficina para saber si re\u00fanes los requisitos para solicitarlo o renovarlo<b>. <\/b>Podemos confirmar tu elegibilidad y estatus y luchar para proteger tus derechos. Nuestro equipo tambi\u00e9n puede ayudar a los titulares de TPS que cumplan los requisitos a ajustar su estatus para buscar opciones de inmigraci\u00f3n legal m\u00e1s permanentes. <\/p>\n<p>Comprendemos lo que est\u00e1 en juego en cada caso de inmigraci\u00f3n, por eso nos esforzamos por dar a cada uno de nuestros clientes la atenci\u00f3n individualizada y emp\u00e1tica que se merecen, sea cual sea la complejidad de su situaci\u00f3n.<\/p>\n<p><b>Programa una consulta inicial llamando al <strong><a href=\"tel:717-900-1818\">717-900-1818<\/a><\/strong> o <a href=\"https:\/\/www.rosinalaw.com\/es\/contacte-con-nosotros\/\">poni\u00e9ndote en contacto con nosotros por Internet<\/a>. Ofrecemos nuestros servicios jur\u00eddicos en ingl\u00e9s, espa\u00f1ol e italiano. <\/b><br \/>\n<iframe loading=\"lazy\" style=\"border: 0;\" src=\"https:\/\/www.google.com\/maps\/embed?pb=!1m18!1m12!1m3!1d3058.129722751794!2d-76.66135!3d39.96085229999999!2m3!1f0!2f0!3f0!3m2!1i1024!2i768!4f13.1!3m3!1m2!1s0x89c88eef4b922757%3A0x90f00e9a7acacb4!2sThe%20Law%20Office%20of%20Rosina%20C.%20Stambaugh%20%7C%20La%20Abogada%20Rosina%20Stambaugh!5e0!3m2!1sen!2sus!4v1746721470740!5m2!1sen!2sus\" width=\"600\" height=\"450\" allowfullscreen=\"allowfullscreen\"><\/iframe><\/p>\n","protected":false},"excerpt":{"rendered":"<p>Abogado de York para el Estatus de Protecci\u00f3n Temporal Ayudar a los clientes vulnerables a mantener su estatus TPS y sus beneficios Cuando una naci\u00f3n experimenta una cat\u00e1strofe peligrosa, sus ciudadanos pueden correr un riesgo inminente. A veces, los ciudadanos de esos pa\u00edses se dirigen a Estados Unidos en busca de una vida mejor. Si [&hellip;]<\/p>\n","protected":false},"author":21,"featured_media":9697,"parent":10697,"menu_order":0,"comment_status":"closed","ping_status":"closed","template":"","meta":{"_acf_changed":false,"site-sidebar-layout":"default","site-content-layout":"default","ast-site-content-layout":"default","site-content-style":"default","site-sidebar-style":"default","ast-global-header-display":"","ast-banner-title-visibility":"","ast-main-header-display":"","ast-hfb-above-header-display":"","ast-hfb-below-header-display":"","ast-hfb-mobile-header-display":"","site-post-title":"","ast-breadcrumbs-content":"","ast-featured-img":"","footer-sml-layout":"","ast-disable-related-posts":"","theme-transparent-header-meta":"default","adv-header-id-meta":"","stick-header-meta":"","header-above-stick-meta":"","header-main-stick-meta":"","header-below-stick-meta":"","astra-migrate-meta-layouts":"default","ast-page-background-enabled":"default","ast-page-background-meta":{"desktop":{"background-color":"var(--ast-global-color-4)","background-image":"","background-repeat":"repeat","background-position":"center center","background-size":"auto","background-attachment":"scroll","background-type":"","background-media":"","overlay-type":"","overlay-color":"","overlay-opacity":"","overlay-gradient":""},"tablet":{"background-color":"","background-image":"","background-repeat":"repeat","background-position":"center center","background-size":"auto","background-attachment":"scroll","background-type":"","background-media":"","overlay-type":"","overlay-color":"","overlay-opacity":"","overlay-gradient":""},"mobile":{"background-color":"","background-image":"","background-repeat":"repeat","background-position":"center center","background-size":"auto","background-attachment":"scroll","background-type":"","background-media":"","overlay-type":"","overlay-color":"","overlay-opacity":"","overlay-gradient":""}},"ast-content-background-meta":{"desktop":{"background-color":"var(--ast-global-color-5)","background-image":"","background-repeat":"repeat","background-position":"center center","background-size":"auto","background-attachment":"scroll","background-type":"","background-media":"","overlay-type":"","overlay-color":"","overlay-opacity":"","overlay-gradient":""},"tablet":{"background-color":"var(--ast-global-color-5)","background-image":"","background-repeat":"repeat","background-position":"center center","background-size":"auto","background-attachment":"scroll","background-type":"","background-media":"","overlay-type":"","overlay-color":"","overlay-opacity":"","overlay-gradient":""},"mobile":{"background-color":"var(--ast-global-color-5)","background-image":"","background-repeat":"repeat","background-position":"center center","background-size":"auto","background-attachment":"scroll","background-type":"","background-media":"","overlay-type":"","overlay-color":"","overlay-opacity":"","overlay-gradient":""}},"footnotes":""},"class_list":["post-10713","page","type-page","status-publish","has-post-thumbnail","hentry"],"acf":[],"yoast_head":"<!-- This site is optimized with the Yoast SEO plugin v27.4 - https:\/\/yoast.com\/product\/yoast-seo-wordpress\/ -->\n<title>Abogada del Estatus de Protecci\u00f3n Temporal de York | Rosina Stambaugh<\/title>\n<meta name=\"description\" content=\"Nuestros abogados especializados en el Estatus de Protecci\u00f3n Temporal de York pueden ayudarte con tu estatus. Ponte en contacto con nosotros hoy mismo para programar una consulta.\" \/>\n<meta name=\"robots\" content=\"index, follow, max-snippet:-1, max-image-preview:large, max-video-preview:-1\" \/>\n<link rel=\"canonical\" href=\"https:\/\/www.rosinalaw.com\/es\/asilo\/tps\/\" \/>\n<meta property=\"og:locale\" content=\"es_ES\" \/>\n<meta property=\"og:type\" content=\"article\" \/>\n<meta property=\"og:title\" content=\"Abogada del Estatus de Protecci\u00f3n Temporal de York | Rosina Stambaugh\" \/>\n<meta property=\"og:description\" content=\"Nuestros abogados especializados en el Estatus de Protecci\u00f3n Temporal de York pueden ayudarte con tu estatus. Ponte en contacto con nosotros hoy mismo para programar una consulta.\" \/>\n<meta property=\"og:url\" content=\"https:\/\/www.rosinalaw.com\/es\/asilo\/tps\/\" \/>\n<meta property=\"og:site_name\" content=\"The Law Office of Rosina Stambaugh\" \/>\n<meta property=\"article:publisher\" content=\"https:\/\/www.facebook.com\/rosinastambaughlaw\/\" \/>\n<meta property=\"article:modified_time\" content=\"2025-10-16T17:01:17+00:00\" \/>\n<meta property=\"og:image\" content=\"https:\/\/www.rosinalaw.com\/wp-content\/uploads\/2023\/06\/blog_fet.png\" \/>\n\t<meta property=\"og:image:width\" content=\"1100\" \/>\n\t<meta property=\"og:image:height\" content=\"590\" \/>\n\t<meta property=\"og:image:type\" content=\"image\/png\" \/>\n<meta name=\"twitter:card\" content=\"summary_large_image\" \/>\n<meta name=\"twitter:site\" content=\"@LawOffice_RCS\" \/>\n<meta name=\"twitter:label1\" content=\"Tiempo de lectura\" \/>\n\t<meta name=\"twitter:data1\" content=\"7 minutos\" \/>\n<script type=\"application\/ld+json\" class=\"yoast-schema-graph\">{\"@context\":\"https:\\\/\\\/schema.org\",\"@graph\":[{\"@type\":\"WebPage\",\"@id\":\"https:\\\/\\\/www.rosinalaw.com\\\/es\\\/asilo\\\/tps\\\/\",\"url\":\"https:\\\/\\\/www.rosinalaw.com\\\/es\\\/asilo\\\/tps\\\/\",\"name\":\"Abogada del Estatus de Protecci\u00f3n Temporal de York | Rosina Stambaugh\",\"isPartOf\":{\"@id\":\"https:\\\/\\\/www.rosinalaw.com\\\/#website\"},\"primaryImageOfPage\":{\"@id\":\"https:\\\/\\\/www.rosinalaw.com\\\/es\\\/asilo\\\/tps\\\/#primaryimage\"},\"image\":{\"@id\":\"https:\\\/\\\/www.rosinalaw.com\\\/es\\\/asilo\\\/tps\\\/#primaryimage\"},\"thumbnailUrl\":\"https:\\\/\\\/www.rosinalaw.com\\\/wp-content\\\/uploads\\\/2023\\\/06\\\/blog_fet.png\",\"datePublished\":\"2023-06-20T09:59:03+00:00\",\"dateModified\":\"2025-10-16T17:01:17+00:00\",\"description\":\"Nuestros abogados especializados en el Estatus de Protecci\u00f3n Temporal de York pueden ayudarte con tu estatus. Ponte en contacto con nosotros hoy mismo para programar una consulta.\",\"breadcrumb\":{\"@id\":\"https:\\\/\\\/www.rosinalaw.com\\\/es\\\/asilo\\\/tps\\\/#breadcrumb\"},\"inLanguage\":\"es\",\"potentialAction\":[{\"@type\":\"ReadAction\",\"target\":[\"https:\\\/\\\/www.rosinalaw.com\\\/es\\\/asilo\\\/tps\\\/\"]}]},{\"@type\":\"ImageObject\",\"inLanguage\":\"es\",\"@id\":\"https:\\\/\\\/www.rosinalaw.com\\\/es\\\/asilo\\\/tps\\\/#primaryimage\",\"url\":\"https:\\\/\\\/www.rosinalaw.com\\\/wp-content\\\/uploads\\\/2023\\\/06\\\/blog_fet.png\",\"contentUrl\":\"https:\\\/\\\/www.rosinalaw.com\\\/wp-content\\\/uploads\\\/2023\\\/06\\\/blog_fet.png\",\"width\":1100,\"height\":590},{\"@type\":\"BreadcrumbList\",\"@id\":\"https:\\\/\\\/www.rosinalaw.com\\\/es\\\/asilo\\\/tps\\\/#breadcrumb\",\"itemListElement\":[{\"@type\":\"ListItem\",\"position\":1,\"name\":\"Inicio\",\"item\":\"https:\\\/\\\/www.rosinalaw.com\\\/es\\\/inicio\\\/\"},{\"@type\":\"ListItem\",\"position\":2,\"name\":\"Asilo\",\"item\":\"https:\\\/\\\/www.rosinalaw.com\\\/es\\\/asilo\\\/\"},{\"@type\":\"ListItem\",\"position\":3,\"name\":\"TPS\"}]},{\"@type\":\"WebSite\",\"@id\":\"https:\\\/\\\/www.rosinalaw.com\\\/#website\",\"url\":\"https:\\\/\\\/www.rosinalaw.com\\\/\",\"name\":\"The Law Office of Rosina Stambaugh\",\"description\":\"\",\"publisher\":{\"@id\":\"https:\\\/\\\/www.rosinalaw.com\\\/#organization\"},\"potentialAction\":[{\"@type\":\"SearchAction\",\"target\":{\"@type\":\"EntryPoint\",\"urlTemplate\":\"https:\\\/\\\/www.rosinalaw.com\\\/?s={search_term_string}\"},\"query-input\":{\"@type\":\"PropertyValueSpecification\",\"valueRequired\":true,\"valueName\":\"search_term_string\"}}],\"inLanguage\":\"es\"},{\"@type\":\"Organization\",\"@id\":\"https:\\\/\\\/www.rosinalaw.com\\\/#organization\",\"name\":\"El bufete de Rosina Stambaugh\",\"url\":\"https:\\\/\\\/www.rosinalaw.com\\\/\",\"logo\":{\"@type\":\"ImageObject\",\"inLanguage\":\"es\",\"@id\":\"https:\\\/\\\/www.rosinalaw.com\\\/#\\\/schema\\\/logo\\\/image\\\/\",\"url\":\"https:\\\/\\\/www.rosinalaw.com\\\/wp-content\\\/uploads\\\/2023\\\/06\\\/logo-header.png\",\"contentUrl\":\"https:\\\/\\\/www.rosinalaw.com\\\/wp-content\\\/uploads\\\/2023\\\/06\\\/logo-header.png\",\"width\":540,\"height\":80,\"caption\":\"El bufete de Rosina Stambaugh\"},\"image\":{\"@id\":\"https:\\\/\\\/www.rosinalaw.com\\\/#\\\/schema\\\/logo\\\/image\\\/\"},\"sameAs\":[\"https:\\\/\\\/www.facebook.com\\\/rosinastambaughlaw\\\/\",\"https:\\\/\\\/x.com\\\/LawOffice_RCS\"]}]}<\/script>\n<!-- \/ Yoast SEO plugin. -->","yoast_head_json":{"title":"Abogada del Estatus de Protecci\u00f3n Temporal de York | Rosina Stambaugh","description":"Nuestros abogados especializados en el Estatus de Protecci\u00f3n Temporal de York pueden ayudarte con tu estatus. Ponte en contacto con nosotros hoy mismo para programar una consulta.","robots":{"index":"index","follow":"follow","max-snippet":"max-snippet:-1","max-image-preview":"max-image-preview:large","max-video-preview":"max-video-preview:-1"},"canonical":"https:\/\/www.rosinalaw.com\/es\/asilo\/tps\/","og_locale":"es_ES","og_type":"article","og_title":"Abogada del Estatus de Protecci\u00f3n Temporal de York | Rosina Stambaugh","og_description":"Nuestros abogados especializados en el Estatus de Protecci\u00f3n Temporal de York pueden ayudarte con tu estatus. Ponte en contacto con nosotros hoy mismo para programar una consulta.","og_url":"https:\/\/www.rosinalaw.com\/es\/asilo\/tps\/","og_site_name":"The Law Office of Rosina Stambaugh","article_publisher":"https:\/\/www.facebook.com\/rosinastambaughlaw\/","article_modified_time":"2025-10-16T17:01:17+00:00","og_image":[{"width":1100,"height":590,"url":"https:\/\/www.rosinalaw.com\/wp-content\/uploads\/2023\/06\/blog_fet.png","type":"image\/png"}],"twitter_card":"summary_large_image","twitter_site":"@LawOffice_RCS","twitter_misc":{"Tiempo de lectura":"7 minutos"},"schema":{"@context":"https:\/\/schema.org","@graph":[{"@type":"WebPage","@id":"https:\/\/www.rosinalaw.com\/es\/asilo\/tps\/","url":"https:\/\/www.rosinalaw.com\/es\/asilo\/tps\/","name":"Abogada del Estatus de Protecci\u00f3n Temporal de York | Rosina Stambaugh","isPartOf":{"@id":"https:\/\/www.rosinalaw.com\/#website"},"primaryImageOfPage":{"@id":"https:\/\/www.rosinalaw.com\/es\/asilo\/tps\/#primaryimage"},"image":{"@id":"https:\/\/www.rosinalaw.com\/es\/asilo\/tps\/#primaryimage"},"thumbnailUrl":"https:\/\/www.rosinalaw.com\/wp-content\/uploads\/2023\/06\/blog_fet.png","datePublished":"2023-06-20T09:59:03+00:00","dateModified":"2025-10-16T17:01:17+00:00","description":"Nuestros abogados especializados en el Estatus de Protecci\u00f3n Temporal de York pueden ayudarte con tu estatus. Ponte en contacto con nosotros hoy mismo para programar una consulta.","breadcrumb":{"@id":"https:\/\/www.rosinalaw.com\/es\/asilo\/tps\/#breadcrumb"},"inLanguage":"es","potentialAction":[{"@type":"ReadAction","target":["https:\/\/www.rosinalaw.com\/es\/asilo\/tps\/"]}]},{"@type":"ImageObject","inLanguage":"es","@id":"https:\/\/www.rosinalaw.com\/es\/asilo\/tps\/#primaryimage","url":"https:\/\/www.rosinalaw.com\/wp-content\/uploads\/2023\/06\/blog_fet.png","contentUrl":"https:\/\/www.rosinalaw.com\/wp-content\/uploads\/2023\/06\/blog_fet.png","width":1100,"height":590},{"@type":"BreadcrumbList","@id":"https:\/\/www.rosinalaw.com\/es\/asilo\/tps\/#breadcrumb","itemListElement":[{"@type":"ListItem","position":1,"name":"Inicio","item":"https:\/\/www.rosinalaw.com\/es\/inicio\/"},{"@type":"ListItem","position":2,"name":"Asilo","item":"https:\/\/www.rosinalaw.com\/es\/asilo\/"},{"@type":"ListItem","position":3,"name":"TPS"}]},{"@type":"WebSite","@id":"https:\/\/www.rosinalaw.com\/#website","url":"https:\/\/www.rosinalaw.com\/","name":"The Law Office of Rosina Stambaugh","description":"","publisher":{"@id":"https:\/\/www.rosinalaw.com\/#organization"},"potentialAction":[{"@type":"SearchAction","target":{"@type":"EntryPoint","urlTemplate":"https:\/\/www.rosinalaw.com\/?s={search_term_string}"},"query-input":{"@type":"PropertyValueSpecification","valueRequired":true,"valueName":"search_term_string"}}],"inLanguage":"es"},{"@type":"Organization","@id":"https:\/\/www.rosinalaw.com\/#organization","name":"El bufete de Rosina Stambaugh","url":"https:\/\/www.rosinalaw.com\/","logo":{"@type":"ImageObject","inLanguage":"es","@id":"https:\/\/www.rosinalaw.com\/#\/schema\/logo\/image\/","url":"https:\/\/www.rosinalaw.com\/wp-content\/uploads\/2023\/06\/logo-header.png","contentUrl":"https:\/\/www.rosinalaw.com\/wp-content\/uploads\/2023\/06\/logo-header.png","width":540,"height":80,"caption":"El bufete de Rosina Stambaugh"},"image":{"@id":"https:\/\/www.rosinalaw.com\/#\/schema\/logo\/image\/"},"sameAs":["https:\/\/www.facebook.com\/rosinastambaughlaw\/","https:\/\/x.com\/LawOffice_RCS"]}]}},"_links":{"self":[{"href":"https:\/\/www.rosinalaw.com\/es\/wp-json\/wp\/v2\/pages\/10713","targetHints":{"allow":["GET"]}}],"collection":[{"href":"https:\/\/www.rosinalaw.com\/es\/wp-json\/wp\/v2\/pages"}],"about":[{"href":"https:\/\/www.rosinalaw.com\/es\/wp-json\/wp\/v2\/types\/page"}],"author":[{"embeddable":true,"href":"https:\/\/www.rosinalaw.com\/es\/wp-json\/wp\/v2\/users\/21"}],"replies":[{"embeddable":true,"href":"https:\/\/www.rosinalaw.com\/es\/wp-json\/wp\/v2\/comments?post=10713"}],"version-history":[{"count":0,"href":"https:\/\/www.rosinalaw.com\/es\/wp-json\/wp\/v2\/pages\/10713\/revisions"}],"up":[{"embeddable":true,"href":"https:\/\/www.rosinalaw.com\/es\/wp-json\/wp\/v2\/pages\/10697"}],"wp:featuredmedia":[{"embeddable":true,"href":"https:\/\/www.rosinalaw.com\/es\/wp-json\/wp\/v2\/media\/9697"}],"wp:attachment":[{"href":"https:\/\/www.rosinalaw.com\/es\/wp-json\/wp\/v2\/media?parent=10713"}],"curies":[{"name":"wp","href":"https:\/\/api.w.org\/{rel}","templated":true}]}}