{"id":10716,"date":"2023-06-28T05:59:39","date_gmt":"2023-06-28T05:59:39","guid":{"rendered":"https:\/\/rosinalaw.wpenginepowered.com\/areas-de-practica\/"},"modified":"2025-10-16T17:00:28","modified_gmt":"2025-10-16T17:00:28","slug":"areas-de-practica","status":"publish","type":"page","link":"https:\/\/www.rosinalaw.com\/es\/areas-de-practica\/","title":{"rendered":"\u00c1reas de pr\u00e1ctica"},"content":{"rendered":"<h1>\u00c1reas de pr\u00e1ctica<\/h1>\n<p><a href=\"https:\/\/www.rosinalaw.com\/es\/naturalizacion\/\">La naturalizaci\u00f3n<\/a>: Convertirse en ciudadano naturalizado es un objetivo final para muchos inmigrantes. Averigua qu\u00e9 implica este proceso y si re\u00fanes los requisitos cuando hables con un abogado de inmigraci\u00f3n. <\/p>\n<hr>\n<p><a href=\"https:\/\/www.rosinalaw.com\/es\/asilo\/\">Asilo<\/a>: \u00bfHuyes de la persecuci\u00f3n en tu pa\u00eds de origen? Solicitar asilo en Estados Unidos puede ser una opci\u00f3n, y un abogado puede proporcionarte m\u00e1s informaci\u00f3n.   <\/p>\n<hr>\n<p><a href=\"https:\/\/www.rosinalaw.com\/es\/defensa-contra-la-deportacion\/\">Defensa contra la deportaci\u00f3n<\/a>: Enfrentarse a un procedimiento de deportaci\u00f3n es aterrador y abrumador, pero puedes tener opciones. Habla con un abogado de inmigraci\u00f3n para averiguar qu\u00e9 puedes hacer. <\/p>\n<hr>\n<p><a href=\"https:\/\/www.rosinalaw.com\/es\/inmigracion-familiar\/\">Inmigraci\u00f3n familiar<\/a>: La inmigraci\u00f3n familiar es una forma de garantizar que tus seres queridos puedan permanecer juntos. Ponte en contacto con un abogado para averiguar qu\u00e9 opciones hay disponibles. <\/p>\n<hr>\n<p><a href=\"https:\/\/www.rosinalaw.com\/es\/inmigracion-familiar\/visados-de-matrimonio\/\">Visados de matrimonio<\/a>: Se supone que el matrimonio consiste en pasar la vida con tu pareja, pero eso es dif\u00edcil si est\u00e1is en pa\u00edses distintos. Llama a nuestro bufete para informarte sobre la inmigraci\u00f3n por matrimonio. <\/p>\n<hr>\n<p><a href=\"https:\/\/www.rosinalaw.com\/es\/daca\/\">DACA<\/a>: DACA est\u00e1 en un estado de cambio, y si actualmente formas parte de esta comunidad, puede que est\u00e9s preocupado por lo que te depara el futuro. Habla con un abogado de inmigraci\u00f3n para averiguar lo que necesitas saber. <\/p>\n<hr>\n<p><a href=\"https:\/\/www.rosinalaw.com\/es\/crimmigration\/\">Crimmigraci\u00f3n<\/a>: \u00bfQu\u00e9 ocurre cuando se cruzan el derecho penal y la inmigraci\u00f3n? Inf\u00f3rmate sobre lo que significa la crimmigraci\u00f3n y c\u00f3mo puede afectarte cuando hables con un abogado. <\/p>\n<hr>\n<p><a href=\"https:\/\/www.rosinalaw.com\/es\/vawa\/\">VAWA<\/a>: La violencia nunca est\u00e1 bien, y no tienes por qu\u00e9 quedarte con un compa\u00f1ero o padre maltratador a efectos de inmigraci\u00f3n. Ponte en contacto con un abogado para averiguar si puedes estar amparada por la VAWA. <\/p>\n<hr>\n<p><a href=\"https:\/\/www.rosinalaw.com\/es\/tarjetas-verdes\/\">Tarjetas Verdes<\/a>: Las Tarjetas Verdes permiten vivir y trabajar en Estados Unidos de forma permanente. Ponte en contacto con nuestro bufete para saber c\u00f3mo funciona y qui\u00e9n puede optar a ella. <\/p>\n<hr>\n<p><a href=\"https:\/\/www.rosinalaw.com\/es\/visados-u\/\">Visados U<\/a>: \u00bfHas sido v\u00edctima de un delito grave y est\u00e1s dispuesto a hablar con la polic\u00eda? Ponte en contacto con un abogado para averiguar si puedes optar a un visado U. <\/p>\n","protected":false},"excerpt":{"rendered":"<p>\u00c1reas de pr\u00e1ctica La naturalizaci\u00f3n: Convertirse en ciudadano naturalizado es un objetivo final para muchos inmigrantes. Averigua qu\u00e9 implica este proceso y si re\u00fanes los requisitos cuando hables con un abogado de inmigraci\u00f3n. Asilo: \u00bfHuyes de la persecuci\u00f3n en tu pa\u00eds de origen? Solicitar asilo en Estados Unidos puede ser una opci\u00f3n, y un abogado [&hellip;]<\/p>\n","protected":false},"author":21,"featured_media":9697,"parent":0,"menu_order":0,"comment_status":"closed","ping_status":"closed","template":"","meta":{"_acf_changed":false,"site-sidebar-layout":"default","site-content-layout":"default","ast-site-content-layout":"default","site-content-style":"default","site-sidebar-style":"default","ast-global-header-display":"","ast-banner-title-visibility":"","ast-main-header-display":"","ast-hfb-above-header-display":"","ast-hfb-below-header-display":"","ast-hfb-mobile-header-display":"","site-post-title":"","ast-breadcrumbs-content":"","ast-featured-img":"","footer-sml-layout":"","ast-disable-related-posts":"","theme-transparent-header-meta":"default","adv-header-id-meta":"","stick-header-meta":"","header-above-stick-meta":"","header-main-stick-meta":"","header-below-stick-meta":"","astra-migrate-meta-layouts":"default","ast-page-background-enabled":"default","ast-page-background-meta":{"desktop":{"background-color":"var(--ast-global-color-4)","background-image":"","background-repeat":"repeat","background-position":"center center","background-size":"auto","background-attachment":"scroll","background-type":"","background-media":"","overlay-type":"","overlay-color":"","overlay-opacity":"","overlay-gradient":""},"tablet":{"background-color":"","background-image":"","background-repeat":"repeat","background-position":"center center","background-size":"auto","background-attachment":"scroll","background-type":"","background-media":"","overlay-type":"","overlay-color":"","overlay-opacity":"","overlay-gradient":""},"mobile":{"background-color":"","background-image":"","background-repeat":"repeat","background-position":"center center","background-size":"auto","background-attachment":"scroll","background-type":"","background-media":"","overlay-type":"","overlay-color":"","overlay-opacity":"","overlay-gradient":""}},"ast-content-background-meta":{"desktop":{"background-color":"var(--ast-global-color-5)","background-image":"","background-repeat":"repeat","background-position":"center center","background-size":"auto","background-attachment":"scroll","background-type":"","background-media":"","overlay-type":"","overlay-color":"","overlay-opacity":"","overlay-gradient":""},"tablet":{"background-color":"var(--ast-global-color-5)","background-image":"","background-repeat":"repeat","background-position":"center center","background-size":"auto","background-attachment":"scroll","background-type":"","background-media":"","overlay-type":"","overlay-color":"","overlay-opacity":"","overlay-gradient":""},"mobile":{"background-color":"var(--ast-global-color-5)","background-image":"","background-repeat":"repeat","background-position":"center center","background-size":"auto","background-attachment":"scroll","background-type":"","background-media":"","overlay-type":"","overlay-color":"","overlay-opacity":"","overlay-gradient":""}},"footnotes":""},"class_list":["post-10716","page","type-page","status-publish","has-post-thumbnail","hentry"],"acf":[],"yoast_head":"<!-- This site is optimized with the Yoast SEO plugin v27.5 - https:\/\/yoast.com\/product\/yoast-seo-wordpress\/ -->\n<title>\u00c1reas de pr\u00e1ctica - The Law Office of Rosina Stambaugh<\/title>\n<meta name=\"description\" content=\"\u00c1reas de pr\u00e1ctica - %\" \/>\n<meta name=\"robots\" content=\"index, follow, max-snippet:-1, max-image-preview:large, max-video-preview:-1\" \/>\n<link rel=\"canonical\" href=\"https:\/\/www.rosinalaw.com\/es\/areas-de-practica\/\" \/>\n<meta property=\"og:locale\" content=\"es_ES\" \/>\n<meta property=\"og:type\" content=\"article\" \/>\n<meta property=\"og:title\" content=\"\u00c1reas de pr\u00e1ctica - The Law Office of Rosina Stambaugh\" \/>\n<meta property=\"og:description\" content=\"\u00c1reas de pr\u00e1ctica - %\" \/>\n<meta property=\"og:url\" content=\"https:\/\/www.rosinalaw.com\/es\/areas-de-practica\/\" \/>\n<meta property=\"og:site_name\" content=\"The Law Office of Rosina Stambaugh\" \/>\n<meta property=\"article:publisher\" content=\"https:\/\/www.facebook.com\/rosinastambaughlaw\/\" \/>\n<meta property=\"article:modified_time\" content=\"2025-10-16T17:00:28+00:00\" \/>\n<meta property=\"og:image\" content=\"https:\/\/www.rosinalaw.com\/wp-content\/uploads\/2023\/06\/blog_fet.png\" \/>\n\t<meta property=\"og:image:width\" content=\"1100\" \/>\n\t<meta property=\"og:image:height\" content=\"590\" \/>\n\t<meta property=\"og:image:type\" content=\"image\/png\" \/>\n<meta name=\"twitter:card\" content=\"summary_large_image\" \/>\n<meta name=\"twitter:site\" content=\"@LawOffice_RCS\" \/>\n<meta name=\"twitter:label1\" content=\"Tiempo de lectura\" \/>\n\t<meta name=\"twitter:data1\" content=\"2 minutos\" \/>\n<script type=\"application\/ld+json\" class=\"yoast-schema-graph\">{\"@context\":\"https:\\\/\\\/schema.org\",\"@graph\":[{\"@type\":\"WebPage\",\"@id\":\"https:\\\/\\\/www.rosinalaw.com\\\/es\\\/areas-de-practica\\\/\",\"url\":\"https:\\\/\\\/www.rosinalaw.com\\\/es\\\/areas-de-practica\\\/\",\"name\":\"\u00c1reas de pr\u00e1ctica - The Law Office of Rosina Stambaugh\",\"isPartOf\":{\"@id\":\"https:\\\/\\\/www.rosinalaw.com\\\/#website\"},\"primaryImageOfPage\":{\"@id\":\"https:\\\/\\\/www.rosinalaw.com\\\/es\\\/areas-de-practica\\\/#primaryimage\"},\"image\":{\"@id\":\"https:\\\/\\\/www.rosinalaw.com\\\/es\\\/areas-de-practica\\\/#primaryimage\"},\"thumbnailUrl\":\"https:\\\/\\\/www.rosinalaw.com\\\/wp-content\\\/uploads\\\/2023\\\/06\\\/blog_fet.png\",\"datePublished\":\"2023-06-28T05:59:39+00:00\",\"dateModified\":\"2025-10-16T17:00:28+00:00\",\"description\":\"\u00c1reas de pr\u00e1ctica - %\",\"breadcrumb\":{\"@id\":\"https:\\\/\\\/www.rosinalaw.com\\\/es\\\/areas-de-practica\\\/#breadcrumb\"},\"inLanguage\":\"es\",\"potentialAction\":[{\"@type\":\"ReadAction\",\"target\":[\"https:\\\/\\\/www.rosinalaw.com\\\/es\\\/areas-de-practica\\\/\"]}]},{\"@type\":\"ImageObject\",\"inLanguage\":\"es\",\"@id\":\"https:\\\/\\\/www.rosinalaw.com\\\/es\\\/areas-de-practica\\\/#primaryimage\",\"url\":\"https:\\\/\\\/www.rosinalaw.com\\\/wp-content\\\/uploads\\\/2023\\\/06\\\/blog_fet.png\",\"contentUrl\":\"https:\\\/\\\/www.rosinalaw.com\\\/wp-content\\\/uploads\\\/2023\\\/06\\\/blog_fet.png\",\"width\":1100,\"height\":590},{\"@type\":\"BreadcrumbList\",\"@id\":\"https:\\\/\\\/www.rosinalaw.com\\\/es\\\/areas-de-practica\\\/#breadcrumb\",\"itemListElement\":[{\"@type\":\"ListItem\",\"position\":1,\"name\":\"Inicio\",\"item\":\"https:\\\/\\\/www.rosinalaw.com\\\/es\\\/inicio\\\/\"},{\"@type\":\"ListItem\",\"position\":2,\"name\":\"\u00c1reas de pr\u00e1ctica\"}]},{\"@type\":\"WebSite\",\"@id\":\"https:\\\/\\\/www.rosinalaw.com\\\/#website\",\"url\":\"https:\\\/\\\/www.rosinalaw.com\\\/\",\"name\":\"The Law Office of Rosina Stambaugh\",\"description\":\"\",\"publisher\":{\"@id\":\"https:\\\/\\\/www.rosinalaw.com\\\/#organization\"},\"potentialAction\":[{\"@type\":\"SearchAction\",\"target\":{\"@type\":\"EntryPoint\",\"urlTemplate\":\"https:\\\/\\\/www.rosinalaw.com\\\/?s={search_term_string}\"},\"query-input\":{\"@type\":\"PropertyValueSpecification\",\"valueRequired\":true,\"valueName\":\"search_term_string\"}}],\"inLanguage\":\"es\"},{\"@type\":\"Organization\",\"@id\":\"https:\\\/\\\/www.rosinalaw.com\\\/#organization\",\"name\":\"El bufete de Rosina Stambaugh\",\"url\":\"https:\\\/\\\/www.rosinalaw.com\\\/\",\"logo\":{\"@type\":\"ImageObject\",\"inLanguage\":\"es\",\"@id\":\"https:\\\/\\\/www.rosinalaw.com\\\/#\\\/schema\\\/logo\\\/image\\\/\",\"url\":\"https:\\\/\\\/www.rosinalaw.com\\\/wp-content\\\/uploads\\\/2023\\\/06\\\/logo-header.png\",\"contentUrl\":\"https:\\\/\\\/www.rosinalaw.com\\\/wp-content\\\/uploads\\\/2023\\\/06\\\/logo-header.png\",\"width\":540,\"height\":80,\"caption\":\"El bufete de Rosina Stambaugh\"},\"image\":{\"@id\":\"https:\\\/\\\/www.rosinalaw.com\\\/#\\\/schema\\\/logo\\\/image\\\/\"},\"sameAs\":[\"https:\\\/\\\/www.facebook.com\\\/rosinastambaughlaw\\\/\",\"https:\\\/\\\/x.com\\\/LawOffice_RCS\"]}]}<\/script>\n<!-- \/ Yoast SEO plugin. -->","yoast_head_json":{"title":"\u00c1reas de pr\u00e1ctica - The Law Office of Rosina Stambaugh","description":"\u00c1reas de pr\u00e1ctica - %","robots":{"index":"index","follow":"follow","max-snippet":"max-snippet:-1","max-image-preview":"max-image-preview:large","max-video-preview":"max-video-preview:-1"},"canonical":"https:\/\/www.rosinalaw.com\/es\/areas-de-practica\/","og_locale":"es_ES","og_type":"article","og_title":"\u00c1reas de pr\u00e1ctica - The Law Office of Rosina Stambaugh","og_description":"\u00c1reas de pr\u00e1ctica - %","og_url":"https:\/\/www.rosinalaw.com\/es\/areas-de-practica\/","og_site_name":"The Law Office of Rosina Stambaugh","article_publisher":"https:\/\/www.facebook.com\/rosinastambaughlaw\/","article_modified_time":"2025-10-16T17:00:28+00:00","og_image":[{"width":1100,"height":590,"url":"https:\/\/www.rosinalaw.com\/wp-content\/uploads\/2023\/06\/blog_fet.png","type":"image\/png"}],"twitter_card":"summary_large_image","twitter_site":"@LawOffice_RCS","twitter_misc":{"Tiempo de lectura":"2 minutos"},"schema":{"@context":"https:\/\/schema.org","@graph":[{"@type":"WebPage","@id":"https:\/\/www.rosinalaw.com\/es\/areas-de-practica\/","url":"https:\/\/www.rosinalaw.com\/es\/areas-de-practica\/","name":"\u00c1reas de pr\u00e1ctica - The Law Office of Rosina Stambaugh","isPartOf":{"@id":"https:\/\/www.rosinalaw.com\/#website"},"primaryImageOfPage":{"@id":"https:\/\/www.rosinalaw.com\/es\/areas-de-practica\/#primaryimage"},"image":{"@id":"https:\/\/www.rosinalaw.com\/es\/areas-de-practica\/#primaryimage"},"thumbnailUrl":"https:\/\/www.rosinalaw.com\/wp-content\/uploads\/2023\/06\/blog_fet.png","datePublished":"2023-06-28T05:59:39+00:00","dateModified":"2025-10-16T17:00:28+00:00","description":"\u00c1reas de pr\u00e1ctica - %","breadcrumb":{"@id":"https:\/\/www.rosinalaw.com\/es\/areas-de-practica\/#breadcrumb"},"inLanguage":"es","potentialAction":[{"@type":"ReadAction","target":["https:\/\/www.rosinalaw.com\/es\/areas-de-practica\/"]}]},{"@type":"ImageObject","inLanguage":"es","@id":"https:\/\/www.rosinalaw.com\/es\/areas-de-practica\/#primaryimage","url":"https:\/\/www.rosinalaw.com\/wp-content\/uploads\/2023\/06\/blog_fet.png","contentUrl":"https:\/\/www.rosinalaw.com\/wp-content\/uploads\/2023\/06\/blog_fet.png","width":1100,"height":590},{"@type":"BreadcrumbList","@id":"https:\/\/www.rosinalaw.com\/es\/areas-de-practica\/#breadcrumb","itemListElement":[{"@type":"ListItem","position":1,"name":"Inicio","item":"https:\/\/www.rosinalaw.com\/es\/inicio\/"},{"@type":"ListItem","position":2,"name":"\u00c1reas de pr\u00e1ctica"}]},{"@type":"WebSite","@id":"https:\/\/www.rosinalaw.com\/#website","url":"https:\/\/www.rosinalaw.com\/","name":"The Law Office of Rosina Stambaugh","description":"","publisher":{"@id":"https:\/\/www.rosinalaw.com\/#organization"},"potentialAction":[{"@type":"SearchAction","target":{"@type":"EntryPoint","urlTemplate":"https:\/\/www.rosinalaw.com\/?s={search_term_string}"},"query-input":{"@type":"PropertyValueSpecification","valueRequired":true,"valueName":"search_term_string"}}],"inLanguage":"es"},{"@type":"Organization","@id":"https:\/\/www.rosinalaw.com\/#organization","name":"El bufete de Rosina Stambaugh","url":"https:\/\/www.rosinalaw.com\/","logo":{"@type":"ImageObject","inLanguage":"es","@id":"https:\/\/www.rosinalaw.com\/#\/schema\/logo\/image\/","url":"https:\/\/www.rosinalaw.com\/wp-content\/uploads\/2023\/06\/logo-header.png","contentUrl":"https:\/\/www.rosinalaw.com\/wp-content\/uploads\/2023\/06\/logo-header.png","width":540,"height":80,"caption":"El bufete de Rosina Stambaugh"},"image":{"@id":"https:\/\/www.rosinalaw.com\/#\/schema\/logo\/image\/"},"sameAs":["https:\/\/www.facebook.com\/rosinastambaughlaw\/","https:\/\/x.com\/LawOffice_RCS"]}]}},"_links":{"self":[{"href":"https:\/\/www.rosinalaw.com\/es\/wp-json\/wp\/v2\/pages\/10716","targetHints":{"allow":["GET"]}}],"collection":[{"href":"https:\/\/www.rosinalaw.com\/es\/wp-json\/wp\/v2\/pages"}],"about":[{"href":"https:\/\/www.rosinalaw.com\/es\/wp-json\/wp\/v2\/types\/page"}],"author":[{"embeddable":true,"href":"https:\/\/www.rosinalaw.com\/es\/wp-json\/wp\/v2\/users\/21"}],"replies":[{"embeddable":true,"href":"https:\/\/www.rosinalaw.com\/es\/wp-json\/wp\/v2\/comments?post=10716"}],"version-history":[{"count":0,"href":"https:\/\/www.rosinalaw.com\/es\/wp-json\/wp\/v2\/pages\/10716\/revisions"}],"wp:featuredmedia":[{"embeddable":true,"href":"https:\/\/www.rosinalaw.com\/es\/wp-json\/wp\/v2\/media\/9697"}],"wp:attachment":[{"href":"https:\/\/www.rosinalaw.com\/es\/wp-json\/wp\/v2\/media?parent=10716"}],"curies":[{"name":"wp","href":"https:\/\/api.w.org\/{rel}","templated":true}]}}