{"id":10722,"date":"2023-07-21T09:21:23","date_gmt":"2023-07-21T09:21:23","guid":{"rendered":"https:\/\/rosinalaw.wpenginepowered.com\/realizar-un-pago-en-linea\/"},"modified":"2025-10-16T17:00:41","modified_gmt":"2025-10-16T17:00:41","slug":"realizar-un-pago-en-linea","status":"publish","type":"page","link":"https:\/\/www.rosinalaw.com\/es\/espanol\/realizar-un-pago-en-linea\/","title":{"rendered":"Realizar un Pago en L\u00ednea"},"content":{"rendered":"<h1>Realizar un Pago<\/span><\/h1>\n<h2>Fundada en Honestidad e Integridad<\/h2>\n<h2>Realizar un Pago en L\u00ednea<\/h2>\n<p>A\u00f1ade el nombre del cliente y el n\u00famero de factura en la l\u00ednea de descripci\u00f3n. No realices pagos para varios clientes utilizando el mismo enlace de pago. Si est\u00e1 realizando un pago por las tarifas de presentaci\u00f3n del gobierno, debe usar el enlace de pago que se le envi\u00f3 por correo electr\u00f3nico.<br \/>\n<a class=\"btn btn-primary view-side-btn mt-4\" href=\"https:\/\/app.clio.com\/link\/2pZNJHvyqPEe\" target=\"\u201d_blank\u201d\" rel=\"noopener\">Haz Un Pago<\/a><\/p>\n","protected":false},"excerpt":{"rendered":"<p>Realizar un Pago Fundada en Honestidad e Integridad Realizar un Pago en L\u00ednea A\u00f1ade el nombre del cliente y el n\u00famero de factura en la l\u00ednea de descripci\u00f3n. No realices pagos para varios clientes utilizando el mismo enlace de pago. Si est\u00e1 realizando un pago por las tarifas de presentaci\u00f3n del gobierno, debe usar el [&hellip;]<\/p>\n","protected":false},"author":27,"featured_media":9697,"parent":10747,"menu_order":0,"comment_status":"closed","ping_status":"closed","template":"","meta":{"_acf_changed":false,"site-sidebar-layout":"default","site-content-layout":"default","ast-site-content-layout":"default","site-content-style":"default","site-sidebar-style":"default","ast-global-header-display":"","ast-banner-title-visibility":"","ast-main-header-display":"","ast-hfb-above-header-display":"","ast-hfb-below-header-display":"","ast-hfb-mobile-header-display":"","site-post-title":"","ast-breadcrumbs-content":"","ast-featured-img":"","footer-sml-layout":"","ast-disable-related-posts":"","theme-transparent-header-meta":"default","adv-header-id-meta":"","stick-header-meta":"","header-above-stick-meta":"","header-main-stick-meta":"","header-below-stick-meta":"","astra-migrate-meta-layouts":"default","ast-page-background-enabled":"default","ast-page-background-meta":{"desktop":{"background-color":"var(--ast-global-color-4)","background-image":"","background-repeat":"repeat","background-position":"center center","background-size":"auto","background-attachment":"scroll","background-type":"","background-media":"","overlay-type":"","overlay-color":"","overlay-opacity":"","overlay-gradient":""},"tablet":{"background-color":"","background-image":"","background-repeat":"repeat","background-position":"center center","background-size":"auto","background-attachment":"scroll","background-type":"","background-media":"","overlay-type":"","overlay-color":"","overlay-opacity":"","overlay-gradient":""},"mobile":{"background-color":"","background-image":"","background-repeat":"repeat","background-position":"center center","background-size":"auto","background-attachment":"scroll","background-type":"","background-media":"","overlay-type":"","overlay-color":"","overlay-opacity":"","overlay-gradient":""}},"ast-content-background-meta":{"desktop":{"background-color":"var(--ast-global-color-5)","background-image":"","background-repeat":"repeat","background-position":"center center","background-size":"auto","background-attachment":"scroll","background-type":"","background-media":"","overlay-type":"","overlay-color":"","overlay-opacity":"","overlay-gradient":""},"tablet":{"background-color":"var(--ast-global-color-5)","background-image":"","background-repeat":"repeat","background-position":"center center","background-size":"auto","background-attachment":"scroll","background-type":"","background-media":"","overlay-type":"","overlay-color":"","overlay-opacity":"","overlay-gradient":""},"mobile":{"background-color":"var(--ast-global-color-5)","background-image":"","background-repeat":"repeat","background-position":"center center","background-size":"auto","background-attachment":"scroll","background-type":"","background-media":"","overlay-type":"","overlay-color":"","overlay-opacity":"","overlay-gradient":""}},"footnotes":""},"class_list":["post-10722","page","type-page","status-publish","has-post-thumbnail","hentry"],"acf":[],"yoast_head":"<!-- This site is optimized with the Yoast SEO plugin v27.3 - https:\/\/yoast.com\/product\/yoast-seo-wordpress\/ -->\n<title>Realizar un pago | El bufete de Rosina C. Stambaugh<\/title>\n<meta name=\"description\" content=\"Realizar un pago. El Despacho Jur\u00eddico de Rosina C. Stambaugh puede proporcionarte a\u00f1os de experiencia en leyes de inmigraci\u00f3n. \u00a1Llama hoy mismo!\" \/>\n<meta name=\"robots\" content=\"index, follow, max-snippet:-1, max-image-preview:large, max-video-preview:-1\" \/>\n<link rel=\"canonical\" href=\"https:\/\/www.rosinalaw.com\/es\/espanol\/realizar-un-pago-en-linea\/\" \/>\n<meta property=\"og:locale\" content=\"es_ES\" \/>\n<meta property=\"og:type\" content=\"article\" \/>\n<meta property=\"og:title\" content=\"Realizar un pago | El bufete de Rosina C. Stambaugh\" \/>\n<meta property=\"og:description\" content=\"Realizar un pago. El Despacho Jur\u00eddico de Rosina C. Stambaugh puede proporcionarte a\u00f1os de experiencia en leyes de inmigraci\u00f3n. \u00a1Llama hoy mismo!\" \/>\n<meta property=\"og:url\" content=\"https:\/\/www.rosinalaw.com\/es\/espanol\/realizar-un-pago-en-linea\/\" \/>\n<meta property=\"og:site_name\" content=\"The Law Office of Rosina Stambaugh\" \/>\n<meta property=\"article:publisher\" content=\"https:\/\/www.facebook.com\/rosinastambaughlaw\/\" \/>\n<meta property=\"article:modified_time\" content=\"2025-10-16T17:00:41+00:00\" \/>\n<meta property=\"og:image\" content=\"https:\/\/www.rosinalaw.com\/wp-content\/uploads\/2023\/06\/blog_fet.png\" \/>\n\t<meta property=\"og:image:width\" content=\"1100\" \/>\n\t<meta property=\"og:image:height\" content=\"590\" \/>\n\t<meta property=\"og:image:type\" content=\"image\/png\" \/>\n<meta name=\"twitter:card\" content=\"summary_large_image\" \/>\n<meta name=\"twitter:site\" content=\"@LawOffice_RCS\" \/>\n<script type=\"application\/ld+json\" class=\"yoast-schema-graph\">{\"@context\":\"https:\\\/\\\/schema.org\",\"@graph\":[{\"@type\":\"WebPage\",\"@id\":\"https:\\\/\\\/www.rosinalaw.com\\\/es\\\/espanol\\\/realizar-un-pago-en-linea\\\/\",\"url\":\"https:\\\/\\\/www.rosinalaw.com\\\/es\\\/espanol\\\/realizar-un-pago-en-linea\\\/\",\"name\":\"Realizar un pago | El bufete de Rosina C. Stambaugh\",\"isPartOf\":{\"@id\":\"https:\\\/\\\/www.rosinalaw.com\\\/#website\"},\"primaryImageOfPage\":{\"@id\":\"https:\\\/\\\/www.rosinalaw.com\\\/es\\\/espanol\\\/realizar-un-pago-en-linea\\\/#primaryimage\"},\"image\":{\"@id\":\"https:\\\/\\\/www.rosinalaw.com\\\/es\\\/espanol\\\/realizar-un-pago-en-linea\\\/#primaryimage\"},\"thumbnailUrl\":\"https:\\\/\\\/www.rosinalaw.com\\\/wp-content\\\/uploads\\\/2023\\\/06\\\/blog_fet.png\",\"datePublished\":\"2023-07-21T09:21:23+00:00\",\"dateModified\":\"2025-10-16T17:00:41+00:00\",\"description\":\"Realizar un pago. El Despacho Jur\u00eddico de Rosina C. Stambaugh puede proporcionarte a\u00f1os de experiencia en leyes de inmigraci\u00f3n. \u00a1Llama hoy mismo!\",\"breadcrumb\":{\"@id\":\"https:\\\/\\\/www.rosinalaw.com\\\/es\\\/espanol\\\/realizar-un-pago-en-linea\\\/#breadcrumb\"},\"inLanguage\":\"es\",\"potentialAction\":[{\"@type\":\"ReadAction\",\"target\":[\"https:\\\/\\\/www.rosinalaw.com\\\/es\\\/espanol\\\/realizar-un-pago-en-linea\\\/\"]}]},{\"@type\":\"ImageObject\",\"inLanguage\":\"es\",\"@id\":\"https:\\\/\\\/www.rosinalaw.com\\\/es\\\/espanol\\\/realizar-un-pago-en-linea\\\/#primaryimage\",\"url\":\"https:\\\/\\\/www.rosinalaw.com\\\/wp-content\\\/uploads\\\/2023\\\/06\\\/blog_fet.png\",\"contentUrl\":\"https:\\\/\\\/www.rosinalaw.com\\\/wp-content\\\/uploads\\\/2023\\\/06\\\/blog_fet.png\",\"width\":1100,\"height\":590},{\"@type\":\"BreadcrumbList\",\"@id\":\"https:\\\/\\\/www.rosinalaw.com\\\/es\\\/espanol\\\/realizar-un-pago-en-linea\\\/#breadcrumb\",\"itemListElement\":[{\"@type\":\"ListItem\",\"position\":1,\"name\":\"Inicio\",\"item\":\"https:\\\/\\\/www.rosinalaw.com\\\/es\\\/inicio\\\/\"},{\"@type\":\"ListItem\",\"position\":2,\"name\":\"Espa\u00f1ol\",\"item\":\"https:\\\/\\\/www.rosinalaw.com\\\/es\\\/espanol\\\/\"},{\"@type\":\"ListItem\",\"position\":3,\"name\":\"Realizar un Pago en L\u00ednea\"}]},{\"@type\":\"WebSite\",\"@id\":\"https:\\\/\\\/www.rosinalaw.com\\\/#website\",\"url\":\"https:\\\/\\\/www.rosinalaw.com\\\/\",\"name\":\"The Law Office of Rosina Stambaugh\",\"description\":\"\",\"publisher\":{\"@id\":\"https:\\\/\\\/www.rosinalaw.com\\\/#organization\"},\"potentialAction\":[{\"@type\":\"SearchAction\",\"target\":{\"@type\":\"EntryPoint\",\"urlTemplate\":\"https:\\\/\\\/www.rosinalaw.com\\\/?s={search_term_string}\"},\"query-input\":{\"@type\":\"PropertyValueSpecification\",\"valueRequired\":true,\"valueName\":\"search_term_string\"}}],\"inLanguage\":\"es\"},{\"@type\":\"Organization\",\"@id\":\"https:\\\/\\\/www.rosinalaw.com\\\/#organization\",\"name\":\"El bufete de Rosina Stambaugh\",\"url\":\"https:\\\/\\\/www.rosinalaw.com\\\/\",\"logo\":{\"@type\":\"ImageObject\",\"inLanguage\":\"es\",\"@id\":\"https:\\\/\\\/www.rosinalaw.com\\\/#\\\/schema\\\/logo\\\/image\\\/\",\"url\":\"https:\\\/\\\/www.rosinalaw.com\\\/wp-content\\\/uploads\\\/2023\\\/06\\\/logo-header.png\",\"contentUrl\":\"https:\\\/\\\/www.rosinalaw.com\\\/wp-content\\\/uploads\\\/2023\\\/06\\\/logo-header.png\",\"width\":540,\"height\":80,\"caption\":\"El bufete de Rosina Stambaugh\"},\"image\":{\"@id\":\"https:\\\/\\\/www.rosinalaw.com\\\/#\\\/schema\\\/logo\\\/image\\\/\"},\"sameAs\":[\"https:\\\/\\\/www.facebook.com\\\/rosinastambaughlaw\\\/\",\"https:\\\/\\\/x.com\\\/LawOffice_RCS\"]}]}<\/script>\n<!-- \/ Yoast SEO plugin. -->","yoast_head_json":{"title":"Realizar un pago | El bufete de Rosina C. Stambaugh","description":"Realizar un pago. El Despacho Jur\u00eddico de Rosina C. Stambaugh puede proporcionarte a\u00f1os de experiencia en leyes de inmigraci\u00f3n. \u00a1Llama hoy mismo!","robots":{"index":"index","follow":"follow","max-snippet":"max-snippet:-1","max-image-preview":"max-image-preview:large","max-video-preview":"max-video-preview:-1"},"canonical":"https:\/\/www.rosinalaw.com\/es\/espanol\/realizar-un-pago-en-linea\/","og_locale":"es_ES","og_type":"article","og_title":"Realizar un pago | El bufete de Rosina C. Stambaugh","og_description":"Realizar un pago. El Despacho Jur\u00eddico de Rosina C. Stambaugh puede proporcionarte a\u00f1os de experiencia en leyes de inmigraci\u00f3n. \u00a1Llama hoy mismo!","og_url":"https:\/\/www.rosinalaw.com\/es\/espanol\/realizar-un-pago-en-linea\/","og_site_name":"The Law Office of Rosina Stambaugh","article_publisher":"https:\/\/www.facebook.com\/rosinastambaughlaw\/","article_modified_time":"2025-10-16T17:00:41+00:00","og_image":[{"width":1100,"height":590,"url":"https:\/\/www.rosinalaw.com\/wp-content\/uploads\/2023\/06\/blog_fet.png","type":"image\/png"}],"twitter_card":"summary_large_image","twitter_site":"@LawOffice_RCS","schema":{"@context":"https:\/\/schema.org","@graph":[{"@type":"WebPage","@id":"https:\/\/www.rosinalaw.com\/es\/espanol\/realizar-un-pago-en-linea\/","url":"https:\/\/www.rosinalaw.com\/es\/espanol\/realizar-un-pago-en-linea\/","name":"Realizar un pago | El bufete de Rosina C. Stambaugh","isPartOf":{"@id":"https:\/\/www.rosinalaw.com\/#website"},"primaryImageOfPage":{"@id":"https:\/\/www.rosinalaw.com\/es\/espanol\/realizar-un-pago-en-linea\/#primaryimage"},"image":{"@id":"https:\/\/www.rosinalaw.com\/es\/espanol\/realizar-un-pago-en-linea\/#primaryimage"},"thumbnailUrl":"https:\/\/www.rosinalaw.com\/wp-content\/uploads\/2023\/06\/blog_fet.png","datePublished":"2023-07-21T09:21:23+00:00","dateModified":"2025-10-16T17:00:41+00:00","description":"Realizar un pago. El Despacho Jur\u00eddico de Rosina C. Stambaugh puede proporcionarte a\u00f1os de experiencia en leyes de inmigraci\u00f3n. \u00a1Llama hoy mismo!","breadcrumb":{"@id":"https:\/\/www.rosinalaw.com\/es\/espanol\/realizar-un-pago-en-linea\/#breadcrumb"},"inLanguage":"es","potentialAction":[{"@type":"ReadAction","target":["https:\/\/www.rosinalaw.com\/es\/espanol\/realizar-un-pago-en-linea\/"]}]},{"@type":"ImageObject","inLanguage":"es","@id":"https:\/\/www.rosinalaw.com\/es\/espanol\/realizar-un-pago-en-linea\/#primaryimage","url":"https:\/\/www.rosinalaw.com\/wp-content\/uploads\/2023\/06\/blog_fet.png","contentUrl":"https:\/\/www.rosinalaw.com\/wp-content\/uploads\/2023\/06\/blog_fet.png","width":1100,"height":590},{"@type":"BreadcrumbList","@id":"https:\/\/www.rosinalaw.com\/es\/espanol\/realizar-un-pago-en-linea\/#breadcrumb","itemListElement":[{"@type":"ListItem","position":1,"name":"Inicio","item":"https:\/\/www.rosinalaw.com\/es\/inicio\/"},{"@type":"ListItem","position":2,"name":"Espa\u00f1ol","item":"https:\/\/www.rosinalaw.com\/es\/espanol\/"},{"@type":"ListItem","position":3,"name":"Realizar un Pago en L\u00ednea"}]},{"@type":"WebSite","@id":"https:\/\/www.rosinalaw.com\/#website","url":"https:\/\/www.rosinalaw.com\/","name":"The Law Office of Rosina Stambaugh","description":"","publisher":{"@id":"https:\/\/www.rosinalaw.com\/#organization"},"potentialAction":[{"@type":"SearchAction","target":{"@type":"EntryPoint","urlTemplate":"https:\/\/www.rosinalaw.com\/?s={search_term_string}"},"query-input":{"@type":"PropertyValueSpecification","valueRequired":true,"valueName":"search_term_string"}}],"inLanguage":"es"},{"@type":"Organization","@id":"https:\/\/www.rosinalaw.com\/#organization","name":"El bufete de Rosina Stambaugh","url":"https:\/\/www.rosinalaw.com\/","logo":{"@type":"ImageObject","inLanguage":"es","@id":"https:\/\/www.rosinalaw.com\/#\/schema\/logo\/image\/","url":"https:\/\/www.rosinalaw.com\/wp-content\/uploads\/2023\/06\/logo-header.png","contentUrl":"https:\/\/www.rosinalaw.com\/wp-content\/uploads\/2023\/06\/logo-header.png","width":540,"height":80,"caption":"El bufete de Rosina Stambaugh"},"image":{"@id":"https:\/\/www.rosinalaw.com\/#\/schema\/logo\/image\/"},"sameAs":["https:\/\/www.facebook.com\/rosinastambaughlaw\/","https:\/\/x.com\/LawOffice_RCS"]}]}},"_links":{"self":[{"href":"https:\/\/www.rosinalaw.com\/es\/wp-json\/wp\/v2\/pages\/10722","targetHints":{"allow":["GET"]}}],"collection":[{"href":"https:\/\/www.rosinalaw.com\/es\/wp-json\/wp\/v2\/pages"}],"about":[{"href":"https:\/\/www.rosinalaw.com\/es\/wp-json\/wp\/v2\/types\/page"}],"author":[{"embeddable":true,"href":"https:\/\/www.rosinalaw.com\/es\/wp-json\/wp\/v2\/users\/27"}],"replies":[{"embeddable":true,"href":"https:\/\/www.rosinalaw.com\/es\/wp-json\/wp\/v2\/comments?post=10722"}],"version-history":[{"count":0,"href":"https:\/\/www.rosinalaw.com\/es\/wp-json\/wp\/v2\/pages\/10722\/revisions"}],"up":[{"embeddable":true,"href":"https:\/\/www.rosinalaw.com\/es\/wp-json\/wp\/v2\/pages\/10747"}],"wp:featuredmedia":[{"embeddable":true,"href":"https:\/\/www.rosinalaw.com\/es\/wp-json\/wp\/v2\/media\/9697"}],"wp:attachment":[{"href":"https:\/\/www.rosinalaw.com\/es\/wp-json\/wp\/v2\/media?parent=10722"}],"curies":[{"name":"wp","href":"https:\/\/api.w.org\/{rel}","templated":true}]}}