{"id":10734,"date":"2023-06-20T10:59:58","date_gmt":"2023-06-20T10:59:58","guid":{"rendered":"https:\/\/rosinalaw.wpenginepowered.com\/defensa-contra-la-deportacion\/suspension-de-la-expulsion\/"},"modified":"2025-10-16T17:00:21","modified_gmt":"2025-10-16T17:00:21","slug":"suspension-de-la-expulsion","status":"publish","type":"page","link":"https:\/\/www.rosinalaw.com\/es\/defensa-contra-la-deportacion\/suspension-de-la-expulsion\/","title":{"rendered":"Suspensi\u00f3n de la expulsi\u00f3n"},"content":{"rendered":"\n<h1 class=\"wp-block-heading\">Suspensi\u00f3n de la expulsi\u00f3n<\/h1>\n\n<figure class=\"wp-block-embed is-type-video is-provider-youtube wp-block-embed-youtube wp-embed-aspect-16-9 wp-has-aspect-ratio\"><div class=\"wp-block-embed__wrapper\">\n<iframe loading=\"lazy\" title=\"The Law Office of Rosina Stambaugh - Immigration Law Firm in Pennsylvania\" width=\"500\" height=\"281\" src=\"https:\/\/www.youtube.com\/embed\/Wa8c6I6qjI4?feature=oembed\" frameborder=\"0\" allow=\"accelerometer; autoplay; clipboard-write; encrypted-media; gyroscope; picture-in-picture; web-share\" referrerpolicy=\"strict-origin-when-cross-origin\" allowfullscreen><\/iframe>\n<\/div><\/figure>\n\n<h3 class=\"wp-block-heading\">Llama a <strong><a href=\"tel:717-900-1818\">717-900-1818<\/a><\/strong> para obtener asesoramiento jur\u00eddico experimentado en Pensilvania<\/h3>\n\n<p>Si eres un inmigrante con una orden de expulsi\u00f3n anterior, aunque no puedas reabrir tu caso, a\u00fan puedes tener esperanzas de detener temporalmente tu expulsi\u00f3n de Estados Unidos. Si actualmente te encuentras en esta situaci\u00f3n, puedes presentar una \u00absuspensi\u00f3n de la expulsi\u00f3n\u00bb ante la Oficina <g id=\"gid_0\">de Operaciones de Ejecuci\u00f3n y Expulsi\u00f3n<\/g> (ERO) o la oficina de deportaci\u00f3n. La suspensi\u00f3n de la expulsi\u00f3n debe estar bien documentada, y es importante contar con un abogado experimentado durante todo el proceso.  <\/p>\n\n<p><strong>Una suspensi\u00f3n de expulsi\u00f3n hace lo siguiente:<\/strong><\/p>\n\n<ul class=\"wp-block-list\">\n<li>Evita que un ciudadano extranjero sea expulsado por el Servicio de Inmigraci\u00f3n y Control de Aduanas (ICE)<\/li>\n\n\n\n<li>S\u00f3lo lo concede un juez de inmigraci\u00f3n, la Junta de Apelaciones de Inmigraci\u00f3n (BIA), el Departamento de Seguridad Nacional (DHS) o un tribunal federal<\/li>\n\n\n\n<li>Se concede cuando se presentan peticiones de reapertura o reconsideraci\u00f3n<\/li>\n\n\n\n<li>Se concede cuando se recurre una orden de expulsi\u00f3n ante la BIA y se prorroga durante el resto del proceso de recurso<\/li>\n\n\n\n<li>Solicitada por extranjeros a los que se ha ordenado salir del pa\u00eds<\/li>\n<\/ul>\n\n<p>Si te han ordenado salir de Estados Unidos, <a href=\"\/\">el bufete de Rosina C. Stambaugh<\/a> est\u00e1 preparado para luchar por ti. Nuestra abogada de inmigraci\u00f3n de York conoce a fondo la ley federal de inmigraci\u00f3n para ayudarte a navegar por las complejidades del sistema legal. <\/p>\n\n<!-- Key Takeaways (neutral styles, no icon) -->\n<style>\n  .jd-kp-box {\n    background: #f7f7f7;          \/* neutral light gray *\/\n    border: 1px solid #e6e6e6;    \/* subtle border *\/\n    border-radius: 12px;\n    padding: 18px 20px;\n    margin: 1rem 0;\n    font-family: system-ui,-apple-system,\"Segoe UI\",Roboto,Arial,sans-serif;\n    color: #222;\n  }\n  .jd-kp-box h3 {\n    margin: 0 0 10px;\n    font-weight: 800;\n    text-transform: uppercase;\n    letter-spacing: .03em;\n    font-size: .95rem;\n  }\n  .jd-kp-box ul {\n    margin: 0;\n    padding-left: 1.15rem;\n    list-style: disc;\n  }\n  .jd-kp-box li {\n    margin: .55rem 0;\n    line-height: 1.55;\n  }\n  .jd-kp-box li strong { font-weight: 800; }\n<\/style>\n\n<div class=\"jd-kp-box\" role=\"note\" aria-label=\"Key Takeaways\">\n  <h3>Puntos clave<\/h3>\n  <ul>\n    <li><strong>Qu\u00e9 hace una suspensi\u00f3n:<\/strong> Una suspensi\u00f3n de la expulsi\u00f3n es una suspensi\u00f3n temporal de la deportaci\u00f3n que impide al ICE llevar a cabo la expulsi\u00f3n; no concede un estatus legal permanente. Puede ser dictada por un juez de inmigraci\u00f3n, la BIA, el DHS o un tribunal federal, y suele estar disponible mientras est\u00e1 pendiente una moci\u00f3n de reapertura\/reconsideraci\u00f3n o una apelaci\u00f3n. <\/li>\n    <li><strong>Qui\u00e9n puede solicitarla:<\/strong> Las personas con \u00f3rdenes de expulsi\u00f3n previas pueden solicitar una suspensi\u00f3n, aunque el caso no pueda reabrirse. Pueden solicitarla las personas detenidas y las puestas en libertad con una \u00aborden de supervisi\u00f3n\u00bb, y las que se presentan bajo supervisi\u00f3n suelen tener m\u00e1s posibilidades porque la ERO ha considerado el caso de baja prioridad. <\/li>\n    <li><strong>C\u00f3mo solicitarlo:<\/strong> Presenta el Formulario I-246 en tu oficina local de la ERO (incluye un pasaporte v\u00e1lido si la ERO no tiene el original en sus archivos). Apoya tu solicitud con pruebas como un certificado de nacimiento traducido; licencia de matrimonio y certificados de nacimiento de los hijos; pruebas de la situaci\u00f3n legal de los miembros de la familia; historiales m\u00e9dicos y escolares; cartas de buena conducta moral; documentaci\u00f3n sobre las condiciones del pa\u00eds; pruebas de tu entrada; y cualquier documentaci\u00f3n sobre antecedentes penales. <\/li>\n  <\/ul>\n<\/div>\n\n\n<h2 class=\"wp-block-heading\">\u00bfQu\u00e9 es una orden de suspensi\u00f3n de expulsi\u00f3n?<\/h2>\n\n<p>La suspensi\u00f3n de la expulsi\u00f3n se refiere a la suspensi\u00f3n o aplazamiento temporal de los procedimientos de deportaci\u00f3n o expulsi\u00f3n contra una persona. Suele ser concedida por las autoridades de inmigraci\u00f3n o por un tribunal y permite al individuo permanecer en el pa\u00eds durante un periodo de tiempo determinado. Las suspensiones de expulsi\u00f3n se conceden a menudo por varias razones, como recursos legales pendientes, cuestiones humanitarias o para permitir a las personas interponer otros recursos legales. La concesi\u00f3n de una suspensi\u00f3n de la expulsi\u00f3n no suele proporcionar un estatus legal permanente, sino que ofrece un aplazamiento temporal de la deportaci\u00f3n.   <\/p>\n\n<script defer=\"defer\" async=\"\" src=\"https:\/\/cdn.trustindex.io\/loader.js?4cae76431a0202971e16c5d0b15\"><\/script>\n\n\n      <div class=\"internal-cta-form-wrapper\">\n        <span class=\"title\">  \u00bfTe enfrentas a la deportaci\u00f3n y necesitas una suspensi\u00f3n de la expulsi\u00f3n? Nuestros experimentados abogados se dedican a proteger tus derechos y a mantener unida a tu familia con estrategias legales a medida. Ponte en contacto con nosotros hoy mismo para obtener una representaci\u00f3n compasiva y eficaz que asegure tu futuro.<\/span>\n        <a href=\"https:\/\/www.rosinalaw.com\/contact-us\/\" class=\"button button-style-two\">Schedule a Consultation<\/a>\n      <\/div>\n    \n\n<h2 class=\"wp-block-heading\">El proceso para solicitar la suspensi\u00f3n de la expulsi\u00f3n<\/h2>\n\n<p>La suspensi\u00f3n de la expulsi\u00f3n est\u00e1 disponible para los inmigrantes que est\u00e1n actualmente detenidos, as\u00ed como para los que fueron puestos en libertad con una \u00aborden de supervisi\u00f3n\u00bb. Los que se presentan con una orden de supervisi\u00f3n tienen m\u00e1s posibilidades de que se les conceda una suspensi\u00f3n de la expulsi\u00f3n, puesto que la ERO ya ha determinado que su caso es de baja prioridad. <\/p>\n\n<p>La solicitud de suspensi\u00f3n de expulsi\u00f3n se presenta en la oficina local de la ERO. T\u00fa o tu abogado ten\u00e9is que rellenar el formulario I-246. Si la ERO no tiene archivado tu pasaporte original, tienes que presentar la solicitud con tu pasaporte v\u00e1lido.  <\/p>\n\n<p><strong>La solicitud de suspensi\u00f3n de expulsi\u00f3n debe incluir los siguientes documentos de identificaci\u00f3n:<\/strong><\/p>\n\n<ul class=\"wp-block-list\">\n<li>Certificado de nacimiento traducido<\/li>\n\n\n\n<li>Tu licencia de matrimonio y los certificados de nacimiento de los hijos<\/li>\n\n\n\n<li>Prueba de la situaci\u00f3n legal de los miembros de la familia<\/li>\n\n\n\n<li>Documentaci\u00f3n de enfermedad m\u00e9dica<\/li>\n\n\n\n<li>Registros escolares<\/li>\n\n\n\n<li>Cartas de buena conducta moral de miembros de la comunidad<\/li>\n\n\n\n<li>Documentaci\u00f3n sobre las condiciones en tu pa\u00eds de origen<\/li>\n\n\n\n<li>Documentaci\u00f3n de tu inscripci\u00f3n<\/li>\n\n\n\n<li>Documentaci\u00f3n de tus antecedentes penales<\/li>\n<\/ul>\n\n<h2 class=\"wp-block-heading\"><b>Asegura tu estancia en EE.UU. &#8211; Consigue ayuda legal experta ahora<\/b><\/h2>\n\n<p><a href=\"https:\/\/www.rosinalaw.com\/es\/quienes-somos\/rosina-c-stambaugh-esq\/\">Nuestro abogado de inmigraci\u00f3n<\/a> revisar\u00e1 tu caso y determinar\u00e1 todas las opciones legales disponibles, adem\u00e1s de la suspensi\u00f3n de la expulsi\u00f3n. Si no hay otras opciones y has cumplido todos los requisitos de tu caso, prepararemos la solicitud de suspensi\u00f3n de expulsi\u00f3n, reuniremos las pruebas necesarias y acudiremos contigo a la cita en la ERO para presentar la suspensi\u00f3n en persona. Estaremos en constante comunicaci\u00f3n con la ERO en relaci\u00f3n con tu caso.  <\/p>\n\n<p><b><a href=\"https:\/\/www.rosinalaw.com\/es\/contacte-con-nosotros\/\">Ponte en contacto con nosotros<\/a> <\/b><strong>y programa tu consulta inicial hoy mismo.<\/strong><\/p>\n\n<iframe src=\"https:\/\/www.google.com\/maps\/embed?pb=!1m14!1m8!1m3!1d12232.518891007176!2d-76.66135!3d39.9608523!3m2!1i1024!2i768!4f13.1!3m3!1m2!1s0x89c88eef4b922757%3A0x90f00e9a7acacb4!2sThe%20Law%20Office%20of%20Rosina%20C.%20Stambaugh%20%7C%20La%20Abogada%20Rosina%20Stambaugh!5e0!3m2!1sen!2sin!4v1721135444387!5m2!1sen!2sin\" width=\"600\" height=\"450\" style=\"border:0;\" allowfullscreen=\"\" loading=\"lazy\" referrerpolicy=\"no-referrer-when-downgrade\"><\/iframe>\n","protected":false},"excerpt":{"rendered":"<p>Suspensi\u00f3n de la expulsi\u00f3n Llama a 717-900-1818 para obtener asesoramiento jur\u00eddico experimentado en Pensilvania Si eres un inmigrante con una orden de expulsi\u00f3n anterior, aunque no puedas reabrir tu caso, a\u00fan puedes tener esperanzas de detener temporalmente tu expulsi\u00f3n de Estados Unidos. Si actualmente te encuentras en esta situaci\u00f3n, puedes presentar una \u00absuspensi\u00f3n de la [&hellip;]<\/p>\n","protected":false},"author":27,"featured_media":9697,"parent":10719,"menu_order":0,"comment_status":"closed","ping_status":"closed","template":"","meta":{"_acf_changed":false,"site-sidebar-layout":"default","site-content-layout":"default","ast-site-content-layout":"default","site-content-style":"default","site-sidebar-style":"default","ast-global-header-display":"","ast-banner-title-visibility":"","ast-main-header-display":"","ast-hfb-above-header-display":"","ast-hfb-below-header-display":"","ast-hfb-mobile-header-display":"","site-post-title":"","ast-breadcrumbs-content":"","ast-featured-img":"","footer-sml-layout":"","ast-disable-related-posts":"","theme-transparent-header-meta":"default","adv-header-id-meta":"","stick-header-meta":"","header-above-stick-meta":"","header-main-stick-meta":"","header-below-stick-meta":"","astra-migrate-meta-layouts":"set","ast-page-background-enabled":"default","ast-page-background-meta":{"desktop":{"background-color":"var(--ast-global-color-4)","background-image":"","background-repeat":"repeat","background-position":"center center","background-size":"auto","background-attachment":"scroll","background-type":"","background-media":"","overlay-type":"","overlay-color":"","overlay-opacity":"","overlay-gradient":""},"tablet":{"background-color":"","background-image":"","background-repeat":"repeat","background-position":"center center","background-size":"auto","background-attachment":"scroll","background-type":"","background-media":"","overlay-type":"","overlay-color":"","overlay-opacity":"","overlay-gradient":""},"mobile":{"background-color":"","background-image":"","background-repeat":"repeat","background-position":"center center","background-size":"auto","background-attachment":"scroll","background-type":"","background-media":"","overlay-type":"","overlay-color":"","overlay-opacity":"","overlay-gradient":""}},"ast-content-background-meta":{"desktop":{"background-color":"var(--ast-global-color-5)","background-image":"","background-repeat":"repeat","background-position":"center center","background-size":"auto","background-attachment":"scroll","background-type":"","background-media":"","overlay-type":"","overlay-color":"","overlay-opacity":"","overlay-gradient":""},"tablet":{"background-color":"var(--ast-global-color-5)","background-image":"","background-repeat":"repeat","background-position":"center center","background-size":"auto","background-attachment":"scroll","background-type":"","background-media":"","overlay-type":"","overlay-color":"","overlay-opacity":"","overlay-gradient":""},"mobile":{"background-color":"var(--ast-global-color-5)","background-image":"","background-repeat":"repeat","background-position":"center center","background-size":"auto","background-attachment":"scroll","background-type":"","background-media":"","overlay-type":"","overlay-color":"","overlay-opacity":"","overlay-gradient":""}},"footnotes":""},"class_list":["post-10734","page","type-page","status-publish","has-post-thumbnail","hentry"],"acf":[],"yoast_head":"<!-- This site is optimized with the Yoast SEO plugin v27.5 - https:\/\/yoast.com\/product\/yoast-seo-wordpress\/ -->\n<title>Suspensi\u00f3n de la expulsi\u00f3n | Entender el proceso de suspensi\u00f3n de la expulsi\u00f3n | Rosina Stambaugh<\/title>\n<meta name=\"description\" content=\"La suspensi\u00f3n de la expulsi\u00f3n se refiere a la paralizaci\u00f3n o aplazamiento temporal de los procedimientos de deportaci\u00f3n o expulsi\u00f3n contra una persona.\" \/>\n<meta name=\"robots\" content=\"index, follow, max-snippet:-1, max-image-preview:large, max-video-preview:-1\" \/>\n<link rel=\"canonical\" href=\"https:\/\/www.rosinalaw.com\/es\/defensa-contra-la-deportacion\/suspension-de-la-expulsion\/\" \/>\n<meta property=\"og:locale\" content=\"es_ES\" \/>\n<meta property=\"og:type\" content=\"article\" \/>\n<meta property=\"og:title\" content=\"Suspensi\u00f3n de la expulsi\u00f3n | Entender el proceso de suspensi\u00f3n de la expulsi\u00f3n | Rosina Stambaugh\" \/>\n<meta property=\"og:description\" content=\"La suspensi\u00f3n de la expulsi\u00f3n se refiere a la paralizaci\u00f3n o aplazamiento temporal de los procedimientos de deportaci\u00f3n o expulsi\u00f3n contra una persona.\" \/>\n<meta property=\"og:url\" content=\"https:\/\/www.rosinalaw.com\/es\/defensa-contra-la-deportacion\/suspension-de-la-expulsion\/\" \/>\n<meta property=\"og:site_name\" content=\"The Law Office of Rosina Stambaugh\" \/>\n<meta property=\"article:publisher\" content=\"https:\/\/www.facebook.com\/rosinastambaughlaw\/\" \/>\n<meta property=\"article:modified_time\" content=\"2025-10-16T17:00:21+00:00\" \/>\n<meta property=\"og:image\" content=\"https:\/\/www.rosinalaw.com\/wp-content\/uploads\/2023\/06\/blog_fet.png\" \/>\n\t<meta property=\"og:image:width\" content=\"1100\" \/>\n\t<meta property=\"og:image:height\" content=\"590\" \/>\n\t<meta property=\"og:image:type\" content=\"image\/png\" \/>\n<meta name=\"twitter:card\" content=\"summary_large_image\" \/>\n<meta name=\"twitter:site\" content=\"@LawOffice_RCS\" \/>\n<meta name=\"twitter:label1\" content=\"Tiempo de lectura\" \/>\n\t<meta name=\"twitter:data1\" content=\"3 minutos\" \/>\n<script type=\"application\/ld+json\" class=\"yoast-schema-graph\">{\"@context\":\"https:\\\/\\\/schema.org\",\"@graph\":[{\"@type\":\"WebPage\",\"@id\":\"https:\\\/\\\/www.rosinalaw.com\\\/es\\\/defensa-contra-la-deportacion\\\/suspension-de-la-expulsion\\\/\",\"url\":\"https:\\\/\\\/www.rosinalaw.com\\\/es\\\/defensa-contra-la-deportacion\\\/suspension-de-la-expulsion\\\/\",\"name\":\"Suspensi\u00f3n de la expulsi\u00f3n | Entender el proceso de suspensi\u00f3n de la expulsi\u00f3n | Rosina Stambaugh\",\"isPartOf\":{\"@id\":\"https:\\\/\\\/www.rosinalaw.com\\\/#website\"},\"primaryImageOfPage\":{\"@id\":\"https:\\\/\\\/www.rosinalaw.com\\\/es\\\/defensa-contra-la-deportacion\\\/suspension-de-la-expulsion\\\/#primaryimage\"},\"image\":{\"@id\":\"https:\\\/\\\/www.rosinalaw.com\\\/es\\\/defensa-contra-la-deportacion\\\/suspension-de-la-expulsion\\\/#primaryimage\"},\"thumbnailUrl\":\"https:\\\/\\\/www.rosinalaw.com\\\/wp-content\\\/uploads\\\/2023\\\/06\\\/blog_fet.png\",\"datePublished\":\"2023-06-20T10:59:58+00:00\",\"dateModified\":\"2025-10-16T17:00:21+00:00\",\"description\":\"La suspensi\u00f3n de la expulsi\u00f3n se refiere a la paralizaci\u00f3n o aplazamiento temporal de los procedimientos de deportaci\u00f3n o expulsi\u00f3n contra una persona.\",\"breadcrumb\":{\"@id\":\"https:\\\/\\\/www.rosinalaw.com\\\/es\\\/defensa-contra-la-deportacion\\\/suspension-de-la-expulsion\\\/#breadcrumb\"},\"inLanguage\":\"es\",\"potentialAction\":[{\"@type\":\"ReadAction\",\"target\":[\"https:\\\/\\\/www.rosinalaw.com\\\/es\\\/defensa-contra-la-deportacion\\\/suspension-de-la-expulsion\\\/\"]}]},{\"@type\":\"ImageObject\",\"inLanguage\":\"es\",\"@id\":\"https:\\\/\\\/www.rosinalaw.com\\\/es\\\/defensa-contra-la-deportacion\\\/suspension-de-la-expulsion\\\/#primaryimage\",\"url\":\"https:\\\/\\\/www.rosinalaw.com\\\/wp-content\\\/uploads\\\/2023\\\/06\\\/blog_fet.png\",\"contentUrl\":\"https:\\\/\\\/www.rosinalaw.com\\\/wp-content\\\/uploads\\\/2023\\\/06\\\/blog_fet.png\",\"width\":1100,\"height\":590},{\"@type\":\"BreadcrumbList\",\"@id\":\"https:\\\/\\\/www.rosinalaw.com\\\/es\\\/defensa-contra-la-deportacion\\\/suspension-de-la-expulsion\\\/#breadcrumb\",\"itemListElement\":[{\"@type\":\"ListItem\",\"position\":1,\"name\":\"Inicio\",\"item\":\"https:\\\/\\\/www.rosinalaw.com\\\/es\\\/inicio\\\/\"},{\"@type\":\"ListItem\",\"position\":2,\"name\":\"Defensa contra la deportaci\u00f3n\",\"item\":\"https:\\\/\\\/www.rosinalaw.com\\\/es\\\/defensa-contra-la-deportacion\\\/\"},{\"@type\":\"ListItem\",\"position\":3,\"name\":\"Suspensi\u00f3n de la expulsi\u00f3n\"}]},{\"@type\":\"WebSite\",\"@id\":\"https:\\\/\\\/www.rosinalaw.com\\\/#website\",\"url\":\"https:\\\/\\\/www.rosinalaw.com\\\/\",\"name\":\"The Law Office of Rosina Stambaugh\",\"description\":\"\",\"publisher\":{\"@id\":\"https:\\\/\\\/www.rosinalaw.com\\\/#organization\"},\"potentialAction\":[{\"@type\":\"SearchAction\",\"target\":{\"@type\":\"EntryPoint\",\"urlTemplate\":\"https:\\\/\\\/www.rosinalaw.com\\\/?s={search_term_string}\"},\"query-input\":{\"@type\":\"PropertyValueSpecification\",\"valueRequired\":true,\"valueName\":\"search_term_string\"}}],\"inLanguage\":\"es\"},{\"@type\":\"Organization\",\"@id\":\"https:\\\/\\\/www.rosinalaw.com\\\/#organization\",\"name\":\"El bufete de Rosina Stambaugh\",\"url\":\"https:\\\/\\\/www.rosinalaw.com\\\/\",\"logo\":{\"@type\":\"ImageObject\",\"inLanguage\":\"es\",\"@id\":\"https:\\\/\\\/www.rosinalaw.com\\\/#\\\/schema\\\/logo\\\/image\\\/\",\"url\":\"https:\\\/\\\/www.rosinalaw.com\\\/wp-content\\\/uploads\\\/2023\\\/06\\\/logo-header.png\",\"contentUrl\":\"https:\\\/\\\/www.rosinalaw.com\\\/wp-content\\\/uploads\\\/2023\\\/06\\\/logo-header.png\",\"width\":540,\"height\":80,\"caption\":\"El bufete de Rosina Stambaugh\"},\"image\":{\"@id\":\"https:\\\/\\\/www.rosinalaw.com\\\/#\\\/schema\\\/logo\\\/image\\\/\"},\"sameAs\":[\"https:\\\/\\\/www.facebook.com\\\/rosinastambaughlaw\\\/\",\"https:\\\/\\\/x.com\\\/LawOffice_RCS\"]}]}<\/script>\n<!-- \/ Yoast SEO plugin. -->","yoast_head_json":{"title":"Suspensi\u00f3n de la expulsi\u00f3n | Entender el proceso de suspensi\u00f3n de la expulsi\u00f3n | Rosina Stambaugh","description":"La suspensi\u00f3n de la expulsi\u00f3n se refiere a la paralizaci\u00f3n o aplazamiento temporal de los procedimientos de deportaci\u00f3n o expulsi\u00f3n contra una persona.","robots":{"index":"index","follow":"follow","max-snippet":"max-snippet:-1","max-image-preview":"max-image-preview:large","max-video-preview":"max-video-preview:-1"},"canonical":"https:\/\/www.rosinalaw.com\/es\/defensa-contra-la-deportacion\/suspension-de-la-expulsion\/","og_locale":"es_ES","og_type":"article","og_title":"Suspensi\u00f3n de la expulsi\u00f3n | Entender el proceso de suspensi\u00f3n de la expulsi\u00f3n | Rosina Stambaugh","og_description":"La suspensi\u00f3n de la expulsi\u00f3n se refiere a la paralizaci\u00f3n o aplazamiento temporal de los procedimientos de deportaci\u00f3n o expulsi\u00f3n contra una persona.","og_url":"https:\/\/www.rosinalaw.com\/es\/defensa-contra-la-deportacion\/suspension-de-la-expulsion\/","og_site_name":"The Law Office of Rosina Stambaugh","article_publisher":"https:\/\/www.facebook.com\/rosinastambaughlaw\/","article_modified_time":"2025-10-16T17:00:21+00:00","og_image":[{"width":1100,"height":590,"url":"https:\/\/www.rosinalaw.com\/wp-content\/uploads\/2023\/06\/blog_fet.png","type":"image\/png"}],"twitter_card":"summary_large_image","twitter_site":"@LawOffice_RCS","twitter_misc":{"Tiempo de lectura":"3 minutos"},"schema":{"@context":"https:\/\/schema.org","@graph":[{"@type":"WebPage","@id":"https:\/\/www.rosinalaw.com\/es\/defensa-contra-la-deportacion\/suspension-de-la-expulsion\/","url":"https:\/\/www.rosinalaw.com\/es\/defensa-contra-la-deportacion\/suspension-de-la-expulsion\/","name":"Suspensi\u00f3n de la expulsi\u00f3n | Entender el proceso de suspensi\u00f3n de la expulsi\u00f3n | Rosina Stambaugh","isPartOf":{"@id":"https:\/\/www.rosinalaw.com\/#website"},"primaryImageOfPage":{"@id":"https:\/\/www.rosinalaw.com\/es\/defensa-contra-la-deportacion\/suspension-de-la-expulsion\/#primaryimage"},"image":{"@id":"https:\/\/www.rosinalaw.com\/es\/defensa-contra-la-deportacion\/suspension-de-la-expulsion\/#primaryimage"},"thumbnailUrl":"https:\/\/www.rosinalaw.com\/wp-content\/uploads\/2023\/06\/blog_fet.png","datePublished":"2023-06-20T10:59:58+00:00","dateModified":"2025-10-16T17:00:21+00:00","description":"La suspensi\u00f3n de la expulsi\u00f3n se refiere a la paralizaci\u00f3n o aplazamiento temporal de los procedimientos de deportaci\u00f3n o expulsi\u00f3n contra una persona.","breadcrumb":{"@id":"https:\/\/www.rosinalaw.com\/es\/defensa-contra-la-deportacion\/suspension-de-la-expulsion\/#breadcrumb"},"inLanguage":"es","potentialAction":[{"@type":"ReadAction","target":["https:\/\/www.rosinalaw.com\/es\/defensa-contra-la-deportacion\/suspension-de-la-expulsion\/"]}]},{"@type":"ImageObject","inLanguage":"es","@id":"https:\/\/www.rosinalaw.com\/es\/defensa-contra-la-deportacion\/suspension-de-la-expulsion\/#primaryimage","url":"https:\/\/www.rosinalaw.com\/wp-content\/uploads\/2023\/06\/blog_fet.png","contentUrl":"https:\/\/www.rosinalaw.com\/wp-content\/uploads\/2023\/06\/blog_fet.png","width":1100,"height":590},{"@type":"BreadcrumbList","@id":"https:\/\/www.rosinalaw.com\/es\/defensa-contra-la-deportacion\/suspension-de-la-expulsion\/#breadcrumb","itemListElement":[{"@type":"ListItem","position":1,"name":"Inicio","item":"https:\/\/www.rosinalaw.com\/es\/inicio\/"},{"@type":"ListItem","position":2,"name":"Defensa contra la deportaci\u00f3n","item":"https:\/\/www.rosinalaw.com\/es\/defensa-contra-la-deportacion\/"},{"@type":"ListItem","position":3,"name":"Suspensi\u00f3n de la expulsi\u00f3n"}]},{"@type":"WebSite","@id":"https:\/\/www.rosinalaw.com\/#website","url":"https:\/\/www.rosinalaw.com\/","name":"The Law Office of Rosina Stambaugh","description":"","publisher":{"@id":"https:\/\/www.rosinalaw.com\/#organization"},"potentialAction":[{"@type":"SearchAction","target":{"@type":"EntryPoint","urlTemplate":"https:\/\/www.rosinalaw.com\/?s={search_term_string}"},"query-input":{"@type":"PropertyValueSpecification","valueRequired":true,"valueName":"search_term_string"}}],"inLanguage":"es"},{"@type":"Organization","@id":"https:\/\/www.rosinalaw.com\/#organization","name":"El bufete de Rosina Stambaugh","url":"https:\/\/www.rosinalaw.com\/","logo":{"@type":"ImageObject","inLanguage":"es","@id":"https:\/\/www.rosinalaw.com\/#\/schema\/logo\/image\/","url":"https:\/\/www.rosinalaw.com\/wp-content\/uploads\/2023\/06\/logo-header.png","contentUrl":"https:\/\/www.rosinalaw.com\/wp-content\/uploads\/2023\/06\/logo-header.png","width":540,"height":80,"caption":"El bufete de Rosina Stambaugh"},"image":{"@id":"https:\/\/www.rosinalaw.com\/#\/schema\/logo\/image\/"},"sameAs":["https:\/\/www.facebook.com\/rosinastambaughlaw\/","https:\/\/x.com\/LawOffice_RCS"]}]}},"_links":{"self":[{"href":"https:\/\/www.rosinalaw.com\/es\/wp-json\/wp\/v2\/pages\/10734","targetHints":{"allow":["GET"]}}],"collection":[{"href":"https:\/\/www.rosinalaw.com\/es\/wp-json\/wp\/v2\/pages"}],"about":[{"href":"https:\/\/www.rosinalaw.com\/es\/wp-json\/wp\/v2\/types\/page"}],"author":[{"embeddable":true,"href":"https:\/\/www.rosinalaw.com\/es\/wp-json\/wp\/v2\/users\/27"}],"replies":[{"embeddable":true,"href":"https:\/\/www.rosinalaw.com\/es\/wp-json\/wp\/v2\/comments?post=10734"}],"version-history":[{"count":0,"href":"https:\/\/www.rosinalaw.com\/es\/wp-json\/wp\/v2\/pages\/10734\/revisions"}],"up":[{"embeddable":true,"href":"https:\/\/www.rosinalaw.com\/es\/wp-json\/wp\/v2\/pages\/10719"}],"wp:featuredmedia":[{"embeddable":true,"href":"https:\/\/www.rosinalaw.com\/es\/wp-json\/wp\/v2\/media\/9697"}],"wp:attachment":[{"href":"https:\/\/www.rosinalaw.com\/es\/wp-json\/wp\/v2\/media?parent=10734"}],"curies":[{"name":"wp","href":"https:\/\/api.w.org\/{rel}","templated":true}]}}