{"id":10751,"date":"2023-07-21T07:23:46","date_gmt":"2023-07-21T07:23:46","guid":{"rendered":"https:\/\/rosinalaw.wpenginepowered.com\/rosina-c-stambaugh-esq\/"},"modified":"2025-10-16T17:00:36","modified_gmt":"2025-10-16T17:00:36","slug":"rosina-c-stambaugh-esq","status":"publish","type":"page","link":"https:\/\/www.rosinalaw.com\/es\/espanol\/sobre-nosotros\/rosina-c-stambaugh-esq\/","title":{"rendered":"Rosina C. Stambaugh, Abogada"},"content":{"rendered":"<h1>Rosina C. Stambaugh, Abogada<\/h1>\n<h2>Abogada<\/h2>\n<div class=\"section-intro-image\">\n<div class=\"section-block\"><img decoding=\"async\" class=\"img-fluid\" src=\"\/wp-content\/uploads\/2023\/06\/team1.png\" alt=\"equipo1\"><\/div>\n<\/div>\n<p>Antes de abrir el &#8216;Bufete de Rosina C. Stambaugh&#8217; en York, la Sra. Stambaugh era Asociada en el &#8216;Bufete de Christopher A. Ferro, LLC&#8217;, donde manejaba los servicios de inmigraci\u00f3n del Bufete y una variedad de asuntos criminales, muchos de los cuales inclu\u00edan temas complejos de inmigraci\u00f3n. Ahora enfoca su Bufete en defensa contra remoci\u00f3n (deportaci\u00f3n) para personas detenidas y no detenidas. Sra. Stambaugh tiene experiencia extensiva en todas las formas de defensa contra remoci\u00f3n (deportaci\u00f3n) y ha litigado casos exitosamente en diferentes Tribunales de Inmigraci\u00f3n en los Estados Unidos, la Oficina de Apelaciones de Inmigraci\u00f3n (BIA) y el Tribunal de Apelaciones del Tercer Circuito. Ella tambi\u00e9n representa a individuos y familias solicitando beneficios afirmativos del USCIS. Siendo hija de inmigrantes italianos, la Sra. Stambaugh entiende la importancia de la inmigraci\u00f3n y sus efectos en todos los aspectos de la vida de una persona.       <\/p>\n<p>La Sra. Stambaugh es miembro de la Stambaugh es miembro de la &#8216;Asociaci\u00f3n Americana de Abogadas de Inmigraci\u00f3n&#8217; (AILA), las &#8216;Asociaciones de Abogadas de Defensa Criminal de Pennsylvania&#8217; (PACDL), la &#8216;Asociaci\u00f3n de Abogadas Profesionales de Pennsylvania&#8217; (PBA), el &#8216;Comit\u00e9 de Leyes de Inmigraci\u00f3n de la PBA&#8217;, el &#8216;Comit\u00e9 de Ejercicio No Autorizado de Leyes de la Asociaci\u00f3n de Abogadas Profesionales&#8217; (PBA-UPLC) y la &#8216;Asociaci\u00f3n de Abogadas Profesionales del Condado de York&#8217; (YCBA). La Sra. Stambaugh por igual es Miembro de la &#8216;Junta de Directores de la Asociaci\u00f3n de Abogadas Profesionales&#8217;. La Sra. Stambaugh est\u00e1 admitida para ejercer ante el Tribunal Superior de Pennsylvania, el Tribunal Supremo de Pennsylvania, el Tribunal de Apelaciones de los Estados Unidos para el Tercer Circuito y el Tribunal Supremo de los Estados Unidos.      Tambi\u00e9n ha sido nombrada Vicepresidenta del Comit\u00e9 de Leyes de Inmigraci\u00f3n de la PBA y Vicepresidenta del Comit\u00e9 de Pr\u00e1ctica Legal No Autorizada de la PBA para el pr\u00f3ximo a\u00f1o de la abogac\u00eda.<\/p>\n<p>La Sra. Stambaugh fue seleccionada como \u00abEstrella Naciente\u00bb para 2019-2021 por los &#8216;Super Abogadas de Inmigraci\u00f3n en Pennsylvania&#8217;. Tambi\u00e9n fue recipiente del reconocimiento de &#8216;Abogada Pro Bono de la Asociaci\u00f3n de Abogadas Profesionales de Pennsylvania&#8217; en el a\u00f1o 2017. En el 2016, recibi\u00f3 el reconocimiento \u00abAbogada Luz de la Libertad del A\u00f1o\u00bb del Centro de Recursos de Inmigraci\u00f3n en Pennsylvania (PIRC), y tambi\u00e9n fue seleccionada \u00abAbogada Selecto de Ley de Inmigraci\u00f3n\u00bb para el Valle del Susquehanna en York en el 2014 y 2015.   <\/p>\n<p>La Srita. Stambaugh recibi\u00f3 su Grado Suma Cum Laude en Ciencia Pol\u00edtica del York College of Pennsylvania y su Diploma de Juris Doctor de la Escuela de Derecho de la Universidad Widener en Harrisburg, donde tambi\u00e9n recibi\u00f3 la &#8216;Beca Nancy &amp; Howard Finkelman&#8217; concedida a estudiantes merecedores, en buen estatus y en la divisi\u00f3n extendida de estudiantes que han demostrado excelencia escol\u00e1stica en el \u00e1rea de defensa del juicio.  Mientras asist\u00eda a la Universidad Widener, la Sra. Stambaugh trabaj\u00f3 a tiempo completo en el Centro de Recursos de Inmigraci\u00f3n de Pennsylvania (PIRC) como secretaria legal y como Representante Acreditado ante la Oficina de Apelaciones de Inmigraci\u00f3n (BIA).  Adem\u00e1s, trabaj\u00f3 con la poblaci\u00f3n de inmigraci\u00f3n detenida en la Prisi\u00f3n del Condado de York y represent\u00f3 a varios inmigrantes a trav\u00e9s de los procesos de remoci\u00f3n (deportaci\u00f3n) en la Corte de Inmigraci\u00f3n en York. La Sra. Stambaugh tambi\u00e9n trabaj\u00f3 como pasante legal voluntaria en la Corte de Inmigraci\u00f3n de York, donde asisti\u00f3 a los Jueces con investigaciones y escrituras legales.  <\/p>\n<p>La Sra. Stambugh habla espa\u00f1ol, italiano y franc\u00e9s conversacional. Vive en el condado de York con su marido y sus tres hijos. Ella y su familia disfrutan de actividades al aire libre y viajes.   <\/p>\n","protected":false},"excerpt":{"rendered":"<p>Rosina C. Stambaugh, Abogada Abogada Antes de abrir el &#8216;Bufete de Rosina C. Stambaugh&#8217; en York, la Sra. Stambaugh era Asociada en el &#8216;Bufete de Christopher A. Ferro, LLC&#8217;, donde manejaba los servicios de inmigraci\u00f3n del Bufete y una variedad de asuntos criminales, muchos de los cuales inclu\u00edan temas complejos de inmigraci\u00f3n. Ahora enfoca su [&hellip;]<\/p>\n","protected":false},"author":27,"featured_media":9697,"parent":10797,"menu_order":0,"comment_status":"closed","ping_status":"closed","template":"","meta":{"_acf_changed":false,"site-sidebar-layout":"default","site-content-layout":"default","ast-site-content-layout":"default","site-content-style":"default","site-sidebar-style":"default","ast-global-header-display":"","ast-banner-title-visibility":"","ast-main-header-display":"","ast-hfb-above-header-display":"","ast-hfb-below-header-display":"","ast-hfb-mobile-header-display":"","site-post-title":"","ast-breadcrumbs-content":"","ast-featured-img":"","footer-sml-layout":"","ast-disable-related-posts":"","theme-transparent-header-meta":"default","adv-header-id-meta":"","stick-header-meta":"","header-above-stick-meta":"","header-main-stick-meta":"","header-below-stick-meta":"","astra-migrate-meta-layouts":"default","ast-page-background-enabled":"default","ast-page-background-meta":{"desktop":{"background-color":"var(--ast-global-color-4)","background-image":"","background-repeat":"repeat","background-position":"center center","background-size":"auto","background-attachment":"scroll","background-type":"","background-media":"","overlay-type":"","overlay-color":"","overlay-opacity":"","overlay-gradient":""},"tablet":{"background-color":"","background-image":"","background-repeat":"repeat","background-position":"center center","background-size":"auto","background-attachment":"scroll","background-type":"","background-media":"","overlay-type":"","overlay-color":"","overlay-opacity":"","overlay-gradient":""},"mobile":{"background-color":"","background-image":"","background-repeat":"repeat","background-position":"center center","background-size":"auto","background-attachment":"scroll","background-type":"","background-media":"","overlay-type":"","overlay-color":"","overlay-opacity":"","overlay-gradient":""}},"ast-content-background-meta":{"desktop":{"background-color":"var(--ast-global-color-5)","background-image":"","background-repeat":"repeat","background-position":"center center","background-size":"auto","background-attachment":"scroll","background-type":"","background-media":"","overlay-type":"","overlay-color":"","overlay-opacity":"","overlay-gradient":""},"tablet":{"background-color":"var(--ast-global-color-5)","background-image":"","background-repeat":"repeat","background-position":"center center","background-size":"auto","background-attachment":"scroll","background-type":"","background-media":"","overlay-type":"","overlay-color":"","overlay-opacity":"","overlay-gradient":""},"mobile":{"background-color":"var(--ast-global-color-5)","background-image":"","background-repeat":"repeat","background-position":"center center","background-size":"auto","background-attachment":"scroll","background-type":"","background-media":"","overlay-type":"","overlay-color":"","overlay-opacity":"","overlay-gradient":""}},"footnotes":""},"class_list":["post-10751","page","type-page","status-publish","has-post-thumbnail","hentry"],"acf":[],"yoast_head":"<!-- This site is optimized with the Yoast SEO plugin v27.3 - https:\/\/yoast.com\/product\/yoast-seo-wordpress\/ -->\n<title>Rosina C. Stambaugh, Abogada | Abogada de Inmigraci\u00f3n en York<\/title>\n<meta name=\"description\" content=\"Rosina C. Stambaugh, Abogada El Despacho Jur\u00eddico de Rosina C. Stambaugh puede proporcionarte a\u00f1os de experiencia en derecho de inmigraci\u00f3n. \u00a1Llama hoy mismo!\" \/>\n<meta name=\"robots\" content=\"index, follow, max-snippet:-1, max-image-preview:large, max-video-preview:-1\" \/>\n<link rel=\"canonical\" href=\"https:\/\/www.rosinalaw.com\/es\/espanol\/sobre-nosotros\/rosina-c-stambaugh-esq\/\" \/>\n<meta property=\"og:locale\" content=\"es_ES\" \/>\n<meta property=\"og:type\" content=\"article\" \/>\n<meta property=\"og:title\" content=\"Rosina C. Stambaugh, Abogada | Abogada de Inmigraci\u00f3n en York\" \/>\n<meta property=\"og:description\" content=\"Rosina C. Stambaugh, Abogada El Despacho Jur\u00eddico de Rosina C. Stambaugh puede proporcionarte a\u00f1os de experiencia en derecho de inmigraci\u00f3n. \u00a1Llama hoy mismo!\" \/>\n<meta property=\"og:url\" content=\"https:\/\/www.rosinalaw.com\/es\/espanol\/sobre-nosotros\/rosina-c-stambaugh-esq\/\" \/>\n<meta property=\"og:site_name\" content=\"The Law Office of Rosina Stambaugh\" \/>\n<meta property=\"article:publisher\" content=\"https:\/\/www.facebook.com\/rosinastambaughlaw\/\" \/>\n<meta property=\"article:modified_time\" content=\"2025-10-16T17:00:36+00:00\" \/>\n<meta property=\"og:image\" content=\"https:\/\/www.rosinalaw.com\/wp-content\/uploads\/2023\/06\/blog_fet.png\" \/>\n\t<meta property=\"og:image:width\" content=\"1100\" \/>\n\t<meta property=\"og:image:height\" content=\"590\" \/>\n\t<meta property=\"og:image:type\" content=\"image\/png\" \/>\n<meta name=\"twitter:card\" content=\"summary_large_image\" \/>\n<meta name=\"twitter:site\" content=\"@LawOffice_RCS\" \/>\n<meta name=\"twitter:label1\" content=\"Tiempo de lectura\" \/>\n\t<meta name=\"twitter:data1\" content=\"3 minutos\" \/>\n<script type=\"application\/ld+json\" class=\"yoast-schema-graph\">{\"@context\":\"https:\\\/\\\/schema.org\",\"@graph\":[{\"@type\":\"WebPage\",\"@id\":\"https:\\\/\\\/www.rosinalaw.com\\\/es\\\/espanol\\\/sobre-nosotros\\\/rosina-c-stambaugh-esq\\\/\",\"url\":\"https:\\\/\\\/www.rosinalaw.com\\\/es\\\/espanol\\\/sobre-nosotros\\\/rosina-c-stambaugh-esq\\\/\",\"name\":\"Rosina C. Stambaugh, Abogada | Abogada de Inmigraci\u00f3n en York\",\"isPartOf\":{\"@id\":\"https:\\\/\\\/www.rosinalaw.com\\\/#website\"},\"primaryImageOfPage\":{\"@id\":\"https:\\\/\\\/www.rosinalaw.com\\\/es\\\/espanol\\\/sobre-nosotros\\\/rosina-c-stambaugh-esq\\\/#primaryimage\"},\"image\":{\"@id\":\"https:\\\/\\\/www.rosinalaw.com\\\/es\\\/espanol\\\/sobre-nosotros\\\/rosina-c-stambaugh-esq\\\/#primaryimage\"},\"thumbnailUrl\":\"https:\\\/\\\/www.rosinalaw.com\\\/wp-content\\\/uploads\\\/2023\\\/06\\\/blog_fet.png\",\"datePublished\":\"2023-07-21T07:23:46+00:00\",\"dateModified\":\"2025-10-16T17:00:36+00:00\",\"description\":\"Rosina C. Stambaugh, Abogada El Despacho Jur\u00eddico de Rosina C. Stambaugh puede proporcionarte a\u00f1os de experiencia en derecho de inmigraci\u00f3n. \u00a1Llama hoy mismo!\",\"breadcrumb\":{\"@id\":\"https:\\\/\\\/www.rosinalaw.com\\\/es\\\/espanol\\\/sobre-nosotros\\\/rosina-c-stambaugh-esq\\\/#breadcrumb\"},\"inLanguage\":\"es\",\"potentialAction\":[{\"@type\":\"ReadAction\",\"target\":[\"https:\\\/\\\/www.rosinalaw.com\\\/es\\\/espanol\\\/sobre-nosotros\\\/rosina-c-stambaugh-esq\\\/\"]}]},{\"@type\":\"ImageObject\",\"inLanguage\":\"es\",\"@id\":\"https:\\\/\\\/www.rosinalaw.com\\\/es\\\/espanol\\\/sobre-nosotros\\\/rosina-c-stambaugh-esq\\\/#primaryimage\",\"url\":\"https:\\\/\\\/www.rosinalaw.com\\\/wp-content\\\/uploads\\\/2023\\\/06\\\/blog_fet.png\",\"contentUrl\":\"https:\\\/\\\/www.rosinalaw.com\\\/wp-content\\\/uploads\\\/2023\\\/06\\\/blog_fet.png\",\"width\":1100,\"height\":590},{\"@type\":\"BreadcrumbList\",\"@id\":\"https:\\\/\\\/www.rosinalaw.com\\\/es\\\/espanol\\\/sobre-nosotros\\\/rosina-c-stambaugh-esq\\\/#breadcrumb\",\"itemListElement\":[{\"@type\":\"ListItem\",\"position\":1,\"name\":\"Inicio\",\"item\":\"https:\\\/\\\/www.rosinalaw.com\\\/es\\\/inicio\\\/\"},{\"@type\":\"ListItem\",\"position\":2,\"name\":\"Espa\u00f1ol\",\"item\":\"https:\\\/\\\/www.rosinalaw.com\\\/es\\\/espanol\\\/\"},{\"@type\":\"ListItem\",\"position\":3,\"name\":\"Sobre Nosotros\",\"item\":\"https:\\\/\\\/www.rosinalaw.com\\\/es\\\/espanol\\\/sobre-nosotros\\\/\"},{\"@type\":\"ListItem\",\"position\":4,\"name\":\"Rosina C. Stambaugh, Abogada\"}]},{\"@type\":\"WebSite\",\"@id\":\"https:\\\/\\\/www.rosinalaw.com\\\/#website\",\"url\":\"https:\\\/\\\/www.rosinalaw.com\\\/\",\"name\":\"The Law Office of Rosina Stambaugh\",\"description\":\"\",\"publisher\":{\"@id\":\"https:\\\/\\\/www.rosinalaw.com\\\/#organization\"},\"potentialAction\":[{\"@type\":\"SearchAction\",\"target\":{\"@type\":\"EntryPoint\",\"urlTemplate\":\"https:\\\/\\\/www.rosinalaw.com\\\/?s={search_term_string}\"},\"query-input\":{\"@type\":\"PropertyValueSpecification\",\"valueRequired\":true,\"valueName\":\"search_term_string\"}}],\"inLanguage\":\"es\"},{\"@type\":\"Organization\",\"@id\":\"https:\\\/\\\/www.rosinalaw.com\\\/#organization\",\"name\":\"El bufete de Rosina Stambaugh\",\"url\":\"https:\\\/\\\/www.rosinalaw.com\\\/\",\"logo\":{\"@type\":\"ImageObject\",\"inLanguage\":\"es\",\"@id\":\"https:\\\/\\\/www.rosinalaw.com\\\/#\\\/schema\\\/logo\\\/image\\\/\",\"url\":\"https:\\\/\\\/www.rosinalaw.com\\\/wp-content\\\/uploads\\\/2023\\\/06\\\/logo-header.png\",\"contentUrl\":\"https:\\\/\\\/www.rosinalaw.com\\\/wp-content\\\/uploads\\\/2023\\\/06\\\/logo-header.png\",\"width\":540,\"height\":80,\"caption\":\"El bufete de Rosina Stambaugh\"},\"image\":{\"@id\":\"https:\\\/\\\/www.rosinalaw.com\\\/#\\\/schema\\\/logo\\\/image\\\/\"},\"sameAs\":[\"https:\\\/\\\/www.facebook.com\\\/rosinastambaughlaw\\\/\",\"https:\\\/\\\/x.com\\\/LawOffice_RCS\"]}]}<\/script>\n<!-- \/ Yoast SEO plugin. -->","yoast_head_json":{"title":"Rosina C. Stambaugh, Abogada | Abogada de Inmigraci\u00f3n en York","description":"Rosina C. Stambaugh, Abogada El Despacho Jur\u00eddico de Rosina C. Stambaugh puede proporcionarte a\u00f1os de experiencia en derecho de inmigraci\u00f3n. \u00a1Llama hoy mismo!","robots":{"index":"index","follow":"follow","max-snippet":"max-snippet:-1","max-image-preview":"max-image-preview:large","max-video-preview":"max-video-preview:-1"},"canonical":"https:\/\/www.rosinalaw.com\/es\/espanol\/sobre-nosotros\/rosina-c-stambaugh-esq\/","og_locale":"es_ES","og_type":"article","og_title":"Rosina C. Stambaugh, Abogada | Abogada de Inmigraci\u00f3n en York","og_description":"Rosina C. Stambaugh, Abogada El Despacho Jur\u00eddico de Rosina C. Stambaugh puede proporcionarte a\u00f1os de experiencia en derecho de inmigraci\u00f3n. \u00a1Llama hoy mismo!","og_url":"https:\/\/www.rosinalaw.com\/es\/espanol\/sobre-nosotros\/rosina-c-stambaugh-esq\/","og_site_name":"The Law Office of Rosina Stambaugh","article_publisher":"https:\/\/www.facebook.com\/rosinastambaughlaw\/","article_modified_time":"2025-10-16T17:00:36+00:00","og_image":[{"width":1100,"height":590,"url":"https:\/\/www.rosinalaw.com\/wp-content\/uploads\/2023\/06\/blog_fet.png","type":"image\/png"}],"twitter_card":"summary_large_image","twitter_site":"@LawOffice_RCS","twitter_misc":{"Tiempo de lectura":"3 minutos"},"schema":{"@context":"https:\/\/schema.org","@graph":[{"@type":"WebPage","@id":"https:\/\/www.rosinalaw.com\/es\/espanol\/sobre-nosotros\/rosina-c-stambaugh-esq\/","url":"https:\/\/www.rosinalaw.com\/es\/espanol\/sobre-nosotros\/rosina-c-stambaugh-esq\/","name":"Rosina C. Stambaugh, Abogada | Abogada de Inmigraci\u00f3n en York","isPartOf":{"@id":"https:\/\/www.rosinalaw.com\/#website"},"primaryImageOfPage":{"@id":"https:\/\/www.rosinalaw.com\/es\/espanol\/sobre-nosotros\/rosina-c-stambaugh-esq\/#primaryimage"},"image":{"@id":"https:\/\/www.rosinalaw.com\/es\/espanol\/sobre-nosotros\/rosina-c-stambaugh-esq\/#primaryimage"},"thumbnailUrl":"https:\/\/www.rosinalaw.com\/wp-content\/uploads\/2023\/06\/blog_fet.png","datePublished":"2023-07-21T07:23:46+00:00","dateModified":"2025-10-16T17:00:36+00:00","description":"Rosina C. Stambaugh, Abogada El Despacho Jur\u00eddico de Rosina C. Stambaugh puede proporcionarte a\u00f1os de experiencia en derecho de inmigraci\u00f3n. \u00a1Llama hoy mismo!","breadcrumb":{"@id":"https:\/\/www.rosinalaw.com\/es\/espanol\/sobre-nosotros\/rosina-c-stambaugh-esq\/#breadcrumb"},"inLanguage":"es","potentialAction":[{"@type":"ReadAction","target":["https:\/\/www.rosinalaw.com\/es\/espanol\/sobre-nosotros\/rosina-c-stambaugh-esq\/"]}]},{"@type":"ImageObject","inLanguage":"es","@id":"https:\/\/www.rosinalaw.com\/es\/espanol\/sobre-nosotros\/rosina-c-stambaugh-esq\/#primaryimage","url":"https:\/\/www.rosinalaw.com\/wp-content\/uploads\/2023\/06\/blog_fet.png","contentUrl":"https:\/\/www.rosinalaw.com\/wp-content\/uploads\/2023\/06\/blog_fet.png","width":1100,"height":590},{"@type":"BreadcrumbList","@id":"https:\/\/www.rosinalaw.com\/es\/espanol\/sobre-nosotros\/rosina-c-stambaugh-esq\/#breadcrumb","itemListElement":[{"@type":"ListItem","position":1,"name":"Inicio","item":"https:\/\/www.rosinalaw.com\/es\/inicio\/"},{"@type":"ListItem","position":2,"name":"Espa\u00f1ol","item":"https:\/\/www.rosinalaw.com\/es\/espanol\/"},{"@type":"ListItem","position":3,"name":"Sobre Nosotros","item":"https:\/\/www.rosinalaw.com\/es\/espanol\/sobre-nosotros\/"},{"@type":"ListItem","position":4,"name":"Rosina C. Stambaugh, Abogada"}]},{"@type":"WebSite","@id":"https:\/\/www.rosinalaw.com\/#website","url":"https:\/\/www.rosinalaw.com\/","name":"The Law Office of Rosina Stambaugh","description":"","publisher":{"@id":"https:\/\/www.rosinalaw.com\/#organization"},"potentialAction":[{"@type":"SearchAction","target":{"@type":"EntryPoint","urlTemplate":"https:\/\/www.rosinalaw.com\/?s={search_term_string}"},"query-input":{"@type":"PropertyValueSpecification","valueRequired":true,"valueName":"search_term_string"}}],"inLanguage":"es"},{"@type":"Organization","@id":"https:\/\/www.rosinalaw.com\/#organization","name":"El bufete de Rosina Stambaugh","url":"https:\/\/www.rosinalaw.com\/","logo":{"@type":"ImageObject","inLanguage":"es","@id":"https:\/\/www.rosinalaw.com\/#\/schema\/logo\/image\/","url":"https:\/\/www.rosinalaw.com\/wp-content\/uploads\/2023\/06\/logo-header.png","contentUrl":"https:\/\/www.rosinalaw.com\/wp-content\/uploads\/2023\/06\/logo-header.png","width":540,"height":80,"caption":"El bufete de Rosina Stambaugh"},"image":{"@id":"https:\/\/www.rosinalaw.com\/#\/schema\/logo\/image\/"},"sameAs":["https:\/\/www.facebook.com\/rosinastambaughlaw\/","https:\/\/x.com\/LawOffice_RCS"]}]}},"_links":{"self":[{"href":"https:\/\/www.rosinalaw.com\/es\/wp-json\/wp\/v2\/pages\/10751","targetHints":{"allow":["GET"]}}],"collection":[{"href":"https:\/\/www.rosinalaw.com\/es\/wp-json\/wp\/v2\/pages"}],"about":[{"href":"https:\/\/www.rosinalaw.com\/es\/wp-json\/wp\/v2\/types\/page"}],"author":[{"embeddable":true,"href":"https:\/\/www.rosinalaw.com\/es\/wp-json\/wp\/v2\/users\/27"}],"replies":[{"embeddable":true,"href":"https:\/\/www.rosinalaw.com\/es\/wp-json\/wp\/v2\/comments?post=10751"}],"version-history":[{"count":0,"href":"https:\/\/www.rosinalaw.com\/es\/wp-json\/wp\/v2\/pages\/10751\/revisions"}],"up":[{"embeddable":true,"href":"https:\/\/www.rosinalaw.com\/es\/wp-json\/wp\/v2\/pages\/10797"}],"wp:featuredmedia":[{"embeddable":true,"href":"https:\/\/www.rosinalaw.com\/es\/wp-json\/wp\/v2\/media\/9697"}],"wp:attachment":[{"href":"https:\/\/www.rosinalaw.com\/es\/wp-json\/wp\/v2\/media?parent=10751"}],"curies":[{"name":"wp","href":"https:\/\/api.w.org\/{rel}","templated":true}]}}