{"id":10759,"date":"2023-06-20T11:41:39","date_gmt":"2023-06-20T11:41:39","guid":{"rendered":"https:\/\/rosinalaw.wpenginepowered.com\/inmigracion-familiar\/"},"modified":"2025-10-16T17:00:30","modified_gmt":"2025-10-16T17:00:30","slug":"inmigracion-familiar","status":"publish","type":"page","link":"https:\/\/www.rosinalaw.com\/es\/inmigracion-familiar\/","title":{"rendered":"Abogado de inmigraci\u00f3n familiar de Pensilvania"},"content":{"rendered":"<h1>Abogados de inmigraci\u00f3n familiar de Pensilvania<\/h1>\n<p>Las relaciones familiares son algunas de las m\u00e1s estrechas que tenemos durante toda nuestra vida. Si actualmente est\u00e1s separado de tu familia -o tienes familiares que s\u00f3lo pueden estar en Estados Unidos durante un tiempo limitado-, quiz\u00e1 te est\u00e9s preguntando por las opciones de inmigraci\u00f3n basada en la familia. Inf\u00f3rmate sobre c\u00f3mo funciona y lo que necesitas saber sobre el proceso.  <\/p>\n<p>El apadrinamiento o ser apadrinado por un familiar es un m\u00e9todo de inmigraci\u00f3n popular para quienes quieren venir a Estados Unidos.<\/p>\n<p>Sin embargo, entender qu\u00e9 m\u00e9todo de inmigraci\u00f3n basado en la familia es el adecuado para tu situaci\u00f3n puede ser un reto, y es dif\u00edcil navegar por el proceso solo. Obt\u00e9n ayuda y apoyo a lo largo de tu viaje de inmigraci\u00f3n cuando trabajes con el equipo jur\u00eddico <a href=\"\/\">del Bufete de Rosina C. Stambaugh<\/a>.<\/p>\n\n<h2>\u00bfQu\u00e9 es la inmigraci\u00f3n familiar?<\/h2>\n<p>Inmigraci\u00f3n basada en la familia es un t\u00e9rmino que designa los distintos procesos existentes que permiten a las personas venir a Estados Unidos a trav\u00e9s del patrocinio familiar.<\/p>\n<p>Esto puede incluir <a href=\"https:\/\/www.rosinalaw.com\/es\/inmigracion-familiar\/visados-de-matrimonio\/\">opciones basadas en el matrimonio<\/a>, como un visado de prometido, o ser patrocinado por un familiar cercano que sea ciudadano estadounidense o titular de una Tarjeta Verde.<\/p>\n<p>La inmigraci\u00f3n familiar puede realizarse mediante un visado de familiar directo, que requiere que el familiar patrocinador sea c\u00f3nyuge, padre o hijo y ciudadano estadounidense. La otra opci\u00f3n es un visado de preferencia familiar, aplicable a familiares m\u00e1s lejanos y que puede patrocinar un residente legal permanente. <\/p>\n<p>S\u00f3lo se concede un n\u00famero determinado de visados de preferencia familiar al a\u00f1o, por lo que es importante trabajar con un abogado para averiguar si re\u00fanes los requisitos y poner en marcha el proceso lo antes posible para evitar tener que esperar hasta el siguiente periodo.<\/p>\n<p><img decoding=\"async\" class=\"alignnone wp-image-12041 \" src=\"https:\/\/www.rosinalaw.com\/wp-content\/uploads\/2025\/10\/LORS-review-min.png\" alt=\"Revisi\u00f3n de la inmigraci\u00f3n\" width=\"730\" height=\"547\" srcset=\"https:\/\/www.rosinalaw.com\/wp-content\/uploads\/2025\/10\/LORS-review-min.png 2000w, https:\/\/www.rosinalaw.com\/wp-content\/uploads\/2025\/10\/LORS-review-min-300x225.png 300w, https:\/\/www.rosinalaw.com\/wp-content\/uploads\/2025\/10\/LORS-review-min-1024x768.png 1024w, https:\/\/www.rosinalaw.com\/wp-content\/uploads\/2025\/10\/LORS-review-min-768x576.png 768w, https:\/\/www.rosinalaw.com\/wp-content\/uploads\/2025\/10\/LORS-review-min-125x94.png 125w, https:\/\/www.rosinalaw.com\/wp-content\/uploads\/2025\/10\/LORS-review-min-75x56.png 75w, https:\/\/www.rosinalaw.com\/wp-content\/uploads\/2025\/10\/LORS-review-min-1536x1152.png 1536w\" sizes=\"(max-width: 730px) 100vw, 730px\" \/><\/p>\n<h2>\u00bfQui\u00e9n puede optar a la inmigraci\u00f3n familiar?<\/h2>\n<p>Para poder optar a la inmigraci\u00f3n familiar, debes cumplir los requisitos del tipo de visado al que aspiras. Esto incluye poder demostrar que eres un familiar cualificado del patrocinador, normalmente mediante actas de nacimiento o matrimonio. <\/p>\n<p>Tambi\u00e9n deber\u00e1s someterte a una comprobaci\u00f3n de antecedentes y pueden declararte inadmisible si tienes antecedentes penales, especialmente por delitos violentos o graves. Tambi\u00e9n tendr\u00e1s que someterte a un reconocimiento m\u00e9dico para demostrar que no tienes ninguna enfermedad contagiosa y poder demostrar que tienes alg\u00fan medio de sustento econ\u00f3mico. <\/p>\n<p>Normalmente se presenta en forma de declaraci\u00f3n jurada del patrocinador en la que afirma que te mantendr\u00e1 al menos hasta que puedas obtener autorizaci\u00f3n de trabajo y empleo por tu cuenta.<\/p>\n<h2>\u00bfCu\u00e1les son los requisitos para apadrinar a un familiar?<\/h2>\n<p>En general, debes tener al menos 21 a\u00f1os y ser ciudadano estadounidense o residente legal permanente para patrocinar la inmigraci\u00f3n de un familiar. Tambi\u00e9n tendr\u00e1s que demostrar que cumples los requisitos de ingresos m\u00ednimos para poder patrocinar, y el n\u00famero cambia en funci\u00f3n de cu\u00e1ntas personas haya ya en tu hogar y de a cu\u00e1ntas vayas a patrocinar. <\/p>\n<p>Tendr\u00e1s que mostrar pruebas de esos ingresos -como extractos bancarios o un W-2 de un trabajo- y presentar una declaraci\u00f3n jurada de que te responsabilizas econ\u00f3micamente de los miembros de tu familia.<\/p>\n<h2>\u00bfPuedo trabajar a trav\u00e9s de la inmigraci\u00f3n basada en la familia?<\/h2>\n<p>Es posible trabajar legalmente en Estados Unidos a trav\u00e9s de la inmigraci\u00f3n basada en la familia, pero las condiciones exactas dependen de tu situaci\u00f3n y ubicaci\u00f3n.<\/p>\n<p>En la mayor\u00eda de las situaciones, necesitar\u00e1s un permiso de trabajo para poder encontrar un empleo y trabajar legalmente. Si te patrocina un ciudadano estadounidense, es posible que puedas solicitar un permiso de trabajo al mismo tiempo que presentas la solicitud de la Tarjeta Verde. <\/p>\n<p>Sin embargo, quienes est\u00e9n apadrinados por un residente legal permanente pueden tener que esperar m\u00e1s tiempo. Tambi\u00e9n es importante tener en cuenta que s\u00f3lo puedes solicitar un permiso de trabajo si est\u00e1s f\u00edsicamente presente en Estados Unidos. <\/p>\n<p>El permiso de trabajo puede tardar varios meses en tramitarse y envi\u00e1rsete por correo, por lo que es importante tener un plan para tus finanzas durante ese tiempo, ya sea contar con el apoyo financiero de tu patrocinador o utilizar los ahorros. Una vez que tengas un permiso de trabajo v\u00e1lido en Estados Unidos, podr\u00e1s trabajar a tiempo parcial o completo y podr\u00e1s aceptar la mayor\u00eda de los empleos. <\/p>\n<p>Si solicitas una <a href=\"https:\/\/www.rosinalaw.com\/es\/tarjetas-verdes\/\">Tarjeta Verde<\/a> a trav\u00e9s de la inmigraci\u00f3n basada en la familia, podr\u00e1s trabajar sin necesidad de un permiso de trabajo aparte una vez que se apruebe tu Tarjeta Verde.<\/p>\n<h2>\u00bfQu\u00e9 ocurre si deniegan mi solicitud de inmigraci\u00f3n familiar?<\/h2>\n<p>Puede ser dif\u00edcil recibir una carta de denegaci\u00f3n si esperabas mantener unida a tu familia mediante la inmigraci\u00f3n basada en la familia. Sin embargo, la denegaci\u00f3n no significa que este sue\u00f1o se haya esfumado para siempre. <\/p>\n<p>Los visados pueden denegarse por varios motivos, desde simples errores t\u00e9cnicos en la documentaci\u00f3n hasta que se considere que no re\u00fanes los requisitos para la admisi\u00f3n, as\u00ed que el primer paso es saber exactamente por qu\u00e9 te lo han denegado.<\/p>\n<p>Programa una cita con un abogado de inmigraci\u00f3n familiar y lleva tu documentaci\u00f3n, incluida una copia de los documentos de tu solicitud, si la tienes, y tu carta de denegaci\u00f3n. Un abogado de inmigraci\u00f3n familiar puede ayudarte a entender el motivo de la denegaci\u00f3n y darte informaci\u00f3n sobre cu\u00e1les son tus opciones. <\/p>\n<p>En algunas situaciones, puedes tener la opci\u00f3n de recurrir la denegaci\u00f3n. Sin embargo, a menudo se trata de una formalidad y s\u00f3lo una peque\u00f1a parte de los recursos son admitidos a tr\u00e1mite tras su revisi\u00f3n. En la mayor\u00eda de los casos, la mejor opci\u00f3n ser\u00e1 arreglar el motivo de la denegaci\u00f3n y volver a solicitarlo.  <\/p>\n<p>Por ejemplo, si est\u00e1s intentando apadrinar a un familiar, pero no cumples los requisitos de ingresos actuales, puedes pasar un a\u00f1o aumentando tus ingresos para estar por encima del umbral e intentarlo de nuevo. Si te lo denegaron porque no quedaban visados de preferencia familiar para este a\u00f1o fiscal, puede que s\u00f3lo tengas que esperar a la pr\u00f3xima convocatoria. <\/p>\n<p>Una cosa que debes tener en cuenta es que si tu familiar se encuentra actualmente en Estados Unidos e intenta quedarse mediante patrocinio, esto puede significar que se enfrente a tener que marcharse o a ser <a href=\"https:\/\/www.rosinalaw.com\/es\/defensa-contra-la-deportacion\/\">deportado<\/a> cuando el visado familiar no salga adelante. Si \u00e9sta es tu situaci\u00f3n, habla con un abogado de inmigraci\u00f3n lo antes posible para conocer tus opciones. Seg\u00fan las circunstancias, puede haber otros visados disponibles, como los destinados a v\u00edctimas de delitos o el <a href=\"https:\/\/www.rosinalaw.com\/es\/asilo\/\">estatuto de asilo<\/a>.  <\/p>\n<h2>Diferentes tipos de preferencias patrocinadas por la familia<\/h2>\n<p><strong>Primero<\/strong>:<br \/>\n(F1) Hijos e hijas solteros de ciudadanos de EE.UU.<\/p>\n<p><strong>Segundo<\/strong>:<br \/>\nC\u00f3nyuges e hijos, e hijos e hijas solteros de residentes permanentes<\/p>\n<p>A. (F2A) C\u00f3nyuges e hijos de residentes permanentes<br \/>\nB. (F2B) Hijos e hijas solteros (de 21 a\u00f1os o m\u00e1s) de residentes permanentes<\/p>\n<p><strong>Tercero<\/strong>:<br \/>\n(F3) Hijos e hijas casados de ciudadanos estadounidenses.<\/p>\n<p><strong>Cuarto<\/strong>:<br \/>\n(F4) Hermanos y hermanas de ciudadanos estadounidenses adultos.<\/p>\n<p>Consulta el <a href=\"https:\/\/travel.state.gov\/content\/travel\/en\/legal\/visa-law0\/visa-bulletin.html\" target=\"_blank\" rel=\"noopener\">bolet\u00edn NVC<\/a> para obtener m\u00e1s explicaciones sobre cada una de las preferencias.<\/p>\n<p>Si tienes preguntas o quieres m\u00e1s informaci\u00f3n, ponte en contacto con nosotros ahora en <a href=\"tel:%207179001818\">el 717-900-1818<\/a>.<\/p>\n<h2>Contacta con nuestra abogada de inmigraci\u00f3n familiar de Pensilvania &#8211; Rosina Stambaugh<\/h2>\n<p>Si est\u00e1s interesado en utilizar los procesos de inmigraci\u00f3n basados en la familia, llama al Bufete de Rosina C. Stambaugh al <a href=\"tel:717-900-1818\">717-900-1818<\/a>. Puedes concertar <g id=\"gid_1\">una cita<\/g> para reunirte con nuestra abogada de inmigraci\u00f3n familiar, que puede ayudarte a comprender las distintas opciones y los requisitos para alcanzarlas. Si est\u00e1s preparado para seguir adelante, podemos ayudarte a reunir la documentaci\u00f3n necesaria, rellenar tu solicitud e iniciar oficialmente el proceso de inmigraci\u00f3n.  <\/p>\n<p><script type=\"application\/ld+json\">\n{\n  \"@context\": \"https:\/\/schema.org\/\", \n  \"@type\": \"Product\", \n  \"name\": \"Family Immigration\",\n  \"image\": \"\",\n  \"offers\": {\n    \"@type\": \"AggregateOffer\",\n    \"url\": \"\",\n    \"priceCurrency\": \"\",\n    \"lowPrice\": \"\"\n  },\n  \"aggregateRating\": {\n    \"@type\": \"AggregateRating\",\n    \"ratingValue\": \"4.7\",\n    \"bestRating\": \"5\",\n    \"worstRating\": \"1\",\n    \"ratingCount\": \"102\"\n  }\n}\n<\/script><\/p>\n","protected":false},"excerpt":{"rendered":"<p>Abogados de inmigraci\u00f3n familiar de Pensilvania Las relaciones familiares son algunas de las m\u00e1s estrechas que tenemos durante toda nuestra vida. Si actualmente est\u00e1s separado de tu familia -o tienes familiares que s\u00f3lo pueden estar en Estados Unidos durante un tiempo limitado-, quiz\u00e1 te est\u00e9s preguntando por las opciones de inmigraci\u00f3n basada en la familia. [&hellip;]<\/p>\n","protected":false},"author":27,"featured_media":9697,"parent":0,"menu_order":0,"comment_status":"closed","ping_status":"closed","template":"","meta":{"_acf_changed":false,"site-sidebar-layout":"default","site-content-layout":"default","ast-site-content-layout":"default","site-content-style":"default","site-sidebar-style":"default","ast-global-header-display":"","ast-banner-title-visibility":"","ast-main-header-display":"","ast-hfb-above-header-display":"","ast-hfb-below-header-display":"","ast-hfb-mobile-header-display":"","site-post-title":"","ast-breadcrumbs-content":"","ast-featured-img":"","footer-sml-layout":"","ast-disable-related-posts":"","theme-transparent-header-meta":"default","adv-header-id-meta":"","stick-header-meta":"","header-above-stick-meta":"","header-main-stick-meta":"","header-below-stick-meta":"","astra-migrate-meta-layouts":"default","ast-page-background-enabled":"default","ast-page-background-meta":{"desktop":{"background-color":"var(--ast-global-color-4)","background-image":"","background-repeat":"repeat","background-position":"center center","background-size":"auto","background-attachment":"scroll","background-type":"","background-media":"","overlay-type":"","overlay-color":"","overlay-opacity":"","overlay-gradient":""},"tablet":{"background-color":"","background-image":"","background-repeat":"repeat","background-position":"center center","background-size":"auto","background-attachment":"scroll","background-type":"","background-media":"","overlay-type":"","overlay-color":"","overlay-opacity":"","overlay-gradient":""},"mobile":{"background-color":"","background-image":"","background-repeat":"repeat","background-position":"center center","background-size":"auto","background-attachment":"scroll","background-type":"","background-media":"","overlay-type":"","overlay-color":"","overlay-opacity":"","overlay-gradient":""}},"ast-content-background-meta":{"desktop":{"background-color":"var(--ast-global-color-5)","background-image":"","background-repeat":"repeat","background-position":"center center","background-size":"auto","background-attachment":"scroll","background-type":"","background-media":"","overlay-type":"","overlay-color":"","overlay-opacity":"","overlay-gradient":""},"tablet":{"background-color":"var(--ast-global-color-5)","background-image":"","background-repeat":"repeat","background-position":"center center","background-size":"auto","background-attachment":"scroll","background-type":"","background-media":"","overlay-type":"","overlay-color":"","overlay-opacity":"","overlay-gradient":""},"mobile":{"background-color":"var(--ast-global-color-5)","background-image":"","background-repeat":"repeat","background-position":"center center","background-size":"auto","background-attachment":"scroll","background-type":"","background-media":"","overlay-type":"","overlay-color":"","overlay-opacity":"","overlay-gradient":""}},"footnotes":""},"class_list":["post-10759","page","type-page","status-publish","has-post-thumbnail","hentry"],"acf":[],"yoast_head":"<!-- This site is optimized with the Yoast SEO plugin v27.3 - https:\/\/yoast.com\/product\/yoast-seo-wordpress\/ -->\n<title>Abogada de inmigraci\u00f3n familiar de Pensilvania | Rosina Stambaugh<\/title>\n<meta name=\"description\" content=\"\u00bfPuedes optar a la inmigraci\u00f3n basada en la familia? Averigua cu\u00e1les son tus opciones y c\u00f3mo puedes utilizar este proceso llamando a nuestro bufete.\" \/>\n<meta name=\"robots\" content=\"index, follow, max-snippet:-1, max-image-preview:large, max-video-preview:-1\" \/>\n<link rel=\"canonical\" href=\"https:\/\/www.rosinalaw.com\/es\/inmigracion-familiar\/\" \/>\n<meta property=\"og:locale\" content=\"es_ES\" \/>\n<meta property=\"og:type\" content=\"article\" \/>\n<meta property=\"og:title\" content=\"Abogada de inmigraci\u00f3n familiar de Pensilvania | Rosina Stambaugh\" \/>\n<meta property=\"og:description\" content=\"\u00bfPuedes optar a la inmigraci\u00f3n basada en la familia? Averigua cu\u00e1les son tus opciones y c\u00f3mo puedes utilizar este proceso llamando a nuestro bufete.\" \/>\n<meta property=\"og:url\" content=\"https:\/\/www.rosinalaw.com\/es\/inmigracion-familiar\/\" \/>\n<meta property=\"og:site_name\" content=\"The Law Office of Rosina Stambaugh\" \/>\n<meta property=\"article:publisher\" content=\"https:\/\/www.facebook.com\/rosinastambaughlaw\/\" \/>\n<meta property=\"article:modified_time\" content=\"2025-10-16T17:00:30+00:00\" \/>\n<meta property=\"og:image\" content=\"https:\/\/www.rosinalaw.com\/wp-content\/uploads\/2023\/06\/blog_fet.png\" \/>\n\t<meta property=\"og:image:width\" content=\"1100\" \/>\n\t<meta property=\"og:image:height\" content=\"590\" \/>\n\t<meta property=\"og:image:type\" content=\"image\/png\" \/>\n<meta name=\"twitter:card\" content=\"summary_large_image\" \/>\n<meta name=\"twitter:site\" content=\"@LawOffice_RCS\" \/>\n<meta name=\"twitter:label1\" content=\"Tiempo de lectura\" \/>\n\t<meta name=\"twitter:data1\" content=\"7 minutos\" \/>\n<script type=\"application\/ld+json\" class=\"yoast-schema-graph\">{\"@context\":\"https:\\\/\\\/schema.org\",\"@graph\":[{\"@type\":\"WebPage\",\"@id\":\"https:\\\/\\\/www.rosinalaw.com\\\/es\\\/inmigracion-familiar\\\/\",\"url\":\"https:\\\/\\\/www.rosinalaw.com\\\/es\\\/inmigracion-familiar\\\/\",\"name\":\"Abogada de inmigraci\u00f3n familiar de Pensilvania | Rosina Stambaugh\",\"isPartOf\":{\"@id\":\"https:\\\/\\\/www.rosinalaw.com\\\/#website\"},\"primaryImageOfPage\":{\"@id\":\"https:\\\/\\\/www.rosinalaw.com\\\/es\\\/inmigracion-familiar\\\/#primaryimage\"},\"image\":{\"@id\":\"https:\\\/\\\/www.rosinalaw.com\\\/es\\\/inmigracion-familiar\\\/#primaryimage\"},\"thumbnailUrl\":\"https:\\\/\\\/www.rosinalaw.com\\\/wp-content\\\/uploads\\\/2023\\\/06\\\/blog_fet.png\",\"datePublished\":\"2023-06-20T11:41:39+00:00\",\"dateModified\":\"2025-10-16T17:00:30+00:00\",\"description\":\"\u00bfPuedes optar a la inmigraci\u00f3n basada en la familia? Averigua cu\u00e1les son tus opciones y c\u00f3mo puedes utilizar este proceso llamando a nuestro bufete.\",\"breadcrumb\":{\"@id\":\"https:\\\/\\\/www.rosinalaw.com\\\/es\\\/inmigracion-familiar\\\/#breadcrumb\"},\"inLanguage\":\"es\",\"potentialAction\":[{\"@type\":\"ReadAction\",\"target\":[\"https:\\\/\\\/www.rosinalaw.com\\\/es\\\/inmigracion-familiar\\\/\"]}]},{\"@type\":\"ImageObject\",\"inLanguage\":\"es\",\"@id\":\"https:\\\/\\\/www.rosinalaw.com\\\/es\\\/inmigracion-familiar\\\/#primaryimage\",\"url\":\"https:\\\/\\\/www.rosinalaw.com\\\/wp-content\\\/uploads\\\/2023\\\/06\\\/blog_fet.png\",\"contentUrl\":\"https:\\\/\\\/www.rosinalaw.com\\\/wp-content\\\/uploads\\\/2023\\\/06\\\/blog_fet.png\",\"width\":1100,\"height\":590},{\"@type\":\"BreadcrumbList\",\"@id\":\"https:\\\/\\\/www.rosinalaw.com\\\/es\\\/inmigracion-familiar\\\/#breadcrumb\",\"itemListElement\":[{\"@type\":\"ListItem\",\"position\":1,\"name\":\"Inicio\",\"item\":\"https:\\\/\\\/www.rosinalaw.com\\\/es\\\/inicio\\\/\"},{\"@type\":\"ListItem\",\"position\":2,\"name\":\"Abogado de inmigraci\u00f3n familiar de Pensilvania\"}]},{\"@type\":\"WebSite\",\"@id\":\"https:\\\/\\\/www.rosinalaw.com\\\/#website\",\"url\":\"https:\\\/\\\/www.rosinalaw.com\\\/\",\"name\":\"The Law Office of Rosina Stambaugh\",\"description\":\"\",\"publisher\":{\"@id\":\"https:\\\/\\\/www.rosinalaw.com\\\/#organization\"},\"potentialAction\":[{\"@type\":\"SearchAction\",\"target\":{\"@type\":\"EntryPoint\",\"urlTemplate\":\"https:\\\/\\\/www.rosinalaw.com\\\/?s={search_term_string}\"},\"query-input\":{\"@type\":\"PropertyValueSpecification\",\"valueRequired\":true,\"valueName\":\"search_term_string\"}}],\"inLanguage\":\"es\"},{\"@type\":\"Organization\",\"@id\":\"https:\\\/\\\/www.rosinalaw.com\\\/#organization\",\"name\":\"El bufete de Rosina Stambaugh\",\"url\":\"https:\\\/\\\/www.rosinalaw.com\\\/\",\"logo\":{\"@type\":\"ImageObject\",\"inLanguage\":\"es\",\"@id\":\"https:\\\/\\\/www.rosinalaw.com\\\/#\\\/schema\\\/logo\\\/image\\\/\",\"url\":\"https:\\\/\\\/www.rosinalaw.com\\\/wp-content\\\/uploads\\\/2023\\\/06\\\/logo-header.png\",\"contentUrl\":\"https:\\\/\\\/www.rosinalaw.com\\\/wp-content\\\/uploads\\\/2023\\\/06\\\/logo-header.png\",\"width\":540,\"height\":80,\"caption\":\"El bufete de Rosina Stambaugh\"},\"image\":{\"@id\":\"https:\\\/\\\/www.rosinalaw.com\\\/#\\\/schema\\\/logo\\\/image\\\/\"},\"sameAs\":[\"https:\\\/\\\/www.facebook.com\\\/rosinastambaughlaw\\\/\",\"https:\\\/\\\/x.com\\\/LawOffice_RCS\"]}]}<\/script>\n<!-- \/ Yoast SEO plugin. -->","yoast_head_json":{"title":"Abogada de inmigraci\u00f3n familiar de Pensilvania | Rosina Stambaugh","description":"\u00bfPuedes optar a la inmigraci\u00f3n basada en la familia? Averigua cu\u00e1les son tus opciones y c\u00f3mo puedes utilizar este proceso llamando a nuestro bufete.","robots":{"index":"index","follow":"follow","max-snippet":"max-snippet:-1","max-image-preview":"max-image-preview:large","max-video-preview":"max-video-preview:-1"},"canonical":"https:\/\/www.rosinalaw.com\/es\/inmigracion-familiar\/","og_locale":"es_ES","og_type":"article","og_title":"Abogada de inmigraci\u00f3n familiar de Pensilvania | Rosina Stambaugh","og_description":"\u00bfPuedes optar a la inmigraci\u00f3n basada en la familia? Averigua cu\u00e1les son tus opciones y c\u00f3mo puedes utilizar este proceso llamando a nuestro bufete.","og_url":"https:\/\/www.rosinalaw.com\/es\/inmigracion-familiar\/","og_site_name":"The Law Office of Rosina Stambaugh","article_publisher":"https:\/\/www.facebook.com\/rosinastambaughlaw\/","article_modified_time":"2025-10-16T17:00:30+00:00","og_image":[{"width":1100,"height":590,"url":"https:\/\/www.rosinalaw.com\/wp-content\/uploads\/2023\/06\/blog_fet.png","type":"image\/png"}],"twitter_card":"summary_large_image","twitter_site":"@LawOffice_RCS","twitter_misc":{"Tiempo de lectura":"7 minutos"},"schema":{"@context":"https:\/\/schema.org","@graph":[{"@type":"WebPage","@id":"https:\/\/www.rosinalaw.com\/es\/inmigracion-familiar\/","url":"https:\/\/www.rosinalaw.com\/es\/inmigracion-familiar\/","name":"Abogada de inmigraci\u00f3n familiar de Pensilvania | Rosina Stambaugh","isPartOf":{"@id":"https:\/\/www.rosinalaw.com\/#website"},"primaryImageOfPage":{"@id":"https:\/\/www.rosinalaw.com\/es\/inmigracion-familiar\/#primaryimage"},"image":{"@id":"https:\/\/www.rosinalaw.com\/es\/inmigracion-familiar\/#primaryimage"},"thumbnailUrl":"https:\/\/www.rosinalaw.com\/wp-content\/uploads\/2023\/06\/blog_fet.png","datePublished":"2023-06-20T11:41:39+00:00","dateModified":"2025-10-16T17:00:30+00:00","description":"\u00bfPuedes optar a la inmigraci\u00f3n basada en la familia? Averigua cu\u00e1les son tus opciones y c\u00f3mo puedes utilizar este proceso llamando a nuestro bufete.","breadcrumb":{"@id":"https:\/\/www.rosinalaw.com\/es\/inmigracion-familiar\/#breadcrumb"},"inLanguage":"es","potentialAction":[{"@type":"ReadAction","target":["https:\/\/www.rosinalaw.com\/es\/inmigracion-familiar\/"]}]},{"@type":"ImageObject","inLanguage":"es","@id":"https:\/\/www.rosinalaw.com\/es\/inmigracion-familiar\/#primaryimage","url":"https:\/\/www.rosinalaw.com\/wp-content\/uploads\/2023\/06\/blog_fet.png","contentUrl":"https:\/\/www.rosinalaw.com\/wp-content\/uploads\/2023\/06\/blog_fet.png","width":1100,"height":590},{"@type":"BreadcrumbList","@id":"https:\/\/www.rosinalaw.com\/es\/inmigracion-familiar\/#breadcrumb","itemListElement":[{"@type":"ListItem","position":1,"name":"Inicio","item":"https:\/\/www.rosinalaw.com\/es\/inicio\/"},{"@type":"ListItem","position":2,"name":"Abogado de inmigraci\u00f3n familiar de Pensilvania"}]},{"@type":"WebSite","@id":"https:\/\/www.rosinalaw.com\/#website","url":"https:\/\/www.rosinalaw.com\/","name":"The Law Office of Rosina Stambaugh","description":"","publisher":{"@id":"https:\/\/www.rosinalaw.com\/#organization"},"potentialAction":[{"@type":"SearchAction","target":{"@type":"EntryPoint","urlTemplate":"https:\/\/www.rosinalaw.com\/?s={search_term_string}"},"query-input":{"@type":"PropertyValueSpecification","valueRequired":true,"valueName":"search_term_string"}}],"inLanguage":"es"},{"@type":"Organization","@id":"https:\/\/www.rosinalaw.com\/#organization","name":"El bufete de Rosina Stambaugh","url":"https:\/\/www.rosinalaw.com\/","logo":{"@type":"ImageObject","inLanguage":"es","@id":"https:\/\/www.rosinalaw.com\/#\/schema\/logo\/image\/","url":"https:\/\/www.rosinalaw.com\/wp-content\/uploads\/2023\/06\/logo-header.png","contentUrl":"https:\/\/www.rosinalaw.com\/wp-content\/uploads\/2023\/06\/logo-header.png","width":540,"height":80,"caption":"El bufete de Rosina Stambaugh"},"image":{"@id":"https:\/\/www.rosinalaw.com\/#\/schema\/logo\/image\/"},"sameAs":["https:\/\/www.facebook.com\/rosinastambaughlaw\/","https:\/\/x.com\/LawOffice_RCS"]}]}},"_links":{"self":[{"href":"https:\/\/www.rosinalaw.com\/es\/wp-json\/wp\/v2\/pages\/10759","targetHints":{"allow":["GET"]}}],"collection":[{"href":"https:\/\/www.rosinalaw.com\/es\/wp-json\/wp\/v2\/pages"}],"about":[{"href":"https:\/\/www.rosinalaw.com\/es\/wp-json\/wp\/v2\/types\/page"}],"author":[{"embeddable":true,"href":"https:\/\/www.rosinalaw.com\/es\/wp-json\/wp\/v2\/users\/27"}],"replies":[{"embeddable":true,"href":"https:\/\/www.rosinalaw.com\/es\/wp-json\/wp\/v2\/comments?post=10759"}],"version-history":[{"count":0,"href":"https:\/\/www.rosinalaw.com\/es\/wp-json\/wp\/v2\/pages\/10759\/revisions"}],"wp:featuredmedia":[{"embeddable":true,"href":"https:\/\/www.rosinalaw.com\/es\/wp-json\/wp\/v2\/media\/9697"}],"wp:attachment":[{"href":"https:\/\/www.rosinalaw.com\/es\/wp-json\/wp\/v2\/media?parent=10759"}],"curies":[{"name":"wp","href":"https:\/\/api.w.org\/{rel}","templated":true}]}}