{"id":10784,"date":"2023-06-27T12:26:52","date_gmt":"2023-06-27T12:26:52","guid":{"rendered":"https:\/\/rosinalaw.wpenginepowered.com\/inmigracion-familiar\/inmigracion-a-traves-de-la-familia-del-militar\/"},"modified":"2025-10-16T17:00:25","modified_gmt":"2025-10-16T17:00:25","slug":"inmigracion-a-traves-de-la-familia-del-militar","status":"publish","type":"page","link":"https:\/\/www.rosinalaw.com\/es\/inmigracion-familiar\/inmigracion-a-traves-de-la-familia-del-militar\/","title":{"rendered":"Inmigraci\u00f3n a trav\u00e9s de la Familia Militar"},"content":{"rendered":"<h1>Abogado de inmigraci\u00f3n militar<\/h1>\n<h2>Beneficios de inmigraci\u00f3n para c\u00f3nyuges y padres de militares en York<\/h2>\n<p>El sistema de inmigraci\u00f3n permite a los ciudadanos estadounidenses ayudar a sus familiares a adquirir la condici\u00f3n de residentes en EEUU. Si un ciudadano estadounidense es miembro del servicio militar, sus familiares pueden acceder a ventajas a\u00fan mayores, como procesos de solicitud acelerados. <\/p>\n<p>En <a href=\"\/\">el Bufete de Rosina C. Stambaugh<\/a>, conocemos a fondo c\u00f3mo la condici\u00f3n de militar puede cambiar el proceso de inmigraci\u00f3n. Podemos evaluar tu situaci\u00f3n para determinar si t\u00fa o un miembro de tu familia pod\u00e9is obtener los beneficios aplicables. <\/p>\n<p>Para expresar a\u00fan m\u00e1s nuestra gratitud a los militares y sus familias, ofrecemos un descuento especial para militares en activo y veteranos. Llama <a href=\"tel:717-900-1818\">al 717-900-1818<\/a> o <a href=\"https:\/\/www.rosinalaw.com\/es\/contacte-con-nosotros\/\">ponte en contacto con nosotros<\/a> por Internet para obtener m\u00e1s informaci\u00f3n. <\/p>\n<h2>Ciudadan\u00eda y residencia legal permanente<\/h2>\n<p>Si solicitas la tarjeta verde o la ciudadan\u00eda <a href=\"https:\/\/www.rosinalaw.com\/es\/naturalizacion\/\">por naturalizaci\u00f3n<\/a>, puede que te resulte m\u00e1s f\u00e1cil lograr tus objetivos si tu c\u00f3nyuge o hijo es militar o veterano.<\/p>\n<p>Por ejemplo, los c\u00f3nyuges pueden beneficiarse de un proceso de naturalizaci\u00f3n acelerado. El USCIS debe adjudicar las solicitudes de naturalizaci\u00f3n en un plazo de seis meses si se presentan en virtud de disposiciones relacionadas con el ej\u00e9rcito. <\/p>\n<p>Si un militar est\u00e1 destinado en el extranjero, su c\u00f3nyuge puede aplicar el tiempo que haya pasado con \u00e9l en el extranjero a los requisitos de presencia f\u00edsica o residencia para solicitar la nacionalidad o la tarjeta verde. Adem\u00e1s, el c\u00f3nyuge del militar puede completar la mayor parte del proceso de naturalizaci\u00f3n en el extranjero. <\/p>\n<h3>Libertad condicional y Acci\u00f3n Diferida<\/h3>\n<p>Si un extranjero entra en EE.UU. sin autorizaci\u00f3n, se le puede conceder la libertad condicional en su lugar si su c\u00f3nyuge, padre o hijo es militar o veterano. Esto les permite completar su proceso de adaptaci\u00f3n aqu\u00ed en EEUU y no tener que viajar al extranjero. <\/p>\n<p><b>Normalmente, la presencia ilegal hace que una persona no pueda optar a las prestaciones de inmigraci\u00f3n, pero la libertad condicional en vigor es un periodo durante el cual la persona:<\/b><\/p>\n<ul>\n<li>No acumula presencia ilegal<\/li>\n<li>Puedes solicitar la autorizaci\u00f3n de trabajo<\/li>\n<li>Puedes solicitar <a href=\"https:\/\/www.rosinalaw.com\/es\/tarjetas-verdes\/\">la tarjeta verde<\/a><\/li>\n<\/ul>\n<p>Una vez que te concedan la libertad condicional, puedes solicitar autorizaci\u00f3n de empleo y ajustar tu estatus a residente legal permanente si tienes un familiar que re\u00fana los requisitos y pueda solicitarlo por ti<b>.<\/b><\/p>\n<h3>Contacta con nuestro abogado de inmigraci\u00f3n militar<\/h3>\n<p>Como esposa de militar, a la abogada Stambaugh le apasiona profundamente demostrar su gratitud a los miembros del servicio y a sus seres queridos. El Despacho Jur\u00eddico de Rosina C. Stambaugh quiere hacer todo lo que est\u00e9 en su mano profesional para ayudarte a ti y a tu familia a lograr vuestros objetivos en materia de inmigraci\u00f3n. Para una asistencia dedicada respaldada por a\u00f1os de experiencia legal, deja que nuestro bufete se encargue de tu caso.  <\/p>\n<p>Llama al <a href=\"tel:717-900-1818\">717-900-1818<\/a> o <a href=\"https:\/\/www.rosinalaw.com\/es\/contacte-con-nosotros\/\">ponte en contacto con nosotros<\/a> por Internet para empezar hoy mismo. Ofrecemos descuentos para militares, veteranos y sus familiares, as\u00ed como servicios multiling\u00fces <\/p>\n","protected":false},"excerpt":{"rendered":"<p>Abogado de inmigraci\u00f3n militar Beneficios de inmigraci\u00f3n para c\u00f3nyuges y padres de militares en York El sistema de inmigraci\u00f3n permite a los ciudadanos estadounidenses ayudar a sus familiares a adquirir la condici\u00f3n de residentes en EEUU. Si un ciudadano estadounidense es miembro del servicio militar, sus familiares pueden acceder a ventajas a\u00fan mayores, como procesos [&hellip;]<\/p>\n","protected":false},"author":21,"featured_media":9697,"parent":10759,"menu_order":0,"comment_status":"closed","ping_status":"closed","template":"","meta":{"_acf_changed":false,"site-sidebar-layout":"default","site-content-layout":"default","ast-site-content-layout":"default","site-content-style":"default","site-sidebar-style":"default","ast-global-header-display":"","ast-banner-title-visibility":"","ast-main-header-display":"","ast-hfb-above-header-display":"","ast-hfb-below-header-display":"","ast-hfb-mobile-header-display":"","site-post-title":"","ast-breadcrumbs-content":"","ast-featured-img":"","footer-sml-layout":"","ast-disable-related-posts":"","theme-transparent-header-meta":"default","adv-header-id-meta":"","stick-header-meta":"","header-above-stick-meta":"","header-main-stick-meta":"","header-below-stick-meta":"","astra-migrate-meta-layouts":"default","ast-page-background-enabled":"default","ast-page-background-meta":{"desktop":{"background-color":"var(--ast-global-color-4)","background-image":"","background-repeat":"repeat","background-position":"center center","background-size":"auto","background-attachment":"scroll","background-type":"","background-media":"","overlay-type":"","overlay-color":"","overlay-opacity":"","overlay-gradient":""},"tablet":{"background-color":"","background-image":"","background-repeat":"repeat","background-position":"center center","background-size":"auto","background-attachment":"scroll","background-type":"","background-media":"","overlay-type":"","overlay-color":"","overlay-opacity":"","overlay-gradient":""},"mobile":{"background-color":"","background-image":"","background-repeat":"repeat","background-position":"center center","background-size":"auto","background-attachment":"scroll","background-type":"","background-media":"","overlay-type":"","overlay-color":"","overlay-opacity":"","overlay-gradient":""}},"ast-content-background-meta":{"desktop":{"background-color":"var(--ast-global-color-5)","background-image":"","background-repeat":"repeat","background-position":"center center","background-size":"auto","background-attachment":"scroll","background-type":"","background-media":"","overlay-type":"","overlay-color":"","overlay-opacity":"","overlay-gradient":""},"tablet":{"background-color":"var(--ast-global-color-5)","background-image":"","background-repeat":"repeat","background-position":"center center","background-size":"auto","background-attachment":"scroll","background-type":"","background-media":"","overlay-type":"","overlay-color":"","overlay-opacity":"","overlay-gradient":""},"mobile":{"background-color":"var(--ast-global-color-5)","background-image":"","background-repeat":"repeat","background-position":"center center","background-size":"auto","background-attachment":"scroll","background-type":"","background-media":"","overlay-type":"","overlay-color":"","overlay-opacity":"","overlay-gradient":""}},"footnotes":""},"class_list":["post-10784","page","type-page","status-publish","has-post-thumbnail","hentry"],"acf":[],"yoast_head":"<!-- This site is optimized with the Yoast SEO plugin v27.3 - https:\/\/yoast.com\/product\/yoast-seo-wordpress\/ -->\n<title>Abogado de Inmigraci\u00f3n Militar | York, PA | Abogada Rosina Stambaugh<\/title>\n<meta name=\"description\" content=\"Los abogados especializados en inmigraci\u00f3n militar del bufete de Rosina C. Stambaugh representan a militares y a sus familias.\" \/>\n<meta name=\"robots\" content=\"index, follow, max-snippet:-1, max-image-preview:large, max-video-preview:-1\" \/>\n<link rel=\"canonical\" href=\"https:\/\/www.rosinalaw.com\/es\/inmigracion-familiar\/inmigracion-a-traves-de-la-familia-del-militar\/\" \/>\n<meta property=\"og:locale\" content=\"es_ES\" \/>\n<meta property=\"og:type\" content=\"article\" \/>\n<meta property=\"og:title\" content=\"Abogado de Inmigraci\u00f3n Militar | York, PA | Abogada Rosina Stambaugh\" \/>\n<meta property=\"og:description\" content=\"Los abogados especializados en inmigraci\u00f3n militar del bufete de Rosina C. Stambaugh representan a militares y a sus familias.\" \/>\n<meta property=\"og:url\" content=\"https:\/\/www.rosinalaw.com\/es\/inmigracion-familiar\/inmigracion-a-traves-de-la-familia-del-militar\/\" \/>\n<meta property=\"og:site_name\" content=\"The Law Office of Rosina Stambaugh\" \/>\n<meta property=\"article:publisher\" content=\"https:\/\/www.facebook.com\/rosinastambaughlaw\/\" \/>\n<meta property=\"article:modified_time\" content=\"2025-10-16T17:00:25+00:00\" \/>\n<meta property=\"og:image\" content=\"https:\/\/www.rosinalaw.com\/wp-content\/uploads\/2023\/06\/blog_fet.png\" \/>\n\t<meta property=\"og:image:width\" content=\"1100\" \/>\n\t<meta property=\"og:image:height\" content=\"590\" \/>\n\t<meta property=\"og:image:type\" content=\"image\/png\" \/>\n<meta name=\"twitter:card\" content=\"summary_large_image\" \/>\n<meta name=\"twitter:site\" content=\"@LawOffice_RCS\" \/>\n<meta name=\"twitter:label1\" content=\"Tiempo de lectura\" \/>\n\t<meta name=\"twitter:data1\" content=\"3 minutos\" \/>\n<script type=\"application\/ld+json\" class=\"yoast-schema-graph\">{\"@context\":\"https:\\\/\\\/schema.org\",\"@graph\":[{\"@type\":\"WebPage\",\"@id\":\"https:\\\/\\\/www.rosinalaw.com\\\/es\\\/inmigracion-familiar\\\/inmigracion-a-traves-de-la-familia-del-militar\\\/\",\"url\":\"https:\\\/\\\/www.rosinalaw.com\\\/es\\\/inmigracion-familiar\\\/inmigracion-a-traves-de-la-familia-del-militar\\\/\",\"name\":\"Abogado de Inmigraci\u00f3n Militar | York, PA | Abogada Rosina Stambaugh\",\"isPartOf\":{\"@id\":\"https:\\\/\\\/www.rosinalaw.com\\\/#website\"},\"primaryImageOfPage\":{\"@id\":\"https:\\\/\\\/www.rosinalaw.com\\\/es\\\/inmigracion-familiar\\\/inmigracion-a-traves-de-la-familia-del-militar\\\/#primaryimage\"},\"image\":{\"@id\":\"https:\\\/\\\/www.rosinalaw.com\\\/es\\\/inmigracion-familiar\\\/inmigracion-a-traves-de-la-familia-del-militar\\\/#primaryimage\"},\"thumbnailUrl\":\"https:\\\/\\\/www.rosinalaw.com\\\/wp-content\\\/uploads\\\/2023\\\/06\\\/blog_fet.png\",\"datePublished\":\"2023-06-27T12:26:52+00:00\",\"dateModified\":\"2025-10-16T17:00:25+00:00\",\"description\":\"Los abogados especializados en inmigraci\u00f3n militar del bufete de Rosina C. Stambaugh representan a militares y a sus familias.\",\"breadcrumb\":{\"@id\":\"https:\\\/\\\/www.rosinalaw.com\\\/es\\\/inmigracion-familiar\\\/inmigracion-a-traves-de-la-familia-del-militar\\\/#breadcrumb\"},\"inLanguage\":\"es\",\"potentialAction\":[{\"@type\":\"ReadAction\",\"target\":[\"https:\\\/\\\/www.rosinalaw.com\\\/es\\\/inmigracion-familiar\\\/inmigracion-a-traves-de-la-familia-del-militar\\\/\"]}]},{\"@type\":\"ImageObject\",\"inLanguage\":\"es\",\"@id\":\"https:\\\/\\\/www.rosinalaw.com\\\/es\\\/inmigracion-familiar\\\/inmigracion-a-traves-de-la-familia-del-militar\\\/#primaryimage\",\"url\":\"https:\\\/\\\/www.rosinalaw.com\\\/wp-content\\\/uploads\\\/2023\\\/06\\\/blog_fet.png\",\"contentUrl\":\"https:\\\/\\\/www.rosinalaw.com\\\/wp-content\\\/uploads\\\/2023\\\/06\\\/blog_fet.png\",\"width\":1100,\"height\":590},{\"@type\":\"BreadcrumbList\",\"@id\":\"https:\\\/\\\/www.rosinalaw.com\\\/es\\\/inmigracion-familiar\\\/inmigracion-a-traves-de-la-familia-del-militar\\\/#breadcrumb\",\"itemListElement\":[{\"@type\":\"ListItem\",\"position\":1,\"name\":\"Inicio\",\"item\":\"https:\\\/\\\/www.rosinalaw.com\\\/es\\\/inicio\\\/\"},{\"@type\":\"ListItem\",\"position\":2,\"name\":\"Abogado de inmigraci\u00f3n familiar de Pensilvania\",\"item\":\"https:\\\/\\\/www.rosinalaw.com\\\/es\\\/inmigracion-familiar\\\/\"},{\"@type\":\"ListItem\",\"position\":3,\"name\":\"Inmigraci\u00f3n a trav\u00e9s de la Familia Militar\"}]},{\"@type\":\"WebSite\",\"@id\":\"https:\\\/\\\/www.rosinalaw.com\\\/#website\",\"url\":\"https:\\\/\\\/www.rosinalaw.com\\\/\",\"name\":\"The Law Office of Rosina Stambaugh\",\"description\":\"\",\"publisher\":{\"@id\":\"https:\\\/\\\/www.rosinalaw.com\\\/#organization\"},\"potentialAction\":[{\"@type\":\"SearchAction\",\"target\":{\"@type\":\"EntryPoint\",\"urlTemplate\":\"https:\\\/\\\/www.rosinalaw.com\\\/?s={search_term_string}\"},\"query-input\":{\"@type\":\"PropertyValueSpecification\",\"valueRequired\":true,\"valueName\":\"search_term_string\"}}],\"inLanguage\":\"es\"},{\"@type\":\"Organization\",\"@id\":\"https:\\\/\\\/www.rosinalaw.com\\\/#organization\",\"name\":\"El bufete de Rosina Stambaugh\",\"url\":\"https:\\\/\\\/www.rosinalaw.com\\\/\",\"logo\":{\"@type\":\"ImageObject\",\"inLanguage\":\"es\",\"@id\":\"https:\\\/\\\/www.rosinalaw.com\\\/#\\\/schema\\\/logo\\\/image\\\/\",\"url\":\"https:\\\/\\\/www.rosinalaw.com\\\/wp-content\\\/uploads\\\/2023\\\/06\\\/logo-header.png\",\"contentUrl\":\"https:\\\/\\\/www.rosinalaw.com\\\/wp-content\\\/uploads\\\/2023\\\/06\\\/logo-header.png\",\"width\":540,\"height\":80,\"caption\":\"El bufete de Rosina Stambaugh\"},\"image\":{\"@id\":\"https:\\\/\\\/www.rosinalaw.com\\\/#\\\/schema\\\/logo\\\/image\\\/\"},\"sameAs\":[\"https:\\\/\\\/www.facebook.com\\\/rosinastambaughlaw\\\/\",\"https:\\\/\\\/x.com\\\/LawOffice_RCS\"]}]}<\/script>\n<!-- \/ Yoast SEO plugin. -->","yoast_head_json":{"title":"Abogado de Inmigraci\u00f3n Militar | York, PA | Abogada Rosina Stambaugh","description":"Los abogados especializados en inmigraci\u00f3n militar del bufete de Rosina C. Stambaugh representan a militares y a sus familias.","robots":{"index":"index","follow":"follow","max-snippet":"max-snippet:-1","max-image-preview":"max-image-preview:large","max-video-preview":"max-video-preview:-1"},"canonical":"https:\/\/www.rosinalaw.com\/es\/inmigracion-familiar\/inmigracion-a-traves-de-la-familia-del-militar\/","og_locale":"es_ES","og_type":"article","og_title":"Abogado de Inmigraci\u00f3n Militar | York, PA | Abogada Rosina Stambaugh","og_description":"Los abogados especializados en inmigraci\u00f3n militar del bufete de Rosina C. Stambaugh representan a militares y a sus familias.","og_url":"https:\/\/www.rosinalaw.com\/es\/inmigracion-familiar\/inmigracion-a-traves-de-la-familia-del-militar\/","og_site_name":"The Law Office of Rosina Stambaugh","article_publisher":"https:\/\/www.facebook.com\/rosinastambaughlaw\/","article_modified_time":"2025-10-16T17:00:25+00:00","og_image":[{"width":1100,"height":590,"url":"https:\/\/www.rosinalaw.com\/wp-content\/uploads\/2023\/06\/blog_fet.png","type":"image\/png"}],"twitter_card":"summary_large_image","twitter_site":"@LawOffice_RCS","twitter_misc":{"Tiempo de lectura":"3 minutos"},"schema":{"@context":"https:\/\/schema.org","@graph":[{"@type":"WebPage","@id":"https:\/\/www.rosinalaw.com\/es\/inmigracion-familiar\/inmigracion-a-traves-de-la-familia-del-militar\/","url":"https:\/\/www.rosinalaw.com\/es\/inmigracion-familiar\/inmigracion-a-traves-de-la-familia-del-militar\/","name":"Abogado de Inmigraci\u00f3n Militar | York, PA | Abogada Rosina Stambaugh","isPartOf":{"@id":"https:\/\/www.rosinalaw.com\/#website"},"primaryImageOfPage":{"@id":"https:\/\/www.rosinalaw.com\/es\/inmigracion-familiar\/inmigracion-a-traves-de-la-familia-del-militar\/#primaryimage"},"image":{"@id":"https:\/\/www.rosinalaw.com\/es\/inmigracion-familiar\/inmigracion-a-traves-de-la-familia-del-militar\/#primaryimage"},"thumbnailUrl":"https:\/\/www.rosinalaw.com\/wp-content\/uploads\/2023\/06\/blog_fet.png","datePublished":"2023-06-27T12:26:52+00:00","dateModified":"2025-10-16T17:00:25+00:00","description":"Los abogados especializados en inmigraci\u00f3n militar del bufete de Rosina C. Stambaugh representan a militares y a sus familias.","breadcrumb":{"@id":"https:\/\/www.rosinalaw.com\/es\/inmigracion-familiar\/inmigracion-a-traves-de-la-familia-del-militar\/#breadcrumb"},"inLanguage":"es","potentialAction":[{"@type":"ReadAction","target":["https:\/\/www.rosinalaw.com\/es\/inmigracion-familiar\/inmigracion-a-traves-de-la-familia-del-militar\/"]}]},{"@type":"ImageObject","inLanguage":"es","@id":"https:\/\/www.rosinalaw.com\/es\/inmigracion-familiar\/inmigracion-a-traves-de-la-familia-del-militar\/#primaryimage","url":"https:\/\/www.rosinalaw.com\/wp-content\/uploads\/2023\/06\/blog_fet.png","contentUrl":"https:\/\/www.rosinalaw.com\/wp-content\/uploads\/2023\/06\/blog_fet.png","width":1100,"height":590},{"@type":"BreadcrumbList","@id":"https:\/\/www.rosinalaw.com\/es\/inmigracion-familiar\/inmigracion-a-traves-de-la-familia-del-militar\/#breadcrumb","itemListElement":[{"@type":"ListItem","position":1,"name":"Inicio","item":"https:\/\/www.rosinalaw.com\/es\/inicio\/"},{"@type":"ListItem","position":2,"name":"Abogado de inmigraci\u00f3n familiar de Pensilvania","item":"https:\/\/www.rosinalaw.com\/es\/inmigracion-familiar\/"},{"@type":"ListItem","position":3,"name":"Inmigraci\u00f3n a trav\u00e9s de la Familia Militar"}]},{"@type":"WebSite","@id":"https:\/\/www.rosinalaw.com\/#website","url":"https:\/\/www.rosinalaw.com\/","name":"The Law Office of Rosina Stambaugh","description":"","publisher":{"@id":"https:\/\/www.rosinalaw.com\/#organization"},"potentialAction":[{"@type":"SearchAction","target":{"@type":"EntryPoint","urlTemplate":"https:\/\/www.rosinalaw.com\/?s={search_term_string}"},"query-input":{"@type":"PropertyValueSpecification","valueRequired":true,"valueName":"search_term_string"}}],"inLanguage":"es"},{"@type":"Organization","@id":"https:\/\/www.rosinalaw.com\/#organization","name":"El bufete de Rosina Stambaugh","url":"https:\/\/www.rosinalaw.com\/","logo":{"@type":"ImageObject","inLanguage":"es","@id":"https:\/\/www.rosinalaw.com\/#\/schema\/logo\/image\/","url":"https:\/\/www.rosinalaw.com\/wp-content\/uploads\/2023\/06\/logo-header.png","contentUrl":"https:\/\/www.rosinalaw.com\/wp-content\/uploads\/2023\/06\/logo-header.png","width":540,"height":80,"caption":"El bufete de Rosina Stambaugh"},"image":{"@id":"https:\/\/www.rosinalaw.com\/#\/schema\/logo\/image\/"},"sameAs":["https:\/\/www.facebook.com\/rosinastambaughlaw\/","https:\/\/x.com\/LawOffice_RCS"]}]}},"_links":{"self":[{"href":"https:\/\/www.rosinalaw.com\/es\/wp-json\/wp\/v2\/pages\/10784","targetHints":{"allow":["GET"]}}],"collection":[{"href":"https:\/\/www.rosinalaw.com\/es\/wp-json\/wp\/v2\/pages"}],"about":[{"href":"https:\/\/www.rosinalaw.com\/es\/wp-json\/wp\/v2\/types\/page"}],"author":[{"embeddable":true,"href":"https:\/\/www.rosinalaw.com\/es\/wp-json\/wp\/v2\/users\/21"}],"replies":[{"embeddable":true,"href":"https:\/\/www.rosinalaw.com\/es\/wp-json\/wp\/v2\/comments?post=10784"}],"version-history":[{"count":0,"href":"https:\/\/www.rosinalaw.com\/es\/wp-json\/wp\/v2\/pages\/10784\/revisions"}],"up":[{"embeddable":true,"href":"https:\/\/www.rosinalaw.com\/es\/wp-json\/wp\/v2\/pages\/10759"}],"wp:featuredmedia":[{"embeddable":true,"href":"https:\/\/www.rosinalaw.com\/es\/wp-json\/wp\/v2\/media\/9697"}],"wp:attachment":[{"href":"https:\/\/www.rosinalaw.com\/es\/wp-json\/wp\/v2\/media?parent=10784"}],"curies":[{"name":"wp","href":"https:\/\/api.w.org\/{rel}","templated":true}]}}