{"id":10792,"date":"2023-07-21T09:55:56","date_gmt":"2023-07-21T09:55:56","guid":{"rendered":"https:\/\/rosinalaw.wpenginepowered.com\/inmigracion\/daca\/"},"modified":"2025-10-16T17:00:45","modified_gmt":"2025-10-16T17:00:45","slug":"daca","status":"publish","type":"page","link":"https:\/\/www.rosinalaw.com\/es\/espanol\/inmigracion\/daca\/","title":{"rendered":"DACA"},"content":{"rendered":"<h1>DACA<\/h1>\n<h2>Fundada en Honestidad e Integridad<\/h2>\n<h2>DACA (Acci\u00f3n Diferida para los Llegados en la Infancia)<\/h2>\n<h2>Abogada De Inmigraci\u00f3n Con Experiencia en York<\/h2>\n<p>En 2012, entr\u00f3 en vigor una orden ejecutiva conocida como DACA (Acci\u00f3n Diferida para los Llegados en la Infancia). DACA trata de proteger a los individuos que permanecieron en el pa\u00eds una vez que su visado expir\u00f3 o que vinieron a los EE.UU. sin documentaci\u00f3n debido a las acciones de sus padres cuando ellos eran menores. DACA puede emplearse para ayudar a individuos enfrent\u00e1ndose a la deportaci\u00f3n o a aquellos que necesitan una acci\u00f3n diferida por motivos de trabajo. La abogada de inmigraci\u00f3n de York en The Law Office of Rosina C. Stambaugh puede ayudarle a explorar sus cualificaciones y determinar si puede obtener DACA. Para m\u00e1s informaci\u00f3n visita <a href=\"https:\/\/www.dhs.gov\/news\/2017\/09\/05\/frequently-asked-questions-rescission-deferred-action-childhood-arrivals-daca\" target=\"_blank\" rel=\"noopener\">DHS.gov FAQ<\/a>.     <\/p>\n<h3>Requisitos Para Obtener La Acci\u00f3n Diferida Para Los Llegados en La Infancia<\/h3>\n<p>Existen varios factores diferentes que pueden afectar a su elegibilidad, los cuales pueden discutirse con Rosina C. Stanbaugh. No puede depender de la acci\u00f3n diferida para prevenir la deportaci\u00f3n o procesos de expulsi\u00f3n, ya que DACA puede ser revocado en cualquier momento ya que es discrecional. <\/p>\n<div class=\"bullet-list t1\">\n<p><strong>Debe cumplir los siguientes criterios para solicitar DACA:<\/strong><\/p>\n<ul>\n<li>Usted lleg\u00f3 a los EE.UU. antes de que tuviera 16 a\u00f1os de edad. <\/li>\n<li>Ten\u00eda menos de 31 a\u00f1os de edad el 15 de junio de 2012.<\/li>\n<li>No ten\u00eda condenas por delitos mayores.<\/li>\n<li>No ten\u00eda condenas por delitos menores significativos.<\/li>\n<li>Se gradu\u00f3 de la escuela secundaria, obtuvo su GED, o est\u00e1 actualmente en la escuela.<\/li>\n<li>Actualmente se encuentra en los EE.UU. para solicitar una acci\u00f3n diferida. <\/li>\n<li>Ha vivido en los EE.UU. desde el 15 de junio de 2007 <\/li>\n<li>No ten\u00eda estatus legal el 15 de junio de 2012<\/li>\n<\/ul>\n<\/div>\n<h3>Beneficios De La Acci\u00f3n Diferida<\/h3>\n<p>Una vez que usted sea aprobado y se le conceda una acci\u00f3n diferida bajo DACA, se le permitir\u00e1 permanecer y trabajar legalmente en los EE.UU. Rosina C. Stambaugh conoce en profundidad los requisitos necesarios para DACA, y tambi\u00e9n c\u00f3mo evitar cometer errores en el proceso de solicitud. <\/p>\n<div class=\"text-highlight t3 light-bg\">\n<p class=\"text-highlight v1 bg-box unlike-bg side-padding-medium vertical-padding-tiny\"><strong>Si quiere hablar con ella para discutir si usted puede solicitar o no una acci\u00f3n diferida, por favor p\u00f3ngase en contacto con nuestra abogada de inmigraci\u00f3n en York en el <a href=\"tel:717-900-1818\">717-900-1818<\/a>.<\/strong><\/p>\n<\/div>\n","protected":false},"excerpt":{"rendered":"<p>DACA Fundada en Honestidad e Integridad DACA (Acci\u00f3n Diferida para los Llegados en la Infancia) Abogada De Inmigraci\u00f3n Con Experiencia en York En 2012, entr\u00f3 en vigor una orden ejecutiva conocida como DACA (Acci\u00f3n Diferida para los Llegados en la Infancia). DACA trata de proteger a los individuos que permanecieron en el pa\u00eds una vez [&hellip;]<\/p>\n","protected":false},"author":21,"featured_media":9697,"parent":10725,"menu_order":0,"comment_status":"closed","ping_status":"closed","template":"","meta":{"_acf_changed":false,"site-sidebar-layout":"default","site-content-layout":"default","ast-site-content-layout":"default","site-content-style":"default","site-sidebar-style":"default","ast-global-header-display":"","ast-banner-title-visibility":"","ast-main-header-display":"","ast-hfb-above-header-display":"","ast-hfb-below-header-display":"","ast-hfb-mobile-header-display":"","site-post-title":"","ast-breadcrumbs-content":"","ast-featured-img":"","footer-sml-layout":"","ast-disable-related-posts":"","theme-transparent-header-meta":"default","adv-header-id-meta":"","stick-header-meta":"","header-above-stick-meta":"","header-main-stick-meta":"","header-below-stick-meta":"","astra-migrate-meta-layouts":"default","ast-page-background-enabled":"default","ast-page-background-meta":{"desktop":{"background-color":"var(--ast-global-color-4)","background-image":"","background-repeat":"repeat","background-position":"center center","background-size":"auto","background-attachment":"scroll","background-type":"","background-media":"","overlay-type":"","overlay-color":"","overlay-opacity":"","overlay-gradient":""},"tablet":{"background-color":"","background-image":"","background-repeat":"repeat","background-position":"center center","background-size":"auto","background-attachment":"scroll","background-type":"","background-media":"","overlay-type":"","overlay-color":"","overlay-opacity":"","overlay-gradient":""},"mobile":{"background-color":"","background-image":"","background-repeat":"repeat","background-position":"center center","background-size":"auto","background-attachment":"scroll","background-type":"","background-media":"","overlay-type":"","overlay-color":"","overlay-opacity":"","overlay-gradient":""}},"ast-content-background-meta":{"desktop":{"background-color":"var(--ast-global-color-5)","background-image":"","background-repeat":"repeat","background-position":"center center","background-size":"auto","background-attachment":"scroll","background-type":"","background-media":"","overlay-type":"","overlay-color":"","overlay-opacity":"","overlay-gradient":""},"tablet":{"background-color":"var(--ast-global-color-5)","background-image":"","background-repeat":"repeat","background-position":"center center","background-size":"auto","background-attachment":"scroll","background-type":"","background-media":"","overlay-type":"","overlay-color":"","overlay-opacity":"","overlay-gradient":""},"mobile":{"background-color":"var(--ast-global-color-5)","background-image":"","background-repeat":"repeat","background-position":"center center","background-size":"auto","background-attachment":"scroll","background-type":"","background-media":"","overlay-type":"","overlay-color":"","overlay-opacity":"","overlay-gradient":""}},"footnotes":""},"class_list":["post-10792","page","type-page","status-publish","has-post-thumbnail","hentry"],"acf":[],"yoast_head":"<!-- This site is optimized with the Yoast SEO plugin v27.3 - https:\/\/yoast.com\/product\/yoast-seo-wordpress\/ -->\n<title>DACA | York Abogado de Inmigraci\u00f3n<\/title>\n<meta name=\"description\" content=\"DACA. El abogado del Bufete de Rosina C. Stambaugh tiene a\u00f1os de experiencia y puede ayudarte a obtener la ayuda legal que necesitas.\" \/>\n<meta name=\"robots\" content=\"index, follow, max-snippet:-1, max-image-preview:large, max-video-preview:-1\" \/>\n<link rel=\"canonical\" href=\"https:\/\/www.rosinalaw.com\/es\/espanol\/inmigracion\/daca\/\" \/>\n<meta property=\"og:locale\" content=\"es_ES\" \/>\n<meta property=\"og:type\" content=\"article\" \/>\n<meta property=\"og:title\" content=\"DACA | York Abogado de Inmigraci\u00f3n\" \/>\n<meta property=\"og:description\" content=\"DACA. El abogado del Bufete de Rosina C. Stambaugh tiene a\u00f1os de experiencia y puede ayudarte a obtener la ayuda legal que necesitas.\" \/>\n<meta property=\"og:url\" content=\"https:\/\/www.rosinalaw.com\/es\/espanol\/inmigracion\/daca\/\" \/>\n<meta property=\"og:site_name\" content=\"The Law Office of Rosina Stambaugh\" \/>\n<meta property=\"article:publisher\" content=\"https:\/\/www.facebook.com\/rosinastambaughlaw\/\" \/>\n<meta property=\"article:modified_time\" content=\"2025-10-16T17:00:45+00:00\" \/>\n<meta property=\"og:image\" content=\"https:\/\/www.rosinalaw.com\/wp-content\/uploads\/2023\/06\/blog_fet.png\" \/>\n\t<meta property=\"og:image:width\" content=\"1100\" \/>\n\t<meta property=\"og:image:height\" content=\"590\" \/>\n\t<meta property=\"og:image:type\" content=\"image\/png\" \/>\n<meta name=\"twitter:card\" content=\"summary_large_image\" \/>\n<meta name=\"twitter:site\" content=\"@LawOffice_RCS\" \/>\n<meta name=\"twitter:label1\" content=\"Tiempo de lectura\" \/>\n\t<meta name=\"twitter:data1\" content=\"2 minutos\" \/>\n<script type=\"application\/ld+json\" class=\"yoast-schema-graph\">{\"@context\":\"https:\\\/\\\/schema.org\",\"@graph\":[{\"@type\":\"WebPage\",\"@id\":\"https:\\\/\\\/www.rosinalaw.com\\\/es\\\/espanol\\\/inmigracion\\\/daca\\\/\",\"url\":\"https:\\\/\\\/www.rosinalaw.com\\\/es\\\/espanol\\\/inmigracion\\\/daca\\\/\",\"name\":\"DACA | York Abogado de Inmigraci\u00f3n\",\"isPartOf\":{\"@id\":\"https:\\\/\\\/www.rosinalaw.com\\\/#website\"},\"primaryImageOfPage\":{\"@id\":\"https:\\\/\\\/www.rosinalaw.com\\\/es\\\/espanol\\\/inmigracion\\\/daca\\\/#primaryimage\"},\"image\":{\"@id\":\"https:\\\/\\\/www.rosinalaw.com\\\/es\\\/espanol\\\/inmigracion\\\/daca\\\/#primaryimage\"},\"thumbnailUrl\":\"https:\\\/\\\/www.rosinalaw.com\\\/wp-content\\\/uploads\\\/2023\\\/06\\\/blog_fet.png\",\"datePublished\":\"2023-07-21T09:55:56+00:00\",\"dateModified\":\"2025-10-16T17:00:45+00:00\",\"description\":\"DACA. El abogado del Bufete de Rosina C. Stambaugh tiene a\u00f1os de experiencia y puede ayudarte a obtener la ayuda legal que necesitas.\",\"breadcrumb\":{\"@id\":\"https:\\\/\\\/www.rosinalaw.com\\\/es\\\/espanol\\\/inmigracion\\\/daca\\\/#breadcrumb\"},\"inLanguage\":\"es\",\"potentialAction\":[{\"@type\":\"ReadAction\",\"target\":[\"https:\\\/\\\/www.rosinalaw.com\\\/es\\\/espanol\\\/inmigracion\\\/daca\\\/\"]}]},{\"@type\":\"ImageObject\",\"inLanguage\":\"es\",\"@id\":\"https:\\\/\\\/www.rosinalaw.com\\\/es\\\/espanol\\\/inmigracion\\\/daca\\\/#primaryimage\",\"url\":\"https:\\\/\\\/www.rosinalaw.com\\\/wp-content\\\/uploads\\\/2023\\\/06\\\/blog_fet.png\",\"contentUrl\":\"https:\\\/\\\/www.rosinalaw.com\\\/wp-content\\\/uploads\\\/2023\\\/06\\\/blog_fet.png\",\"width\":1100,\"height\":590},{\"@type\":\"BreadcrumbList\",\"@id\":\"https:\\\/\\\/www.rosinalaw.com\\\/es\\\/espanol\\\/inmigracion\\\/daca\\\/#breadcrumb\",\"itemListElement\":[{\"@type\":\"ListItem\",\"position\":1,\"name\":\"Inicio\",\"item\":\"https:\\\/\\\/www.rosinalaw.com\\\/es\\\/inicio\\\/\"},{\"@type\":\"ListItem\",\"position\":2,\"name\":\"Espa\u00f1ol\",\"item\":\"https:\\\/\\\/www.rosinalaw.com\\\/es\\\/espanol\\\/\"},{\"@type\":\"ListItem\",\"position\":3,\"name\":\"Inmigraci\u00f3n\",\"item\":\"https:\\\/\\\/www.rosinalaw.com\\\/es\\\/espanol\\\/inmigracion\\\/\"},{\"@type\":\"ListItem\",\"position\":4,\"name\":\"DACA\"}]},{\"@type\":\"WebSite\",\"@id\":\"https:\\\/\\\/www.rosinalaw.com\\\/#website\",\"url\":\"https:\\\/\\\/www.rosinalaw.com\\\/\",\"name\":\"The Law Office of Rosina Stambaugh\",\"description\":\"\",\"publisher\":{\"@id\":\"https:\\\/\\\/www.rosinalaw.com\\\/#organization\"},\"potentialAction\":[{\"@type\":\"SearchAction\",\"target\":{\"@type\":\"EntryPoint\",\"urlTemplate\":\"https:\\\/\\\/www.rosinalaw.com\\\/?s={search_term_string}\"},\"query-input\":{\"@type\":\"PropertyValueSpecification\",\"valueRequired\":true,\"valueName\":\"search_term_string\"}}],\"inLanguage\":\"es\"},{\"@type\":\"Organization\",\"@id\":\"https:\\\/\\\/www.rosinalaw.com\\\/#organization\",\"name\":\"El bufete de Rosina Stambaugh\",\"url\":\"https:\\\/\\\/www.rosinalaw.com\\\/\",\"logo\":{\"@type\":\"ImageObject\",\"inLanguage\":\"es\",\"@id\":\"https:\\\/\\\/www.rosinalaw.com\\\/#\\\/schema\\\/logo\\\/image\\\/\",\"url\":\"https:\\\/\\\/www.rosinalaw.com\\\/wp-content\\\/uploads\\\/2023\\\/06\\\/logo-header.png\",\"contentUrl\":\"https:\\\/\\\/www.rosinalaw.com\\\/wp-content\\\/uploads\\\/2023\\\/06\\\/logo-header.png\",\"width\":540,\"height\":80,\"caption\":\"El bufete de Rosina Stambaugh\"},\"image\":{\"@id\":\"https:\\\/\\\/www.rosinalaw.com\\\/#\\\/schema\\\/logo\\\/image\\\/\"},\"sameAs\":[\"https:\\\/\\\/www.facebook.com\\\/rosinastambaughlaw\\\/\",\"https:\\\/\\\/x.com\\\/LawOffice_RCS\"]}]}<\/script>\n<!-- \/ Yoast SEO plugin. -->","yoast_head_json":{"title":"DACA | York Abogado de Inmigraci\u00f3n","description":"DACA. El abogado del Bufete de Rosina C. Stambaugh tiene a\u00f1os de experiencia y puede ayudarte a obtener la ayuda legal que necesitas.","robots":{"index":"index","follow":"follow","max-snippet":"max-snippet:-1","max-image-preview":"max-image-preview:large","max-video-preview":"max-video-preview:-1"},"canonical":"https:\/\/www.rosinalaw.com\/es\/espanol\/inmigracion\/daca\/","og_locale":"es_ES","og_type":"article","og_title":"DACA | York Abogado de Inmigraci\u00f3n","og_description":"DACA. El abogado del Bufete de Rosina C. Stambaugh tiene a\u00f1os de experiencia y puede ayudarte a obtener la ayuda legal que necesitas.","og_url":"https:\/\/www.rosinalaw.com\/es\/espanol\/inmigracion\/daca\/","og_site_name":"The Law Office of Rosina Stambaugh","article_publisher":"https:\/\/www.facebook.com\/rosinastambaughlaw\/","article_modified_time":"2025-10-16T17:00:45+00:00","og_image":[{"width":1100,"height":590,"url":"https:\/\/www.rosinalaw.com\/wp-content\/uploads\/2023\/06\/blog_fet.png","type":"image\/png"}],"twitter_card":"summary_large_image","twitter_site":"@LawOffice_RCS","twitter_misc":{"Tiempo de lectura":"2 minutos"},"schema":{"@context":"https:\/\/schema.org","@graph":[{"@type":"WebPage","@id":"https:\/\/www.rosinalaw.com\/es\/espanol\/inmigracion\/daca\/","url":"https:\/\/www.rosinalaw.com\/es\/espanol\/inmigracion\/daca\/","name":"DACA | York Abogado de Inmigraci\u00f3n","isPartOf":{"@id":"https:\/\/www.rosinalaw.com\/#website"},"primaryImageOfPage":{"@id":"https:\/\/www.rosinalaw.com\/es\/espanol\/inmigracion\/daca\/#primaryimage"},"image":{"@id":"https:\/\/www.rosinalaw.com\/es\/espanol\/inmigracion\/daca\/#primaryimage"},"thumbnailUrl":"https:\/\/www.rosinalaw.com\/wp-content\/uploads\/2023\/06\/blog_fet.png","datePublished":"2023-07-21T09:55:56+00:00","dateModified":"2025-10-16T17:00:45+00:00","description":"DACA. El abogado del Bufete de Rosina C. Stambaugh tiene a\u00f1os de experiencia y puede ayudarte a obtener la ayuda legal que necesitas.","breadcrumb":{"@id":"https:\/\/www.rosinalaw.com\/es\/espanol\/inmigracion\/daca\/#breadcrumb"},"inLanguage":"es","potentialAction":[{"@type":"ReadAction","target":["https:\/\/www.rosinalaw.com\/es\/espanol\/inmigracion\/daca\/"]}]},{"@type":"ImageObject","inLanguage":"es","@id":"https:\/\/www.rosinalaw.com\/es\/espanol\/inmigracion\/daca\/#primaryimage","url":"https:\/\/www.rosinalaw.com\/wp-content\/uploads\/2023\/06\/blog_fet.png","contentUrl":"https:\/\/www.rosinalaw.com\/wp-content\/uploads\/2023\/06\/blog_fet.png","width":1100,"height":590},{"@type":"BreadcrumbList","@id":"https:\/\/www.rosinalaw.com\/es\/espanol\/inmigracion\/daca\/#breadcrumb","itemListElement":[{"@type":"ListItem","position":1,"name":"Inicio","item":"https:\/\/www.rosinalaw.com\/es\/inicio\/"},{"@type":"ListItem","position":2,"name":"Espa\u00f1ol","item":"https:\/\/www.rosinalaw.com\/es\/espanol\/"},{"@type":"ListItem","position":3,"name":"Inmigraci\u00f3n","item":"https:\/\/www.rosinalaw.com\/es\/espanol\/inmigracion\/"},{"@type":"ListItem","position":4,"name":"DACA"}]},{"@type":"WebSite","@id":"https:\/\/www.rosinalaw.com\/#website","url":"https:\/\/www.rosinalaw.com\/","name":"The Law Office of Rosina Stambaugh","description":"","publisher":{"@id":"https:\/\/www.rosinalaw.com\/#organization"},"potentialAction":[{"@type":"SearchAction","target":{"@type":"EntryPoint","urlTemplate":"https:\/\/www.rosinalaw.com\/?s={search_term_string}"},"query-input":{"@type":"PropertyValueSpecification","valueRequired":true,"valueName":"search_term_string"}}],"inLanguage":"es"},{"@type":"Organization","@id":"https:\/\/www.rosinalaw.com\/#organization","name":"El bufete de Rosina Stambaugh","url":"https:\/\/www.rosinalaw.com\/","logo":{"@type":"ImageObject","inLanguage":"es","@id":"https:\/\/www.rosinalaw.com\/#\/schema\/logo\/image\/","url":"https:\/\/www.rosinalaw.com\/wp-content\/uploads\/2023\/06\/logo-header.png","contentUrl":"https:\/\/www.rosinalaw.com\/wp-content\/uploads\/2023\/06\/logo-header.png","width":540,"height":80,"caption":"El bufete de Rosina Stambaugh"},"image":{"@id":"https:\/\/www.rosinalaw.com\/#\/schema\/logo\/image\/"},"sameAs":["https:\/\/www.facebook.com\/rosinastambaughlaw\/","https:\/\/x.com\/LawOffice_RCS"]}]}},"_links":{"self":[{"href":"https:\/\/www.rosinalaw.com\/es\/wp-json\/wp\/v2\/pages\/10792","targetHints":{"allow":["GET"]}}],"collection":[{"href":"https:\/\/www.rosinalaw.com\/es\/wp-json\/wp\/v2\/pages"}],"about":[{"href":"https:\/\/www.rosinalaw.com\/es\/wp-json\/wp\/v2\/types\/page"}],"author":[{"embeddable":true,"href":"https:\/\/www.rosinalaw.com\/es\/wp-json\/wp\/v2\/users\/21"}],"replies":[{"embeddable":true,"href":"https:\/\/www.rosinalaw.com\/es\/wp-json\/wp\/v2\/comments?post=10792"}],"version-history":[{"count":0,"href":"https:\/\/www.rosinalaw.com\/es\/wp-json\/wp\/v2\/pages\/10792\/revisions"}],"up":[{"embeddable":true,"href":"https:\/\/www.rosinalaw.com\/es\/wp-json\/wp\/v2\/pages\/10725"}],"wp:featuredmedia":[{"embeddable":true,"href":"https:\/\/www.rosinalaw.com\/es\/wp-json\/wp\/v2\/media\/9697"}],"wp:attachment":[{"href":"https:\/\/www.rosinalaw.com\/es\/wp-json\/wp\/v2\/media?parent=10792"}],"curies":[{"name":"wp","href":"https:\/\/api.w.org\/{rel}","templated":true}]}}