{"id":10795,"date":"2023-07-21T08:04:28","date_gmt":"2023-07-21T08:04:28","guid":{"rendered":"https:\/\/rosinalaw.wpenginepowered.com\/defensa-ante-la-deportacion\/cambio-de-localizacion\/"},"modified":"2025-10-16T17:00:41","modified_gmt":"2025-10-16T17:00:41","slug":"cambio-de-localizacion","status":"publish","type":"page","link":"https:\/\/www.rosinalaw.com\/es\/espanol\/defensa-ante-la-deportacion\/cambio-de-localizacion\/","title":{"rendered":"Cambio de Localizaci\u00f3n"},"content":{"rendered":"<div id=\"ContentZone\" class=\"content-zone\">\n<div id=\"ColumnLayoutContent\" class=\"column-layout-content transparent-bg bg-box-none light-bg show\" data-onvisible=\"show\">\n<div class=\"bg-box side-padding-medium vertical-padding-small box-flair border-radius\">\n<div class=\"flair-border\" data-content=\"true\">\n<div id=\"MainContent\" class=\"content-style\" data-content=\"true\">\n<h1>Cambio de Localizaci\u00f3n<\/h1>\n<h2>Deje Que Nuestra Abogada de Inmigraci\u00f3n Lo Ayude<\/h2>\n<p>La posibilidad de ser deportado ya es suficientemente angustiosa, como para tener que a\u00f1adir el estr\u00e9s de tener que acudir a un tribunal de inmigraci\u00f3n que est\u00e1 muy lejos de tu hogar. En algunas circunstancias, usted podr\u00e1 cambiar la localizaci\u00f3n del tribunal a una que se m\u00e1s conveniente para usted. <\/p>\n<p>Nuestro equipo legal en The Law Office of Rosina C. Stambaugh se compromete a luchar por conseguir la justicia que usted se merece. Podemos guiarle durante todo el proceso legal, asegurarnos de que rellene los formularios correctamente y proteger sus derechos apasionadamente para que usted y su familia puedan seguir viviendo en este maravilloso pa\u00eds. <\/p>\n<h2>C\u00f3mo Cambiar la Localizaci\u00f3n de Su Audiencia en El Tribunal de Inmigraci\u00f3n<\/h2>\n<p>No dejes que la distancia entre el tribunal de inmigraci\u00f3n asignado y tu hogar lo desanime, porque t\u00fa tienes derecho a tomar medidas. Para solicitar un cambio de localizaci\u00f3n para su audiencia en el tribunal de inmigraci\u00f3n, usted tiene que presentar una petici\u00f3n para cambiar de localizaci\u00f3n en el tribunal en el que est\u00e1 programada la audiencia. <\/p>\n<p><strong>Los requisitos espec\u00edficos para una petici\u00f3n para cambiar de localizaci\u00f3n son los siguientes:<\/strong><\/p>\n<ul>\n<li>Debe cumplir todos los requisitos del Manual de Pr\u00e1ctica Judicial de Inmigraci\u00f3n<\/li>\n<li>Debe ofrecer razones v\u00e1lidas para solicitar el cambio de localizaci\u00f3n<\/li>\n<li>Debe ser presentada a tiempo o ser\u00e1 denegada. El tribunal debe recibirla al menos 15 d\u00edas antes de la fecha de audiencia programada. Pero, cuanto antes, mejor.  <\/li>\n<\/ul>\n<p>Seg\u00fan lo establecido en el art\u00edculo 8 C.F.R. \u00a7 1003.20(b) del C\u00f3digo Federal de Regulaciones, un juez de inmigraci\u00f3n puede cambiar la localizaci\u00f3n de su caso si es por una buena causa. La Junta de Apelaciones de Inmigraci\u00f3n determinar\u00e1 si existe una buena causa evaluando ciertos factores relevantes. <\/p>\n<p><strong>Estos factores son:<\/strong><\/p>\n<ul>\n<li>Localizaci\u00f3n de los testigos<\/li>\n<li>Coste del transporte de los testigos<\/li>\n<li>Conveniencia administrativa<\/li>\n<li>Tramitaci\u00f3n r\u00e1pida del caso<\/li>\n<\/ul>\n<h3>Programe Una Cita Para Una Consulta Hoy Mismo<\/h3>\n<p>Con a\u00f1os de experiencia ayudando a clientes en todo tipo de procedimientos legales relacionados con asuntos de inmigraci\u00f3n, somos expertos en esta \u00e1rea del derecho. Tanto si desea solicitar un visado, como si necesita defensa ante deportaci\u00f3n, \u00a1haremos todo lo posible por ayudarlo! <\/p>\n<p>En The Law Office of Rosina C. Stambaugh, contamos con una reputaci\u00f3n excelente por superar las expectativas de los clientes. Si necesitas asistencia legal completa, contacta con nuestra abogada en York. <\/p>\n<p class=\"text-highlight v2 bg-box bordered side-padding-medium vertical-padding-tiny\"><strong>\u00a1Reciba ayuda para solicitar un cambio de localizaci\u00f3n llamando hoy a <\/strong><b>Bufete de Rosina C. Stambaugh<\/b><strong>\u00a1!<\/strong><\/p>\n<\/div>\n<\/div>\n<\/div>\n<\/div>\n<\/div>\n","protected":false},"excerpt":{"rendered":"<p>Cambio de Localizaci\u00f3n Deje Que Nuestra Abogada de Inmigraci\u00f3n Lo Ayude La posibilidad de ser deportado ya es suficientemente angustiosa, como para tener que a\u00f1adir el estr\u00e9s de tener que acudir a un tribunal de inmigraci\u00f3n que est\u00e1 muy lejos de tu hogar. En algunas circunstancias, usted podr\u00e1 cambiar la localizaci\u00f3n del tribunal a una [&hellip;]<\/p>\n","protected":false},"author":21,"featured_media":9697,"parent":10709,"menu_order":0,"comment_status":"closed","ping_status":"closed","template":"","meta":{"_acf_changed":false,"site-sidebar-layout":"default","site-content-layout":"default","ast-site-content-layout":"default","site-content-style":"default","site-sidebar-style":"default","ast-global-header-display":"","ast-banner-title-visibility":"","ast-main-header-display":"","ast-hfb-above-header-display":"","ast-hfb-below-header-display":"","ast-hfb-mobile-header-display":"","site-post-title":"","ast-breadcrumbs-content":"","ast-featured-img":"","footer-sml-layout":"","ast-disable-related-posts":"","theme-transparent-header-meta":"default","adv-header-id-meta":"","stick-header-meta":"","header-above-stick-meta":"","header-main-stick-meta":"","header-below-stick-meta":"","astra-migrate-meta-layouts":"default","ast-page-background-enabled":"default","ast-page-background-meta":{"desktop":{"background-color":"var(--ast-global-color-4)","background-image":"","background-repeat":"repeat","background-position":"center center","background-size":"auto","background-attachment":"scroll","background-type":"","background-media":"","overlay-type":"","overlay-color":"","overlay-opacity":"","overlay-gradient":""},"tablet":{"background-color":"","background-image":"","background-repeat":"repeat","background-position":"center center","background-size":"auto","background-attachment":"scroll","background-type":"","background-media":"","overlay-type":"","overlay-color":"","overlay-opacity":"","overlay-gradient":""},"mobile":{"background-color":"","background-image":"","background-repeat":"repeat","background-position":"center center","background-size":"auto","background-attachment":"scroll","background-type":"","background-media":"","overlay-type":"","overlay-color":"","overlay-opacity":"","overlay-gradient":""}},"ast-content-background-meta":{"desktop":{"background-color":"var(--ast-global-color-5)","background-image":"","background-repeat":"repeat","background-position":"center center","background-size":"auto","background-attachment":"scroll","background-type":"","background-media":"","overlay-type":"","overlay-color":"","overlay-opacity":"","overlay-gradient":""},"tablet":{"background-color":"var(--ast-global-color-5)","background-image":"","background-repeat":"repeat","background-position":"center center","background-size":"auto","background-attachment":"scroll","background-type":"","background-media":"","overlay-type":"","overlay-color":"","overlay-opacity":"","overlay-gradient":""},"mobile":{"background-color":"var(--ast-global-color-5)","background-image":"","background-repeat":"repeat","background-position":"center center","background-size":"auto","background-attachment":"scroll","background-type":"","background-media":"","overlay-type":"","overlay-color":"","overlay-opacity":"","overlay-gradient":""}},"footnotes":""},"class_list":["post-10795","page","type-page","status-publish","has-post-thumbnail","hentry"],"acf":[],"yoast_head":"<!-- This site is optimized with the Yoast SEO plugin v27.4 - https:\/\/yoast.com\/product\/yoast-seo-wordpress\/ -->\n<title>Suspensi\u00f3n de remoci\u00f3n | Abogada de inmigraci\u00f3n en York<\/title>\n<meta name=\"description\" content=\"Si deseas presentar una solicitud de suspensi\u00f3n de expulsi\u00f3n en York, ponte en contacto hoy con nuestra abogada de inmigraci\u00f3n en York de The Law Office of Rosina C. Stambaugh y programe una consulta inicial.\" \/>\n<meta name=\"robots\" content=\"index, follow, max-snippet:-1, max-image-preview:large, max-video-preview:-1\" \/>\n<link rel=\"canonical\" href=\"https:\/\/www.rosinalaw.com\/es\/espanol\/defensa-ante-la-deportacion\/cambio-de-localizacion\/\" \/>\n<meta property=\"og:locale\" content=\"es_ES\" \/>\n<meta property=\"og:type\" content=\"article\" \/>\n<meta property=\"og:title\" content=\"Suspensi\u00f3n de remoci\u00f3n | Abogada de inmigraci\u00f3n en York\" \/>\n<meta property=\"og:description\" content=\"Si deseas presentar una solicitud de suspensi\u00f3n de expulsi\u00f3n en York, ponte en contacto hoy con nuestra abogada de inmigraci\u00f3n en York de The Law Office of Rosina C. Stambaugh y programe una consulta inicial.\" \/>\n<meta property=\"og:url\" content=\"https:\/\/www.rosinalaw.com\/es\/espanol\/defensa-ante-la-deportacion\/cambio-de-localizacion\/\" \/>\n<meta property=\"og:site_name\" content=\"The Law Office of Rosina Stambaugh\" \/>\n<meta property=\"article:publisher\" content=\"https:\/\/www.facebook.com\/rosinastambaughlaw\/\" \/>\n<meta property=\"article:modified_time\" content=\"2025-10-16T17:00:41+00:00\" \/>\n<meta property=\"og:image\" content=\"https:\/\/www.rosinalaw.com\/wp-content\/uploads\/2023\/06\/blog_fet.png\" \/>\n\t<meta property=\"og:image:width\" content=\"1100\" \/>\n\t<meta property=\"og:image:height\" content=\"590\" \/>\n\t<meta property=\"og:image:type\" content=\"image\/png\" \/>\n<meta name=\"twitter:card\" content=\"summary_large_image\" \/>\n<meta name=\"twitter:site\" content=\"@LawOffice_RCS\" \/>\n<meta name=\"twitter:label1\" content=\"Tiempo de lectura\" \/>\n\t<meta name=\"twitter:data1\" content=\"2 minutos\" \/>\n<script type=\"application\/ld+json\" class=\"yoast-schema-graph\">{\"@context\":\"https:\\\/\\\/schema.org\",\"@graph\":[{\"@type\":\"WebPage\",\"@id\":\"https:\\\/\\\/www.rosinalaw.com\\\/es\\\/espanol\\\/defensa-ante-la-deportacion\\\/cambio-de-localizacion\\\/\",\"url\":\"https:\\\/\\\/www.rosinalaw.com\\\/es\\\/espanol\\\/defensa-ante-la-deportacion\\\/cambio-de-localizacion\\\/\",\"name\":\"Suspensi\u00f3n de remoci\u00f3n | Abogada de inmigraci\u00f3n en York\",\"isPartOf\":{\"@id\":\"https:\\\/\\\/www.rosinalaw.com\\\/#website\"},\"primaryImageOfPage\":{\"@id\":\"https:\\\/\\\/www.rosinalaw.com\\\/es\\\/espanol\\\/defensa-ante-la-deportacion\\\/cambio-de-localizacion\\\/#primaryimage\"},\"image\":{\"@id\":\"https:\\\/\\\/www.rosinalaw.com\\\/es\\\/espanol\\\/defensa-ante-la-deportacion\\\/cambio-de-localizacion\\\/#primaryimage\"},\"thumbnailUrl\":\"https:\\\/\\\/www.rosinalaw.com\\\/wp-content\\\/uploads\\\/2023\\\/06\\\/blog_fet.png\",\"datePublished\":\"2023-07-21T08:04:28+00:00\",\"dateModified\":\"2025-10-16T17:00:41+00:00\",\"description\":\"Si deseas presentar una solicitud de suspensi\u00f3n de expulsi\u00f3n en York, ponte en contacto hoy con nuestra abogada de inmigraci\u00f3n en York de The Law Office of Rosina C. Stambaugh y programe una consulta inicial.\",\"breadcrumb\":{\"@id\":\"https:\\\/\\\/www.rosinalaw.com\\\/es\\\/espanol\\\/defensa-ante-la-deportacion\\\/cambio-de-localizacion\\\/#breadcrumb\"},\"inLanguage\":\"es\",\"potentialAction\":[{\"@type\":\"ReadAction\",\"target\":[\"https:\\\/\\\/www.rosinalaw.com\\\/es\\\/espanol\\\/defensa-ante-la-deportacion\\\/cambio-de-localizacion\\\/\"]}]},{\"@type\":\"ImageObject\",\"inLanguage\":\"es\",\"@id\":\"https:\\\/\\\/www.rosinalaw.com\\\/es\\\/espanol\\\/defensa-ante-la-deportacion\\\/cambio-de-localizacion\\\/#primaryimage\",\"url\":\"https:\\\/\\\/www.rosinalaw.com\\\/wp-content\\\/uploads\\\/2023\\\/06\\\/blog_fet.png\",\"contentUrl\":\"https:\\\/\\\/www.rosinalaw.com\\\/wp-content\\\/uploads\\\/2023\\\/06\\\/blog_fet.png\",\"width\":1100,\"height\":590},{\"@type\":\"BreadcrumbList\",\"@id\":\"https:\\\/\\\/www.rosinalaw.com\\\/es\\\/espanol\\\/defensa-ante-la-deportacion\\\/cambio-de-localizacion\\\/#breadcrumb\",\"itemListElement\":[{\"@type\":\"ListItem\",\"position\":1,\"name\":\"Inicio\",\"item\":\"https:\\\/\\\/www.rosinalaw.com\\\/es\\\/inicio\\\/\"},{\"@type\":\"ListItem\",\"position\":2,\"name\":\"Espa\u00f1ol\",\"item\":\"https:\\\/\\\/www.rosinalaw.com\\\/es\\\/espanol\\\/\"},{\"@type\":\"ListItem\",\"position\":3,\"name\":\"Defensa ante la deportaci\u00f3n\",\"item\":\"https:\\\/\\\/www.rosinalaw.com\\\/es\\\/espanol\\\/defensa-ante-la-deportacion\\\/\"},{\"@type\":\"ListItem\",\"position\":4,\"name\":\"Cambio de Localizaci\u00f3n\"}]},{\"@type\":\"WebSite\",\"@id\":\"https:\\\/\\\/www.rosinalaw.com\\\/#website\",\"url\":\"https:\\\/\\\/www.rosinalaw.com\\\/\",\"name\":\"The Law Office of Rosina Stambaugh\",\"description\":\"\",\"publisher\":{\"@id\":\"https:\\\/\\\/www.rosinalaw.com\\\/#organization\"},\"potentialAction\":[{\"@type\":\"SearchAction\",\"target\":{\"@type\":\"EntryPoint\",\"urlTemplate\":\"https:\\\/\\\/www.rosinalaw.com\\\/?s={search_term_string}\"},\"query-input\":{\"@type\":\"PropertyValueSpecification\",\"valueRequired\":true,\"valueName\":\"search_term_string\"}}],\"inLanguage\":\"es\"},{\"@type\":\"Organization\",\"@id\":\"https:\\\/\\\/www.rosinalaw.com\\\/#organization\",\"name\":\"El bufete de Rosina Stambaugh\",\"url\":\"https:\\\/\\\/www.rosinalaw.com\\\/\",\"logo\":{\"@type\":\"ImageObject\",\"inLanguage\":\"es\",\"@id\":\"https:\\\/\\\/www.rosinalaw.com\\\/#\\\/schema\\\/logo\\\/image\\\/\",\"url\":\"https:\\\/\\\/www.rosinalaw.com\\\/wp-content\\\/uploads\\\/2023\\\/06\\\/logo-header.png\",\"contentUrl\":\"https:\\\/\\\/www.rosinalaw.com\\\/wp-content\\\/uploads\\\/2023\\\/06\\\/logo-header.png\",\"width\":540,\"height\":80,\"caption\":\"El bufete de Rosina Stambaugh\"},\"image\":{\"@id\":\"https:\\\/\\\/www.rosinalaw.com\\\/#\\\/schema\\\/logo\\\/image\\\/\"},\"sameAs\":[\"https:\\\/\\\/www.facebook.com\\\/rosinastambaughlaw\\\/\",\"https:\\\/\\\/x.com\\\/LawOffice_RCS\"]}]}<\/script>\n<!-- \/ Yoast SEO plugin. -->","yoast_head_json":{"title":"Suspensi\u00f3n de remoci\u00f3n | Abogada de inmigraci\u00f3n en York","description":"Si deseas presentar una solicitud de suspensi\u00f3n de expulsi\u00f3n en York, ponte en contacto hoy con nuestra abogada de inmigraci\u00f3n en York de The Law Office of Rosina C. Stambaugh y programe una consulta inicial.","robots":{"index":"index","follow":"follow","max-snippet":"max-snippet:-1","max-image-preview":"max-image-preview:large","max-video-preview":"max-video-preview:-1"},"canonical":"https:\/\/www.rosinalaw.com\/es\/espanol\/defensa-ante-la-deportacion\/cambio-de-localizacion\/","og_locale":"es_ES","og_type":"article","og_title":"Suspensi\u00f3n de remoci\u00f3n | Abogada de inmigraci\u00f3n en York","og_description":"Si deseas presentar una solicitud de suspensi\u00f3n de expulsi\u00f3n en York, ponte en contacto hoy con nuestra abogada de inmigraci\u00f3n en York de The Law Office of Rosina C. Stambaugh y programe una consulta inicial.","og_url":"https:\/\/www.rosinalaw.com\/es\/espanol\/defensa-ante-la-deportacion\/cambio-de-localizacion\/","og_site_name":"The Law Office of Rosina Stambaugh","article_publisher":"https:\/\/www.facebook.com\/rosinastambaughlaw\/","article_modified_time":"2025-10-16T17:00:41+00:00","og_image":[{"width":1100,"height":590,"url":"https:\/\/www.rosinalaw.com\/wp-content\/uploads\/2023\/06\/blog_fet.png","type":"image\/png"}],"twitter_card":"summary_large_image","twitter_site":"@LawOffice_RCS","twitter_misc":{"Tiempo de lectura":"2 minutos"},"schema":{"@context":"https:\/\/schema.org","@graph":[{"@type":"WebPage","@id":"https:\/\/www.rosinalaw.com\/es\/espanol\/defensa-ante-la-deportacion\/cambio-de-localizacion\/","url":"https:\/\/www.rosinalaw.com\/es\/espanol\/defensa-ante-la-deportacion\/cambio-de-localizacion\/","name":"Suspensi\u00f3n de remoci\u00f3n | Abogada de inmigraci\u00f3n en York","isPartOf":{"@id":"https:\/\/www.rosinalaw.com\/#website"},"primaryImageOfPage":{"@id":"https:\/\/www.rosinalaw.com\/es\/espanol\/defensa-ante-la-deportacion\/cambio-de-localizacion\/#primaryimage"},"image":{"@id":"https:\/\/www.rosinalaw.com\/es\/espanol\/defensa-ante-la-deportacion\/cambio-de-localizacion\/#primaryimage"},"thumbnailUrl":"https:\/\/www.rosinalaw.com\/wp-content\/uploads\/2023\/06\/blog_fet.png","datePublished":"2023-07-21T08:04:28+00:00","dateModified":"2025-10-16T17:00:41+00:00","description":"Si deseas presentar una solicitud de suspensi\u00f3n de expulsi\u00f3n en York, ponte en contacto hoy con nuestra abogada de inmigraci\u00f3n en York de The Law Office of Rosina C. Stambaugh y programe una consulta inicial.","breadcrumb":{"@id":"https:\/\/www.rosinalaw.com\/es\/espanol\/defensa-ante-la-deportacion\/cambio-de-localizacion\/#breadcrumb"},"inLanguage":"es","potentialAction":[{"@type":"ReadAction","target":["https:\/\/www.rosinalaw.com\/es\/espanol\/defensa-ante-la-deportacion\/cambio-de-localizacion\/"]}]},{"@type":"ImageObject","inLanguage":"es","@id":"https:\/\/www.rosinalaw.com\/es\/espanol\/defensa-ante-la-deportacion\/cambio-de-localizacion\/#primaryimage","url":"https:\/\/www.rosinalaw.com\/wp-content\/uploads\/2023\/06\/blog_fet.png","contentUrl":"https:\/\/www.rosinalaw.com\/wp-content\/uploads\/2023\/06\/blog_fet.png","width":1100,"height":590},{"@type":"BreadcrumbList","@id":"https:\/\/www.rosinalaw.com\/es\/espanol\/defensa-ante-la-deportacion\/cambio-de-localizacion\/#breadcrumb","itemListElement":[{"@type":"ListItem","position":1,"name":"Inicio","item":"https:\/\/www.rosinalaw.com\/es\/inicio\/"},{"@type":"ListItem","position":2,"name":"Espa\u00f1ol","item":"https:\/\/www.rosinalaw.com\/es\/espanol\/"},{"@type":"ListItem","position":3,"name":"Defensa ante la deportaci\u00f3n","item":"https:\/\/www.rosinalaw.com\/es\/espanol\/defensa-ante-la-deportacion\/"},{"@type":"ListItem","position":4,"name":"Cambio de Localizaci\u00f3n"}]},{"@type":"WebSite","@id":"https:\/\/www.rosinalaw.com\/#website","url":"https:\/\/www.rosinalaw.com\/","name":"The Law Office of Rosina Stambaugh","description":"","publisher":{"@id":"https:\/\/www.rosinalaw.com\/#organization"},"potentialAction":[{"@type":"SearchAction","target":{"@type":"EntryPoint","urlTemplate":"https:\/\/www.rosinalaw.com\/?s={search_term_string}"},"query-input":{"@type":"PropertyValueSpecification","valueRequired":true,"valueName":"search_term_string"}}],"inLanguage":"es"},{"@type":"Organization","@id":"https:\/\/www.rosinalaw.com\/#organization","name":"El bufete de Rosina Stambaugh","url":"https:\/\/www.rosinalaw.com\/","logo":{"@type":"ImageObject","inLanguage":"es","@id":"https:\/\/www.rosinalaw.com\/#\/schema\/logo\/image\/","url":"https:\/\/www.rosinalaw.com\/wp-content\/uploads\/2023\/06\/logo-header.png","contentUrl":"https:\/\/www.rosinalaw.com\/wp-content\/uploads\/2023\/06\/logo-header.png","width":540,"height":80,"caption":"El bufete de Rosina Stambaugh"},"image":{"@id":"https:\/\/www.rosinalaw.com\/#\/schema\/logo\/image\/"},"sameAs":["https:\/\/www.facebook.com\/rosinastambaughlaw\/","https:\/\/x.com\/LawOffice_RCS"]}]}},"_links":{"self":[{"href":"https:\/\/www.rosinalaw.com\/es\/wp-json\/wp\/v2\/pages\/10795","targetHints":{"allow":["GET"]}}],"collection":[{"href":"https:\/\/www.rosinalaw.com\/es\/wp-json\/wp\/v2\/pages"}],"about":[{"href":"https:\/\/www.rosinalaw.com\/es\/wp-json\/wp\/v2\/types\/page"}],"author":[{"embeddable":true,"href":"https:\/\/www.rosinalaw.com\/es\/wp-json\/wp\/v2\/users\/21"}],"replies":[{"embeddable":true,"href":"https:\/\/www.rosinalaw.com\/es\/wp-json\/wp\/v2\/comments?post=10795"}],"version-history":[{"count":0,"href":"https:\/\/www.rosinalaw.com\/es\/wp-json\/wp\/v2\/pages\/10795\/revisions"}],"up":[{"embeddable":true,"href":"https:\/\/www.rosinalaw.com\/es\/wp-json\/wp\/v2\/pages\/10709"}],"wp:featuredmedia":[{"embeddable":true,"href":"https:\/\/www.rosinalaw.com\/es\/wp-json\/wp\/v2\/media\/9697"}],"wp:attachment":[{"href":"https:\/\/www.rosinalaw.com\/es\/wp-json\/wp\/v2\/media?parent=10795"}],"curies":[{"name":"wp","href":"https:\/\/api.w.org\/{rel}","templated":true}]}}