{"id":10797,"date":"2023-07-21T08:08:37","date_gmt":"2023-07-21T08:08:37","guid":{"rendered":"https:\/\/rosinalaw.wpenginepowered.com\/espanol\/sobre-nosotros\/"},"modified":"2025-10-16T17:00:42","modified_gmt":"2025-10-16T17:00:42","slug":"sobre-nosotros","status":"publish","type":"page","link":"https:\/\/www.rosinalaw.com\/es\/espanol\/sobre-nosotros\/","title":{"rendered":"Sobre Nosotros"},"content":{"rendered":"<h1>Sobre Nosotros<\/h1>\n<h2>C\u00f3mo Podemos Ayudarlo Con Su Caso de Inmigraci\u00f3n<\/h2>\n<p>En The Law Office of Rosina C. Stambaugh, nos apasiona ayudar a los inmigrantes a comenzar una nueva vida en los Estados Unidos. Somos defensores de los muchos beneficios que la inmigraci\u00f3n puede ofrecer a los individuos y familias y estamos preparados para ayudarles a identificar soluciones legales pr\u00e1cticas e innovadoras para que consigan su objetivo de vivir y trabajar en el pa\u00eds. <\/p>\n<p>Nuestro bufete tambi\u00e9n lucha por los inmigrantes que han sido detenidos o que se enfrentan a procesos de deportaci\u00f3n. La deportaci\u00f3n es una posibilidad aterradora, pero nuestra misi\u00f3n es ayudar a los inmigrantes a entender sus derechos y hacer todo lo posible para mantenerlos en los Estados Unidos &#8211; su hogar. <\/p>\n<p class=\"text-highlight v2 bg-box bordered side-padding-medium vertical-padding-tiny\"><b>Para m\u00e1s informaci\u00f3n sobre c\u00f3mo podemos ayudarle con su caso de inmigraci\u00f3n, programe una consulta llamando al <a href=\"tel:(717)%20900-1818\">(717) 900-1818<\/a> o cont\u00e1ctenos online. Ofrecemos servicios legales en ingl\u00e9s, espa\u00f1ol e italiano. <\/b><\/p>\n<div class=\"main\">\n<p>Nuestra pr\u00e1ctica se basa en la honestidad, la integridad y el servicio personalizado. Nos tomamos el tiempo necesario para conocer personalmente a cada cliente y, a menudo, a su familia, explorando todas las maneras posibles de resolver sus problemas de inmigraci\u00f3n. Sabemos que el sistema de inmigraci\u00f3n de Estados Unidos puede ser confuso, intimidante y frustrante, pero nuestro equipo cuenta con amplia experiencia y conocimientos para ayudarle a enfrentarse a las solicitudes, los tribunales y mucho m\u00e1s.  <\/p>\n<p><strong>El Bufete de Rosina C. Stambaugh puede asistirle con numerosas \u00e1reas de inmigraci\u00f3n, incluyendo:<\/strong><\/p>\n<ul>\n<li><b>Defensa ante la deportaci\u00f3n<\/b><b>.<\/b> Si usted ha recibido un Aviso de Comparecencia y es sujeto de un proceso de expulsi\u00f3n inminente, nuestro abogado puede defenderlo en la corte y ayudarle a identificar posibles maneras de evitar la deportaci\u00f3n.<\/li>\n<li><b>Individuos detenidos:<\/b>Algunas veces, los individuos pueden ser detenidos antes de que comience el proceso de deportaci\u00f3n. Nosotros podemos ayudar a encontrar a detenidos, reconectar con sus seres queridos, preparar su caso y trabajar duro para ponerlos en libertad. <\/li>\n<li>Muchos detenidos son elegibles para ser puestos en libertad antes de su audiencia judicial si pagan la fianza asignada<b>.<\/b>Si una fianza es irrazonablemente alta, podemos tratar de reducirla a trav\u00e9s de una audiencia de fianza. <\/li>\n<li>Si su audiencia resulta en una decisi\u00f3n favorable, usted sigue teniendo varias opciones para <b>apelar<\/b>su caso y evitar la expulsi\u00f3n inmediata. Nosotros podemos ayudarle a explorar opciones de apelaci\u00f3n a nivel estatal y federal. <\/li>\n<li>Un Aviso de <b>Comparecencia<\/b>incluir\u00e1 la localizaci\u00f3n del tribunal en el que usted, sus representantes legales y cualquier testigo relevante tendr\u00e1n que presentarse. Si esta direcci\u00f3n es excesivamente inconveniente, nosotros podemos ayudarle a solicitar que traslade el proceso a una localizaci\u00f3n m\u00e1s conveniente. <\/li>\n<li>Cuando se llegan a conclusiones desfavorables en un caso de <b>expulsi\u00f3n<\/b>, las agencias de inmigraci\u00f3n a menudo tratar\u00e1n de promover una orden de deportaci\u00f3n inmediata. Es importante que lo ayudemos a presentar r\u00e1pidamente una Suspensi\u00f3n de Remoci\u00f3n para que pueda permanecer en el pa\u00eds mientras que medidas legales alternativas son consideradas y adjudicadas. <\/li>\n<li><b>Tribunal de Inmigraci\u00f3n y recursos penitenciarios.<\/b>Creemos que el conocimiento es poder, por lo que animamos a nuestros clientes y sus familias a informarse todo lo posible acerca de sistema judicial y de prisiones en York, una informaci\u00f3n que probablemente ser\u00e1 muy relevante en su caso.<\/li>\n<li><b>Inmigraci\u00f3n basada en la familia.<\/b>Podemos ayudarte a obtener una <i>green card<\/i> a trav\u00e9s de varios procesos basados en la familia, incluyendo a trav\u00e9s de un c\u00f3nyuge que sea ciudadano de los EE.UU. o que forme parte del ej\u00e9rcito de los EE.UU. <\/li>\n<li><b>Exenciones para casos de presencia ilegal.<\/b>Algunos inmigrantes, ya sea de manera involuntaria o inevitable, se encuentran en el pa\u00eds de manera ilegal por permanecer en el pa\u00eds m\u00e1s tiempo del permitido por sus visados o por permanecer en los Estados Unidos sin estatus. Aunque la presencia ilegal puede poner en peligro su futuro en el pa\u00eds, podemos tratar de conseguir una exenci\u00f3n que despeje el camino hacia la inmigraci\u00f3n legal. <\/li>\n<li><b>Ciudadan\u00eda y naturalizaci\u00f3n.<\/b>Si usted es un residente legal permanente y ya ha pasado el tiempo de espera obligatorio, podemos ayudarle con el proceso de naturalizaci\u00f3n, desde la solicitud, entrevista y examen, hasta finalmente conseguir la ciudadan\u00eda.<\/li>\n<li><b>Visados de no inmigrante.<\/b>  Independientemente de cu\u00e1les sean sus negocios o intereses en los Estados Unidos, podemos ayudarle a encontrar y solicitar el visado que mejor se adapte a sus necesidades. Nuestro equipo cuenta con experiencia ayudando a clientes a explorar visados de estudiante, de visitante, de trabajo y visados B-1 de visitantes por motivos de negocio, entre otras. <\/li>\n<li><b>DACA<\/b><b>. <\/b>La Acci\u00f3n Diferida para los Llegados en la Infancia es un programa del gobierno de Obama que ofrece protecci\u00f3n contra la deportaci\u00f3n a inmigrantes elegibles que hayan llegado al pa\u00eds siendo menores. Nosotros podemos ayudar a los beneficiarios del programa a renovar su estatus y asegurarse de que sus derechos est\u00e1n protegidos. <\/li>\n<li>Un inmigrante puede solicitar asilo<b>,<\/b>y la protecci\u00f3n que este estatus ofrece, si cree sinceramente que se enfrentar\u00e1 a persecuci\u00f3n o violencia si regresa a su pa\u00eds de origen como resultado de una faceta protegida de su identidad o por sus creencias. Nosotros podemos ayudarte a navegar por el complejo proceso y ofrecerte representaci\u00f3n hasta que se tome una decisi\u00f3n en su caos. <\/li>\n<li><b>Estatus Protegido Temporal (TPS, por sus siglas en ingl\u00e9s)<\/b><b>. <\/b>El Departamento de Seguridad Nacional puede asignar a pa\u00edses que est\u00e1n experimentando desastres violentos temporales pero continuos, como los efectos de un hurac\u00e1n o una guerra civil, el \u00abestatus protegido temporal\u00bb. Los inmigrantes de estos pa\u00edses que viven en Estados Unidos pueden permanecer en el pa\u00eds hasta que termine dicha situaci\u00f3n de emergencia. <\/li>\n<li><b>Inmigraci\u00f3n y delitos.<\/b>Cuando un no ciudadano es acusado de un delito, incluso si se trata de un delito menor o de la primera vez que comete una ofensa, su estatus y su capacidad para permanecer en el pa\u00eds pueden verse amenazados. Nosotros podemos ayudar a defender a los inmigrantes en peligro y tratar de evitar su expulsi\u00f3n como resultado de una acusaci\u00f3n o condena penal. <\/li>\n<\/ul>\n<h2>Sobre Nuestra Abogada<\/h2>\n<p>Nuestra abogada de inmigraci\u00f3n y fundadora, Rosina C. Stambaugh, ha ayudado a clientes en Pennsylvania a resolver problemas de inmigraci\u00f3n durante a\u00f1os. Centra gran parte de su pr\u00e1ctica en la defensa contra la expulsi\u00f3n y deportaci\u00f3n, independientemente de si un cliente ha sido detenido o no por el Servicio de Control de Inmigraci\u00f3n y Aduanas (ICE, por sus siglas en ingl\u00e9s). Tambi\u00e9n tiene experiencia luchando por los clientes presentando apelaciones en el Tribunal de Apelaciones del Tercer Distrito de los Estados Unidos. La abogada Stambaugh ha obtenido numerosos honores y distinciones como resultado de su trabajo, incluyendo ser nombrada <g id=\"gid_0\">Super Lawyer<\/g> en el 2020. Est\u00e1 preparada para luchar por usted y para ofrecerle a su caso la atenci\u00f3n y compasi\u00f3n que se merece.    <\/p>\n<p><b>Obtenga la asistencia legal que necesita con su problema de inmigraci\u00f3n llamando al <a href=\"tel:(717)%20900-1818\">(717) 900-1818<\/a> o contact\u00e1ndonos online.<\/b><\/p>\n<\/div>\n","protected":false},"excerpt":{"rendered":"<p>Sobre Nosotros C\u00f3mo Podemos Ayudarlo Con Su Caso de Inmigraci\u00f3n En The Law Office of Rosina C. Stambaugh, nos apasiona ayudar a los inmigrantes a comenzar una nueva vida en los Estados Unidos. Somos defensores de los muchos beneficios que la inmigraci\u00f3n puede ofrecer a los individuos y familias y estamos preparados para ayudarles a [&hellip;]<\/p>\n","protected":false},"author":27,"featured_media":9697,"parent":10747,"menu_order":0,"comment_status":"closed","ping_status":"closed","template":"","meta":{"_acf_changed":false,"site-sidebar-layout":"default","site-content-layout":"default","ast-site-content-layout":"default","site-content-style":"default","site-sidebar-style":"default","ast-global-header-display":"","ast-banner-title-visibility":"","ast-main-header-display":"","ast-hfb-above-header-display":"","ast-hfb-below-header-display":"","ast-hfb-mobile-header-display":"","site-post-title":"","ast-breadcrumbs-content":"","ast-featured-img":"","footer-sml-layout":"","ast-disable-related-posts":"","theme-transparent-header-meta":"default","adv-header-id-meta":"","stick-header-meta":"","header-above-stick-meta":"","header-main-stick-meta":"","header-below-stick-meta":"","astra-migrate-meta-layouts":"default","ast-page-background-enabled":"default","ast-page-background-meta":{"desktop":{"background-color":"var(--ast-global-color-4)","background-image":"","background-repeat":"repeat","background-position":"center center","background-size":"auto","background-attachment":"scroll","background-type":"","background-media":"","overlay-type":"","overlay-color":"","overlay-opacity":"","overlay-gradient":""},"tablet":{"background-color":"","background-image":"","background-repeat":"repeat","background-position":"center center","background-size":"auto","background-attachment":"scroll","background-type":"","background-media":"","overlay-type":"","overlay-color":"","overlay-opacity":"","overlay-gradient":""},"mobile":{"background-color":"","background-image":"","background-repeat":"repeat","background-position":"center center","background-size":"auto","background-attachment":"scroll","background-type":"","background-media":"","overlay-type":"","overlay-color":"","overlay-opacity":"","overlay-gradient":""}},"ast-content-background-meta":{"desktop":{"background-color":"var(--ast-global-color-5)","background-image":"","background-repeat":"repeat","background-position":"center center","background-size":"auto","background-attachment":"scroll","background-type":"","background-media":"","overlay-type":"","overlay-color":"","overlay-opacity":"","overlay-gradient":""},"tablet":{"background-color":"var(--ast-global-color-5)","background-image":"","background-repeat":"repeat","background-position":"center center","background-size":"auto","background-attachment":"scroll","background-type":"","background-media":"","overlay-type":"","overlay-color":"","overlay-opacity":"","overlay-gradient":""},"mobile":{"background-color":"var(--ast-global-color-5)","background-image":"","background-repeat":"repeat","background-position":"center center","background-size":"auto","background-attachment":"scroll","background-type":"","background-media":"","overlay-type":"","overlay-color":"","overlay-opacity":"","overlay-gradient":""}},"footnotes":""},"class_list":["post-10797","page","type-page","status-publish","has-post-thumbnail","hentry"],"acf":[],"yoast_head":"<!-- This site is optimized with the Yoast SEO plugin v27.3 - https:\/\/yoast.com\/product\/yoast-seo-wordpress\/ -->\n<title>Sobre nosotros | El bufete de Rosina C. Stambaugh<\/title>\n<meta name=\"description\" content=\"El Bufete de Rosina C. Stambaugh es un bufete de inmigraci\u00f3n que puede ayudarte con casos de defensa contra deportaci\u00f3n, inmigraci\u00f3n basada en la familia, naturalizaci\u00f3n y mucho m\u00e1s. \u00a1Ll\u00e1mame hoy!\" \/>\n<meta name=\"robots\" content=\"index, follow, max-snippet:-1, max-image-preview:large, max-video-preview:-1\" \/>\n<link rel=\"canonical\" href=\"https:\/\/www.rosinalaw.com\/es\/espanol\/sobre-nosotros\/\" \/>\n<meta property=\"og:locale\" content=\"es_ES\" \/>\n<meta property=\"og:type\" content=\"article\" \/>\n<meta property=\"og:title\" content=\"Sobre nosotros | El bufete de Rosina C. Stambaugh\" \/>\n<meta property=\"og:description\" content=\"El Bufete de Rosina C. Stambaugh es un bufete de inmigraci\u00f3n que puede ayudarte con casos de defensa contra deportaci\u00f3n, inmigraci\u00f3n basada en la familia, naturalizaci\u00f3n y mucho m\u00e1s. \u00a1Ll\u00e1mame hoy!\" \/>\n<meta property=\"og:url\" content=\"https:\/\/www.rosinalaw.com\/es\/espanol\/sobre-nosotros\/\" \/>\n<meta property=\"og:site_name\" content=\"The Law Office of Rosina Stambaugh\" \/>\n<meta property=\"article:publisher\" content=\"https:\/\/www.facebook.com\/rosinastambaughlaw\/\" \/>\n<meta property=\"article:modified_time\" content=\"2025-10-16T17:00:42+00:00\" \/>\n<meta property=\"og:image\" content=\"https:\/\/www.rosinalaw.com\/wp-content\/uploads\/2023\/06\/blog_fet.png\" \/>\n\t<meta property=\"og:image:width\" content=\"1100\" \/>\n\t<meta property=\"og:image:height\" content=\"590\" \/>\n\t<meta property=\"og:image:type\" content=\"image\/png\" \/>\n<meta name=\"twitter:card\" content=\"summary_large_image\" \/>\n<meta name=\"twitter:site\" content=\"@LawOffice_RCS\" \/>\n<meta name=\"twitter:label1\" content=\"Tiempo de lectura\" \/>\n\t<meta name=\"twitter:data1\" content=\"6 minutos\" \/>\n<script type=\"application\/ld+json\" class=\"yoast-schema-graph\">{\"@context\":\"https:\\\/\\\/schema.org\",\"@graph\":[{\"@type\":\"WebPage\",\"@id\":\"https:\\\/\\\/www.rosinalaw.com\\\/es\\\/espanol\\\/sobre-nosotros\\\/\",\"url\":\"https:\\\/\\\/www.rosinalaw.com\\\/es\\\/espanol\\\/sobre-nosotros\\\/\",\"name\":\"Sobre nosotros | El bufete de Rosina C. Stambaugh\",\"isPartOf\":{\"@id\":\"https:\\\/\\\/www.rosinalaw.com\\\/#website\"},\"primaryImageOfPage\":{\"@id\":\"https:\\\/\\\/www.rosinalaw.com\\\/es\\\/espanol\\\/sobre-nosotros\\\/#primaryimage\"},\"image\":{\"@id\":\"https:\\\/\\\/www.rosinalaw.com\\\/es\\\/espanol\\\/sobre-nosotros\\\/#primaryimage\"},\"thumbnailUrl\":\"https:\\\/\\\/www.rosinalaw.com\\\/wp-content\\\/uploads\\\/2023\\\/06\\\/blog_fet.png\",\"datePublished\":\"2023-07-21T08:08:37+00:00\",\"dateModified\":\"2025-10-16T17:00:42+00:00\",\"description\":\"El Bufete de Rosina C. Stambaugh es un bufete de inmigraci\u00f3n que puede ayudarte con casos de defensa contra deportaci\u00f3n, inmigraci\u00f3n basada en la familia, naturalizaci\u00f3n y mucho m\u00e1s. \u00a1Ll\u00e1mame hoy!\",\"breadcrumb\":{\"@id\":\"https:\\\/\\\/www.rosinalaw.com\\\/es\\\/espanol\\\/sobre-nosotros\\\/#breadcrumb\"},\"inLanguage\":\"es\",\"potentialAction\":[{\"@type\":\"ReadAction\",\"target\":[\"https:\\\/\\\/www.rosinalaw.com\\\/es\\\/espanol\\\/sobre-nosotros\\\/\"]}]},{\"@type\":\"ImageObject\",\"inLanguage\":\"es\",\"@id\":\"https:\\\/\\\/www.rosinalaw.com\\\/es\\\/espanol\\\/sobre-nosotros\\\/#primaryimage\",\"url\":\"https:\\\/\\\/www.rosinalaw.com\\\/wp-content\\\/uploads\\\/2023\\\/06\\\/blog_fet.png\",\"contentUrl\":\"https:\\\/\\\/www.rosinalaw.com\\\/wp-content\\\/uploads\\\/2023\\\/06\\\/blog_fet.png\",\"width\":1100,\"height\":590},{\"@type\":\"BreadcrumbList\",\"@id\":\"https:\\\/\\\/www.rosinalaw.com\\\/es\\\/espanol\\\/sobre-nosotros\\\/#breadcrumb\",\"itemListElement\":[{\"@type\":\"ListItem\",\"position\":1,\"name\":\"Inicio\",\"item\":\"https:\\\/\\\/www.rosinalaw.com\\\/es\\\/inicio\\\/\"},{\"@type\":\"ListItem\",\"position\":2,\"name\":\"Espa\u00f1ol\",\"item\":\"https:\\\/\\\/www.rosinalaw.com\\\/es\\\/espanol\\\/\"},{\"@type\":\"ListItem\",\"position\":3,\"name\":\"Sobre Nosotros\"}]},{\"@type\":\"WebSite\",\"@id\":\"https:\\\/\\\/www.rosinalaw.com\\\/#website\",\"url\":\"https:\\\/\\\/www.rosinalaw.com\\\/\",\"name\":\"The Law Office of Rosina Stambaugh\",\"description\":\"\",\"publisher\":{\"@id\":\"https:\\\/\\\/www.rosinalaw.com\\\/#organization\"},\"potentialAction\":[{\"@type\":\"SearchAction\",\"target\":{\"@type\":\"EntryPoint\",\"urlTemplate\":\"https:\\\/\\\/www.rosinalaw.com\\\/?s={search_term_string}\"},\"query-input\":{\"@type\":\"PropertyValueSpecification\",\"valueRequired\":true,\"valueName\":\"search_term_string\"}}],\"inLanguage\":\"es\"},{\"@type\":\"Organization\",\"@id\":\"https:\\\/\\\/www.rosinalaw.com\\\/#organization\",\"name\":\"El bufete de Rosina Stambaugh\",\"url\":\"https:\\\/\\\/www.rosinalaw.com\\\/\",\"logo\":{\"@type\":\"ImageObject\",\"inLanguage\":\"es\",\"@id\":\"https:\\\/\\\/www.rosinalaw.com\\\/#\\\/schema\\\/logo\\\/image\\\/\",\"url\":\"https:\\\/\\\/www.rosinalaw.com\\\/wp-content\\\/uploads\\\/2023\\\/06\\\/logo-header.png\",\"contentUrl\":\"https:\\\/\\\/www.rosinalaw.com\\\/wp-content\\\/uploads\\\/2023\\\/06\\\/logo-header.png\",\"width\":540,\"height\":80,\"caption\":\"El bufete de Rosina Stambaugh\"},\"image\":{\"@id\":\"https:\\\/\\\/www.rosinalaw.com\\\/#\\\/schema\\\/logo\\\/image\\\/\"},\"sameAs\":[\"https:\\\/\\\/www.facebook.com\\\/rosinastambaughlaw\\\/\",\"https:\\\/\\\/x.com\\\/LawOffice_RCS\"]}]}<\/script>\n<!-- \/ Yoast SEO plugin. -->","yoast_head_json":{"title":"Sobre nosotros | El bufete de Rosina C. Stambaugh","description":"El Bufete de Rosina C. Stambaugh es un bufete de inmigraci\u00f3n que puede ayudarte con casos de defensa contra deportaci\u00f3n, inmigraci\u00f3n basada en la familia, naturalizaci\u00f3n y mucho m\u00e1s. \u00a1Ll\u00e1mame hoy!","robots":{"index":"index","follow":"follow","max-snippet":"max-snippet:-1","max-image-preview":"max-image-preview:large","max-video-preview":"max-video-preview:-1"},"canonical":"https:\/\/www.rosinalaw.com\/es\/espanol\/sobre-nosotros\/","og_locale":"es_ES","og_type":"article","og_title":"Sobre nosotros | El bufete de Rosina C. Stambaugh","og_description":"El Bufete de Rosina C. Stambaugh es un bufete de inmigraci\u00f3n que puede ayudarte con casos de defensa contra deportaci\u00f3n, inmigraci\u00f3n basada en la familia, naturalizaci\u00f3n y mucho m\u00e1s. \u00a1Ll\u00e1mame hoy!","og_url":"https:\/\/www.rosinalaw.com\/es\/espanol\/sobre-nosotros\/","og_site_name":"The Law Office of Rosina Stambaugh","article_publisher":"https:\/\/www.facebook.com\/rosinastambaughlaw\/","article_modified_time":"2025-10-16T17:00:42+00:00","og_image":[{"width":1100,"height":590,"url":"https:\/\/www.rosinalaw.com\/wp-content\/uploads\/2023\/06\/blog_fet.png","type":"image\/png"}],"twitter_card":"summary_large_image","twitter_site":"@LawOffice_RCS","twitter_misc":{"Tiempo de lectura":"6 minutos"},"schema":{"@context":"https:\/\/schema.org","@graph":[{"@type":"WebPage","@id":"https:\/\/www.rosinalaw.com\/es\/espanol\/sobre-nosotros\/","url":"https:\/\/www.rosinalaw.com\/es\/espanol\/sobre-nosotros\/","name":"Sobre nosotros | El bufete de Rosina C. Stambaugh","isPartOf":{"@id":"https:\/\/www.rosinalaw.com\/#website"},"primaryImageOfPage":{"@id":"https:\/\/www.rosinalaw.com\/es\/espanol\/sobre-nosotros\/#primaryimage"},"image":{"@id":"https:\/\/www.rosinalaw.com\/es\/espanol\/sobre-nosotros\/#primaryimage"},"thumbnailUrl":"https:\/\/www.rosinalaw.com\/wp-content\/uploads\/2023\/06\/blog_fet.png","datePublished":"2023-07-21T08:08:37+00:00","dateModified":"2025-10-16T17:00:42+00:00","description":"El Bufete de Rosina C. Stambaugh es un bufete de inmigraci\u00f3n que puede ayudarte con casos de defensa contra deportaci\u00f3n, inmigraci\u00f3n basada en la familia, naturalizaci\u00f3n y mucho m\u00e1s. \u00a1Ll\u00e1mame hoy!","breadcrumb":{"@id":"https:\/\/www.rosinalaw.com\/es\/espanol\/sobre-nosotros\/#breadcrumb"},"inLanguage":"es","potentialAction":[{"@type":"ReadAction","target":["https:\/\/www.rosinalaw.com\/es\/espanol\/sobre-nosotros\/"]}]},{"@type":"ImageObject","inLanguage":"es","@id":"https:\/\/www.rosinalaw.com\/es\/espanol\/sobre-nosotros\/#primaryimage","url":"https:\/\/www.rosinalaw.com\/wp-content\/uploads\/2023\/06\/blog_fet.png","contentUrl":"https:\/\/www.rosinalaw.com\/wp-content\/uploads\/2023\/06\/blog_fet.png","width":1100,"height":590},{"@type":"BreadcrumbList","@id":"https:\/\/www.rosinalaw.com\/es\/espanol\/sobre-nosotros\/#breadcrumb","itemListElement":[{"@type":"ListItem","position":1,"name":"Inicio","item":"https:\/\/www.rosinalaw.com\/es\/inicio\/"},{"@type":"ListItem","position":2,"name":"Espa\u00f1ol","item":"https:\/\/www.rosinalaw.com\/es\/espanol\/"},{"@type":"ListItem","position":3,"name":"Sobre Nosotros"}]},{"@type":"WebSite","@id":"https:\/\/www.rosinalaw.com\/#website","url":"https:\/\/www.rosinalaw.com\/","name":"The Law Office of Rosina Stambaugh","description":"","publisher":{"@id":"https:\/\/www.rosinalaw.com\/#organization"},"potentialAction":[{"@type":"SearchAction","target":{"@type":"EntryPoint","urlTemplate":"https:\/\/www.rosinalaw.com\/?s={search_term_string}"},"query-input":{"@type":"PropertyValueSpecification","valueRequired":true,"valueName":"search_term_string"}}],"inLanguage":"es"},{"@type":"Organization","@id":"https:\/\/www.rosinalaw.com\/#organization","name":"El bufete de Rosina Stambaugh","url":"https:\/\/www.rosinalaw.com\/","logo":{"@type":"ImageObject","inLanguage":"es","@id":"https:\/\/www.rosinalaw.com\/#\/schema\/logo\/image\/","url":"https:\/\/www.rosinalaw.com\/wp-content\/uploads\/2023\/06\/logo-header.png","contentUrl":"https:\/\/www.rosinalaw.com\/wp-content\/uploads\/2023\/06\/logo-header.png","width":540,"height":80,"caption":"El bufete de Rosina Stambaugh"},"image":{"@id":"https:\/\/www.rosinalaw.com\/#\/schema\/logo\/image\/"},"sameAs":["https:\/\/www.facebook.com\/rosinastambaughlaw\/","https:\/\/x.com\/LawOffice_RCS"]}]}},"_links":{"self":[{"href":"https:\/\/www.rosinalaw.com\/es\/wp-json\/wp\/v2\/pages\/10797","targetHints":{"allow":["GET"]}}],"collection":[{"href":"https:\/\/www.rosinalaw.com\/es\/wp-json\/wp\/v2\/pages"}],"about":[{"href":"https:\/\/www.rosinalaw.com\/es\/wp-json\/wp\/v2\/types\/page"}],"author":[{"embeddable":true,"href":"https:\/\/www.rosinalaw.com\/es\/wp-json\/wp\/v2\/users\/27"}],"replies":[{"embeddable":true,"href":"https:\/\/www.rosinalaw.com\/es\/wp-json\/wp\/v2\/comments?post=10797"}],"version-history":[{"count":0,"href":"https:\/\/www.rosinalaw.com\/es\/wp-json\/wp\/v2\/pages\/10797\/revisions"}],"up":[{"embeddable":true,"href":"https:\/\/www.rosinalaw.com\/es\/wp-json\/wp\/v2\/pages\/10747"}],"wp:featuredmedia":[{"embeddable":true,"href":"https:\/\/www.rosinalaw.com\/es\/wp-json\/wp\/v2\/media\/9697"}],"wp:attachment":[{"href":"https:\/\/www.rosinalaw.com\/es\/wp-json\/wp\/v2\/media?parent=10797"}],"curies":[{"name":"wp","href":"https:\/\/api.w.org\/{rel}","templated":true}]}}