{"id":10799,"date":"2023-07-21T09:03:27","date_gmt":"2023-07-21T09:03:27","guid":{"rendered":"https:\/\/rosinalaw.wpenginepowered.com\/defensa-ante-la-deportacion\/fianzas-y-audiencias\/"},"modified":"2025-10-16T17:00:39","modified_gmt":"2025-10-16T17:00:39","slug":"fianzas-y-audiencias","status":"publish","type":"page","link":"https:\/\/www.rosinalaw.com\/es\/espanol\/defensa-ante-la-deportacion\/fianzas-y-audiencias\/","title":{"rendered":"Fianzas y Audiencias"},"content":{"rendered":"<h1><span class=\"title-font title-color-1\">Fianzas y Audiencias<\/span><\/h1>\n<h2>Basados en la honradez y la integridad<\/h2>\n<h2>Fianzas y Audiencias de Fianzas en York<\/h2>\n<h2>\u00bfQu\u00e9 es una Fianza?<\/h2>\n<p>La fianza es dinero pagado al gobierno a cambio de la puesta en libertad del detenido. Es una garant\u00eda de que el detenido ir\u00e1 a todas sus audiencias y cumplir\u00e1 con la orden final del Juez. <\/p>\n<h3>\u00bfQui\u00e9n Fija la Cantidad de la Fianza?<\/h3>\n<p>El ICE puede fijar la cantidad de fianza. Generalmente, los detenidos reciben un papel titulado \u00abAviso de Determinaci\u00f3n de Custodia\u00bb que refleja la cantidad de la fianza determinada por el ICE. El Juez de Inmigraci\u00f3n tambi\u00e9n puede fijar la cantidad de fianza. Si el ICE no determina la cantidad de la fianza, el detenido puede pedirle al Juez de Inmigraci\u00f3n que le fije la cantidad solicitando una Audiencia de Fianza.   <\/p>\n<p>El detenido tambi\u00e9n le puede pedir al Juez de Inmigraci\u00f3n que rebaje la fianza determinada por el ICE tambi\u00e9n pidiendo Audiencia de Fianza.<\/p>\n<p>Sin embargo, el Juez de Inmigraci\u00f3n no tiene poder para rebajar las cantidades de fianza de todas las personas. De igual manera, el Juez de Inmigraci\u00f3n s\u00ed tiene poder para aumentar la cantidad o eliminar la cantidad de fianza existente. <\/p>\n<h3>\u00bfPuede el Juez de Inmigraci\u00f3n Fijar la Cantidad de Fianza de Todas las Personas?<\/h3>\n<p>No. El Juez de Inmigraci\u00f3n no puede fijar la fianza para ciertas personas. Por ejemplo: personas a las que se le est\u00e1n poniendo cargos de \u00abextranjero llegando\u00bb (alguien que es detenido en un puerto de entrada, como un puesto de inspecci\u00f3n terrestre o un aeropuerto), o personas que han sido encontradas culpables de ciertos tipos de cr\u00edmenes y no pueden obtener fianza por el Juez de Inmigraci\u00f3n. Es muy importante que la Law Office of Rosina C. Stambaugh se re\u00fana con el detenido para determinar si \u00e9l o ella califica para fianza.   <\/p>\n<h3>\u00bfPuede un Detenido Tener M\u00e1s de Una Audiencia de Fianza?<\/h3>\n<p>No, a menos que la situaci\u00f3n del detenido haya cambiado fundamentalmente desde la \u00faltima audiencia. Es muy importante que el detenido hable con un abogado antes de pedir que se le fije la cantidad de fianza. Permita que la Oficina Jur\u00eddica de Rosina C. Stambaughle le ayude.  <\/p>\n<h3>\u00bfDebe la Fianza Pagarse Por Completo antes del Detenido Ser Puesto en Libertad?<\/h3>\n<p>Si.<\/p>\n<h3>\u00bfHay Agencias de Fianzas que Pueden Ayudar con el Pago de la Cantidad de Fianza?<\/h3>\n<p>Si. Ten en cuenta que las fianzas de inmigraci\u00f3n y las fianzas criminales no son lo mismo. <\/p>\n<h3>\u00bfC\u00f3mo Pueden los Familiares Pagar la Fianza de los Detenidos?<\/h3>\n<p>La persona que proporcione el dinero de la fianza deber\u00e1 mostrar una prueba de identidad. Esta persona (el Obligado) es responsable de asegurar que el detenido se presente ante un oficial o agente del ICE siempre y cuando se le requiera. No se acepta dinero en efectivo. Solo se aceptan &#8216;Cheques de Cajero&#8217;, &#8216;Cheques Certificados de Banco&#8217;, y en ciertos casos &#8216;Money Orders&#8217; hechos pagables a \u00abThe United States Department of Homeland Security &#8211; no abreviaciones. La abogada Rosina C. Stambaugh le asistir\u00e1 en el procedimiento correcto del pago de fianza.    <\/p>\n<p>La oficina de ICE en York donde la fianza puede ser pagada est\u00e1 en: 1605 Clugston Road, York, PA 17404.<\/p>\n<p><strong>El n\u00famero de tel\u00e9fono p\u00fablico es: <a href=\"tel:717-900-1818\">717-900-1818<\/a>.<\/strong><\/p>\n","protected":false},"excerpt":{"rendered":"<p>Fianzas y Audiencias Basados en la honradez y la integridad Fianzas y Audiencias de Fianzas en York \u00bfQu\u00e9 es una Fianza? La fianza es dinero pagado al gobierno a cambio de la puesta en libertad del detenido. Es una garant\u00eda de que el detenido ir\u00e1 a todas sus audiencias y cumplir\u00e1 con la orden final [&hellip;]<\/p>\n","protected":false},"author":21,"featured_media":9697,"parent":10709,"menu_order":0,"comment_status":"closed","ping_status":"closed","template":"","meta":{"_acf_changed":false,"site-sidebar-layout":"default","site-content-layout":"default","ast-site-content-layout":"default","site-content-style":"default","site-sidebar-style":"default","ast-global-header-display":"","ast-banner-title-visibility":"","ast-main-header-display":"","ast-hfb-above-header-display":"","ast-hfb-below-header-display":"","ast-hfb-mobile-header-display":"","site-post-title":"","ast-breadcrumbs-content":"","ast-featured-img":"","footer-sml-layout":"","ast-disable-related-posts":"","theme-transparent-header-meta":"default","adv-header-id-meta":"","stick-header-meta":"","header-above-stick-meta":"","header-main-stick-meta":"","header-below-stick-meta":"","astra-migrate-meta-layouts":"default","ast-page-background-enabled":"default","ast-page-background-meta":{"desktop":{"background-color":"var(--ast-global-color-4)","background-image":"","background-repeat":"repeat","background-position":"center center","background-size":"auto","background-attachment":"scroll","background-type":"","background-media":"","overlay-type":"","overlay-color":"","overlay-opacity":"","overlay-gradient":""},"tablet":{"background-color":"","background-image":"","background-repeat":"repeat","background-position":"center center","background-size":"auto","background-attachment":"scroll","background-type":"","background-media":"","overlay-type":"","overlay-color":"","overlay-opacity":"","overlay-gradient":""},"mobile":{"background-color":"","background-image":"","background-repeat":"repeat","background-position":"center center","background-size":"auto","background-attachment":"scroll","background-type":"","background-media":"","overlay-type":"","overlay-color":"","overlay-opacity":"","overlay-gradient":""}},"ast-content-background-meta":{"desktop":{"background-color":"var(--ast-global-color-5)","background-image":"","background-repeat":"repeat","background-position":"center center","background-size":"auto","background-attachment":"scroll","background-type":"","background-media":"","overlay-type":"","overlay-color":"","overlay-opacity":"","overlay-gradient":""},"tablet":{"background-color":"var(--ast-global-color-5)","background-image":"","background-repeat":"repeat","background-position":"center center","background-size":"auto","background-attachment":"scroll","background-type":"","background-media":"","overlay-type":"","overlay-color":"","overlay-opacity":"","overlay-gradient":""},"mobile":{"background-color":"var(--ast-global-color-5)","background-image":"","background-repeat":"repeat","background-position":"center center","background-size":"auto","background-attachment":"scroll","background-type":"","background-media":"","overlay-type":"","overlay-color":"","overlay-opacity":"","overlay-gradient":""}},"footnotes":""},"class_list":["post-10799","page","type-page","status-publish","has-post-thumbnail","hentry"],"acf":[],"yoast_head":"<!-- This site is optimized with the Yoast SEO plugin v27.4 - https:\/\/yoast.com\/product\/yoast-seo-wordpress\/ -->\n<title>Fianzas y Audiencias | El bufete de Rosina C. Stambaugh<\/title>\n<meta name=\"description\" content=\"En el panorama global actual se ha vuelto extremadamente importante comprender tus derechos de inmigraci\u00f3n. En el Despacho Jur\u00eddico de Rosina C. Stambaugh, comprendemos la dif\u00edcil naturaleza que rodea a quienes se ven atrapados en asuntos de inmigraci\u00f3n. Nuestra abogada se dedica a quienes necesitan asistencia legal y luchar\u00e1 por sus derechos. Ponte en contacto con nosotros hoy mismo.\" \/>\n<meta name=\"robots\" content=\"index, follow, max-snippet:-1, max-image-preview:large, max-video-preview:-1\" \/>\n<link rel=\"canonical\" href=\"https:\/\/www.rosinalaw.com\/es\/espanol\/defensa-ante-la-deportacion\/fianzas-y-audiencias\/\" \/>\n<meta property=\"og:locale\" content=\"es_ES\" \/>\n<meta property=\"og:type\" content=\"article\" \/>\n<meta property=\"og:title\" content=\"Fianzas y Audiencias | El bufete de Rosina C. Stambaugh\" \/>\n<meta property=\"og:description\" content=\"En el panorama global actual se ha vuelto extremadamente importante comprender tus derechos de inmigraci\u00f3n. En el Despacho Jur\u00eddico de Rosina C. Stambaugh, comprendemos la dif\u00edcil naturaleza que rodea a quienes se ven atrapados en asuntos de inmigraci\u00f3n. Nuestra abogada se dedica a quienes necesitan asistencia legal y luchar\u00e1 por sus derechos. Ponte en contacto con nosotros hoy mismo.\" \/>\n<meta property=\"og:url\" content=\"https:\/\/www.rosinalaw.com\/es\/espanol\/defensa-ante-la-deportacion\/fianzas-y-audiencias\/\" \/>\n<meta property=\"og:site_name\" content=\"The Law Office of Rosina Stambaugh\" \/>\n<meta property=\"article:publisher\" content=\"https:\/\/www.facebook.com\/rosinastambaughlaw\/\" \/>\n<meta property=\"article:modified_time\" content=\"2025-10-16T17:00:39+00:00\" \/>\n<meta property=\"og:image\" content=\"https:\/\/www.rosinalaw.com\/wp-content\/uploads\/2023\/06\/blog_fet.png\" \/>\n\t<meta property=\"og:image:width\" content=\"1100\" \/>\n\t<meta property=\"og:image:height\" content=\"590\" \/>\n\t<meta property=\"og:image:type\" content=\"image\/png\" \/>\n<meta name=\"twitter:card\" content=\"summary_large_image\" \/>\n<meta name=\"twitter:site\" content=\"@LawOffice_RCS\" \/>\n<meta name=\"twitter:label1\" content=\"Tiempo de lectura\" \/>\n\t<meta name=\"twitter:data1\" content=\"3 minutos\" \/>\n<script type=\"application\/ld+json\" class=\"yoast-schema-graph\">{\"@context\":\"https:\\\/\\\/schema.org\",\"@graph\":[{\"@type\":\"WebPage\",\"@id\":\"https:\\\/\\\/www.rosinalaw.com\\\/es\\\/espanol\\\/defensa-ante-la-deportacion\\\/fianzas-y-audiencias\\\/\",\"url\":\"https:\\\/\\\/www.rosinalaw.com\\\/es\\\/espanol\\\/defensa-ante-la-deportacion\\\/fianzas-y-audiencias\\\/\",\"name\":\"Fianzas y Audiencias | El bufete de Rosina C. Stambaugh\",\"isPartOf\":{\"@id\":\"https:\\\/\\\/www.rosinalaw.com\\\/#website\"},\"primaryImageOfPage\":{\"@id\":\"https:\\\/\\\/www.rosinalaw.com\\\/es\\\/espanol\\\/defensa-ante-la-deportacion\\\/fianzas-y-audiencias\\\/#primaryimage\"},\"image\":{\"@id\":\"https:\\\/\\\/www.rosinalaw.com\\\/es\\\/espanol\\\/defensa-ante-la-deportacion\\\/fianzas-y-audiencias\\\/#primaryimage\"},\"thumbnailUrl\":\"https:\\\/\\\/www.rosinalaw.com\\\/wp-content\\\/uploads\\\/2023\\\/06\\\/blog_fet.png\",\"datePublished\":\"2023-07-21T09:03:27+00:00\",\"dateModified\":\"2025-10-16T17:00:39+00:00\",\"description\":\"En el panorama global actual se ha vuelto extremadamente importante comprender tus derechos de inmigraci\u00f3n. En el Despacho Jur\u00eddico de Rosina C. Stambaugh, comprendemos la dif\u00edcil naturaleza que rodea a quienes se ven atrapados en asuntos de inmigraci\u00f3n. Nuestra abogada se dedica a quienes necesitan asistencia legal y luchar\u00e1 por sus derechos. Ponte en contacto con nosotros hoy mismo.\",\"breadcrumb\":{\"@id\":\"https:\\\/\\\/www.rosinalaw.com\\\/es\\\/espanol\\\/defensa-ante-la-deportacion\\\/fianzas-y-audiencias\\\/#breadcrumb\"},\"inLanguage\":\"es\",\"potentialAction\":[{\"@type\":\"ReadAction\",\"target\":[\"https:\\\/\\\/www.rosinalaw.com\\\/es\\\/espanol\\\/defensa-ante-la-deportacion\\\/fianzas-y-audiencias\\\/\"]}]},{\"@type\":\"ImageObject\",\"inLanguage\":\"es\",\"@id\":\"https:\\\/\\\/www.rosinalaw.com\\\/es\\\/espanol\\\/defensa-ante-la-deportacion\\\/fianzas-y-audiencias\\\/#primaryimage\",\"url\":\"https:\\\/\\\/www.rosinalaw.com\\\/wp-content\\\/uploads\\\/2023\\\/06\\\/blog_fet.png\",\"contentUrl\":\"https:\\\/\\\/www.rosinalaw.com\\\/wp-content\\\/uploads\\\/2023\\\/06\\\/blog_fet.png\",\"width\":1100,\"height\":590},{\"@type\":\"BreadcrumbList\",\"@id\":\"https:\\\/\\\/www.rosinalaw.com\\\/es\\\/espanol\\\/defensa-ante-la-deportacion\\\/fianzas-y-audiencias\\\/#breadcrumb\",\"itemListElement\":[{\"@type\":\"ListItem\",\"position\":1,\"name\":\"Inicio\",\"item\":\"https:\\\/\\\/www.rosinalaw.com\\\/es\\\/inicio\\\/\"},{\"@type\":\"ListItem\",\"position\":2,\"name\":\"Espa\u00f1ol\",\"item\":\"https:\\\/\\\/www.rosinalaw.com\\\/es\\\/espanol\\\/\"},{\"@type\":\"ListItem\",\"position\":3,\"name\":\"Defensa ante la deportaci\u00f3n\",\"item\":\"https:\\\/\\\/www.rosinalaw.com\\\/es\\\/espanol\\\/defensa-ante-la-deportacion\\\/\"},{\"@type\":\"ListItem\",\"position\":4,\"name\":\"Fianzas y Audiencias\"}]},{\"@type\":\"WebSite\",\"@id\":\"https:\\\/\\\/www.rosinalaw.com\\\/#website\",\"url\":\"https:\\\/\\\/www.rosinalaw.com\\\/\",\"name\":\"The Law Office of Rosina Stambaugh\",\"description\":\"\",\"publisher\":{\"@id\":\"https:\\\/\\\/www.rosinalaw.com\\\/#organization\"},\"potentialAction\":[{\"@type\":\"SearchAction\",\"target\":{\"@type\":\"EntryPoint\",\"urlTemplate\":\"https:\\\/\\\/www.rosinalaw.com\\\/?s={search_term_string}\"},\"query-input\":{\"@type\":\"PropertyValueSpecification\",\"valueRequired\":true,\"valueName\":\"search_term_string\"}}],\"inLanguage\":\"es\"},{\"@type\":\"Organization\",\"@id\":\"https:\\\/\\\/www.rosinalaw.com\\\/#organization\",\"name\":\"El bufete de Rosina Stambaugh\",\"url\":\"https:\\\/\\\/www.rosinalaw.com\\\/\",\"logo\":{\"@type\":\"ImageObject\",\"inLanguage\":\"es\",\"@id\":\"https:\\\/\\\/www.rosinalaw.com\\\/#\\\/schema\\\/logo\\\/image\\\/\",\"url\":\"https:\\\/\\\/www.rosinalaw.com\\\/wp-content\\\/uploads\\\/2023\\\/06\\\/logo-header.png\",\"contentUrl\":\"https:\\\/\\\/www.rosinalaw.com\\\/wp-content\\\/uploads\\\/2023\\\/06\\\/logo-header.png\",\"width\":540,\"height\":80,\"caption\":\"El bufete de Rosina Stambaugh\"},\"image\":{\"@id\":\"https:\\\/\\\/www.rosinalaw.com\\\/#\\\/schema\\\/logo\\\/image\\\/\"},\"sameAs\":[\"https:\\\/\\\/www.facebook.com\\\/rosinastambaughlaw\\\/\",\"https:\\\/\\\/x.com\\\/LawOffice_RCS\"]}]}<\/script>\n<!-- \/ Yoast SEO plugin. -->","yoast_head_json":{"title":"Fianzas y Audiencias | El bufete de Rosina C. Stambaugh","description":"En el panorama global actual se ha vuelto extremadamente importante comprender tus derechos de inmigraci\u00f3n. En el Despacho Jur\u00eddico de Rosina C. Stambaugh, comprendemos la dif\u00edcil naturaleza que rodea a quienes se ven atrapados en asuntos de inmigraci\u00f3n. Nuestra abogada se dedica a quienes necesitan asistencia legal y luchar\u00e1 por sus derechos. Ponte en contacto con nosotros hoy mismo.","robots":{"index":"index","follow":"follow","max-snippet":"max-snippet:-1","max-image-preview":"max-image-preview:large","max-video-preview":"max-video-preview:-1"},"canonical":"https:\/\/www.rosinalaw.com\/es\/espanol\/defensa-ante-la-deportacion\/fianzas-y-audiencias\/","og_locale":"es_ES","og_type":"article","og_title":"Fianzas y Audiencias | El bufete de Rosina C. Stambaugh","og_description":"En el panorama global actual se ha vuelto extremadamente importante comprender tus derechos de inmigraci\u00f3n. En el Despacho Jur\u00eddico de Rosina C. Stambaugh, comprendemos la dif\u00edcil naturaleza que rodea a quienes se ven atrapados en asuntos de inmigraci\u00f3n. Nuestra abogada se dedica a quienes necesitan asistencia legal y luchar\u00e1 por sus derechos. Ponte en contacto con nosotros hoy mismo.","og_url":"https:\/\/www.rosinalaw.com\/es\/espanol\/defensa-ante-la-deportacion\/fianzas-y-audiencias\/","og_site_name":"The Law Office of Rosina Stambaugh","article_publisher":"https:\/\/www.facebook.com\/rosinastambaughlaw\/","article_modified_time":"2025-10-16T17:00:39+00:00","og_image":[{"width":1100,"height":590,"url":"https:\/\/www.rosinalaw.com\/wp-content\/uploads\/2023\/06\/blog_fet.png","type":"image\/png"}],"twitter_card":"summary_large_image","twitter_site":"@LawOffice_RCS","twitter_misc":{"Tiempo de lectura":"3 minutos"},"schema":{"@context":"https:\/\/schema.org","@graph":[{"@type":"WebPage","@id":"https:\/\/www.rosinalaw.com\/es\/espanol\/defensa-ante-la-deportacion\/fianzas-y-audiencias\/","url":"https:\/\/www.rosinalaw.com\/es\/espanol\/defensa-ante-la-deportacion\/fianzas-y-audiencias\/","name":"Fianzas y Audiencias | El bufete de Rosina C. Stambaugh","isPartOf":{"@id":"https:\/\/www.rosinalaw.com\/#website"},"primaryImageOfPage":{"@id":"https:\/\/www.rosinalaw.com\/es\/espanol\/defensa-ante-la-deportacion\/fianzas-y-audiencias\/#primaryimage"},"image":{"@id":"https:\/\/www.rosinalaw.com\/es\/espanol\/defensa-ante-la-deportacion\/fianzas-y-audiencias\/#primaryimage"},"thumbnailUrl":"https:\/\/www.rosinalaw.com\/wp-content\/uploads\/2023\/06\/blog_fet.png","datePublished":"2023-07-21T09:03:27+00:00","dateModified":"2025-10-16T17:00:39+00:00","description":"En el panorama global actual se ha vuelto extremadamente importante comprender tus derechos de inmigraci\u00f3n. En el Despacho Jur\u00eddico de Rosina C. Stambaugh, comprendemos la dif\u00edcil naturaleza que rodea a quienes se ven atrapados en asuntos de inmigraci\u00f3n. Nuestra abogada se dedica a quienes necesitan asistencia legal y luchar\u00e1 por sus derechos. Ponte en contacto con nosotros hoy mismo.","breadcrumb":{"@id":"https:\/\/www.rosinalaw.com\/es\/espanol\/defensa-ante-la-deportacion\/fianzas-y-audiencias\/#breadcrumb"},"inLanguage":"es","potentialAction":[{"@type":"ReadAction","target":["https:\/\/www.rosinalaw.com\/es\/espanol\/defensa-ante-la-deportacion\/fianzas-y-audiencias\/"]}]},{"@type":"ImageObject","inLanguage":"es","@id":"https:\/\/www.rosinalaw.com\/es\/espanol\/defensa-ante-la-deportacion\/fianzas-y-audiencias\/#primaryimage","url":"https:\/\/www.rosinalaw.com\/wp-content\/uploads\/2023\/06\/blog_fet.png","contentUrl":"https:\/\/www.rosinalaw.com\/wp-content\/uploads\/2023\/06\/blog_fet.png","width":1100,"height":590},{"@type":"BreadcrumbList","@id":"https:\/\/www.rosinalaw.com\/es\/espanol\/defensa-ante-la-deportacion\/fianzas-y-audiencias\/#breadcrumb","itemListElement":[{"@type":"ListItem","position":1,"name":"Inicio","item":"https:\/\/www.rosinalaw.com\/es\/inicio\/"},{"@type":"ListItem","position":2,"name":"Espa\u00f1ol","item":"https:\/\/www.rosinalaw.com\/es\/espanol\/"},{"@type":"ListItem","position":3,"name":"Defensa ante la deportaci\u00f3n","item":"https:\/\/www.rosinalaw.com\/es\/espanol\/defensa-ante-la-deportacion\/"},{"@type":"ListItem","position":4,"name":"Fianzas y Audiencias"}]},{"@type":"WebSite","@id":"https:\/\/www.rosinalaw.com\/#website","url":"https:\/\/www.rosinalaw.com\/","name":"The Law Office of Rosina Stambaugh","description":"","publisher":{"@id":"https:\/\/www.rosinalaw.com\/#organization"},"potentialAction":[{"@type":"SearchAction","target":{"@type":"EntryPoint","urlTemplate":"https:\/\/www.rosinalaw.com\/?s={search_term_string}"},"query-input":{"@type":"PropertyValueSpecification","valueRequired":true,"valueName":"search_term_string"}}],"inLanguage":"es"},{"@type":"Organization","@id":"https:\/\/www.rosinalaw.com\/#organization","name":"El bufete de Rosina Stambaugh","url":"https:\/\/www.rosinalaw.com\/","logo":{"@type":"ImageObject","inLanguage":"es","@id":"https:\/\/www.rosinalaw.com\/#\/schema\/logo\/image\/","url":"https:\/\/www.rosinalaw.com\/wp-content\/uploads\/2023\/06\/logo-header.png","contentUrl":"https:\/\/www.rosinalaw.com\/wp-content\/uploads\/2023\/06\/logo-header.png","width":540,"height":80,"caption":"El bufete de Rosina Stambaugh"},"image":{"@id":"https:\/\/www.rosinalaw.com\/#\/schema\/logo\/image\/"},"sameAs":["https:\/\/www.facebook.com\/rosinastambaughlaw\/","https:\/\/x.com\/LawOffice_RCS"]}]}},"_links":{"self":[{"href":"https:\/\/www.rosinalaw.com\/es\/wp-json\/wp\/v2\/pages\/10799","targetHints":{"allow":["GET"]}}],"collection":[{"href":"https:\/\/www.rosinalaw.com\/es\/wp-json\/wp\/v2\/pages"}],"about":[{"href":"https:\/\/www.rosinalaw.com\/es\/wp-json\/wp\/v2\/types\/page"}],"author":[{"embeddable":true,"href":"https:\/\/www.rosinalaw.com\/es\/wp-json\/wp\/v2\/users\/21"}],"replies":[{"embeddable":true,"href":"https:\/\/www.rosinalaw.com\/es\/wp-json\/wp\/v2\/comments?post=10799"}],"version-history":[{"count":0,"href":"https:\/\/www.rosinalaw.com\/es\/wp-json\/wp\/v2\/pages\/10799\/revisions"}],"up":[{"embeddable":true,"href":"https:\/\/www.rosinalaw.com\/es\/wp-json\/wp\/v2\/pages\/10709"}],"wp:featuredmedia":[{"embeddable":true,"href":"https:\/\/www.rosinalaw.com\/es\/wp-json\/wp\/v2\/media\/9697"}],"wp:attachment":[{"href":"https:\/\/www.rosinalaw.com\/es\/wp-json\/wp\/v2\/media?parent=10799"}],"curies":[{"name":"wp","href":"https:\/\/api.w.org\/{rel}","templated":true}]}}