{"id":10807,"date":"2023-07-21T09:34:34","date_gmt":"2023-07-21T09:34:34","guid":{"rendered":"https:\/\/rosinalaw.wpenginepowered.com\/espanol\/preguntas-frecuentes\/"},"modified":"2025-10-16T17:00:44","modified_gmt":"2025-10-16T17:00:44","slug":"preguntas-frecuentes","status":"publish","type":"page","link":"https:\/\/www.rosinalaw.com\/es\/espanol\/preguntas-frecuentes\/","title":{"rendered":"Preguntas Frecuentes"},"content":{"rendered":"<h1>Preguntas Frecuentes<\/h1>\n<h2>Fundada en Honestidad e Integridad<\/h2>\n<h2>Preguntas Frecuentes Acerca De Abogadas De Inmigraci\u00f3n en York<\/h2>\n<p>\u00bfEst\u00e1s tratando de obtener un visado o una tarjeta verde? \u00bfO est\u00e1 lidiando con cualquier otro asunto relacionado con las leyes de inmigraci\u00f3n? Puedes confiar en Rosina C. Stambaugh en The Law Office of Rosina C. Stambaugh para ofrecerle orientaci\u00f3n de confianza y consejo legal. Ella est\u00e1 aqu\u00ed para orientarle y asegurarse de que usted est\u00e1 al tanto de sus derechos y opciones, as\u00ed como para responder a cualquier pregunta que pueda tener.   <\/p>\n<div class=\"text-highlight t3\">\n<p class=\"text-highlight v4 title-font side-padding\"><strong>Para m\u00e1s informaci\u00f3n acerca de c\u00f3mo Rosina C. Stambaugh puede ayudarle, llame hoy a su oficina al <a href=\"tel:(717)%20900-1818\">(717) 900-1818<\/a>.<\/strong><\/p>\n<\/div>\n<div class=\"xt-col-12 xt-col-md-12 faq-wrap\">\n<details>\n<summary class=\"accordian-title faq-page98\">P:\u00bfQu\u00e9 puedo hacer si me enfrento a la deportaci\u00f3n? \u00bfPuedes ayudarme? <\/summary>\n<p class=\"accordian-text black-color faq-page981\">R:Si se enfrenta a la deportaci\u00f3n, es importante que contrate los servicios de un abogado de inmigraci\u00f3n en York. Rosina C. Stambaugh puede protegerle represent\u00e1ndole en las audiencias y construyendo una estrategia de defensa para usted. <\/p>\n<\/details>\n<details>\n<summary class=\"accordian-title faq-page98\">P:\u00bfExisten diferentes tipos de tarjetas de residencia? \u00bfC\u00f3mo s\u00e9 cu\u00e1l es la adecuada para m\u00ed? <\/summary>\n<p class=\"accordian-text black-color faq-page981\">R:Existen muchos tipos de green cards, incluyendo aquellas basadas en la familia y aquellas basadas en el trabajo. Necesitar\u00e1 considerar qu\u00e9 intereses le traen a los Estados Unidos para solicitar el tipo de tarjeta verde adecuado. <\/p>\n<\/details>\n<details>\n<summary class=\"accordian-title faq-page98\">P:\u00bfEs la inmigraci\u00f3n basada en la familia adecuada para m\u00ed?<\/summary>\n<p class=\"accordian-text black-color faq-page981\">R:Necesitar\u00e1 reunirse con un abogado experimentado para determinar qu\u00e9 tipo de visado es el adecuado para usted. No obstante, si tiene un prometido\/a, esposo\/a o familiar que es ciudadano estadounidense, la inmigraci\u00f3n basada en la familia puede ser el camino adecuado para usted. Si usted es un residente permanente legal, tambi\u00e9n puede patrocinar a su familia.  <\/p>\n<\/details>\n<details>\n<summary class=\"accordian-title faq-page98\">P:\u00bfQu\u00e9 tipos de visados de no inmigrante existen?<\/summary>\n<p class=\"accordian-text black-color faq-page981\">R:Los visados de no inmigrante se conceden para permitirte venir a los Estados Unidos por un periodo limitado de tiempo para un prop\u00f3sito espec\u00edfico. Este puede ser viajar, estudiar, invertir o una oportunidad de empleo. <\/p>\n<\/details>\n<details>\n<summary class=\"accordian-title faq-page98\">P:\u00bfQu\u00e9 es DACA?<\/summary>\n<p class=\"accordian-text black-color faq-page981\">A:DACA es la abreviatura para la Acci\u00f3n Diferida para aquellos llegados en la Infancia, la cual fue establecida en 2012, anunciando que los individuos que llegaron a EE.UU. cuando eran ni\u00f1os que cumplan ciertos requisitos, pueden solicitar un aplazamiento de la acci\u00f3n por 2 a\u00f1os. <\/p>\n<\/details>\n<details>\n<summary class=\"accordian-title faq-page98\">P:Alguien que conozco ha sido detenido por las Autoridades de Inmigraci\u00f3n y Aduanas (ICE), \u00bfc\u00f3mo puedo liberarlo? &#8211;<\/summary>\n<p class=\"accordian-text black-color faq-page981\">R: Los individuos arrestados por el ICE son llevados a prisiones y centros de detenci\u00f3n en todo Estados Unidos. Algunos individuos son elegibles para pedir una fianza, mientras que otros reciben arresto obligatorio y no tienen derecho a fianza. Los individuos pueden ser detenidos durante semanas antes de obtener una audiencia para la fianza. Si alguien que conoces ha sido detenido en la Prisi\u00f3n del Condado de York o alrededores, es vital que contactes con nuestra oficina para que le ayudemos en este proceso.   <\/p>\n","protected":false},"excerpt":{"rendered":"<p>Preguntas Frecuentes Fundada en Honestidad e Integridad Preguntas Frecuentes Acerca De Abogadas De Inmigraci\u00f3n en York \u00bfEst\u00e1s tratando de obtener un visado o una tarjeta verde? \u00bfO est\u00e1 lidiando con cualquier otro asunto relacionado con las leyes de inmigraci\u00f3n? Puedes confiar en Rosina C. Stambaugh en The Law Office of Rosina C. Stambaugh para ofrecerle [&hellip;]<\/p>\n","protected":false},"author":27,"featured_media":9697,"parent":10747,"menu_order":0,"comment_status":"closed","ping_status":"closed","template":"","meta":{"_acf_changed":false,"site-sidebar-layout":"default","site-content-layout":"default","ast-site-content-layout":"default","site-content-style":"default","site-sidebar-style":"default","ast-global-header-display":"","ast-banner-title-visibility":"","ast-main-header-display":"","ast-hfb-above-header-display":"","ast-hfb-below-header-display":"","ast-hfb-mobile-header-display":"","site-post-title":"","ast-breadcrumbs-content":"","ast-featured-img":"","footer-sml-layout":"","ast-disable-related-posts":"","theme-transparent-header-meta":"default","adv-header-id-meta":"","stick-header-meta":"","header-above-stick-meta":"","header-main-stick-meta":"","header-below-stick-meta":"","astra-migrate-meta-layouts":"default","ast-page-background-enabled":"default","ast-page-background-meta":{"desktop":{"background-color":"var(--ast-global-color-4)","background-image":"","background-repeat":"repeat","background-position":"center center","background-size":"auto","background-attachment":"scroll","background-type":"","background-media":"","overlay-type":"","overlay-color":"","overlay-opacity":"","overlay-gradient":""},"tablet":{"background-color":"","background-image":"","background-repeat":"repeat","background-position":"center center","background-size":"auto","background-attachment":"scroll","background-type":"","background-media":"","overlay-type":"","overlay-color":"","overlay-opacity":"","overlay-gradient":""},"mobile":{"background-color":"","background-image":"","background-repeat":"repeat","background-position":"center center","background-size":"auto","background-attachment":"scroll","background-type":"","background-media":"","overlay-type":"","overlay-color":"","overlay-opacity":"","overlay-gradient":""}},"ast-content-background-meta":{"desktop":{"background-color":"var(--ast-global-color-5)","background-image":"","background-repeat":"repeat","background-position":"center center","background-size":"auto","background-attachment":"scroll","background-type":"","background-media":"","overlay-type":"","overlay-color":"","overlay-opacity":"","overlay-gradient":""},"tablet":{"background-color":"var(--ast-global-color-5)","background-image":"","background-repeat":"repeat","background-position":"center center","background-size":"auto","background-attachment":"scroll","background-type":"","background-media":"","overlay-type":"","overlay-color":"","overlay-opacity":"","overlay-gradient":""},"mobile":{"background-color":"var(--ast-global-color-5)","background-image":"","background-repeat":"repeat","background-position":"center center","background-size":"auto","background-attachment":"scroll","background-type":"","background-media":"","overlay-type":"","overlay-color":"","overlay-opacity":"","overlay-gradient":""}},"footnotes":""},"class_list":["post-10807","page","type-page","status-publish","has-post-thumbnail","hentry"],"acf":[],"yoast_head":"<!-- This site is optimized with the Yoast SEO plugin v27.3 - https:\/\/yoast.com\/product\/yoast-seo-wordpress\/ -->\n<title>FAQ | Abogado de inmigraci\u00f3n en York<\/title>\n<meta name=\"description\" content=\"PREGUNTAS FRECUENTES. El Bufete de Rosina C. Stambaugh puede proporcionarte a\u00f1os de experiencia en derecho de inmigraci\u00f3n. \u00a1Llama hoy mismo!\" \/>\n<meta name=\"robots\" content=\"index, follow, max-snippet:-1, max-image-preview:large, max-video-preview:-1\" \/>\n<link rel=\"canonical\" href=\"https:\/\/www.rosinalaw.com\/es\/espanol\/preguntas-frecuentes\/\" \/>\n<meta property=\"og:locale\" content=\"es_ES\" \/>\n<meta property=\"og:type\" content=\"article\" \/>\n<meta property=\"og:title\" content=\"FAQ | Abogado de inmigraci\u00f3n en York\" \/>\n<meta property=\"og:description\" content=\"PREGUNTAS FRECUENTES. El Bufete de Rosina C. Stambaugh puede proporcionarte a\u00f1os de experiencia en derecho de inmigraci\u00f3n. \u00a1Llama hoy mismo!\" \/>\n<meta property=\"og:url\" content=\"https:\/\/www.rosinalaw.com\/es\/espanol\/preguntas-frecuentes\/\" \/>\n<meta property=\"og:site_name\" content=\"The Law Office of Rosina Stambaugh\" \/>\n<meta property=\"article:publisher\" content=\"https:\/\/www.facebook.com\/rosinastambaughlaw\/\" \/>\n<meta property=\"article:modified_time\" content=\"2025-10-16T17:00:44+00:00\" \/>\n<meta property=\"og:image\" content=\"https:\/\/www.rosinalaw.com\/wp-content\/uploads\/2023\/06\/blog_fet.png\" \/>\n\t<meta property=\"og:image:width\" content=\"1100\" \/>\n\t<meta property=\"og:image:height\" content=\"590\" \/>\n\t<meta property=\"og:image:type\" content=\"image\/png\" \/>\n<meta name=\"twitter:card\" content=\"summary_large_image\" \/>\n<meta name=\"twitter:site\" content=\"@LawOffice_RCS\" \/>\n<meta name=\"twitter:label1\" content=\"Tiempo de lectura\" \/>\n\t<meta name=\"twitter:data1\" content=\"3 minutos\" \/>\n<script type=\"application\/ld+json\" class=\"yoast-schema-graph\">{\"@context\":\"https:\\\/\\\/schema.org\",\"@graph\":[{\"@type\":\"WebPage\",\"@id\":\"https:\\\/\\\/www.rosinalaw.com\\\/es\\\/espanol\\\/preguntas-frecuentes\\\/\",\"url\":\"https:\\\/\\\/www.rosinalaw.com\\\/es\\\/espanol\\\/preguntas-frecuentes\\\/\",\"name\":\"FAQ | Abogado de inmigraci\u00f3n en York\",\"isPartOf\":{\"@id\":\"https:\\\/\\\/www.rosinalaw.com\\\/#website\"},\"primaryImageOfPage\":{\"@id\":\"https:\\\/\\\/www.rosinalaw.com\\\/es\\\/espanol\\\/preguntas-frecuentes\\\/#primaryimage\"},\"image\":{\"@id\":\"https:\\\/\\\/www.rosinalaw.com\\\/es\\\/espanol\\\/preguntas-frecuentes\\\/#primaryimage\"},\"thumbnailUrl\":\"https:\\\/\\\/www.rosinalaw.com\\\/wp-content\\\/uploads\\\/2023\\\/06\\\/blog_fet.png\",\"datePublished\":\"2023-07-21T09:34:34+00:00\",\"dateModified\":\"2025-10-16T17:00:44+00:00\",\"description\":\"PREGUNTAS FRECUENTES. El Bufete de Rosina C. Stambaugh puede proporcionarte a\u00f1os de experiencia en derecho de inmigraci\u00f3n. \u00a1Llama hoy mismo!\",\"breadcrumb\":{\"@id\":\"https:\\\/\\\/www.rosinalaw.com\\\/es\\\/espanol\\\/preguntas-frecuentes\\\/#breadcrumb\"},\"inLanguage\":\"es\",\"potentialAction\":[{\"@type\":\"ReadAction\",\"target\":[\"https:\\\/\\\/www.rosinalaw.com\\\/es\\\/espanol\\\/preguntas-frecuentes\\\/\"]}]},{\"@type\":\"ImageObject\",\"inLanguage\":\"es\",\"@id\":\"https:\\\/\\\/www.rosinalaw.com\\\/es\\\/espanol\\\/preguntas-frecuentes\\\/#primaryimage\",\"url\":\"https:\\\/\\\/www.rosinalaw.com\\\/wp-content\\\/uploads\\\/2023\\\/06\\\/blog_fet.png\",\"contentUrl\":\"https:\\\/\\\/www.rosinalaw.com\\\/wp-content\\\/uploads\\\/2023\\\/06\\\/blog_fet.png\",\"width\":1100,\"height\":590},{\"@type\":\"BreadcrumbList\",\"@id\":\"https:\\\/\\\/www.rosinalaw.com\\\/es\\\/espanol\\\/preguntas-frecuentes\\\/#breadcrumb\",\"itemListElement\":[{\"@type\":\"ListItem\",\"position\":1,\"name\":\"Inicio\",\"item\":\"https:\\\/\\\/www.rosinalaw.com\\\/es\\\/inicio\\\/\"},{\"@type\":\"ListItem\",\"position\":2,\"name\":\"Espa\u00f1ol\",\"item\":\"https:\\\/\\\/www.rosinalaw.com\\\/es\\\/espanol\\\/\"},{\"@type\":\"ListItem\",\"position\":3,\"name\":\"Preguntas Frecuentes\"}]},{\"@type\":\"WebSite\",\"@id\":\"https:\\\/\\\/www.rosinalaw.com\\\/#website\",\"url\":\"https:\\\/\\\/www.rosinalaw.com\\\/\",\"name\":\"The Law Office of Rosina Stambaugh\",\"description\":\"\",\"publisher\":{\"@id\":\"https:\\\/\\\/www.rosinalaw.com\\\/#organization\"},\"potentialAction\":[{\"@type\":\"SearchAction\",\"target\":{\"@type\":\"EntryPoint\",\"urlTemplate\":\"https:\\\/\\\/www.rosinalaw.com\\\/?s={search_term_string}\"},\"query-input\":{\"@type\":\"PropertyValueSpecification\",\"valueRequired\":true,\"valueName\":\"search_term_string\"}}],\"inLanguage\":\"es\"},{\"@type\":\"Organization\",\"@id\":\"https:\\\/\\\/www.rosinalaw.com\\\/#organization\",\"name\":\"El bufete de Rosina Stambaugh\",\"url\":\"https:\\\/\\\/www.rosinalaw.com\\\/\",\"logo\":{\"@type\":\"ImageObject\",\"inLanguage\":\"es\",\"@id\":\"https:\\\/\\\/www.rosinalaw.com\\\/#\\\/schema\\\/logo\\\/image\\\/\",\"url\":\"https:\\\/\\\/www.rosinalaw.com\\\/wp-content\\\/uploads\\\/2023\\\/06\\\/logo-header.png\",\"contentUrl\":\"https:\\\/\\\/www.rosinalaw.com\\\/wp-content\\\/uploads\\\/2023\\\/06\\\/logo-header.png\",\"width\":540,\"height\":80,\"caption\":\"El bufete de Rosina Stambaugh\"},\"image\":{\"@id\":\"https:\\\/\\\/www.rosinalaw.com\\\/#\\\/schema\\\/logo\\\/image\\\/\"},\"sameAs\":[\"https:\\\/\\\/www.facebook.com\\\/rosinastambaughlaw\\\/\",\"https:\\\/\\\/x.com\\\/LawOffice_RCS\"]}]}<\/script>\n<!-- \/ Yoast SEO plugin. -->","yoast_head_json":{"title":"FAQ | Abogado de inmigraci\u00f3n en York","description":"PREGUNTAS FRECUENTES. El Bufete de Rosina C. Stambaugh puede proporcionarte a\u00f1os de experiencia en derecho de inmigraci\u00f3n. \u00a1Llama hoy mismo!","robots":{"index":"index","follow":"follow","max-snippet":"max-snippet:-1","max-image-preview":"max-image-preview:large","max-video-preview":"max-video-preview:-1"},"canonical":"https:\/\/www.rosinalaw.com\/es\/espanol\/preguntas-frecuentes\/","og_locale":"es_ES","og_type":"article","og_title":"FAQ | Abogado de inmigraci\u00f3n en York","og_description":"PREGUNTAS FRECUENTES. El Bufete de Rosina C. Stambaugh puede proporcionarte a\u00f1os de experiencia en derecho de inmigraci\u00f3n. \u00a1Llama hoy mismo!","og_url":"https:\/\/www.rosinalaw.com\/es\/espanol\/preguntas-frecuentes\/","og_site_name":"The Law Office of Rosina Stambaugh","article_publisher":"https:\/\/www.facebook.com\/rosinastambaughlaw\/","article_modified_time":"2025-10-16T17:00:44+00:00","og_image":[{"width":1100,"height":590,"url":"https:\/\/www.rosinalaw.com\/wp-content\/uploads\/2023\/06\/blog_fet.png","type":"image\/png"}],"twitter_card":"summary_large_image","twitter_site":"@LawOffice_RCS","twitter_misc":{"Tiempo de lectura":"3 minutos"},"schema":{"@context":"https:\/\/schema.org","@graph":[{"@type":"WebPage","@id":"https:\/\/www.rosinalaw.com\/es\/espanol\/preguntas-frecuentes\/","url":"https:\/\/www.rosinalaw.com\/es\/espanol\/preguntas-frecuentes\/","name":"FAQ | Abogado de inmigraci\u00f3n en York","isPartOf":{"@id":"https:\/\/www.rosinalaw.com\/#website"},"primaryImageOfPage":{"@id":"https:\/\/www.rosinalaw.com\/es\/espanol\/preguntas-frecuentes\/#primaryimage"},"image":{"@id":"https:\/\/www.rosinalaw.com\/es\/espanol\/preguntas-frecuentes\/#primaryimage"},"thumbnailUrl":"https:\/\/www.rosinalaw.com\/wp-content\/uploads\/2023\/06\/blog_fet.png","datePublished":"2023-07-21T09:34:34+00:00","dateModified":"2025-10-16T17:00:44+00:00","description":"PREGUNTAS FRECUENTES. El Bufete de Rosina C. Stambaugh puede proporcionarte a\u00f1os de experiencia en derecho de inmigraci\u00f3n. \u00a1Llama hoy mismo!","breadcrumb":{"@id":"https:\/\/www.rosinalaw.com\/es\/espanol\/preguntas-frecuentes\/#breadcrumb"},"inLanguage":"es","potentialAction":[{"@type":"ReadAction","target":["https:\/\/www.rosinalaw.com\/es\/espanol\/preguntas-frecuentes\/"]}]},{"@type":"ImageObject","inLanguage":"es","@id":"https:\/\/www.rosinalaw.com\/es\/espanol\/preguntas-frecuentes\/#primaryimage","url":"https:\/\/www.rosinalaw.com\/wp-content\/uploads\/2023\/06\/blog_fet.png","contentUrl":"https:\/\/www.rosinalaw.com\/wp-content\/uploads\/2023\/06\/blog_fet.png","width":1100,"height":590},{"@type":"BreadcrumbList","@id":"https:\/\/www.rosinalaw.com\/es\/espanol\/preguntas-frecuentes\/#breadcrumb","itemListElement":[{"@type":"ListItem","position":1,"name":"Inicio","item":"https:\/\/www.rosinalaw.com\/es\/inicio\/"},{"@type":"ListItem","position":2,"name":"Espa\u00f1ol","item":"https:\/\/www.rosinalaw.com\/es\/espanol\/"},{"@type":"ListItem","position":3,"name":"Preguntas Frecuentes"}]},{"@type":"WebSite","@id":"https:\/\/www.rosinalaw.com\/#website","url":"https:\/\/www.rosinalaw.com\/","name":"The Law Office of Rosina Stambaugh","description":"","publisher":{"@id":"https:\/\/www.rosinalaw.com\/#organization"},"potentialAction":[{"@type":"SearchAction","target":{"@type":"EntryPoint","urlTemplate":"https:\/\/www.rosinalaw.com\/?s={search_term_string}"},"query-input":{"@type":"PropertyValueSpecification","valueRequired":true,"valueName":"search_term_string"}}],"inLanguage":"es"},{"@type":"Organization","@id":"https:\/\/www.rosinalaw.com\/#organization","name":"El bufete de Rosina Stambaugh","url":"https:\/\/www.rosinalaw.com\/","logo":{"@type":"ImageObject","inLanguage":"es","@id":"https:\/\/www.rosinalaw.com\/#\/schema\/logo\/image\/","url":"https:\/\/www.rosinalaw.com\/wp-content\/uploads\/2023\/06\/logo-header.png","contentUrl":"https:\/\/www.rosinalaw.com\/wp-content\/uploads\/2023\/06\/logo-header.png","width":540,"height":80,"caption":"El bufete de Rosina Stambaugh"},"image":{"@id":"https:\/\/www.rosinalaw.com\/#\/schema\/logo\/image\/"},"sameAs":["https:\/\/www.facebook.com\/rosinastambaughlaw\/","https:\/\/x.com\/LawOffice_RCS"]}]}},"_links":{"self":[{"href":"https:\/\/www.rosinalaw.com\/es\/wp-json\/wp\/v2\/pages\/10807","targetHints":{"allow":["GET"]}}],"collection":[{"href":"https:\/\/www.rosinalaw.com\/es\/wp-json\/wp\/v2\/pages"}],"about":[{"href":"https:\/\/www.rosinalaw.com\/es\/wp-json\/wp\/v2\/types\/page"}],"author":[{"embeddable":true,"href":"https:\/\/www.rosinalaw.com\/es\/wp-json\/wp\/v2\/users\/27"}],"replies":[{"embeddable":true,"href":"https:\/\/www.rosinalaw.com\/es\/wp-json\/wp\/v2\/comments?post=10807"}],"version-history":[{"count":0,"href":"https:\/\/www.rosinalaw.com\/es\/wp-json\/wp\/v2\/pages\/10807\/revisions"}],"up":[{"embeddable":true,"href":"https:\/\/www.rosinalaw.com\/es\/wp-json\/wp\/v2\/pages\/10747"}],"wp:featuredmedia":[{"embeddable":true,"href":"https:\/\/www.rosinalaw.com\/es\/wp-json\/wp\/v2\/media\/9697"}],"wp:attachment":[{"href":"https:\/\/www.rosinalaw.com\/es\/wp-json\/wp\/v2\/media?parent=10807"}],"curies":[{"name":"wp","href":"https:\/\/api.w.org\/{rel}","templated":true}]}}