{"id":10809,"date":"2023-07-21T09:48:45","date_gmt":"2023-07-21T09:48:45","guid":{"rendered":"https:\/\/rosinalaw.wpenginepowered.com\/inmigracion\/asilo-afirmativo\/"},"modified":"2025-10-16T17:00:43","modified_gmt":"2025-10-16T17:00:43","slug":"asilo-afirmativo","status":"publish","type":"page","link":"https:\/\/www.rosinalaw.com\/es\/espanol\/inmigracion\/asilo-afirmativo\/","title":{"rendered":"Asilo Afirmativo"},"content":{"rendered":"<h1>Asilo Afirmativo<\/h1>\n<h2>Fundada en Honestidad e Integridad<\/h2>\n<h2>Tramitaci\u00f3n Del Asilo Afirmativo<\/h2>\n<h2>Consiga Ayuda Por Parte De Una Abogada De Inmigraci\u00f3n en York<\/h2>\n<p>El asilo es un tipo de protecci\u00f3n para individuos extranjeros que est\u00e1n siendo perseguidos o tienen un miedo bien fundado de ser perseguidos en su pa\u00eds de origen. El asilo afirmativo es un proceso para conseguir asilo antes de enfrentarse a procesos de deportaci\u00f3n o expulsi\u00f3n. <\/p>\n<p>Este es el mejor m\u00e9todo para recibir asilo y es considerado como una medida preventiva en lugar de un \u00faltimo recurso una vez que se enfrenta al juez de inmigraci\u00f3n. Le conviene contratar a la abogada de inmigraci\u00f3n en York de The Law Office of Rosina C. Stambaugh para que le represente a la hora de solicitar asilo. <\/p>\n<h3>Entender El Proceso De Asilo<\/h3>\n<p>Rosina C. Stambaugh tiene mucha experiencia gestionando solicitudes de asilo y determinando si sus clientes son elegibles. La solicitud de asilo puede ser compleja y requiere una cantidad significativa de documentaci\u00f3n, as\u00ed como entrevistas. Necesitar\u00e1 a una abogada de asilo en York atenta y experimentada para que le represente en los procesos.  <\/p>\n<div class=\"bullet-list t1\">\n<p><strong>Usted debe ser capaz de demostrar que es perseguido o que tiene miedo de serlo debido a su:<\/strong><\/p>\n<ul>\n<li>Opini\u00f3n pol\u00edtica<\/li>\n<li>Pertenencia a un grupo social<\/li>\n<li>Nacionalidad<\/li>\n<li>Religi\u00f3n<\/li>\n<li>Raza<\/li>\n<\/ul>\n<\/div>\n<p>Una vez que llegue a los EE.UU., podr\u00e1 solicitar asilo en su puerto de entrada. Esta solicitud debe hacerse en el plazo de un a\u00f1o desde su llegada, a no ser que pueda demostrar que existieron circunstancias especiales que causaron el retraso. Una vez que los primeros pasos se hayan completado, recibir\u00e1s una notificaci\u00f3n programando una entrevista con un oficial de asilo. Normalmente, se tomar\u00e1 una decisi\u00f3n tras su entrevista.<\/p>\n<h3>Contacta Con Una Experimentada Abogada De Inmigraci\u00f3n en York<\/h3>\n<p>Si actualmente teme por su seguridad y est\u00e1 buscando asilo en los EE.UU., es importante que se ponga en contacto con una abogada de inmigraci\u00f3n en York lo antes posible. Rosina C. Stambaugh habla italiano y espa\u00f1ol y ofrece atenci\u00f3n comprensiva y personalizada.<\/p>\n<div class=\"text-highlight t3 light-bg\">\n<p class=\"text-highlight v1 bg-box unlike-bg side-padding-medium vertical-padding-tiny\"><strong>Llame ahora al <a href=\"tel:717-900-1818\">717-900-1818<\/a> para programar una cita.<\/strong><\/p>\n<\/div>\n","protected":false},"excerpt":{"rendered":"<p>Asilo Afirmativo Fundada en Honestidad e Integridad Tramitaci\u00f3n Del Asilo Afirmativo Consiga Ayuda Por Parte De Una Abogada De Inmigraci\u00f3n en York El asilo es un tipo de protecci\u00f3n para individuos extranjeros que est\u00e1n siendo perseguidos o tienen un miedo bien fundado de ser perseguidos en su pa\u00eds de origen. El asilo afirmativo es un [&hellip;]<\/p>\n","protected":false},"author":21,"featured_media":9697,"parent":10725,"menu_order":0,"comment_status":"closed","ping_status":"closed","template":"","meta":{"_acf_changed":false,"site-sidebar-layout":"default","site-content-layout":"default","ast-site-content-layout":"default","site-content-style":"default","site-sidebar-style":"default","ast-global-header-display":"","ast-banner-title-visibility":"","ast-main-header-display":"","ast-hfb-above-header-display":"","ast-hfb-below-header-display":"","ast-hfb-mobile-header-display":"","site-post-title":"","ast-breadcrumbs-content":"","ast-featured-img":"","footer-sml-layout":"","ast-disable-related-posts":"","theme-transparent-header-meta":"default","adv-header-id-meta":"","stick-header-meta":"","header-above-stick-meta":"","header-main-stick-meta":"","header-below-stick-meta":"","astra-migrate-meta-layouts":"default","ast-page-background-enabled":"default","ast-page-background-meta":{"desktop":{"background-color":"var(--ast-global-color-4)","background-image":"","background-repeat":"repeat","background-position":"center center","background-size":"auto","background-attachment":"scroll","background-type":"","background-media":"","overlay-type":"","overlay-color":"","overlay-opacity":"","overlay-gradient":""},"tablet":{"background-color":"","background-image":"","background-repeat":"repeat","background-position":"center center","background-size":"auto","background-attachment":"scroll","background-type":"","background-media":"","overlay-type":"","overlay-color":"","overlay-opacity":"","overlay-gradient":""},"mobile":{"background-color":"","background-image":"","background-repeat":"repeat","background-position":"center center","background-size":"auto","background-attachment":"scroll","background-type":"","background-media":"","overlay-type":"","overlay-color":"","overlay-opacity":"","overlay-gradient":""}},"ast-content-background-meta":{"desktop":{"background-color":"var(--ast-global-color-5)","background-image":"","background-repeat":"repeat","background-position":"center center","background-size":"auto","background-attachment":"scroll","background-type":"","background-media":"","overlay-type":"","overlay-color":"","overlay-opacity":"","overlay-gradient":""},"tablet":{"background-color":"var(--ast-global-color-5)","background-image":"","background-repeat":"repeat","background-position":"center center","background-size":"auto","background-attachment":"scroll","background-type":"","background-media":"","overlay-type":"","overlay-color":"","overlay-opacity":"","overlay-gradient":""},"mobile":{"background-color":"var(--ast-global-color-5)","background-image":"","background-repeat":"repeat","background-position":"center center","background-size":"auto","background-attachment":"scroll","background-type":"","background-media":"","overlay-type":"","overlay-color":"","overlay-opacity":"","overlay-gradient":""}},"footnotes":""},"class_list":["post-10809","page","type-page","status-publish","has-post-thumbnail","hentry"],"acf":[],"yoast_head":"<!-- This site is optimized with the Yoast SEO plugin v27.3 - https:\/\/yoast.com\/product\/yoast-seo-wordpress\/ -->\n<title>Asilo afirmativo | El bufete de Rosina C. Stambaugh<\/title>\n<meta name=\"description\" content=\"Asilo Afirmativo. El Despacho Jur\u00eddico de Rosina C. Stambaugh puede proporcionarte a\u00f1os de experiencia en derecho de inmigraci\u00f3n. \u00a1Llama hoy mismo!\" \/>\n<meta name=\"robots\" content=\"index, follow, max-snippet:-1, max-image-preview:large, max-video-preview:-1\" \/>\n<link rel=\"canonical\" href=\"https:\/\/www.rosinalaw.com\/es\/espanol\/inmigracion\/asilo-afirmativo\/\" \/>\n<meta property=\"og:locale\" content=\"es_ES\" \/>\n<meta property=\"og:type\" content=\"article\" \/>\n<meta property=\"og:title\" content=\"Asilo afirmativo | El bufete de Rosina C. Stambaugh\" \/>\n<meta property=\"og:description\" content=\"Asilo Afirmativo. El Despacho Jur\u00eddico de Rosina C. Stambaugh puede proporcionarte a\u00f1os de experiencia en derecho de inmigraci\u00f3n. \u00a1Llama hoy mismo!\" \/>\n<meta property=\"og:url\" content=\"https:\/\/www.rosinalaw.com\/es\/espanol\/inmigracion\/asilo-afirmativo\/\" \/>\n<meta property=\"og:site_name\" content=\"The Law Office of Rosina Stambaugh\" \/>\n<meta property=\"article:publisher\" content=\"https:\/\/www.facebook.com\/rosinastambaughlaw\/\" \/>\n<meta property=\"article:modified_time\" content=\"2025-10-16T17:00:43+00:00\" \/>\n<meta property=\"og:image\" content=\"https:\/\/www.rosinalaw.com\/wp-content\/uploads\/2023\/06\/blog_fet.png\" \/>\n\t<meta property=\"og:image:width\" content=\"1100\" \/>\n\t<meta property=\"og:image:height\" content=\"590\" \/>\n\t<meta property=\"og:image:type\" content=\"image\/png\" \/>\n<meta name=\"twitter:card\" content=\"summary_large_image\" \/>\n<meta name=\"twitter:site\" content=\"@LawOffice_RCS\" \/>\n<meta name=\"twitter:label1\" content=\"Tiempo de lectura\" \/>\n\t<meta name=\"twitter:data1\" content=\"2 minutos\" \/>\n<script type=\"application\/ld+json\" class=\"yoast-schema-graph\">{\"@context\":\"https:\\\/\\\/schema.org\",\"@graph\":[{\"@type\":\"WebPage\",\"@id\":\"https:\\\/\\\/www.rosinalaw.com\\\/es\\\/espanol\\\/inmigracion\\\/asilo-afirmativo\\\/\",\"url\":\"https:\\\/\\\/www.rosinalaw.com\\\/es\\\/espanol\\\/inmigracion\\\/asilo-afirmativo\\\/\",\"name\":\"Asilo afirmativo | El bufete de Rosina C. Stambaugh\",\"isPartOf\":{\"@id\":\"https:\\\/\\\/www.rosinalaw.com\\\/#website\"},\"primaryImageOfPage\":{\"@id\":\"https:\\\/\\\/www.rosinalaw.com\\\/es\\\/espanol\\\/inmigracion\\\/asilo-afirmativo\\\/#primaryimage\"},\"image\":{\"@id\":\"https:\\\/\\\/www.rosinalaw.com\\\/es\\\/espanol\\\/inmigracion\\\/asilo-afirmativo\\\/#primaryimage\"},\"thumbnailUrl\":\"https:\\\/\\\/www.rosinalaw.com\\\/wp-content\\\/uploads\\\/2023\\\/06\\\/blog_fet.png\",\"datePublished\":\"2023-07-21T09:48:45+00:00\",\"dateModified\":\"2025-10-16T17:00:43+00:00\",\"description\":\"Asilo Afirmativo. El Despacho Jur\u00eddico de Rosina C. Stambaugh puede proporcionarte a\u00f1os de experiencia en derecho de inmigraci\u00f3n. \u00a1Llama hoy mismo!\",\"breadcrumb\":{\"@id\":\"https:\\\/\\\/www.rosinalaw.com\\\/es\\\/espanol\\\/inmigracion\\\/asilo-afirmativo\\\/#breadcrumb\"},\"inLanguage\":\"es\",\"potentialAction\":[{\"@type\":\"ReadAction\",\"target\":[\"https:\\\/\\\/www.rosinalaw.com\\\/es\\\/espanol\\\/inmigracion\\\/asilo-afirmativo\\\/\"]}]},{\"@type\":\"ImageObject\",\"inLanguage\":\"es\",\"@id\":\"https:\\\/\\\/www.rosinalaw.com\\\/es\\\/espanol\\\/inmigracion\\\/asilo-afirmativo\\\/#primaryimage\",\"url\":\"https:\\\/\\\/www.rosinalaw.com\\\/wp-content\\\/uploads\\\/2023\\\/06\\\/blog_fet.png\",\"contentUrl\":\"https:\\\/\\\/www.rosinalaw.com\\\/wp-content\\\/uploads\\\/2023\\\/06\\\/blog_fet.png\",\"width\":1100,\"height\":590},{\"@type\":\"BreadcrumbList\",\"@id\":\"https:\\\/\\\/www.rosinalaw.com\\\/es\\\/espanol\\\/inmigracion\\\/asilo-afirmativo\\\/#breadcrumb\",\"itemListElement\":[{\"@type\":\"ListItem\",\"position\":1,\"name\":\"Inicio\",\"item\":\"https:\\\/\\\/www.rosinalaw.com\\\/es\\\/inicio\\\/\"},{\"@type\":\"ListItem\",\"position\":2,\"name\":\"Espa\u00f1ol\",\"item\":\"https:\\\/\\\/www.rosinalaw.com\\\/es\\\/espanol\\\/\"},{\"@type\":\"ListItem\",\"position\":3,\"name\":\"Inmigraci\u00f3n\",\"item\":\"https:\\\/\\\/www.rosinalaw.com\\\/es\\\/espanol\\\/inmigracion\\\/\"},{\"@type\":\"ListItem\",\"position\":4,\"name\":\"Asilo Afirmativo\"}]},{\"@type\":\"WebSite\",\"@id\":\"https:\\\/\\\/www.rosinalaw.com\\\/#website\",\"url\":\"https:\\\/\\\/www.rosinalaw.com\\\/\",\"name\":\"The Law Office of Rosina Stambaugh\",\"description\":\"\",\"publisher\":{\"@id\":\"https:\\\/\\\/www.rosinalaw.com\\\/#organization\"},\"potentialAction\":[{\"@type\":\"SearchAction\",\"target\":{\"@type\":\"EntryPoint\",\"urlTemplate\":\"https:\\\/\\\/www.rosinalaw.com\\\/?s={search_term_string}\"},\"query-input\":{\"@type\":\"PropertyValueSpecification\",\"valueRequired\":true,\"valueName\":\"search_term_string\"}}],\"inLanguage\":\"es\"},{\"@type\":\"Organization\",\"@id\":\"https:\\\/\\\/www.rosinalaw.com\\\/#organization\",\"name\":\"El bufete de Rosina Stambaugh\",\"url\":\"https:\\\/\\\/www.rosinalaw.com\\\/\",\"logo\":{\"@type\":\"ImageObject\",\"inLanguage\":\"es\",\"@id\":\"https:\\\/\\\/www.rosinalaw.com\\\/#\\\/schema\\\/logo\\\/image\\\/\",\"url\":\"https:\\\/\\\/www.rosinalaw.com\\\/wp-content\\\/uploads\\\/2023\\\/06\\\/logo-header.png\",\"contentUrl\":\"https:\\\/\\\/www.rosinalaw.com\\\/wp-content\\\/uploads\\\/2023\\\/06\\\/logo-header.png\",\"width\":540,\"height\":80,\"caption\":\"El bufete de Rosina Stambaugh\"},\"image\":{\"@id\":\"https:\\\/\\\/www.rosinalaw.com\\\/#\\\/schema\\\/logo\\\/image\\\/\"},\"sameAs\":[\"https:\\\/\\\/www.facebook.com\\\/rosinastambaughlaw\\\/\",\"https:\\\/\\\/x.com\\\/LawOffice_RCS\"]}]}<\/script>\n<!-- \/ Yoast SEO plugin. -->","yoast_head_json":{"title":"Asilo afirmativo | El bufete de Rosina C. Stambaugh","description":"Asilo Afirmativo. El Despacho Jur\u00eddico de Rosina C. Stambaugh puede proporcionarte a\u00f1os de experiencia en derecho de inmigraci\u00f3n. \u00a1Llama hoy mismo!","robots":{"index":"index","follow":"follow","max-snippet":"max-snippet:-1","max-image-preview":"max-image-preview:large","max-video-preview":"max-video-preview:-1"},"canonical":"https:\/\/www.rosinalaw.com\/es\/espanol\/inmigracion\/asilo-afirmativo\/","og_locale":"es_ES","og_type":"article","og_title":"Asilo afirmativo | El bufete de Rosina C. Stambaugh","og_description":"Asilo Afirmativo. El Despacho Jur\u00eddico de Rosina C. Stambaugh puede proporcionarte a\u00f1os de experiencia en derecho de inmigraci\u00f3n. \u00a1Llama hoy mismo!","og_url":"https:\/\/www.rosinalaw.com\/es\/espanol\/inmigracion\/asilo-afirmativo\/","og_site_name":"The Law Office of Rosina Stambaugh","article_publisher":"https:\/\/www.facebook.com\/rosinastambaughlaw\/","article_modified_time":"2025-10-16T17:00:43+00:00","og_image":[{"width":1100,"height":590,"url":"https:\/\/www.rosinalaw.com\/wp-content\/uploads\/2023\/06\/blog_fet.png","type":"image\/png"}],"twitter_card":"summary_large_image","twitter_site":"@LawOffice_RCS","twitter_misc":{"Tiempo de lectura":"2 minutos"},"schema":{"@context":"https:\/\/schema.org","@graph":[{"@type":"WebPage","@id":"https:\/\/www.rosinalaw.com\/es\/espanol\/inmigracion\/asilo-afirmativo\/","url":"https:\/\/www.rosinalaw.com\/es\/espanol\/inmigracion\/asilo-afirmativo\/","name":"Asilo afirmativo | El bufete de Rosina C. Stambaugh","isPartOf":{"@id":"https:\/\/www.rosinalaw.com\/#website"},"primaryImageOfPage":{"@id":"https:\/\/www.rosinalaw.com\/es\/espanol\/inmigracion\/asilo-afirmativo\/#primaryimage"},"image":{"@id":"https:\/\/www.rosinalaw.com\/es\/espanol\/inmigracion\/asilo-afirmativo\/#primaryimage"},"thumbnailUrl":"https:\/\/www.rosinalaw.com\/wp-content\/uploads\/2023\/06\/blog_fet.png","datePublished":"2023-07-21T09:48:45+00:00","dateModified":"2025-10-16T17:00:43+00:00","description":"Asilo Afirmativo. El Despacho Jur\u00eddico de Rosina C. Stambaugh puede proporcionarte a\u00f1os de experiencia en derecho de inmigraci\u00f3n. \u00a1Llama hoy mismo!","breadcrumb":{"@id":"https:\/\/www.rosinalaw.com\/es\/espanol\/inmigracion\/asilo-afirmativo\/#breadcrumb"},"inLanguage":"es","potentialAction":[{"@type":"ReadAction","target":["https:\/\/www.rosinalaw.com\/es\/espanol\/inmigracion\/asilo-afirmativo\/"]}]},{"@type":"ImageObject","inLanguage":"es","@id":"https:\/\/www.rosinalaw.com\/es\/espanol\/inmigracion\/asilo-afirmativo\/#primaryimage","url":"https:\/\/www.rosinalaw.com\/wp-content\/uploads\/2023\/06\/blog_fet.png","contentUrl":"https:\/\/www.rosinalaw.com\/wp-content\/uploads\/2023\/06\/blog_fet.png","width":1100,"height":590},{"@type":"BreadcrumbList","@id":"https:\/\/www.rosinalaw.com\/es\/espanol\/inmigracion\/asilo-afirmativo\/#breadcrumb","itemListElement":[{"@type":"ListItem","position":1,"name":"Inicio","item":"https:\/\/www.rosinalaw.com\/es\/inicio\/"},{"@type":"ListItem","position":2,"name":"Espa\u00f1ol","item":"https:\/\/www.rosinalaw.com\/es\/espanol\/"},{"@type":"ListItem","position":3,"name":"Inmigraci\u00f3n","item":"https:\/\/www.rosinalaw.com\/es\/espanol\/inmigracion\/"},{"@type":"ListItem","position":4,"name":"Asilo Afirmativo"}]},{"@type":"WebSite","@id":"https:\/\/www.rosinalaw.com\/#website","url":"https:\/\/www.rosinalaw.com\/","name":"The Law Office of Rosina Stambaugh","description":"","publisher":{"@id":"https:\/\/www.rosinalaw.com\/#organization"},"potentialAction":[{"@type":"SearchAction","target":{"@type":"EntryPoint","urlTemplate":"https:\/\/www.rosinalaw.com\/?s={search_term_string}"},"query-input":{"@type":"PropertyValueSpecification","valueRequired":true,"valueName":"search_term_string"}}],"inLanguage":"es"},{"@type":"Organization","@id":"https:\/\/www.rosinalaw.com\/#organization","name":"El bufete de Rosina Stambaugh","url":"https:\/\/www.rosinalaw.com\/","logo":{"@type":"ImageObject","inLanguage":"es","@id":"https:\/\/www.rosinalaw.com\/#\/schema\/logo\/image\/","url":"https:\/\/www.rosinalaw.com\/wp-content\/uploads\/2023\/06\/logo-header.png","contentUrl":"https:\/\/www.rosinalaw.com\/wp-content\/uploads\/2023\/06\/logo-header.png","width":540,"height":80,"caption":"El bufete de Rosina Stambaugh"},"image":{"@id":"https:\/\/www.rosinalaw.com\/#\/schema\/logo\/image\/"},"sameAs":["https:\/\/www.facebook.com\/rosinastambaughlaw\/","https:\/\/x.com\/LawOffice_RCS"]}]}},"_links":{"self":[{"href":"https:\/\/www.rosinalaw.com\/es\/wp-json\/wp\/v2\/pages\/10809","targetHints":{"allow":["GET"]}}],"collection":[{"href":"https:\/\/www.rosinalaw.com\/es\/wp-json\/wp\/v2\/pages"}],"about":[{"href":"https:\/\/www.rosinalaw.com\/es\/wp-json\/wp\/v2\/types\/page"}],"author":[{"embeddable":true,"href":"https:\/\/www.rosinalaw.com\/es\/wp-json\/wp\/v2\/users\/21"}],"replies":[{"embeddable":true,"href":"https:\/\/www.rosinalaw.com\/es\/wp-json\/wp\/v2\/comments?post=10809"}],"version-history":[{"count":0,"href":"https:\/\/www.rosinalaw.com\/es\/wp-json\/wp\/v2\/pages\/10809\/revisions"}],"up":[{"embeddable":true,"href":"https:\/\/www.rosinalaw.com\/es\/wp-json\/wp\/v2\/pages\/10725"}],"wp:featuredmedia":[{"embeddable":true,"href":"https:\/\/www.rosinalaw.com\/es\/wp-json\/wp\/v2\/media\/9697"}],"wp:attachment":[{"href":"https:\/\/www.rosinalaw.com\/es\/wp-json\/wp\/v2\/media?parent=10809"}],"curies":[{"name":"wp","href":"https:\/\/api.w.org\/{rel}","templated":true}]}}