{"id":10811,"date":"2023-07-21T09:49:35","date_gmt":"2023-07-21T09:49:35","guid":{"rendered":"https:\/\/rosinalaw.wpenginepowered.com\/inmigracion\/vawa\/"},"modified":"2025-10-16T17:00:44","modified_gmt":"2025-10-16T17:00:44","slug":"vawa","status":"publish","type":"page","link":"https:\/\/www.rosinalaw.com\/es\/espanol\/inmigracion\/vawa\/","title":{"rendered":"VAWA"},"content":{"rendered":"<h1>VAWA<\/h1>\n<h2>Basados en la honradez y la integridad<\/h2>\n<h2>Asesor\u00eda Legal con VAWA para V\u00edctimas de Violencia Dom\u00e9stica en York<\/h2>\n<h2>C\u00f3mo Podemos Ayudar a Proteger a las V\u00edctimas que Califican para VAWA<\/h2>\n<p>El Acto Violencia Contra Las Mujeres (VAWA) fue una legislaci\u00f3n fundamental aprobada en 1994. Ello creo la primera legislaci\u00f3n federal que reconoci\u00f3 como cr\u00edmenes la violencia dom\u00e9stica y agresi\u00f3n sexual y le cedi\u00f3 recursos federales para facilitar respuestas a la violencia. Aunque la legislaci\u00f3n se titula \u00abActo de Violencia Contra Las Mujeres\u00bb, tambi\u00e9n ayuda a esposos (hombres y mujeres) e hijos de ciudadanos estadounidenses. El Acto ofrece protecciones especiales a no-ciudadanos que se encuentren en situaciones de violencia dom\u00e9stica. Para poder acogerse a la VAWA, el inmigrante agredido debe ser esposo(a) o hijo(a) del ciudadano estadounidense o Residente Permanente Legal agresor. Si esto le suena como su situaci\u00f3n, VAWA le puede ayudar a obtener la residencia permanente sin el conocimiento de su victimario. A trav\u00e9s de VAWA, usted puede depositar su auto-petici\u00f3n junto con la documentaci\u00f3n de apoyo de requisito.        <b>Para poder depositar su solicitud de residencia, necesitar\u00e1 proporcionar los siguientes art\u00edculos de prueba:<\/b><\/p>\n<ul>\n<li>Su relaci\u00f3n familiar con su agresor<\/li>\n<li>El estado migratorio de su agresor<\/li>\n<li>Su residencia en com\u00fan con su agresor<\/li>\n<li>Que contrajo matrimonio de buena fe [si el agresor es su esposo(a)].<\/li>\n<li>Que el abuso o agresi\u00f3n en verdad sucedi\u00f3 -como abuso f\u00edsico, actos violentos o amenazas de violencia, abuso verbal, coacci\u00f3n o amenazas contra cualquier menor afectado.<\/li>\n<\/ul>\n<h2>\u00bfC\u00f3mo le Puede Ayudar un Abogado de Inmigraci\u00f3n a Solicitar Protecci\u00f3n Bajo VAWA?<\/h2>\n<p>Si la idea de reunir toda esta informaci\u00f3n le causa estr\u00e9s, debe saber que el apoyo que necesita est\u00e1 aqu\u00ed. Nuestro <g id=\"gid_0\">equipo<\/g> en la <g id=\"gid_1\">Oficina Jur\u00eddica de Rosina C. Stambaugh <\/g>le ofrece compasi\u00f3n a cualquier persona en una situaci\u00f3n abusiva, y es por eso que trabajaremos diligentemente en obtener la protecci\u00f3n que las v\u00edctimas necesitan. No s\u00f3lo le ayudaremos a reunir los documentos que necesita, sino que tambi\u00e9n nos aseguraremos de que est\u00e9n bien escritos y sean convincentes.  <\/p>\n<p>Entendemos que este proceso puede ser intimidante por lo que estamos aqu\u00ed para darle apoyo en su jornada hacia su liberaci\u00f3n de su agresor o victimario. Si est\u00e1 intentando obtener la residencia permanente a trav\u00e9s de VAWA, probablemente tiene muchas cosas que evaluar y decidir, y tener un abogado de inmigraci\u00f3n a su lado puede aliviar el peso sobre sus hombros. Por ejemplo, podemos entrevistar a testigos y escribir sus declaraciones. A veces, la ayuda es simplemente tener un lugar donde pueda confiar que toda su documentaci\u00f3n estar\u00e1 segura, y puede encontrar ese lugar en <u>nuestra oficina<\/u> y nuestro equipo.   <\/p>\n<p>Una de las maneras m\u00e1s importantes en que un abogado de inmigraci\u00f3n le puede asistir en este proceso es ayudar a protegerle del contacto con su victimario. Podemos solicitar informaci\u00f3n y documentos a su favor de modo que no necesite interacci\u00f3n con \u00e9l(ella). Por supuesto, mantendremos el nivel de confidencialidad necesario y deseado sobre los detalles de su situaci\u00f3n.  <\/p>\n<p>Si ha sido puesta en proceso de deportaci\u00f3n, cuando defendamos sus derechos en su situaci\u00f3n de abuso, trabajaremos hacia la cancelaci\u00f3n de deportaci\u00f3n bajo VAWA. La cancelaci\u00f3n de deportaci\u00f3n bajo VAWA es el \u00faltimo objetivo, ya que sirve para prevenir que las v\u00edctimas sean deportadas. La cancelaci\u00f3n de la deportaci\u00f3n significa que conseguir\u00e1 su Residencia Permanente Legal, o estatus como residente. Nadie merece encontrarse en una situaci\u00f3n abusiva, pero si usted lo est\u00e1, merece la protecci\u00f3n de la vida que ha construido. La <i>Oficina Jur\u00eddica de Rosina C. Stambaugh<\/i> le ayudar\u00e1 a hacer eso exactamente.    <\/p>\n<p align=\"center\"><b>Si usted es un inmigrante sufriendo violencia dom\u00e9stica en York,<\/b><\/p>\n<p align=\"center\"><b>la <i>Oficina Jur\u00eddica de Rosina C. Stambaugh<\/i> <\/b><b>le puede proporcionar asesor\u00eda legal.<\/b><\/p>\n<p align=\"center\"><b>Ll\u00e1menos al <a href=\"tel:(717)%20900-1818\">(717) 900-1818<\/a> o <u>en-l\u00ednea<\/u> para saber m\u00e1s sobre c\u00f3mo le podemos ayudar.<\/b><\/p>\n","protected":false},"excerpt":{"rendered":"<p>VAWA Basados en la honradez y la integridad Asesor\u00eda Legal con VAWA para V\u00edctimas de Violencia Dom\u00e9stica en York C\u00f3mo Podemos Ayudar a Proteger a las V\u00edctimas que Califican para VAWA El Acto Violencia Contra Las Mujeres (VAWA) fue una legislaci\u00f3n fundamental aprobada en 1994. Ello creo la primera legislaci\u00f3n federal que reconoci\u00f3 como cr\u00edmenes [&hellip;]<\/p>\n","protected":false},"author":27,"featured_media":9697,"parent":10725,"menu_order":0,"comment_status":"closed","ping_status":"closed","template":"","meta":{"_acf_changed":false,"site-sidebar-layout":"default","site-content-layout":"default","ast-site-content-layout":"default","site-content-style":"default","site-sidebar-style":"default","ast-global-header-display":"","ast-banner-title-visibility":"","ast-main-header-display":"","ast-hfb-above-header-display":"","ast-hfb-below-header-display":"","ast-hfb-mobile-header-display":"","site-post-title":"","ast-breadcrumbs-content":"","ast-featured-img":"","footer-sml-layout":"","ast-disable-related-posts":"","theme-transparent-header-meta":"default","adv-header-id-meta":"","stick-header-meta":"","header-above-stick-meta":"","header-main-stick-meta":"","header-below-stick-meta":"","astra-migrate-meta-layouts":"default","ast-page-background-enabled":"default","ast-page-background-meta":{"desktop":{"background-color":"var(--ast-global-color-4)","background-image":"","background-repeat":"repeat","background-position":"center center","background-size":"auto","background-attachment":"scroll","background-type":"","background-media":"","overlay-type":"","overlay-color":"","overlay-opacity":"","overlay-gradient":""},"tablet":{"background-color":"","background-image":"","background-repeat":"repeat","background-position":"center center","background-size":"auto","background-attachment":"scroll","background-type":"","background-media":"","overlay-type":"","overlay-color":"","overlay-opacity":"","overlay-gradient":""},"mobile":{"background-color":"","background-image":"","background-repeat":"repeat","background-position":"center center","background-size":"auto","background-attachment":"scroll","background-type":"","background-media":"","overlay-type":"","overlay-color":"","overlay-opacity":"","overlay-gradient":""}},"ast-content-background-meta":{"desktop":{"background-color":"var(--ast-global-color-5)","background-image":"","background-repeat":"repeat","background-position":"center center","background-size":"auto","background-attachment":"scroll","background-type":"","background-media":"","overlay-type":"","overlay-color":"","overlay-opacity":"","overlay-gradient":""},"tablet":{"background-color":"var(--ast-global-color-5)","background-image":"","background-repeat":"repeat","background-position":"center center","background-size":"auto","background-attachment":"scroll","background-type":"","background-media":"","overlay-type":"","overlay-color":"","overlay-opacity":"","overlay-gradient":""},"mobile":{"background-color":"var(--ast-global-color-5)","background-image":"","background-repeat":"repeat","background-position":"center center","background-size":"auto","background-attachment":"scroll","background-type":"","background-media":"","overlay-type":"","overlay-color":"","overlay-opacity":"","overlay-gradient":""}},"footnotes":""},"class_list":["post-10811","page","type-page","status-publish","has-post-thumbnail","hentry"],"acf":[],"yoast_head":"<!-- This site is optimized with the Yoast SEO plugin v27.2 - https:\/\/yoast.com\/product\/yoast-seo-wordpress\/ -->\n<title>VAWA | Abogado de Inmigraci\u00f3n en York<\/title>\n<meta name=\"description\" content=\"VAWA. El abogado del Bufete de Rosina C. Stambaugh tiene a\u00f1os de experiencia y puede ayudarte a obtener la ayuda legal que necesitas.\" \/>\n<meta name=\"robots\" content=\"index, follow, max-snippet:-1, max-image-preview:large, max-video-preview:-1\" \/>\n<link rel=\"canonical\" href=\"https:\/\/www.rosinalaw.com\/es\/espanol\/inmigracion\/vawa\/\" \/>\n<meta property=\"og:locale\" content=\"es_ES\" \/>\n<meta property=\"og:type\" content=\"article\" \/>\n<meta property=\"og:title\" content=\"VAWA | Abogado de Inmigraci\u00f3n en York\" \/>\n<meta property=\"og:description\" content=\"VAWA. El abogado del Bufete de Rosina C. Stambaugh tiene a\u00f1os de experiencia y puede ayudarte a obtener la ayuda legal que necesitas.\" \/>\n<meta property=\"og:url\" content=\"https:\/\/www.rosinalaw.com\/es\/espanol\/inmigracion\/vawa\/\" \/>\n<meta property=\"og:site_name\" content=\"The Law Office of Rosina Stambaugh\" \/>\n<meta property=\"article:publisher\" content=\"https:\/\/www.facebook.com\/rosinastambaughlaw\/\" \/>\n<meta property=\"article:modified_time\" content=\"2025-10-16T17:00:44+00:00\" \/>\n<meta property=\"og:image\" content=\"https:\/\/www.rosinalaw.com\/wp-content\/uploads\/2023\/06\/blog_fet.png\" \/>\n\t<meta property=\"og:image:width\" content=\"1100\" \/>\n\t<meta property=\"og:image:height\" content=\"590\" \/>\n\t<meta property=\"og:image:type\" content=\"image\/png\" \/>\n<meta name=\"twitter:card\" content=\"summary_large_image\" \/>\n<meta name=\"twitter:site\" content=\"@LawOffice_RCS\" \/>\n<meta name=\"twitter:label1\" content=\"Tiempo de lectura\" \/>\n\t<meta name=\"twitter:data1\" content=\"3 minutos\" \/>\n<script type=\"application\/ld+json\" class=\"yoast-schema-graph\">{\"@context\":\"https:\/\/schema.org\",\"@graph\":[{\"@type\":\"WebPage\",\"@id\":\"https:\/\/www.rosinalaw.com\/es\/espanol\/inmigracion\/vawa\/\",\"url\":\"https:\/\/www.rosinalaw.com\/es\/espanol\/inmigracion\/vawa\/\",\"name\":\"VAWA | Abogado de Inmigraci\u00f3n en York\",\"isPartOf\":{\"@id\":\"https:\/\/www.rosinalaw.com\/#website\"},\"primaryImageOfPage\":{\"@id\":\"https:\/\/www.rosinalaw.com\/es\/espanol\/inmigracion\/vawa\/#primaryimage\"},\"image\":{\"@id\":\"https:\/\/www.rosinalaw.com\/es\/espanol\/inmigracion\/vawa\/#primaryimage\"},\"thumbnailUrl\":\"https:\/\/www.rosinalaw.com\/wp-content\/uploads\/2023\/06\/blog_fet.png\",\"datePublished\":\"2023-07-21T09:49:35+00:00\",\"dateModified\":\"2025-10-16T17:00:44+00:00\",\"description\":\"VAWA. El abogado del Bufete de Rosina C. Stambaugh tiene a\u00f1os de experiencia y puede ayudarte a obtener la ayuda legal que necesitas.\",\"breadcrumb\":{\"@id\":\"https:\/\/www.rosinalaw.com\/es\/espanol\/inmigracion\/vawa\/#breadcrumb\"},\"inLanguage\":\"es\",\"potentialAction\":[{\"@type\":\"ReadAction\",\"target\":[\"https:\/\/www.rosinalaw.com\/es\/espanol\/inmigracion\/vawa\/\"]}]},{\"@type\":\"ImageObject\",\"inLanguage\":\"es\",\"@id\":\"https:\/\/www.rosinalaw.com\/es\/espanol\/inmigracion\/vawa\/#primaryimage\",\"url\":\"https:\/\/www.rosinalaw.com\/wp-content\/uploads\/2023\/06\/blog_fet.png\",\"contentUrl\":\"https:\/\/www.rosinalaw.com\/wp-content\/uploads\/2023\/06\/blog_fet.png\",\"width\":1100,\"height\":590},{\"@type\":\"BreadcrumbList\",\"@id\":\"https:\/\/www.rosinalaw.com\/es\/espanol\/inmigracion\/vawa\/#breadcrumb\",\"itemListElement\":[{\"@type\":\"ListItem\",\"position\":1,\"name\":\"Inicio\",\"item\":\"https:\/\/www.rosinalaw.com\/es\/inicio\/\"},{\"@type\":\"ListItem\",\"position\":2,\"name\":\"Espa\u00f1ol\",\"item\":\"https:\/\/www.rosinalaw.com\/es\/espanol\/\"},{\"@type\":\"ListItem\",\"position\":3,\"name\":\"Inmigraci\u00f3n\",\"item\":\"https:\/\/www.rosinalaw.com\/es\/espanol\/inmigracion\/\"},{\"@type\":\"ListItem\",\"position\":4,\"name\":\"VAWA\"}]},{\"@type\":\"WebSite\",\"@id\":\"https:\/\/www.rosinalaw.com\/#website\",\"url\":\"https:\/\/www.rosinalaw.com\/\",\"name\":\"The Law Office of Rosina Stambaugh\",\"description\":\"\",\"publisher\":{\"@id\":\"https:\/\/www.rosinalaw.com\/#organization\"},\"potentialAction\":[{\"@type\":\"SearchAction\",\"target\":{\"@type\":\"EntryPoint\",\"urlTemplate\":\"https:\/\/www.rosinalaw.com\/?s={search_term_string}\"},\"query-input\":{\"@type\":\"PropertyValueSpecification\",\"valueRequired\":true,\"valueName\":\"search_term_string\"}}],\"inLanguage\":\"es\"},{\"@type\":\"Organization\",\"@id\":\"https:\/\/www.rosinalaw.com\/#organization\",\"name\":\"El bufete de Rosina Stambaugh\",\"url\":\"https:\/\/www.rosinalaw.com\/\",\"logo\":{\"@type\":\"ImageObject\",\"inLanguage\":\"es\",\"@id\":\"https:\/\/www.rosinalaw.com\/#\/schema\/logo\/image\/\",\"url\":\"https:\/\/www.rosinalaw.com\/wp-content\/uploads\/2023\/06\/logo-header.png\",\"contentUrl\":\"https:\/\/www.rosinalaw.com\/wp-content\/uploads\/2023\/06\/logo-header.png\",\"width\":540,\"height\":80,\"caption\":\"El bufete de Rosina Stambaugh\"},\"image\":{\"@id\":\"https:\/\/www.rosinalaw.com\/#\/schema\/logo\/image\/\"},\"sameAs\":[\"https:\/\/www.facebook.com\/rosinastambaughlaw\/\",\"https:\/\/x.com\/LawOffice_RCS\"]}]}<\/script>\n<!-- \/ Yoast SEO plugin. -->","yoast_head_json":{"title":"VAWA | Abogado de Inmigraci\u00f3n en York","description":"VAWA. El abogado del Bufete de Rosina C. Stambaugh tiene a\u00f1os de experiencia y puede ayudarte a obtener la ayuda legal que necesitas.","robots":{"index":"index","follow":"follow","max-snippet":"max-snippet:-1","max-image-preview":"max-image-preview:large","max-video-preview":"max-video-preview:-1"},"canonical":"https:\/\/www.rosinalaw.com\/es\/espanol\/inmigracion\/vawa\/","og_locale":"es_ES","og_type":"article","og_title":"VAWA | Abogado de Inmigraci\u00f3n en York","og_description":"VAWA. El abogado del Bufete de Rosina C. Stambaugh tiene a\u00f1os de experiencia y puede ayudarte a obtener la ayuda legal que necesitas.","og_url":"https:\/\/www.rosinalaw.com\/es\/espanol\/inmigracion\/vawa\/","og_site_name":"The Law Office of Rosina Stambaugh","article_publisher":"https:\/\/www.facebook.com\/rosinastambaughlaw\/","article_modified_time":"2025-10-16T17:00:44+00:00","og_image":[{"width":1100,"height":590,"url":"https:\/\/www.rosinalaw.com\/wp-content\/uploads\/2023\/06\/blog_fet.png","type":"image\/png"}],"twitter_card":"summary_large_image","twitter_site":"@LawOffice_RCS","twitter_misc":{"Tiempo de lectura":"3 minutos"},"schema":{"@context":"https:\/\/schema.org","@graph":[{"@type":"WebPage","@id":"https:\/\/www.rosinalaw.com\/es\/espanol\/inmigracion\/vawa\/","url":"https:\/\/www.rosinalaw.com\/es\/espanol\/inmigracion\/vawa\/","name":"VAWA | Abogado de Inmigraci\u00f3n en York","isPartOf":{"@id":"https:\/\/www.rosinalaw.com\/#website"},"primaryImageOfPage":{"@id":"https:\/\/www.rosinalaw.com\/es\/espanol\/inmigracion\/vawa\/#primaryimage"},"image":{"@id":"https:\/\/www.rosinalaw.com\/es\/espanol\/inmigracion\/vawa\/#primaryimage"},"thumbnailUrl":"https:\/\/www.rosinalaw.com\/wp-content\/uploads\/2023\/06\/blog_fet.png","datePublished":"2023-07-21T09:49:35+00:00","dateModified":"2025-10-16T17:00:44+00:00","description":"VAWA. El abogado del Bufete de Rosina C. Stambaugh tiene a\u00f1os de experiencia y puede ayudarte a obtener la ayuda legal que necesitas.","breadcrumb":{"@id":"https:\/\/www.rosinalaw.com\/es\/espanol\/inmigracion\/vawa\/#breadcrumb"},"inLanguage":"es","potentialAction":[{"@type":"ReadAction","target":["https:\/\/www.rosinalaw.com\/es\/espanol\/inmigracion\/vawa\/"]}]},{"@type":"ImageObject","inLanguage":"es","@id":"https:\/\/www.rosinalaw.com\/es\/espanol\/inmigracion\/vawa\/#primaryimage","url":"https:\/\/www.rosinalaw.com\/wp-content\/uploads\/2023\/06\/blog_fet.png","contentUrl":"https:\/\/www.rosinalaw.com\/wp-content\/uploads\/2023\/06\/blog_fet.png","width":1100,"height":590},{"@type":"BreadcrumbList","@id":"https:\/\/www.rosinalaw.com\/es\/espanol\/inmigracion\/vawa\/#breadcrumb","itemListElement":[{"@type":"ListItem","position":1,"name":"Inicio","item":"https:\/\/www.rosinalaw.com\/es\/inicio\/"},{"@type":"ListItem","position":2,"name":"Espa\u00f1ol","item":"https:\/\/www.rosinalaw.com\/es\/espanol\/"},{"@type":"ListItem","position":3,"name":"Inmigraci\u00f3n","item":"https:\/\/www.rosinalaw.com\/es\/espanol\/inmigracion\/"},{"@type":"ListItem","position":4,"name":"VAWA"}]},{"@type":"WebSite","@id":"https:\/\/www.rosinalaw.com\/#website","url":"https:\/\/www.rosinalaw.com\/","name":"The Law Office of Rosina Stambaugh","description":"","publisher":{"@id":"https:\/\/www.rosinalaw.com\/#organization"},"potentialAction":[{"@type":"SearchAction","target":{"@type":"EntryPoint","urlTemplate":"https:\/\/www.rosinalaw.com\/?s={search_term_string}"},"query-input":{"@type":"PropertyValueSpecification","valueRequired":true,"valueName":"search_term_string"}}],"inLanguage":"es"},{"@type":"Organization","@id":"https:\/\/www.rosinalaw.com\/#organization","name":"El bufete de Rosina Stambaugh","url":"https:\/\/www.rosinalaw.com\/","logo":{"@type":"ImageObject","inLanguage":"es","@id":"https:\/\/www.rosinalaw.com\/#\/schema\/logo\/image\/","url":"https:\/\/www.rosinalaw.com\/wp-content\/uploads\/2023\/06\/logo-header.png","contentUrl":"https:\/\/www.rosinalaw.com\/wp-content\/uploads\/2023\/06\/logo-header.png","width":540,"height":80,"caption":"El bufete de Rosina Stambaugh"},"image":{"@id":"https:\/\/www.rosinalaw.com\/#\/schema\/logo\/image\/"},"sameAs":["https:\/\/www.facebook.com\/rosinastambaughlaw\/","https:\/\/x.com\/LawOffice_RCS"]}]}},"_links":{"self":[{"href":"https:\/\/www.rosinalaw.com\/es\/wp-json\/wp\/v2\/pages\/10811","targetHints":{"allow":["GET"]}}],"collection":[{"href":"https:\/\/www.rosinalaw.com\/es\/wp-json\/wp\/v2\/pages"}],"about":[{"href":"https:\/\/www.rosinalaw.com\/es\/wp-json\/wp\/v2\/types\/page"}],"author":[{"embeddable":true,"href":"https:\/\/www.rosinalaw.com\/es\/wp-json\/wp\/v2\/users\/27"}],"replies":[{"embeddable":true,"href":"https:\/\/www.rosinalaw.com\/es\/wp-json\/wp\/v2\/comments?post=10811"}],"version-history":[{"count":0,"href":"https:\/\/www.rosinalaw.com\/es\/wp-json\/wp\/v2\/pages\/10811\/revisions"}],"up":[{"embeddable":true,"href":"https:\/\/www.rosinalaw.com\/es\/wp-json\/wp\/v2\/pages\/10725"}],"wp:featuredmedia":[{"embeddable":true,"href":"https:\/\/www.rosinalaw.com\/es\/wp-json\/wp\/v2\/media\/9697"}],"wp:attachment":[{"href":"https:\/\/www.rosinalaw.com\/es\/wp-json\/wp\/v2\/media?parent=10811"}],"curies":[{"name":"wp","href":"https:\/\/api.w.org\/{rel}","templated":true}]}}