{"id":10821,"date":"2023-07-21T10:24:57","date_gmt":"2023-07-21T10:24:57","guid":{"rendered":"https:\/\/rosinalaw.wpenginepowered.com\/opciones-de-inmigracion-a-traves-de-un-conyuge-padre-hijo-hija-o-prometido-ciudadano-de-los-ee-uu\/"},"modified":"2025-10-16T17:00:52","modified_gmt":"2025-10-16T17:00:52","slug":"opciones-de-inmigracion-a-traves-de-un-conyuge-padre-hijo-hija-o-prometido-ciudadano-de-los-ee-uu","status":"publish","type":"page","link":"https:\/\/www.rosinalaw.com\/es\/espanol\/inmigracion\/inmigracion-basada-en-la-familia\/opciones-de-inmigracion-a-traves-de-un-conyuge-padre-hijo-hija-o-prometido-ciudadano-de-los-ee-uu\/","title":{"rendered":"Opciones de inmigraci\u00f3n a trav\u00e9s de un C\u00f3nyuge, Padre, Hijo, Hija o Prometido Ciudadano de los EE. UU."},"content":{"rendered":"<h1>Opciones de inmigraci\u00f3n a trav\u00e9s de un C\u00f3nyuge, Padre, Hijo, Hija o Prometido Ciudadano de los EE. UU. <\/h1>\n<h2>Basados en la honradez y la integridad<\/h2>\n<h2>Opciones de inmigraci\u00f3n a trav\u00e9s de un C\u00f3nyuge, Padre, Hijo, Hija o Prometido Ciudadano de los EE. UU. en York  <\/h2>\n<p>Hay muchas maneras diferentes que usted puede considerar al comenzar el proceso de inmigraci\u00f3n. A continuaci\u00f3n, hay rutas que debes tener en cuenta. <\/p>\n<h2>Ajuste de estatus<\/h2>\n<p>Si usted es ciudadano de los Estados Unidos, su c\u00f3nyuge, padre o hijo que se encuentre en los Estados Unidos, puede ser capaz de ajustar su estatus y convertirse en residente permanente dentro de los Estados Unidos. Hay ciertos requisitos que debe reunir. La abogada Rosina Stambaugh puede asistirte a revisar esos requisitos de elegibilidad contigo para comenzar el proceso.  <\/p>\n<h2>Visados de Inmigrante<\/h2>\n<p>\u00bfEs usted un ciudadano de los Estados Unidos con un c\u00f3nyuge, padre o hijo que vive en otro pa\u00eds? Si desea traerlos a los Estados Unidos, tiene la opci\u00f3n de solicitarlo con una visa de inmigrante. Como pariente, usted podr\u00eda patrocinarlos presentando una petici\u00f3n ante el USCIS. Este proceso ayudar\u00e1 a tu familiar a entrar en los EE. UU., y luego poder convertirse en residente permanente legal.<\/p>\n<h2>Visa de Prometido(a)<\/h2>\n<p>Si usted es un ciudadano de los Estados Unidos que est\u00e1 comprometido con un extranjero y desea traerlo a los EE. UU. para casarse, puede comenzar el proceso con una Visa de Prometido(a). Usted tendr\u00e1 que trabajar con un abogado de inmigraci\u00f3n de York para informarse de sus opciones y determinar qu\u00e9 tipo de petici\u00f3n o solicitud de <i>tarjeta<\/i> verde es adecuada para su situaci\u00f3n \u00fanica.   <\/p>\n<p>Para obtener un visado K-1 para ayudar a un prometido extranjero a emigrar a los EE. UU., debe demostrar que usted, como peticionario, es un ciudadano; tiene la intenci\u00f3n de casarse con su prometido dentro de 90 d\u00edas desde la fecha de entrada; y que ambos son solteros y capaces de casarse. Una vez que est\u00e9 casado, su esposo(a) puede solicitar su ajuste de estatus.<\/p>\n<p>Es importante recordar que t\u00fa y tu prometido(a) deb\u00e9is estar casados dentro de los 90 d\u00edas posteriores a la admisi\u00f3n en los Estados Unidos. La visa K-1 vence autom\u00e1ticamente despu\u00e9s de 90 d\u00edas y no se puede renovar. Si no se casa, su prometido puede ser deportado y su elegibilidad para beneficios de inmigraci\u00f3n en el futuro puede verse afectada.  <\/p>\n<h2>Trabajando para Traer a Sus Seres Queridos a Casa<\/h2>\n<p>Si usted es un ciudadano estadounidense que desea traer a su c\u00f3nyuge, padre, hijo, hija, prometido o <u>patrocinar a otros parientes <\/u> para estar con usted, o si est\u00e1 tratando de estar con su pareja que es ciudadano estadounidense, Rosina C. Stambaugh puede ayudarle. Ella es conocedora de las diferentes maneras en que pueden ser patrocinados, permiti\u00e9ndole venir a los Estados Unidos legalmente. Rosina C. Stambaugh puede trabajar contigo y tu familia para determinar si una petici\u00f3n de Preferencia Familiar es adecuada para que usted solicite una &#8216;tarjeta verde&#8217; para su familiar. Ella puede ayudarle con el papeleo para asegurar que su caso se desarrolle de la manera m\u00e1s eficiente posible.    <\/p>\n<p class=\"text-highlight v4 title-font side-padding\" align=\"center\"><b>El Bufete de Rosina C. Stambaugh puede ayudarte a ti y a tus seres queridos a construir una vida juntos en los Estados Unidos. Para obtener la ayuda que necesitas, llama al <a href=\"tel:(717)%20900-1818\">(717) 900-1818<\/a>. El bufete ofrece asesoramiento en ingl\u00e9s, espa\u00f1ol e italiano.  <\/p>\n","protected":false},"excerpt":{"rendered":"<p>Opciones de inmigraci\u00f3n a trav\u00e9s de un C\u00f3nyuge, Padre, Hijo, Hija o Prometido Ciudadano de los EE. UU. Basados en la honradez y la integridad Opciones de inmigraci\u00f3n a trav\u00e9s de un C\u00f3nyuge, Padre, Hijo, Hija o Prometido Ciudadano de los EE. UU. en York Hay muchas maneras diferentes que usted puede considerar al comenzar [&hellip;]<\/p>\n","protected":false},"author":27,"featured_media":9697,"parent":10822,"menu_order":0,"comment_status":"closed","ping_status":"closed","template":"","meta":{"_acf_changed":false,"site-sidebar-layout":"default","site-content-layout":"default","ast-site-content-layout":"default","site-content-style":"default","site-sidebar-style":"default","ast-global-header-display":"","ast-banner-title-visibility":"","ast-main-header-display":"","ast-hfb-above-header-display":"","ast-hfb-below-header-display":"","ast-hfb-mobile-header-display":"","site-post-title":"","ast-breadcrumbs-content":"","ast-featured-img":"","footer-sml-layout":"","ast-disable-related-posts":"","theme-transparent-header-meta":"default","adv-header-id-meta":"","stick-header-meta":"","header-above-stick-meta":"","header-main-stick-meta":"","header-below-stick-meta":"","astra-migrate-meta-layouts":"default","ast-page-background-enabled":"default","ast-page-background-meta":{"desktop":{"background-color":"var(--ast-global-color-4)","background-image":"","background-repeat":"repeat","background-position":"center center","background-size":"auto","background-attachment":"scroll","background-type":"","background-media":"","overlay-type":"","overlay-color":"","overlay-opacity":"","overlay-gradient":""},"tablet":{"background-color":"","background-image":"","background-repeat":"repeat","background-position":"center center","background-size":"auto","background-attachment":"scroll","background-type":"","background-media":"","overlay-type":"","overlay-color":"","overlay-opacity":"","overlay-gradient":""},"mobile":{"background-color":"","background-image":"","background-repeat":"repeat","background-position":"center center","background-size":"auto","background-attachment":"scroll","background-type":"","background-media":"","overlay-type":"","overlay-color":"","overlay-opacity":"","overlay-gradient":""}},"ast-content-background-meta":{"desktop":{"background-color":"var(--ast-global-color-5)","background-image":"","background-repeat":"repeat","background-position":"center center","background-size":"auto","background-attachment":"scroll","background-type":"","background-media":"","overlay-type":"","overlay-color":"","overlay-opacity":"","overlay-gradient":""},"tablet":{"background-color":"var(--ast-global-color-5)","background-image":"","background-repeat":"repeat","background-position":"center center","background-size":"auto","background-attachment":"scroll","background-type":"","background-media":"","overlay-type":"","overlay-color":"","overlay-opacity":"","overlay-gradient":""},"mobile":{"background-color":"var(--ast-global-color-5)","background-image":"","background-repeat":"repeat","background-position":"center center","background-size":"auto","background-attachment":"scroll","background-type":"","background-media":"","overlay-type":"","overlay-color":"","overlay-opacity":"","overlay-gradient":""}},"footnotes":""},"class_list":["post-10821","page","type-page","status-publish","has-post-thumbnail","hentry"],"acf":[],"yoast_head":"<!-- This site is optimized with the Yoast SEO plugin v27.3 - https:\/\/yoast.com\/product\/yoast-seo-wordpress\/ -->\n<title>Opciones de inmigraci\u00f3n a trav\u00e9s de un C\u00f3nyuge, Padre, Hijo, Hija o Prometido Ciudadano de los EE. UU. - The Law Office of Rosina Stambaugh<\/title>\n<meta name=\"description\" content=\"Opciones de inmigraci\u00f3n a trav\u00e9s de un C\u00f3nyuge, Padre, Hijo, Hija o Prometido Ciudadano de los EE. UU. - %\" \/>\n<meta name=\"robots\" content=\"index, follow, max-snippet:-1, max-image-preview:large, max-video-preview:-1\" \/>\n<link rel=\"canonical\" href=\"https:\/\/www.rosinalaw.com\/es\/espanol\/inmigracion\/inmigracion-basada-en-la-familia\/opciones-de-inmigracion-a-traves-de-un-conyuge-padre-hijo-hija-o-prometido-ciudadano-de-los-ee-uu\/\" \/>\n<meta property=\"og:locale\" content=\"es_ES\" \/>\n<meta property=\"og:type\" content=\"article\" \/>\n<meta property=\"og:title\" content=\"Opciones de inmigraci\u00f3n a trav\u00e9s de un C\u00f3nyuge, Padre, Hijo, Hija o Prometido Ciudadano de los EE. UU. - The Law Office of Rosina Stambaugh\" \/>\n<meta property=\"og:description\" content=\"Opciones de inmigraci\u00f3n a trav\u00e9s de un C\u00f3nyuge, Padre, Hijo, Hija o Prometido Ciudadano de los EE. UU. - %\" \/>\n<meta property=\"og:url\" content=\"https:\/\/www.rosinalaw.com\/es\/espanol\/inmigracion\/inmigracion-basada-en-la-familia\/opciones-de-inmigracion-a-traves-de-un-conyuge-padre-hijo-hija-o-prometido-ciudadano-de-los-ee-uu\/\" \/>\n<meta property=\"og:site_name\" content=\"The Law Office of Rosina Stambaugh\" \/>\n<meta property=\"article:publisher\" content=\"https:\/\/www.facebook.com\/rosinastambaughlaw\/\" \/>\n<meta property=\"article:modified_time\" content=\"2025-10-16T17:00:52+00:00\" \/>\n<meta property=\"og:image\" content=\"https:\/\/www.rosinalaw.com\/wp-content\/uploads\/2023\/06\/blog_fet.png\" \/>\n\t<meta property=\"og:image:width\" content=\"1100\" \/>\n\t<meta property=\"og:image:height\" content=\"590\" \/>\n\t<meta property=\"og:image:type\" content=\"image\/png\" \/>\n<meta name=\"twitter:card\" content=\"summary_large_image\" \/>\n<meta name=\"twitter:site\" content=\"@LawOffice_RCS\" \/>\n<meta name=\"twitter:label1\" content=\"Tiempo de lectura\" \/>\n\t<meta name=\"twitter:data1\" content=\"3 minutos\" \/>\n<script type=\"application\/ld+json\" class=\"yoast-schema-graph\">{\"@context\":\"https:\\\/\\\/schema.org\",\"@graph\":[{\"@type\":\"WebPage\",\"@id\":\"https:\\\/\\\/www.rosinalaw.com\\\/es\\\/espanol\\\/inmigracion\\\/inmigracion-basada-en-la-familia\\\/opciones-de-inmigracion-a-traves-de-un-conyuge-padre-hijo-hija-o-prometido-ciudadano-de-los-ee-uu\\\/\",\"url\":\"https:\\\/\\\/www.rosinalaw.com\\\/es\\\/espanol\\\/inmigracion\\\/inmigracion-basada-en-la-familia\\\/opciones-de-inmigracion-a-traves-de-un-conyuge-padre-hijo-hija-o-prometido-ciudadano-de-los-ee-uu\\\/\",\"name\":\"Opciones de inmigraci\u00f3n a trav\u00e9s de un C\u00f3nyuge, Padre, Hijo, Hija o Prometido Ciudadano de los EE. UU. - The Law Office of Rosina Stambaugh\",\"isPartOf\":{\"@id\":\"https:\\\/\\\/www.rosinalaw.com\\\/#website\"},\"primaryImageOfPage\":{\"@id\":\"https:\\\/\\\/www.rosinalaw.com\\\/es\\\/espanol\\\/inmigracion\\\/inmigracion-basada-en-la-familia\\\/opciones-de-inmigracion-a-traves-de-un-conyuge-padre-hijo-hija-o-prometido-ciudadano-de-los-ee-uu\\\/#primaryimage\"},\"image\":{\"@id\":\"https:\\\/\\\/www.rosinalaw.com\\\/es\\\/espanol\\\/inmigracion\\\/inmigracion-basada-en-la-familia\\\/opciones-de-inmigracion-a-traves-de-un-conyuge-padre-hijo-hija-o-prometido-ciudadano-de-los-ee-uu\\\/#primaryimage\"},\"thumbnailUrl\":\"https:\\\/\\\/www.rosinalaw.com\\\/wp-content\\\/uploads\\\/2023\\\/06\\\/blog_fet.png\",\"datePublished\":\"2023-07-21T10:24:57+00:00\",\"dateModified\":\"2025-10-16T17:00:52+00:00\",\"description\":\"Opciones de inmigraci\u00f3n a trav\u00e9s de un C\u00f3nyuge, Padre, Hijo, Hija o Prometido Ciudadano de los EE. UU. - %\",\"breadcrumb\":{\"@id\":\"https:\\\/\\\/www.rosinalaw.com\\\/es\\\/espanol\\\/inmigracion\\\/inmigracion-basada-en-la-familia\\\/opciones-de-inmigracion-a-traves-de-un-conyuge-padre-hijo-hija-o-prometido-ciudadano-de-los-ee-uu\\\/#breadcrumb\"},\"inLanguage\":\"es\",\"potentialAction\":[{\"@type\":\"ReadAction\",\"target\":[\"https:\\\/\\\/www.rosinalaw.com\\\/es\\\/espanol\\\/inmigracion\\\/inmigracion-basada-en-la-familia\\\/opciones-de-inmigracion-a-traves-de-un-conyuge-padre-hijo-hija-o-prometido-ciudadano-de-los-ee-uu\\\/\"]}]},{\"@type\":\"ImageObject\",\"inLanguage\":\"es\",\"@id\":\"https:\\\/\\\/www.rosinalaw.com\\\/es\\\/espanol\\\/inmigracion\\\/inmigracion-basada-en-la-familia\\\/opciones-de-inmigracion-a-traves-de-un-conyuge-padre-hijo-hija-o-prometido-ciudadano-de-los-ee-uu\\\/#primaryimage\",\"url\":\"https:\\\/\\\/www.rosinalaw.com\\\/wp-content\\\/uploads\\\/2023\\\/06\\\/blog_fet.png\",\"contentUrl\":\"https:\\\/\\\/www.rosinalaw.com\\\/wp-content\\\/uploads\\\/2023\\\/06\\\/blog_fet.png\",\"width\":1100,\"height\":590},{\"@type\":\"BreadcrumbList\",\"@id\":\"https:\\\/\\\/www.rosinalaw.com\\\/es\\\/espanol\\\/inmigracion\\\/inmigracion-basada-en-la-familia\\\/opciones-de-inmigracion-a-traves-de-un-conyuge-padre-hijo-hija-o-prometido-ciudadano-de-los-ee-uu\\\/#breadcrumb\",\"itemListElement\":[{\"@type\":\"ListItem\",\"position\":1,\"name\":\"Inicio\",\"item\":\"https:\\\/\\\/www.rosinalaw.com\\\/es\\\/inicio\\\/\"},{\"@type\":\"ListItem\",\"position\":2,\"name\":\"Espa\u00f1ol\",\"item\":\"https:\\\/\\\/www.rosinalaw.com\\\/es\\\/espanol\\\/\"},{\"@type\":\"ListItem\",\"position\":3,\"name\":\"Inmigraci\u00f3n\",\"item\":\"https:\\\/\\\/www.rosinalaw.com\\\/es\\\/espanol\\\/inmigracion\\\/\"},{\"@type\":\"ListItem\",\"position\":4,\"name\":\"Inmigraci\u00f3n Basada en la Familia\",\"item\":\"https:\\\/\\\/www.rosinalaw.com\\\/es\\\/espanol\\\/inmigracion\\\/inmigracion-basada-en-la-familia\\\/\"},{\"@type\":\"ListItem\",\"position\":5,\"name\":\"Opciones de inmigraci\u00f3n a trav\u00e9s de un C\u00f3nyuge, Padre, Hijo, Hija o Prometido Ciudadano de los EE. UU.\"}]},{\"@type\":\"WebSite\",\"@id\":\"https:\\\/\\\/www.rosinalaw.com\\\/#website\",\"url\":\"https:\\\/\\\/www.rosinalaw.com\\\/\",\"name\":\"The Law Office of Rosina Stambaugh\",\"description\":\"\",\"publisher\":{\"@id\":\"https:\\\/\\\/www.rosinalaw.com\\\/#organization\"},\"potentialAction\":[{\"@type\":\"SearchAction\",\"target\":{\"@type\":\"EntryPoint\",\"urlTemplate\":\"https:\\\/\\\/www.rosinalaw.com\\\/?s={search_term_string}\"},\"query-input\":{\"@type\":\"PropertyValueSpecification\",\"valueRequired\":true,\"valueName\":\"search_term_string\"}}],\"inLanguage\":\"es\"},{\"@type\":\"Organization\",\"@id\":\"https:\\\/\\\/www.rosinalaw.com\\\/#organization\",\"name\":\"El bufete de Rosina Stambaugh\",\"url\":\"https:\\\/\\\/www.rosinalaw.com\\\/\",\"logo\":{\"@type\":\"ImageObject\",\"inLanguage\":\"es\",\"@id\":\"https:\\\/\\\/www.rosinalaw.com\\\/#\\\/schema\\\/logo\\\/image\\\/\",\"url\":\"https:\\\/\\\/www.rosinalaw.com\\\/wp-content\\\/uploads\\\/2023\\\/06\\\/logo-header.png\",\"contentUrl\":\"https:\\\/\\\/www.rosinalaw.com\\\/wp-content\\\/uploads\\\/2023\\\/06\\\/logo-header.png\",\"width\":540,\"height\":80,\"caption\":\"El bufete de Rosina Stambaugh\"},\"image\":{\"@id\":\"https:\\\/\\\/www.rosinalaw.com\\\/#\\\/schema\\\/logo\\\/image\\\/\"},\"sameAs\":[\"https:\\\/\\\/www.facebook.com\\\/rosinastambaughlaw\\\/\",\"https:\\\/\\\/x.com\\\/LawOffice_RCS\"]}]}<\/script>\n<!-- \/ Yoast SEO plugin. -->","yoast_head_json":{"title":"Opciones de inmigraci\u00f3n a trav\u00e9s de un C\u00f3nyuge, Padre, Hijo, Hija o Prometido Ciudadano de los EE. UU. - The Law Office of Rosina Stambaugh","description":"Opciones de inmigraci\u00f3n a trav\u00e9s de un C\u00f3nyuge, Padre, Hijo, Hija o Prometido Ciudadano de los EE. UU. - %","robots":{"index":"index","follow":"follow","max-snippet":"max-snippet:-1","max-image-preview":"max-image-preview:large","max-video-preview":"max-video-preview:-1"},"canonical":"https:\/\/www.rosinalaw.com\/es\/espanol\/inmigracion\/inmigracion-basada-en-la-familia\/opciones-de-inmigracion-a-traves-de-un-conyuge-padre-hijo-hija-o-prometido-ciudadano-de-los-ee-uu\/","og_locale":"es_ES","og_type":"article","og_title":"Opciones de inmigraci\u00f3n a trav\u00e9s de un C\u00f3nyuge, Padre, Hijo, Hija o Prometido Ciudadano de los EE. UU. - The Law Office of Rosina Stambaugh","og_description":"Opciones de inmigraci\u00f3n a trav\u00e9s de un C\u00f3nyuge, Padre, Hijo, Hija o Prometido Ciudadano de los EE. UU. - %","og_url":"https:\/\/www.rosinalaw.com\/es\/espanol\/inmigracion\/inmigracion-basada-en-la-familia\/opciones-de-inmigracion-a-traves-de-un-conyuge-padre-hijo-hija-o-prometido-ciudadano-de-los-ee-uu\/","og_site_name":"The Law Office of Rosina Stambaugh","article_publisher":"https:\/\/www.facebook.com\/rosinastambaughlaw\/","article_modified_time":"2025-10-16T17:00:52+00:00","og_image":[{"width":1100,"height":590,"url":"https:\/\/www.rosinalaw.com\/wp-content\/uploads\/2023\/06\/blog_fet.png","type":"image\/png"}],"twitter_card":"summary_large_image","twitter_site":"@LawOffice_RCS","twitter_misc":{"Tiempo de lectura":"3 minutos"},"schema":{"@context":"https:\/\/schema.org","@graph":[{"@type":"WebPage","@id":"https:\/\/www.rosinalaw.com\/es\/espanol\/inmigracion\/inmigracion-basada-en-la-familia\/opciones-de-inmigracion-a-traves-de-un-conyuge-padre-hijo-hija-o-prometido-ciudadano-de-los-ee-uu\/","url":"https:\/\/www.rosinalaw.com\/es\/espanol\/inmigracion\/inmigracion-basada-en-la-familia\/opciones-de-inmigracion-a-traves-de-un-conyuge-padre-hijo-hija-o-prometido-ciudadano-de-los-ee-uu\/","name":"Opciones de inmigraci\u00f3n a trav\u00e9s de un C\u00f3nyuge, Padre, Hijo, Hija o Prometido Ciudadano de los EE. UU. - The Law Office of Rosina Stambaugh","isPartOf":{"@id":"https:\/\/www.rosinalaw.com\/#website"},"primaryImageOfPage":{"@id":"https:\/\/www.rosinalaw.com\/es\/espanol\/inmigracion\/inmigracion-basada-en-la-familia\/opciones-de-inmigracion-a-traves-de-un-conyuge-padre-hijo-hija-o-prometido-ciudadano-de-los-ee-uu\/#primaryimage"},"image":{"@id":"https:\/\/www.rosinalaw.com\/es\/espanol\/inmigracion\/inmigracion-basada-en-la-familia\/opciones-de-inmigracion-a-traves-de-un-conyuge-padre-hijo-hija-o-prometido-ciudadano-de-los-ee-uu\/#primaryimage"},"thumbnailUrl":"https:\/\/www.rosinalaw.com\/wp-content\/uploads\/2023\/06\/blog_fet.png","datePublished":"2023-07-21T10:24:57+00:00","dateModified":"2025-10-16T17:00:52+00:00","description":"Opciones de inmigraci\u00f3n a trav\u00e9s de un C\u00f3nyuge, Padre, Hijo, Hija o Prometido Ciudadano de los EE. UU. - %","breadcrumb":{"@id":"https:\/\/www.rosinalaw.com\/es\/espanol\/inmigracion\/inmigracion-basada-en-la-familia\/opciones-de-inmigracion-a-traves-de-un-conyuge-padre-hijo-hija-o-prometido-ciudadano-de-los-ee-uu\/#breadcrumb"},"inLanguage":"es","potentialAction":[{"@type":"ReadAction","target":["https:\/\/www.rosinalaw.com\/es\/espanol\/inmigracion\/inmigracion-basada-en-la-familia\/opciones-de-inmigracion-a-traves-de-un-conyuge-padre-hijo-hija-o-prometido-ciudadano-de-los-ee-uu\/"]}]},{"@type":"ImageObject","inLanguage":"es","@id":"https:\/\/www.rosinalaw.com\/es\/espanol\/inmigracion\/inmigracion-basada-en-la-familia\/opciones-de-inmigracion-a-traves-de-un-conyuge-padre-hijo-hija-o-prometido-ciudadano-de-los-ee-uu\/#primaryimage","url":"https:\/\/www.rosinalaw.com\/wp-content\/uploads\/2023\/06\/blog_fet.png","contentUrl":"https:\/\/www.rosinalaw.com\/wp-content\/uploads\/2023\/06\/blog_fet.png","width":1100,"height":590},{"@type":"BreadcrumbList","@id":"https:\/\/www.rosinalaw.com\/es\/espanol\/inmigracion\/inmigracion-basada-en-la-familia\/opciones-de-inmigracion-a-traves-de-un-conyuge-padre-hijo-hija-o-prometido-ciudadano-de-los-ee-uu\/#breadcrumb","itemListElement":[{"@type":"ListItem","position":1,"name":"Inicio","item":"https:\/\/www.rosinalaw.com\/es\/inicio\/"},{"@type":"ListItem","position":2,"name":"Espa\u00f1ol","item":"https:\/\/www.rosinalaw.com\/es\/espanol\/"},{"@type":"ListItem","position":3,"name":"Inmigraci\u00f3n","item":"https:\/\/www.rosinalaw.com\/es\/espanol\/inmigracion\/"},{"@type":"ListItem","position":4,"name":"Inmigraci\u00f3n Basada en la Familia","item":"https:\/\/www.rosinalaw.com\/es\/espanol\/inmigracion\/inmigracion-basada-en-la-familia\/"},{"@type":"ListItem","position":5,"name":"Opciones de inmigraci\u00f3n a trav\u00e9s de un C\u00f3nyuge, Padre, Hijo, Hija o Prometido Ciudadano de los EE. UU."}]},{"@type":"WebSite","@id":"https:\/\/www.rosinalaw.com\/#website","url":"https:\/\/www.rosinalaw.com\/","name":"The Law Office of Rosina Stambaugh","description":"","publisher":{"@id":"https:\/\/www.rosinalaw.com\/#organization"},"potentialAction":[{"@type":"SearchAction","target":{"@type":"EntryPoint","urlTemplate":"https:\/\/www.rosinalaw.com\/?s={search_term_string}"},"query-input":{"@type":"PropertyValueSpecification","valueRequired":true,"valueName":"search_term_string"}}],"inLanguage":"es"},{"@type":"Organization","@id":"https:\/\/www.rosinalaw.com\/#organization","name":"El bufete de Rosina Stambaugh","url":"https:\/\/www.rosinalaw.com\/","logo":{"@type":"ImageObject","inLanguage":"es","@id":"https:\/\/www.rosinalaw.com\/#\/schema\/logo\/image\/","url":"https:\/\/www.rosinalaw.com\/wp-content\/uploads\/2023\/06\/logo-header.png","contentUrl":"https:\/\/www.rosinalaw.com\/wp-content\/uploads\/2023\/06\/logo-header.png","width":540,"height":80,"caption":"El bufete de Rosina Stambaugh"},"image":{"@id":"https:\/\/www.rosinalaw.com\/#\/schema\/logo\/image\/"},"sameAs":["https:\/\/www.facebook.com\/rosinastambaughlaw\/","https:\/\/x.com\/LawOffice_RCS"]}]}},"_links":{"self":[{"href":"https:\/\/www.rosinalaw.com\/es\/wp-json\/wp\/v2\/pages\/10821","targetHints":{"allow":["GET"]}}],"collection":[{"href":"https:\/\/www.rosinalaw.com\/es\/wp-json\/wp\/v2\/pages"}],"about":[{"href":"https:\/\/www.rosinalaw.com\/es\/wp-json\/wp\/v2\/types\/page"}],"author":[{"embeddable":true,"href":"https:\/\/www.rosinalaw.com\/es\/wp-json\/wp\/v2\/users\/27"}],"replies":[{"embeddable":true,"href":"https:\/\/www.rosinalaw.com\/es\/wp-json\/wp\/v2\/comments?post=10821"}],"version-history":[{"count":0,"href":"https:\/\/www.rosinalaw.com\/es\/wp-json\/wp\/v2\/pages\/10821\/revisions"}],"up":[{"embeddable":true,"href":"https:\/\/www.rosinalaw.com\/es\/wp-json\/wp\/v2\/pages\/10822"}],"wp:featuredmedia":[{"embeddable":true,"href":"https:\/\/www.rosinalaw.com\/es\/wp-json\/wp\/v2\/media\/9697"}],"wp:attachment":[{"href":"https:\/\/www.rosinalaw.com\/es\/wp-json\/wp\/v2\/media?parent=10821"}],"curies":[{"name":"wp","href":"https:\/\/api.w.org\/{rel}","templated":true}]}}