{"id":11313,"date":"2023-10-13T11:31:34","date_gmt":"2023-10-13T11:31:34","guid":{"rendered":"https:\/\/rosinalaw.wpenginepowered.com\/visado-ir-3\/"},"modified":"2025-10-16T17:00:50","modified_gmt":"2025-10-16T17:00:50","slug":"ir3-visa","status":"publish","type":"page","link":"https:\/\/www.rosinalaw.com\/es\/ir3-visa\/","title":{"rendered":"Visado IR-3"},"content":{"rendered":"<h1>Abogados especializados en visados IR-3 de Pensilvania ayudan a los clientes a navegar por la adopci\u00f3n internacional<\/h1>\n<p>Las leyes de inmigraci\u00f3n en Estados Unidos son complejas, y hay varios tipos de visados que pueden ser apropiados, dependiendo de tu situaci\u00f3n. Los visados IR, que significa familiar inmediato, son visados que permiten a los ciudadanos estadounidenses patrocinar a familiares inmediatos para que vengan a Estados Unidos con una <g id=\"gid_0\">Tarjeta Verde<\/g>, tambi\u00e9n conocida como estatus de residente permanente legal. El visado IR-3 es una opci\u00f3n para quienes han adoptado a un ni\u00f1o en otro pa\u00eds e intentan traerlo a Estados Unidos.  <\/p>\n<p>Pasar por el proceso de adopci\u00f3n internacional es todo un reto. Pueden pasar meses o incluso a\u00f1os hasta que te asignen un ni\u00f1o y cumplas los requisitos de adopci\u00f3n del otro pa\u00eds. <\/p>\n<p>Pero a\u00fan queda el obst\u00e1culo final de asegurarse de que el ni\u00f1o es legalmente admisible en Estados Unidos. Consigue ayuda con un visado IR-3 y averigua lo que necesitas saber sobre este proceso cuando trabajes con <a href=\"https:\/\/www.rosinalaw.com\/es\/\">el Bufete de Rosina C. Stambaugh.<\/a> <\/p>\n<h2>\u00bfQu\u00e9 es un visado IR-3?<\/h2>\n<p>El visado IR-3 es un tipo de visado para familiares directos y est\u00e1 reservado a los ni\u00f1os que han sido adoptados internacionalmente. Los padres adoptivos pasan por el proceso de adopci\u00f3n en un pa\u00eds extranjero y luego tienen que traer al ni\u00f1o a Estados Unidos para que viva con ellos. <\/p>\n<p>Pero para ello es necesario que el menor tenga una situaci\u00f3n legal v\u00e1lida en Estados Unidos. Una vez concedido el visado IR-3, el menor puede entrar en Estados Unidos y hacer vida normal, lo que incluye ir a la escuela, a la universidad y trabajar, siempre que tenga permiso de trabajo. <\/p>\n<p><script defer async=\"\" src=\"https:\/\/cdn.trustindex.io\/loader.js?2ee05a13300958084996603b2a4\"><\/script><br \/>\n\n      <div class=\"internal-cta-form-wrapper\">\n        <span class=\"title\">\u00bfNecesitas ayuda con un visado IR-3 para adopci\u00f3n internacional en Pensilvania? Obt\u00e9n la orientaci\u00f3n que necesitas. Ponte en contacto ahora con el bufete de Rosina C. Stambaugh.<\/span>\n        <a href=\"https:\/\/www.rosinalaw.com\/contact-us\/\" class=\"button button-style-two\">Contact Now<\/a>\n      <\/div>\n    <\/p>\n<h2>\u00bfQui\u00e9n puede optar a un visado IR-3?<\/h2>\n<p>Existen requisitos espec\u00edficos para los visados IR-3, tanto para el menor como para los padres adoptivos. El menor debe tener menos de 21 a\u00f1os y proceder de un pa\u00eds de la Convenci\u00f3n de La Haya o de un pa\u00eds no perteneciente a la Convenci\u00f3n de La Haya. Tambi\u00e9n debe ser apto para la adopci\u00f3n seg\u00fan la Ley de Inmigraci\u00f3n y Nacionalidad de EE.UU.  <\/p>\n<p>Los padres adoptivos deben ser ciudadanos estadounidenses y tener una direcci\u00f3n v\u00e1lida en Estados Unidos. Tambi\u00e9n deben tener previsto traer al ni\u00f1o a Estados Unidos para que viva con ellos. En algunos casos, los padres deben pasar una prueba de elegibilidad, que administra el Servicio de Ciudadan\u00eda e Inmigraci\u00f3n de EE.UU.  <\/p>\n<p>Por lo general, se recomienda utilizar el visado IR-3 en los casos en que el menor haya sido adoptado recientemente. Si se dieran circunstancias que obligaran a los padres a permanecer en otro pa\u00eds con el menor durante dos a\u00f1os o m\u00e1s, podr\u00eda ser m\u00e1s apropiado un visado IR-2. <\/p>\n<h2>\u00bfC\u00f3mo se solicita un visado IR-3?<\/h2>\n<p>La forma de solicitar un visado IR-3 depende de si el ni\u00f1o fue adoptado de un pa\u00eds de la Convenci\u00f3n de La Haya o de un pa\u00eds no perteneciente a la Convenci\u00f3n de La Haya. Para un pa\u00eds de la Convenci\u00f3n de La Haya, tendr\u00e1s que trabajar con una organizaci\u00f3n de adopci\u00f3n acreditada y aprobada por Estados Unidos. <\/p>\n<p>El siguiente paso es presentar la Determinaci\u00f3n de Idoneidad para Adoptar a un Ni\u00f1o de un Pa\u00eds del Convenio (Formulario I-800A) en la oficina de los Servicios de Ciudadan\u00eda e Inmigraci\u00f3n de EE.UU. (U.S. Citizenship and Immigration Services). Completar este proceso incluye un estudio del hogar y una comprobaci\u00f3n de antecedentes que incluye la toma de huellas dactilares. <\/p>\n<p>Despu\u00e9s de que te hayan aprobado y te hayan emparejado con un ni\u00f1o, tienes que presentar la Solicitud Online de Visado de Inmigrante para el ni\u00f1o. \u00c9sta se presenta en la Embajada o Consulado de EE.UU. en el pa\u00eds de origen del ni\u00f1o. <\/p>\n<p>Una vez aprobado esto, podr\u00e1s obtener una orden de adopci\u00f3n definitiva y presentar la documentaci\u00f3n correspondiente. El \u00faltimo paso es pasar una entrevista en persona en la Embajada de EEUU. <\/p>\n<p>Adoptar desde un pa\u00eds no perteneciente a la Convenci\u00f3n de La Haya requiere un proceso similar, pero los formularios y la informaci\u00f3n necesarios son diferentes. Lo mejor es consultar con un abogado sobre c\u00f3mo es este proceso antes de solicitar un visado IR-3. <\/p>\n<h2>\u00bfPuede mi hijo convertirse en ciudadano estadounidense con un visado IR-3?<\/h2>\n<p>Un menor al que se ha concedido un visado IR-3 se convierte autom\u00e1ticamente en ciudadano estadounidense siempre que cumpla determinados criterios. Esto incluye venir a Estados Unidos y estar bajo la custodia de los padres adoptivos antes de que el menor cumpla 18 a\u00f1os y cumpla todos los requisitos establecidos en la Ley de Ciudadan\u00eda Infantil. En la mayor\u00eda de los casos, no tendr\u00e1s que hacer nada especial, y tu hijo recibir\u00e1 un Certificado de Ciudadan\u00eda por correo.  <\/p>\n<h2>\u00bfCu\u00e1nto se tarda en tramitar un visado IR-3?<\/h2>\n<p>El tiempo que se tarda en tramitar un visado IR-3 var\u00eda seg\u00fan la situaci\u00f3n, pero en general, puedes esperar que se tarde al menos de 6 meses a 1 a\u00f1o desde la solicitud hasta poder traer al ni\u00f1o a Estados Unidos.<\/p>\n<p>Ten en cuenta que \u00e9ste es s\u00f3lo el plazo para el visado IR-3 y no tiene en cuenta cu\u00e1nto tiempo puede llevar cumplir los requisitos de adopci\u00f3n en el pa\u00eds de origen del menor. Trabajar con un abogado <a href=\"https:\/\/www.rosinalaw.com\/es\/quienes-somos\/\">con experiencia en inmigraci\u00f3n<\/a> y adopciones internacionales puede ayudarte a asegurarte de que tienes todo cumplimentado y presentado correctamente, lo que puede ayudar a agilizar las cosas. <\/p>\n<p>La adopci\u00f3n puede ayudarte a completar tu familia, pero es importante que te asegures de que se cumplen todos los requisitos del visado cuando adoptes en otro pa\u00eds y traigas al ni\u00f1o a Estados Unidos.<\/p>\n<p>Tanto si est\u00e1s en las primeras fases de la adopci\u00f3n internacional y tienes preguntas sobre qu\u00e9 esperar como si est\u00e1s intentando solicitar un visado IR-3, el Bufete de Rosina C. Stambaugh puede ayudarte. Llama a nuestra oficina al <a href=\"tel:717-900-1818\">717-900-1818<\/a> para ponerte en contacto con un miembro de nuestro equipo que pueda responder a tus preguntas y <a href=\"https:\/\/www.rosinalaw.com\/es\/contacte-con-nosotros\/\">concertar una cita<\/a> con un abogado de inmigraci\u00f3n. <\/p>\n","protected":false},"excerpt":{"rendered":"<p>Abogados especializados en visados IR-3 de Pensilvania ayudan a los clientes a navegar por la adopci\u00f3n internacional Las leyes de inmigraci\u00f3n en Estados Unidos son complejas, y hay varios tipos de visados que pueden ser apropiados, dependiendo de tu situaci\u00f3n. Los visados IR, que significa familiar inmediato, son visados que permiten a los ciudadanos estadounidenses [&hellip;]<\/p>\n","protected":false},"author":21,"featured_media":9697,"parent":0,"menu_order":0,"comment_status":"closed","ping_status":"closed","template":"","meta":{"_acf_changed":false,"site-sidebar-layout":"default","site-content-layout":"","ast-site-content-layout":"default","site-content-style":"default","site-sidebar-style":"default","ast-global-header-display":"","ast-banner-title-visibility":"","ast-main-header-display":"","ast-hfb-above-header-display":"","ast-hfb-below-header-display":"","ast-hfb-mobile-header-display":"","site-post-title":"","ast-breadcrumbs-content":"","ast-featured-img":"","footer-sml-layout":"","ast-disable-related-posts":"","theme-transparent-header-meta":"default","adv-header-id-meta":"","stick-header-meta":"","header-above-stick-meta":"","header-main-stick-meta":"","header-below-stick-meta":"","astra-migrate-meta-layouts":"set","ast-page-background-enabled":"default","ast-page-background-meta":{"desktop":{"background-color":"var(--ast-global-color-4)","background-image":"","background-repeat":"repeat","background-position":"center center","background-size":"auto","background-attachment":"scroll","background-type":"","background-media":"","overlay-type":"","overlay-color":"","overlay-opacity":"","overlay-gradient":""},"tablet":{"background-color":"","background-image":"","background-repeat":"repeat","background-position":"center center","background-size":"auto","background-attachment":"scroll","background-type":"","background-media":"","overlay-type":"","overlay-color":"","overlay-opacity":"","overlay-gradient":""},"mobile":{"background-color":"","background-image":"","background-repeat":"repeat","background-position":"center center","background-size":"auto","background-attachment":"scroll","background-type":"","background-media":"","overlay-type":"","overlay-color":"","overlay-opacity":"","overlay-gradient":""}},"ast-content-background-meta":{"desktop":{"background-color":"var(--ast-global-color-5)","background-image":"","background-repeat":"repeat","background-position":"center center","background-size":"auto","background-attachment":"scroll","background-type":"","background-media":"","overlay-type":"","overlay-color":"","overlay-opacity":"","overlay-gradient":""},"tablet":{"background-color":"var(--ast-global-color-5)","background-image":"","background-repeat":"repeat","background-position":"center center","background-size":"auto","background-attachment":"scroll","background-type":"","background-media":"","overlay-type":"","overlay-color":"","overlay-opacity":"","overlay-gradient":""},"mobile":{"background-color":"var(--ast-global-color-5)","background-image":"","background-repeat":"repeat","background-position":"center center","background-size":"auto","background-attachment":"scroll","background-type":"","background-media":"","overlay-type":"","overlay-color":"","overlay-opacity":"","overlay-gradient":""}},"footnotes":""},"class_list":["post-11313","page","type-page","status-publish","has-post-thumbnail","hentry"],"acf":[],"yoast_head":"<!-- This site is optimized with the Yoast SEO plugin v27.5 - https:\/\/yoast.com\/product\/yoast-seo-wordpress\/ -->\n<title>IR-3 Visa Lawyers | Abogados de inmigraci\u00f3n de confianza | Pennsylvania<\/title>\n<meta name=\"description\" content=\"\u00bfTe preguntas c\u00f3mo traer a tu hijo adoptivo a EE.UU.? Averigua si un visado IR-3 es adecuado para tu situaci\u00f3n.\" \/>\n<meta name=\"robots\" content=\"index, follow, max-snippet:-1, max-image-preview:large, max-video-preview:-1\" \/>\n<link rel=\"canonical\" href=\"https:\/\/www.rosinalaw.com\/es\/ir3-visa\/\" \/>\n<meta property=\"og:locale\" content=\"es_ES\" \/>\n<meta property=\"og:type\" content=\"article\" \/>\n<meta property=\"og:title\" content=\"IR-3 Visa Lawyers | Abogados de inmigraci\u00f3n de confianza | Pennsylvania\" \/>\n<meta property=\"og:description\" content=\"\u00bfTe preguntas c\u00f3mo traer a tu hijo adoptivo a EE.UU.? Averigua si un visado IR-3 es adecuado para tu situaci\u00f3n.\" \/>\n<meta property=\"og:url\" content=\"https:\/\/www.rosinalaw.com\/es\/ir3-visa\/\" \/>\n<meta property=\"og:site_name\" content=\"The Law Office of Rosina Stambaugh\" \/>\n<meta property=\"article:publisher\" content=\"https:\/\/www.facebook.com\/rosinastambaughlaw\/\" \/>\n<meta property=\"article:modified_time\" content=\"2025-10-16T17:00:50+00:00\" \/>\n<meta property=\"og:image\" content=\"https:\/\/www.rosinalaw.com\/wp-content\/uploads\/2023\/06\/blog_fet.png\" \/>\n\t<meta property=\"og:image:width\" content=\"1100\" \/>\n\t<meta property=\"og:image:height\" content=\"590\" \/>\n\t<meta property=\"og:image:type\" content=\"image\/png\" \/>\n<meta name=\"twitter:card\" content=\"summary_large_image\" \/>\n<meta name=\"twitter:site\" content=\"@LawOffice_RCS\" \/>\n<meta name=\"twitter:label1\" content=\"Tiempo de lectura\" \/>\n\t<meta name=\"twitter:data1\" content=\"5 minutos\" \/>\n<script type=\"application\/ld+json\" class=\"yoast-schema-graph\">{\"@context\":\"https:\\\/\\\/schema.org\",\"@graph\":[{\"@type\":\"WebPage\",\"@id\":\"https:\\\/\\\/www.rosinalaw.com\\\/es\\\/ir3-visa\\\/\",\"url\":\"https:\\\/\\\/www.rosinalaw.com\\\/es\\\/ir3-visa\\\/\",\"name\":\"IR-3 Visa Lawyers | Abogados de inmigraci\u00f3n de confianza | Pennsylvania\",\"isPartOf\":{\"@id\":\"https:\\\/\\\/www.rosinalaw.com\\\/#website\"},\"primaryImageOfPage\":{\"@id\":\"https:\\\/\\\/www.rosinalaw.com\\\/es\\\/ir3-visa\\\/#primaryimage\"},\"image\":{\"@id\":\"https:\\\/\\\/www.rosinalaw.com\\\/es\\\/ir3-visa\\\/#primaryimage\"},\"thumbnailUrl\":\"https:\\\/\\\/www.rosinalaw.com\\\/wp-content\\\/uploads\\\/2023\\\/06\\\/blog_fet.png\",\"datePublished\":\"2023-10-13T11:31:34+00:00\",\"dateModified\":\"2025-10-16T17:00:50+00:00\",\"description\":\"\u00bfTe preguntas c\u00f3mo traer a tu hijo adoptivo a EE.UU.? Averigua si un visado IR-3 es adecuado para tu situaci\u00f3n.\",\"breadcrumb\":{\"@id\":\"https:\\\/\\\/www.rosinalaw.com\\\/es\\\/ir3-visa\\\/#breadcrumb\"},\"inLanguage\":\"es\",\"potentialAction\":[{\"@type\":\"ReadAction\",\"target\":[\"https:\\\/\\\/www.rosinalaw.com\\\/es\\\/ir3-visa\\\/\"]}]},{\"@type\":\"ImageObject\",\"inLanguage\":\"es\",\"@id\":\"https:\\\/\\\/www.rosinalaw.com\\\/es\\\/ir3-visa\\\/#primaryimage\",\"url\":\"https:\\\/\\\/www.rosinalaw.com\\\/wp-content\\\/uploads\\\/2023\\\/06\\\/blog_fet.png\",\"contentUrl\":\"https:\\\/\\\/www.rosinalaw.com\\\/wp-content\\\/uploads\\\/2023\\\/06\\\/blog_fet.png\",\"width\":1100,\"height\":590},{\"@type\":\"BreadcrumbList\",\"@id\":\"https:\\\/\\\/www.rosinalaw.com\\\/es\\\/ir3-visa\\\/#breadcrumb\",\"itemListElement\":[{\"@type\":\"ListItem\",\"position\":1,\"name\":\"Inicio\",\"item\":\"https:\\\/\\\/www.rosinalaw.com\\\/es\\\/inicio\\\/\"},{\"@type\":\"ListItem\",\"position\":2,\"name\":\"Visado IR-3\"}]},{\"@type\":\"WebSite\",\"@id\":\"https:\\\/\\\/www.rosinalaw.com\\\/#website\",\"url\":\"https:\\\/\\\/www.rosinalaw.com\\\/\",\"name\":\"The Law Office of Rosina Stambaugh\",\"description\":\"\",\"publisher\":{\"@id\":\"https:\\\/\\\/www.rosinalaw.com\\\/#organization\"},\"potentialAction\":[{\"@type\":\"SearchAction\",\"target\":{\"@type\":\"EntryPoint\",\"urlTemplate\":\"https:\\\/\\\/www.rosinalaw.com\\\/?s={search_term_string}\"},\"query-input\":{\"@type\":\"PropertyValueSpecification\",\"valueRequired\":true,\"valueName\":\"search_term_string\"}}],\"inLanguage\":\"es\"},{\"@type\":\"Organization\",\"@id\":\"https:\\\/\\\/www.rosinalaw.com\\\/#organization\",\"name\":\"El bufete de Rosina Stambaugh\",\"url\":\"https:\\\/\\\/www.rosinalaw.com\\\/\",\"logo\":{\"@type\":\"ImageObject\",\"inLanguage\":\"es\",\"@id\":\"https:\\\/\\\/www.rosinalaw.com\\\/#\\\/schema\\\/logo\\\/image\\\/\",\"url\":\"https:\\\/\\\/www.rosinalaw.com\\\/wp-content\\\/uploads\\\/2023\\\/06\\\/logo-header.png\",\"contentUrl\":\"https:\\\/\\\/www.rosinalaw.com\\\/wp-content\\\/uploads\\\/2023\\\/06\\\/logo-header.png\",\"width\":540,\"height\":80,\"caption\":\"El bufete de Rosina Stambaugh\"},\"image\":{\"@id\":\"https:\\\/\\\/www.rosinalaw.com\\\/#\\\/schema\\\/logo\\\/image\\\/\"},\"sameAs\":[\"https:\\\/\\\/www.facebook.com\\\/rosinastambaughlaw\\\/\",\"https:\\\/\\\/x.com\\\/LawOffice_RCS\"]}]}<\/script>\n<!-- \/ Yoast SEO plugin. -->","yoast_head_json":{"title":"IR-3 Visa Lawyers | Abogados de inmigraci\u00f3n de confianza | Pennsylvania","description":"\u00bfTe preguntas c\u00f3mo traer a tu hijo adoptivo a EE.UU.? Averigua si un visado IR-3 es adecuado para tu situaci\u00f3n.","robots":{"index":"index","follow":"follow","max-snippet":"max-snippet:-1","max-image-preview":"max-image-preview:large","max-video-preview":"max-video-preview:-1"},"canonical":"https:\/\/www.rosinalaw.com\/es\/ir3-visa\/","og_locale":"es_ES","og_type":"article","og_title":"IR-3 Visa Lawyers | Abogados de inmigraci\u00f3n de confianza | Pennsylvania","og_description":"\u00bfTe preguntas c\u00f3mo traer a tu hijo adoptivo a EE.UU.? Averigua si un visado IR-3 es adecuado para tu situaci\u00f3n.","og_url":"https:\/\/www.rosinalaw.com\/es\/ir3-visa\/","og_site_name":"The Law Office of Rosina Stambaugh","article_publisher":"https:\/\/www.facebook.com\/rosinastambaughlaw\/","article_modified_time":"2025-10-16T17:00:50+00:00","og_image":[{"width":1100,"height":590,"url":"https:\/\/www.rosinalaw.com\/wp-content\/uploads\/2023\/06\/blog_fet.png","type":"image\/png"}],"twitter_card":"summary_large_image","twitter_site":"@LawOffice_RCS","twitter_misc":{"Tiempo de lectura":"5 minutos"},"schema":{"@context":"https:\/\/schema.org","@graph":[{"@type":"WebPage","@id":"https:\/\/www.rosinalaw.com\/es\/ir3-visa\/","url":"https:\/\/www.rosinalaw.com\/es\/ir3-visa\/","name":"IR-3 Visa Lawyers | Abogados de inmigraci\u00f3n de confianza | Pennsylvania","isPartOf":{"@id":"https:\/\/www.rosinalaw.com\/#website"},"primaryImageOfPage":{"@id":"https:\/\/www.rosinalaw.com\/es\/ir3-visa\/#primaryimage"},"image":{"@id":"https:\/\/www.rosinalaw.com\/es\/ir3-visa\/#primaryimage"},"thumbnailUrl":"https:\/\/www.rosinalaw.com\/wp-content\/uploads\/2023\/06\/blog_fet.png","datePublished":"2023-10-13T11:31:34+00:00","dateModified":"2025-10-16T17:00:50+00:00","description":"\u00bfTe preguntas c\u00f3mo traer a tu hijo adoptivo a EE.UU.? Averigua si un visado IR-3 es adecuado para tu situaci\u00f3n.","breadcrumb":{"@id":"https:\/\/www.rosinalaw.com\/es\/ir3-visa\/#breadcrumb"},"inLanguage":"es","potentialAction":[{"@type":"ReadAction","target":["https:\/\/www.rosinalaw.com\/es\/ir3-visa\/"]}]},{"@type":"ImageObject","inLanguage":"es","@id":"https:\/\/www.rosinalaw.com\/es\/ir3-visa\/#primaryimage","url":"https:\/\/www.rosinalaw.com\/wp-content\/uploads\/2023\/06\/blog_fet.png","contentUrl":"https:\/\/www.rosinalaw.com\/wp-content\/uploads\/2023\/06\/blog_fet.png","width":1100,"height":590},{"@type":"BreadcrumbList","@id":"https:\/\/www.rosinalaw.com\/es\/ir3-visa\/#breadcrumb","itemListElement":[{"@type":"ListItem","position":1,"name":"Inicio","item":"https:\/\/www.rosinalaw.com\/es\/inicio\/"},{"@type":"ListItem","position":2,"name":"Visado IR-3"}]},{"@type":"WebSite","@id":"https:\/\/www.rosinalaw.com\/#website","url":"https:\/\/www.rosinalaw.com\/","name":"The Law Office of Rosina Stambaugh","description":"","publisher":{"@id":"https:\/\/www.rosinalaw.com\/#organization"},"potentialAction":[{"@type":"SearchAction","target":{"@type":"EntryPoint","urlTemplate":"https:\/\/www.rosinalaw.com\/?s={search_term_string}"},"query-input":{"@type":"PropertyValueSpecification","valueRequired":true,"valueName":"search_term_string"}}],"inLanguage":"es"},{"@type":"Organization","@id":"https:\/\/www.rosinalaw.com\/#organization","name":"El bufete de Rosina Stambaugh","url":"https:\/\/www.rosinalaw.com\/","logo":{"@type":"ImageObject","inLanguage":"es","@id":"https:\/\/www.rosinalaw.com\/#\/schema\/logo\/image\/","url":"https:\/\/www.rosinalaw.com\/wp-content\/uploads\/2023\/06\/logo-header.png","contentUrl":"https:\/\/www.rosinalaw.com\/wp-content\/uploads\/2023\/06\/logo-header.png","width":540,"height":80,"caption":"El bufete de Rosina Stambaugh"},"image":{"@id":"https:\/\/www.rosinalaw.com\/#\/schema\/logo\/image\/"},"sameAs":["https:\/\/www.facebook.com\/rosinastambaughlaw\/","https:\/\/x.com\/LawOffice_RCS"]}]}},"_links":{"self":[{"href":"https:\/\/www.rosinalaw.com\/es\/wp-json\/wp\/v2\/pages\/11313","targetHints":{"allow":["GET"]}}],"collection":[{"href":"https:\/\/www.rosinalaw.com\/es\/wp-json\/wp\/v2\/pages"}],"about":[{"href":"https:\/\/www.rosinalaw.com\/es\/wp-json\/wp\/v2\/types\/page"}],"author":[{"embeddable":true,"href":"https:\/\/www.rosinalaw.com\/es\/wp-json\/wp\/v2\/users\/21"}],"replies":[{"embeddable":true,"href":"https:\/\/www.rosinalaw.com\/es\/wp-json\/wp\/v2\/comments?post=11313"}],"version-history":[{"count":0,"href":"https:\/\/www.rosinalaw.com\/es\/wp-json\/wp\/v2\/pages\/11313\/revisions"}],"wp:featuredmedia":[{"embeddable":true,"href":"https:\/\/www.rosinalaw.com\/es\/wp-json\/wp\/v2\/media\/9697"}],"wp:attachment":[{"href":"https:\/\/www.rosinalaw.com\/es\/wp-json\/wp\/v2\/media?parent=11313"}],"curies":[{"name":"wp","href":"https:\/\/api.w.org\/{rel}","templated":true}]}}