{"id":11315,"date":"2023-10-13T11:33:22","date_gmt":"2023-10-13T11:33:22","guid":{"rendered":"https:\/\/rosinalaw.wpenginepowered.com\/visado-ir-4\/"},"modified":"2025-10-16T17:00:50","modified_gmt":"2025-10-16T17:00:50","slug":"ir4-visas-2","status":"publish","type":"page","link":"https:\/\/www.rosinalaw.com\/es\/ir4-visas-2\/","title":{"rendered":"Visado IR-4"},"content":{"rendered":"<h1>Abogados especializados en visados IR-4 en Pensilvania que informan sobre las opciones de inmigraci\u00f3n para las adopciones internacionales<\/h1>\n<p>Los visados para familiares directos son una forma de que los ciudadanos estadounidenses patrocinen a sus familiares para que vengan a Estados Unidos. Esto incluye a los padres que intentan adoptar a un ni\u00f1o de un pa\u00eds extranjero. Estas situaciones pueden complicarse r\u00e1pidamente debido a las diferentes leyes y procedimientos implicados.  <\/p>\n<p>Si tu objetivo es traer a tu hijo a Estados Unidos para finalizar el proceso de adopci\u00f3n, el visado IR-4 puede ser una opci\u00f3n.<\/p>\n<p>Si necesitas ayuda para traer a tu hijo a casa antes de que se haya completado la adopci\u00f3n, el equipo jur\u00eddico <a href=\"https:\/\/www.rosinalaw.com\/es\/\">del Bufete de Rosina C. Stambaugh<\/a> puede ayudarte a determinar si re\u00fanes los requisitos para un visado IR-4. Puedes hablar <a href=\"https:\/\/www.rosinalaw.com\/es\/contacte-con-nosotros\/\">con un abogado de inmigraci\u00f3n<\/a> sobre tu situaci\u00f3n y tus objetivos y saber cu\u00e1les deben ser tus pr\u00f3ximos pasos. <\/p>\n<h2>\u00bfPara qui\u00e9n es el visado IR-4?<\/h2>\n<p>El visado IR-4 es para ni\u00f1os que est\u00e1n siendo adoptados por padres ciudadanos estadounidenses de otro pa\u00eds. Este visado permite a los padres adoptivos traer al ni\u00f1o a Estados Unidos mientras se completa el proceso de adopci\u00f3n. Adoptar de un pa\u00eds extranjero puede ser un proceso muy largo, y tener que esperar a que la adopci\u00f3n sea definitiva para traer a tu hijo a casa puede ser especialmente dif\u00edcil.  <\/p>\n<p>El visado IR-4 os permite a ti y a tu hijo empezar a formar una familia lo antes posible. No hay l\u00edmite para los visados IR-4, lo que significa que no tienes que preocuparte por estar en lista de espera para solicitarlo, y esto significa generalmente que los tiempos de espera para la tramitaci\u00f3n son m\u00e1s r\u00e1pidos que los de algunas otras opciones de visado. <\/p>\n<h2>\u00bfCu\u00e1les son los requisitos para un visado IR-4?<\/h2>\n<p>Para poder optar a un visado IR-4, el menor debe cumplir todos los criterios para la adopci\u00f3n seg\u00fan la Ley de Inmigraci\u00f3n y Nacionalidad de EE.UU. (U.S. Immigration and Nationality Act). Tambi\u00e9n debe ser menor de 21 a\u00f1os y no puede estar casado. Tambi\u00e9n existen requisitos espec\u00edficos de elegibilidad para los padres adoptivos.  <\/p>\n<p>Entre ellas se incluyen pasar la prueba de elegibilidad de la oficina del Servicio de Ciudadan\u00eda e Inmigraci\u00f3n de EE.UU., tener una direcci\u00f3n v\u00e1lida en Estados Unidos y planear traer al ni\u00f1o a Estados Unidos para que viva con ellos.<\/p>\n<p>Los padres tambi\u00e9n deben comprender que el proceso del visado IR-4 exige que los padres obtengan la tutela del menor en su pa\u00eds de origen y luego finalicen el proceso de adopci\u00f3n en Estados Unidos.<\/p>\n<p><script src=\"https:\/\/cdn.trustindex.io\/loader.js?2ee05a13300958084996603b2a4\" async=\"\" defer><\/script><br \/>\n\n      <div class=\"internal-cta-form-wrapper\">\n        <span class=\"title\">La adopci\u00f3n es algo maravilloso, pero tambi\u00e9n es un momento dif\u00edcil con muchos cambios, Consigue ayuda con el visado de tu hijo. Ponte en contacto con el bufete de Rosina C. Stambaugh para programar una consulta hoy mismo.<\/span>\n        <a href=\"https:\/\/www.rosinalaw.com\/contact-us\/\" class=\"button button-style-two\">Contact Now<\/a>\n      <\/div>\n    <\/p>\n<h2>\u00bfEs necesario un estudio domiciliario para un visado IR-4?<\/h2>\n<p>S\u00ed, un estudio del hogar forma parte de los requisitos para solicitar un visado IR-4. El estudio del hogar lo realiza la oferta del Servicio de Ciudadan\u00eda e Inmigraci\u00f3n de EE.UU. y tiene por objeto garantizar que los futuros padres adoptivos son \u00abaptos y elegibles\u00bb para adoptar a un ni\u00f1o de otro pa\u00eds. El estudio del hogar implica una entrevista con ambos progenitores y una revisi\u00f3n del hogar para asegurarse de que es un entorno adecuado para los ni\u00f1os.  <\/p>\n<p>El asistente social asignado al estudio del hogar puede hacerte preguntas sobre c\u00f3mo piensas criar al ni\u00f1o, d\u00f3nde ir\u00e1 a la escuela y c\u00f3mo tu situaci\u00f3n econ\u00f3mica puede mantener a un ni\u00f1o. El estudio del hogar tambi\u00e9n puede implicar una revisi\u00f3n de tu familia, incluidos los ni\u00f1os que ya est\u00e9n en casa. <\/p>\n<p>Es posible que el asistente social quiera entrevistar a miembros de tu familia para conocer su punto de vista sobre tu capacidad para ser padre adoptivo y averiguar si tendr\u00e1s un sistema de apoyo.<\/p>\n<h2>\u00bfSe convertir\u00e1 mi hijo autom\u00e1ticamente en ciudadano estadounidense?<\/h2>\n<p>Los ni\u00f1os a los que se concede un visado IR-4 no obtienen autom\u00e1ticamente la nacionalidad cuando vienen a Estados Unidos. El visado IR-4 les concede el estatuto de residentes legales permanentes hasta que finalice la adopci\u00f3n en Estados Unidos. <\/p>\n<p>Una vez que la adopci\u00f3n es definitiva, la mayor\u00eda de los ni\u00f1os obtienen autom\u00e1ticamente la nacionalidad, siempre que la adopci\u00f3n se produzca antes de que el ni\u00f1o cumpla 18 a\u00f1os.<\/p>\n<p>Los ni\u00f1os con visado IR-4 pueden vivir y trabajar (si son mayores de edad) mientras esperan a que se tramite la adopci\u00f3n. Sin embargo, los que quieran trabajar tendr\u00e1n que solicitar primero un documento de autorizaci\u00f3n de empleo. <\/p>\n<p>Una vez que se ha tramitado la adopci\u00f3n y tu hijo recibe el Certificado de Ciudadan\u00eda por correo, disfruta de todos los derechos y responsabilidades de los ciudadanos estadounidenses por nacimiento.<\/p>\n<h2>\u00bfCu\u00e1l es la diferencia entre un visado IR-3 e IR-4?<\/h2>\n<p>Tanto el visado IR-3 como el IR-4 son para ni\u00f1os adoptados mediante adopci\u00f3n internacional por padres que son ciudadanos estadounidenses, pero son ligeramente diferentes. Con un visado IR-3, la adopci\u00f3n ya ha finalizado en el pa\u00eds de origen del ni\u00f1o antes de que se complete la solicitud del visado. El visado IR-4 es para los ni\u00f1os que necesitan venir a Estados Unidos antes de que finalice el proceso de adopci\u00f3n.  <\/p>\n<p>Otra diferencia importante est\u00e1 en el estatuto de ciudadan\u00eda. Un ni\u00f1o con un <a href=\"https:\/\/www.rosinalaw.com\/es\/ir3-visa\/\">visado<\/a> IR-3 se convierte autom\u00e1ticamente en ciudadano estadounidense en cuanto llega al pa\u00eds, siempre que sea menor de 18 a\u00f1os. Un ni\u00f1o con un visado IR-4 es residente permanente legal cuando llega al pa\u00eds y no obtiene la nacionalidad hasta que finaliza el proceso de adopci\u00f3n.  <\/p>\n<p>Tambi\u00e9n hay diferencias en cuanto a la presencia f\u00edsica de los padres adoptivos. Un visado IR-3 requiere que al menos uno de los padres adoptivos haya visto al ni\u00f1o en su pa\u00eds de origen antes o durante el proceso de adopci\u00f3n. Esto no es necesario para un visado IR-4.  <\/p>\n<p>La adopci\u00f3n es algo maravilloso, pero tambi\u00e9n es un momento dif\u00edcil con muchos cambios, y esto se amplifica a\u00fan m\u00e1s cuando se trata de una adopci\u00f3n internacional. Si necesitas ayuda para conseguir un visado para tu hijo adoptado -o a punto de serlo-, ponte en contacto con el Bufete de Rosina C. Stambaugh en <a href=\"tel:717-900-1818\">el 717-900-1818<\/a> para hablar con un miembro de nuestro equipo y <a href=\"https:\/\/www.rosinalaw.com\/es\/contacte-con-nosotros\/\">programar tu consulta<\/a>. <\/p>\n","protected":false},"excerpt":{"rendered":"<p>Abogados especializados en visados IR-4 en Pensilvania que informan sobre las opciones de inmigraci\u00f3n para las adopciones internacionales Los visados para familiares directos son una forma de que los ciudadanos estadounidenses patrocinen a sus familiares para que vengan a Estados Unidos. Esto incluye a los padres que intentan adoptar a un ni\u00f1o de un pa\u00eds [&hellip;]<\/p>\n","protected":false},"author":21,"featured_media":9697,"parent":0,"menu_order":0,"comment_status":"closed","ping_status":"closed","template":"","meta":{"_acf_changed":false,"site-sidebar-layout":"default","site-content-layout":"","ast-site-content-layout":"default","site-content-style":"default","site-sidebar-style":"default","ast-global-header-display":"","ast-banner-title-visibility":"","ast-main-header-display":"","ast-hfb-above-header-display":"","ast-hfb-below-header-display":"","ast-hfb-mobile-header-display":"","site-post-title":"","ast-breadcrumbs-content":"","ast-featured-img":"","footer-sml-layout":"","ast-disable-related-posts":"","theme-transparent-header-meta":"default","adv-header-id-meta":"","stick-header-meta":"","header-above-stick-meta":"","header-main-stick-meta":"","header-below-stick-meta":"","astra-migrate-meta-layouts":"set","ast-page-background-enabled":"default","ast-page-background-meta":{"desktop":{"background-color":"var(--ast-global-color-4)","background-image":"","background-repeat":"repeat","background-position":"center center","background-size":"auto","background-attachment":"scroll","background-type":"","background-media":"","overlay-type":"","overlay-color":"","overlay-opacity":"","overlay-gradient":""},"tablet":{"background-color":"","background-image":"","background-repeat":"repeat","background-position":"center center","background-size":"auto","background-attachment":"scroll","background-type":"","background-media":"","overlay-type":"","overlay-color":"","overlay-opacity":"","overlay-gradient":""},"mobile":{"background-color":"","background-image":"","background-repeat":"repeat","background-position":"center center","background-size":"auto","background-attachment":"scroll","background-type":"","background-media":"","overlay-type":"","overlay-color":"","overlay-opacity":"","overlay-gradient":""}},"ast-content-background-meta":{"desktop":{"background-color":"var(--ast-global-color-5)","background-image":"","background-repeat":"repeat","background-position":"center center","background-size":"auto","background-attachment":"scroll","background-type":"","background-media":"","overlay-type":"","overlay-color":"","overlay-opacity":"","overlay-gradient":""},"tablet":{"background-color":"var(--ast-global-color-5)","background-image":"","background-repeat":"repeat","background-position":"center center","background-size":"auto","background-attachment":"scroll","background-type":"","background-media":"","overlay-type":"","overlay-color":"","overlay-opacity":"","overlay-gradient":""},"mobile":{"background-color":"var(--ast-global-color-5)","background-image":"","background-repeat":"repeat","background-position":"center center","background-size":"auto","background-attachment":"scroll","background-type":"","background-media":"","overlay-type":"","overlay-color":"","overlay-opacity":"","overlay-gradient":""}},"footnotes":""},"class_list":["post-11315","page","type-page","status-publish","has-post-thumbnail","hentry"],"acf":[],"yoast_head":"<!-- This site is optimized with the Yoast SEO plugin v27.3 - https:\/\/yoast.com\/product\/yoast-seo-wordpress\/ -->\n<title>IR-4 Visa Lawyers | Abogados de inmigraci\u00f3n de confianza | Pennsylvania<\/title>\n<meta name=\"description\" content=\"\u00bfNecesitas orientaci\u00f3n sobre los visados IR-4 para adopci\u00f3n internacional en Pensilvania? Nuestros abogados ofrecen opciones de inmigraci\u00f3n claras. Ponte en contacto con el bufete de Rosina C. Stambaugh hoy mismo.\" \/>\n<meta name=\"robots\" content=\"index, follow, max-snippet:-1, max-image-preview:large, max-video-preview:-1\" \/>\n<link rel=\"canonical\" href=\"https:\/\/www.rosinalaw.com\/es\/ir4-visas-2\/\" \/>\n<meta property=\"og:locale\" content=\"es_ES\" \/>\n<meta property=\"og:type\" content=\"article\" \/>\n<meta property=\"og:title\" content=\"IR-4 Visa Lawyers | Abogados de inmigraci\u00f3n de confianza | Pennsylvania\" \/>\n<meta property=\"og:description\" content=\"\u00bfNecesitas orientaci\u00f3n sobre los visados IR-4 para adopci\u00f3n internacional en Pensilvania? Nuestros abogados ofrecen opciones de inmigraci\u00f3n claras. Ponte en contacto con el bufete de Rosina C. Stambaugh hoy mismo.\" \/>\n<meta property=\"og:url\" content=\"https:\/\/www.rosinalaw.com\/es\/ir4-visas-2\/\" \/>\n<meta property=\"og:site_name\" content=\"The Law Office of Rosina Stambaugh\" \/>\n<meta property=\"article:publisher\" content=\"https:\/\/www.facebook.com\/rosinastambaughlaw\/\" \/>\n<meta property=\"article:modified_time\" content=\"2025-10-16T17:00:50+00:00\" \/>\n<meta property=\"og:image\" content=\"https:\/\/www.rosinalaw.com\/wp-content\/uploads\/2023\/06\/blog_fet.png\" \/>\n\t<meta property=\"og:image:width\" content=\"1100\" \/>\n\t<meta property=\"og:image:height\" content=\"590\" \/>\n\t<meta property=\"og:image:type\" content=\"image\/png\" \/>\n<meta name=\"twitter:card\" content=\"summary_large_image\" \/>\n<meta name=\"twitter:site\" content=\"@LawOffice_RCS\" \/>\n<meta name=\"twitter:label1\" content=\"Tiempo de lectura\" \/>\n\t<meta name=\"twitter:data1\" content=\"5 minutos\" \/>\n<script type=\"application\/ld+json\" class=\"yoast-schema-graph\">{\"@context\":\"https:\\\/\\\/schema.org\",\"@graph\":[{\"@type\":\"WebPage\",\"@id\":\"https:\\\/\\\/www.rosinalaw.com\\\/es\\\/ir4-visas-2\\\/\",\"url\":\"https:\\\/\\\/www.rosinalaw.com\\\/es\\\/ir4-visas-2\\\/\",\"name\":\"IR-4 Visa Lawyers | Abogados de inmigraci\u00f3n de confianza | Pennsylvania\",\"isPartOf\":{\"@id\":\"https:\\\/\\\/www.rosinalaw.com\\\/#website\"},\"primaryImageOfPage\":{\"@id\":\"https:\\\/\\\/www.rosinalaw.com\\\/es\\\/ir4-visas-2\\\/#primaryimage\"},\"image\":{\"@id\":\"https:\\\/\\\/www.rosinalaw.com\\\/es\\\/ir4-visas-2\\\/#primaryimage\"},\"thumbnailUrl\":\"https:\\\/\\\/www.rosinalaw.com\\\/wp-content\\\/uploads\\\/2023\\\/06\\\/blog_fet.png\",\"datePublished\":\"2023-10-13T11:33:22+00:00\",\"dateModified\":\"2025-10-16T17:00:50+00:00\",\"description\":\"\u00bfNecesitas orientaci\u00f3n sobre los visados IR-4 para adopci\u00f3n internacional en Pensilvania? Nuestros abogados ofrecen opciones de inmigraci\u00f3n claras. Ponte en contacto con el bufete de Rosina C. Stambaugh hoy mismo.\",\"breadcrumb\":{\"@id\":\"https:\\\/\\\/www.rosinalaw.com\\\/es\\\/ir4-visas-2\\\/#breadcrumb\"},\"inLanguage\":\"es\",\"potentialAction\":[{\"@type\":\"ReadAction\",\"target\":[\"https:\\\/\\\/www.rosinalaw.com\\\/es\\\/ir4-visas-2\\\/\"]}]},{\"@type\":\"ImageObject\",\"inLanguage\":\"es\",\"@id\":\"https:\\\/\\\/www.rosinalaw.com\\\/es\\\/ir4-visas-2\\\/#primaryimage\",\"url\":\"https:\\\/\\\/www.rosinalaw.com\\\/wp-content\\\/uploads\\\/2023\\\/06\\\/blog_fet.png\",\"contentUrl\":\"https:\\\/\\\/www.rosinalaw.com\\\/wp-content\\\/uploads\\\/2023\\\/06\\\/blog_fet.png\",\"width\":1100,\"height\":590},{\"@type\":\"BreadcrumbList\",\"@id\":\"https:\\\/\\\/www.rosinalaw.com\\\/es\\\/ir4-visas-2\\\/#breadcrumb\",\"itemListElement\":[{\"@type\":\"ListItem\",\"position\":1,\"name\":\"Inicio\",\"item\":\"https:\\\/\\\/www.rosinalaw.com\\\/es\\\/inicio\\\/\"},{\"@type\":\"ListItem\",\"position\":2,\"name\":\"Visado IR-4\"}]},{\"@type\":\"WebSite\",\"@id\":\"https:\\\/\\\/www.rosinalaw.com\\\/#website\",\"url\":\"https:\\\/\\\/www.rosinalaw.com\\\/\",\"name\":\"The Law Office of Rosina Stambaugh\",\"description\":\"\",\"publisher\":{\"@id\":\"https:\\\/\\\/www.rosinalaw.com\\\/#organization\"},\"potentialAction\":[{\"@type\":\"SearchAction\",\"target\":{\"@type\":\"EntryPoint\",\"urlTemplate\":\"https:\\\/\\\/www.rosinalaw.com\\\/?s={search_term_string}\"},\"query-input\":{\"@type\":\"PropertyValueSpecification\",\"valueRequired\":true,\"valueName\":\"search_term_string\"}}],\"inLanguage\":\"es\"},{\"@type\":\"Organization\",\"@id\":\"https:\\\/\\\/www.rosinalaw.com\\\/#organization\",\"name\":\"El bufete de Rosina Stambaugh\",\"url\":\"https:\\\/\\\/www.rosinalaw.com\\\/\",\"logo\":{\"@type\":\"ImageObject\",\"inLanguage\":\"es\",\"@id\":\"https:\\\/\\\/www.rosinalaw.com\\\/#\\\/schema\\\/logo\\\/image\\\/\",\"url\":\"https:\\\/\\\/www.rosinalaw.com\\\/wp-content\\\/uploads\\\/2023\\\/06\\\/logo-header.png\",\"contentUrl\":\"https:\\\/\\\/www.rosinalaw.com\\\/wp-content\\\/uploads\\\/2023\\\/06\\\/logo-header.png\",\"width\":540,\"height\":80,\"caption\":\"El bufete de Rosina Stambaugh\"},\"image\":{\"@id\":\"https:\\\/\\\/www.rosinalaw.com\\\/#\\\/schema\\\/logo\\\/image\\\/\"},\"sameAs\":[\"https:\\\/\\\/www.facebook.com\\\/rosinastambaughlaw\\\/\",\"https:\\\/\\\/x.com\\\/LawOffice_RCS\"]}]}<\/script>\n<!-- \/ Yoast SEO plugin. -->","yoast_head_json":{"title":"IR-4 Visa Lawyers | Abogados de inmigraci\u00f3n de confianza | Pennsylvania","description":"\u00bfNecesitas orientaci\u00f3n sobre los visados IR-4 para adopci\u00f3n internacional en Pensilvania? Nuestros abogados ofrecen opciones de inmigraci\u00f3n claras. Ponte en contacto con el bufete de Rosina C. Stambaugh hoy mismo.","robots":{"index":"index","follow":"follow","max-snippet":"max-snippet:-1","max-image-preview":"max-image-preview:large","max-video-preview":"max-video-preview:-1"},"canonical":"https:\/\/www.rosinalaw.com\/es\/ir4-visas-2\/","og_locale":"es_ES","og_type":"article","og_title":"IR-4 Visa Lawyers | Abogados de inmigraci\u00f3n de confianza | Pennsylvania","og_description":"\u00bfNecesitas orientaci\u00f3n sobre los visados IR-4 para adopci\u00f3n internacional en Pensilvania? Nuestros abogados ofrecen opciones de inmigraci\u00f3n claras. Ponte en contacto con el bufete de Rosina C. Stambaugh hoy mismo.","og_url":"https:\/\/www.rosinalaw.com\/es\/ir4-visas-2\/","og_site_name":"The Law Office of Rosina Stambaugh","article_publisher":"https:\/\/www.facebook.com\/rosinastambaughlaw\/","article_modified_time":"2025-10-16T17:00:50+00:00","og_image":[{"width":1100,"height":590,"url":"https:\/\/www.rosinalaw.com\/wp-content\/uploads\/2023\/06\/blog_fet.png","type":"image\/png"}],"twitter_card":"summary_large_image","twitter_site":"@LawOffice_RCS","twitter_misc":{"Tiempo de lectura":"5 minutos"},"schema":{"@context":"https:\/\/schema.org","@graph":[{"@type":"WebPage","@id":"https:\/\/www.rosinalaw.com\/es\/ir4-visas-2\/","url":"https:\/\/www.rosinalaw.com\/es\/ir4-visas-2\/","name":"IR-4 Visa Lawyers | Abogados de inmigraci\u00f3n de confianza | Pennsylvania","isPartOf":{"@id":"https:\/\/www.rosinalaw.com\/#website"},"primaryImageOfPage":{"@id":"https:\/\/www.rosinalaw.com\/es\/ir4-visas-2\/#primaryimage"},"image":{"@id":"https:\/\/www.rosinalaw.com\/es\/ir4-visas-2\/#primaryimage"},"thumbnailUrl":"https:\/\/www.rosinalaw.com\/wp-content\/uploads\/2023\/06\/blog_fet.png","datePublished":"2023-10-13T11:33:22+00:00","dateModified":"2025-10-16T17:00:50+00:00","description":"\u00bfNecesitas orientaci\u00f3n sobre los visados IR-4 para adopci\u00f3n internacional en Pensilvania? Nuestros abogados ofrecen opciones de inmigraci\u00f3n claras. Ponte en contacto con el bufete de Rosina C. Stambaugh hoy mismo.","breadcrumb":{"@id":"https:\/\/www.rosinalaw.com\/es\/ir4-visas-2\/#breadcrumb"},"inLanguage":"es","potentialAction":[{"@type":"ReadAction","target":["https:\/\/www.rosinalaw.com\/es\/ir4-visas-2\/"]}]},{"@type":"ImageObject","inLanguage":"es","@id":"https:\/\/www.rosinalaw.com\/es\/ir4-visas-2\/#primaryimage","url":"https:\/\/www.rosinalaw.com\/wp-content\/uploads\/2023\/06\/blog_fet.png","contentUrl":"https:\/\/www.rosinalaw.com\/wp-content\/uploads\/2023\/06\/blog_fet.png","width":1100,"height":590},{"@type":"BreadcrumbList","@id":"https:\/\/www.rosinalaw.com\/es\/ir4-visas-2\/#breadcrumb","itemListElement":[{"@type":"ListItem","position":1,"name":"Inicio","item":"https:\/\/www.rosinalaw.com\/es\/inicio\/"},{"@type":"ListItem","position":2,"name":"Visado IR-4"}]},{"@type":"WebSite","@id":"https:\/\/www.rosinalaw.com\/#website","url":"https:\/\/www.rosinalaw.com\/","name":"The Law Office of Rosina Stambaugh","description":"","publisher":{"@id":"https:\/\/www.rosinalaw.com\/#organization"},"potentialAction":[{"@type":"SearchAction","target":{"@type":"EntryPoint","urlTemplate":"https:\/\/www.rosinalaw.com\/?s={search_term_string}"},"query-input":{"@type":"PropertyValueSpecification","valueRequired":true,"valueName":"search_term_string"}}],"inLanguage":"es"},{"@type":"Organization","@id":"https:\/\/www.rosinalaw.com\/#organization","name":"El bufete de Rosina Stambaugh","url":"https:\/\/www.rosinalaw.com\/","logo":{"@type":"ImageObject","inLanguage":"es","@id":"https:\/\/www.rosinalaw.com\/#\/schema\/logo\/image\/","url":"https:\/\/www.rosinalaw.com\/wp-content\/uploads\/2023\/06\/logo-header.png","contentUrl":"https:\/\/www.rosinalaw.com\/wp-content\/uploads\/2023\/06\/logo-header.png","width":540,"height":80,"caption":"El bufete de Rosina Stambaugh"},"image":{"@id":"https:\/\/www.rosinalaw.com\/#\/schema\/logo\/image\/"},"sameAs":["https:\/\/www.facebook.com\/rosinastambaughlaw\/","https:\/\/x.com\/LawOffice_RCS"]}]}},"_links":{"self":[{"href":"https:\/\/www.rosinalaw.com\/es\/wp-json\/wp\/v2\/pages\/11315","targetHints":{"allow":["GET"]}}],"collection":[{"href":"https:\/\/www.rosinalaw.com\/es\/wp-json\/wp\/v2\/pages"}],"about":[{"href":"https:\/\/www.rosinalaw.com\/es\/wp-json\/wp\/v2\/types\/page"}],"author":[{"embeddable":true,"href":"https:\/\/www.rosinalaw.com\/es\/wp-json\/wp\/v2\/users\/21"}],"replies":[{"embeddable":true,"href":"https:\/\/www.rosinalaw.com\/es\/wp-json\/wp\/v2\/comments?post=11315"}],"version-history":[{"count":0,"href":"https:\/\/www.rosinalaw.com\/es\/wp-json\/wp\/v2\/pages\/11315\/revisions"}],"wp:featuredmedia":[{"embeddable":true,"href":"https:\/\/www.rosinalaw.com\/es\/wp-json\/wp\/v2\/media\/9697"}],"wp:attachment":[{"href":"https:\/\/www.rosinalaw.com\/es\/wp-json\/wp\/v2\/media?parent=11315"}],"curies":[{"name":"wp","href":"https:\/\/api.w.org\/{rel}","templated":true}]}}