{"id":11319,"date":"2023-11-21T17:23:17","date_gmt":"2023-11-21T17:23:17","guid":{"rendered":"https:\/\/rosinalaw.wpenginepowered.com\/visado-i-r1\/"},"modified":"2025-10-16T17:00:55","modified_gmt":"2025-10-16T17:00:55","slug":"visado-i-r1","status":"publish","type":"page","link":"https:\/\/www.rosinalaw.com\/es\/visado-i-r1\/","title":{"rendered":"Visado I-R1"},"content":{"rendered":"<h1>Abogados de visados I-R1 en Pensilvania<\/h1>\n<h2>Ayudar a los c\u00f3nyuges a obtener la residencia<\/h2>\n<p>Si t\u00fa y tu c\u00f3nyuge os casasteis en otro pa\u00eds pero dese\u00e1is vivir y trabajar en Estados Unidos, el c\u00f3nyuge que no sea ciudadano estadounidense tendr\u00e1 que obtener un visado. El visado I-R1, tambi\u00e9n conocido como visado conyugal, es una v\u00eda para obtener la ciudadan\u00eda estadounidense y la tarjeta verde. Solicitar correctamente el visado I-R1 es esencial, ya que cualquier error en tu solicitud podr\u00eda retrasar el proceso o incluso dar lugar a una denegaci\u00f3n.  <\/p>\n<p>En el Bufete de Rosina C. Stambaugh, nuestro equipo tiene a\u00f1os de experiencia ayudando a parejas a obtener un visado I-R1 para vivir y trabajar en Estados Unidos. Podemos guiarte a trav\u00e9s del proceso de obtenci\u00f3n del visado y ayudarte a rellenar la solicitud para evitar retrasos. Si tienes alguna pregunta o quieres m\u00e1s informaci\u00f3n sobre nuestros servicios, llama hoy mismo al 717-900-1818.  <\/p>\n<h2>\u00bfCu\u00e1les son los requisitos para un visado I-R1?<\/h2>\n<p>Afortunadamente, no hay l\u00edmites en el n\u00famero de solicitudes de visado I-R1 que Estados Unidos aprueba cada a\u00f1o. Sin embargo, la persona que lo solicita debe cumplir ciertos requisitos para su aprobaci\u00f3n. <\/p>\n<ul>\n<li>Si solicitas un visado I-R1, debes cumplir los siguientes criterios:<\/li>\n<li>Est\u00e1s legalmente casado<\/li>\n<li>Tu c\u00f3nyuge es ciudadano de Estados Unidos<\/li>\n<li>Llevas casado dos a\u00f1os o m\u00e1s<\/li>\n<\/ul>\n<p>Para demostrar la duraci\u00f3n de tu matrimonio, debes aportar un certificado de matrimonio v\u00e1lido, firmado y fechado. Tambi\u00e9n puedes aportar fotograf\u00edas u otra documentaci\u00f3n de la propia boda. Estos documentos se incluir\u00e1n en la solicitud que presentes, ya que ayudan a demostrar que tus esfuerzos son leg\u00edtimos y no s\u00f3lo una forma de obtener la tarjeta verde.  <\/p>\n<h2>\u00bfCu\u00e1l es el proceso de solicitud de un visado I-R1?<\/h2>\n<p>Cada solicitante puede tener un proceso de visado ligeramente diferente. Sin embargo, hay ciertos pasos que debes completar antes de que se apruebe tu visado. <\/p>\n<p>En general, el proceso del visado I-R1 incluye los siguientes pasos:<\/p>\n<ul>\n<li>Presentar una petici\u00f3n al Departamento de Seguridad Nacional<\/li>\n<li>Solicitar el visado I-R1 en la Embajada de Estados Unidos<\/li>\n<li>Presentaci\u00f3n electr\u00f3nica del formulario DS-260<\/li>\n<li>Pasar un reconocimiento m\u00e9dico y recibir las vacunas necesarias<\/li>\n<li>Reunir todos los documentos necesarios<\/li>\n<li>Entrevista con el Servicio de Ciudadan\u00eda e Inmigraci\u00f3n de Estados Unidos<\/li>\n<li>Viajar a Estados Unidos una vez aprobado tu visado<\/li>\n<\/ul>\n<p>Cada parte del proceso de solicitud de visado es esencial. Saltarse pasos o hacerlos incorrectamente podr\u00eda dar lugar a la denegaci\u00f3n de tu solicitud. Si tienes alguna duda, ponte en contacto con nuestro equipo hoy mismo para recibir ayuda.  <\/p>\n<h2>\u00bfC\u00f3mo es la entrevista para el visado?<\/h2>\n<p>A muchos solicitantes les preocupa el proceso de la entrevista para el visado. Aprender m\u00e1s sobre lo que implica la entrevista puede ayudarte a prepararte y a practicar tus respuestas con antelaci\u00f3n. <\/p>\n<p>Durante la entrevista, el entrevistador te har\u00e1 preguntas sobre tu solicitud y tus circunstancias. Estas preguntas pueden referirse a tu c\u00f3nyuge, tu relaci\u00f3n, tu familia y la familia de tu c\u00f3nyuge. <\/p>\n<p>Las preguntas durante la entrevista para el visado I-R1 pueden incluir:<\/p>\n<ul>\n<li>\u00bfC\u00f3mo os conocisteis t\u00fa y tu c\u00f3nyuge?<\/li>\n<li>\u00bfCu\u00e1ndo os comprometisteis t\u00fa y tu c\u00f3nyuge?<\/li>\n<li>\u00bfD\u00f3nde se celebr\u00f3 la ceremonia de tu boda?<\/li>\n<li>\u00bfTiene tu c\u00f3nyuge sobrinos?<\/li>\n<li>\u00bfC\u00f3mo se llama la madre de tu c\u00f3nyuge?<\/li>\n<li>\u00bfTu c\u00f3nyuge y t\u00fa pas\u00e1is mucho tiempo juntos?<\/li>\n<li>\u00bfC\u00f3mo conociste a los padres de tu c\u00f3nyuge?<\/li>\n<\/ul>\n<p>El entrevistador que haga las preguntas intentar\u00e1 validar la relaci\u00f3n y asegurarse de que es leg\u00edtima. A tu c\u00f3nyuge se le har\u00e1 la misma serie de preguntas, y sus respuestas deben coincidir en general con las tuyas. Si el entrevistador est\u00e1 satisfecho con la situaci\u00f3n de tu relaci\u00f3n, el proceso de solicitud de visado puede continuar.  <\/p>\n<h2>\u00bfCu\u00e1nto dura el proceso del visado I-R1?<\/h2>\n<p>Como no hay l\u00edmites para el n\u00famero de solicitudes de visado I-R1 que se aprueban en un a\u00f1o, el proceso de solicitud suele ser mucho m\u00e1s r\u00e1pido que el de otras solicitudes de tarjeta verde. La mayor\u00eda de las parejas obtienen la aprobaci\u00f3n del visado I-R1 en diez meses, pero algunas pueden conseguirla en tan s\u00f3lo ocho meses. Contar con un abogado de inmigraci\u00f3n profesional de tu lado es la mejor forma de acelerar el proceso y garantizar que tu solicitud sea completa y precisa.  <\/p>\n<h2>\u00bfEn qu\u00e9 se diferencia un visado I-R1 de un visado C-R1?<\/h2>\n<p>El visado C-R1 es similar al visado I-R1. Ambos visados se asignan a extranjeros casados con ciudadanos estadounidenses que desean vivir y trabajar permanentemente en Estados Unidos. La principal diferencia es la duraci\u00f3n del matrimonio. El visado I-R1 es para parejas casadas durante m\u00e1s de dos a\u00f1os, mientras que el visado C-R1 es para parejas casadas durante menos de dos a\u00f1os. El visado I-R1 tambi\u00e9n es v\u00e1lido durante diez a\u00f1os, mientras que el visado C-R1 s\u00f3lo es v\u00e1lido durante dos a\u00f1os.    <\/p>\n<h2>\u00bfPuede un titular de un visado I-R1 obtener la Tarjeta Verde?<\/h2>\n<p>Si tienes previsto permanecer en Estados Unidos m\u00e1s de diez a\u00f1os, debes solicitar la tarjeta verde. Los titulares de un visado I-R1 pueden solicitar la tarjeta verde rellenando el formulario I-485, la Solicitud de Registro o Ajuste de Estatus. Una vez enviado el formulario al USCIS, el tiempo de tramitaci\u00f3n puede durar varios meses. Una vez aprobada la solicitud, el titular de un visado I-R1 puede obtener su tarjeta verde.   <\/p>\n<h2>\u00bfNecesito un abogado de inmigraci\u00f3n?<\/h2>\n<p>El visado I-R1 es una excelente oportunidad para los c\u00f3nyuges que desean trabajar y vivir en Estados Unidos. Como el proceso del visado I-R1 es tan extenso, rellenar la solicitud correctamente y responder a todas las preguntas de la entrevista lo mejor posible es esencial. Un equipo jur\u00eddico profesional con a\u00f1os de experiencia en el campo de la inmigraci\u00f3n puede ayudarte y garantizar que tu solicitud se desarrolle sin problemas.  <\/p>\n<p>Si t\u00fa o tu c\u00f3nyuge vais a solicitar el visado I-R1, no dejes tu solicitud al azar. Ponte en contacto con el Bufete de Rosina C. Stambaugh para obtener asistencia jur\u00eddica experimentada. Para m\u00e1s informaci\u00f3n, ponte en contacto con nosotros hoy mismo en el 717-900-1818.  <\/p>\n","protected":false},"excerpt":{"rendered":"<p>Abogados de visados I-R1 en Pensilvania Ayudar a los c\u00f3nyuges a obtener la residencia Si t\u00fa y tu c\u00f3nyuge os casasteis en otro pa\u00eds pero dese\u00e1is vivir y trabajar en Estados Unidos, el c\u00f3nyuge que no sea ciudadano estadounidense tendr\u00e1 que obtener un visado. El visado I-R1, tambi\u00e9n conocido como visado conyugal, es una v\u00eda [&hellip;]<\/p>\n","protected":false},"author":27,"featured_media":9697,"parent":0,"menu_order":0,"comment_status":"closed","ping_status":"closed","template":"","meta":{"_acf_changed":false,"site-sidebar-layout":"default","site-content-layout":"","ast-site-content-layout":"default","site-content-style":"default","site-sidebar-style":"default","ast-global-header-display":"","ast-banner-title-visibility":"","ast-main-header-display":"","ast-hfb-above-header-display":"","ast-hfb-below-header-display":"","ast-hfb-mobile-header-display":"","site-post-title":"","ast-breadcrumbs-content":"","ast-featured-img":"","footer-sml-layout":"","ast-disable-related-posts":"","theme-transparent-header-meta":"default","adv-header-id-meta":"","stick-header-meta":"","header-above-stick-meta":"","header-main-stick-meta":"","header-below-stick-meta":"","astra-migrate-meta-layouts":"default","ast-page-background-enabled":"default","ast-page-background-meta":{"desktop":{"background-color":"var(--ast-global-color-4)","background-image":"","background-repeat":"repeat","background-position":"center center","background-size":"auto","background-attachment":"scroll","background-type":"","background-media":"","overlay-type":"","overlay-color":"","overlay-opacity":"","overlay-gradient":""},"tablet":{"background-color":"","background-image":"","background-repeat":"repeat","background-position":"center center","background-size":"auto","background-attachment":"scroll","background-type":"","background-media":"","overlay-type":"","overlay-color":"","overlay-opacity":"","overlay-gradient":""},"mobile":{"background-color":"","background-image":"","background-repeat":"repeat","background-position":"center center","background-size":"auto","background-attachment":"scroll","background-type":"","background-media":"","overlay-type":"","overlay-color":"","overlay-opacity":"","overlay-gradient":""}},"ast-content-background-meta":{"desktop":{"background-color":"var(--ast-global-color-5)","background-image":"","background-repeat":"repeat","background-position":"center center","background-size":"auto","background-attachment":"scroll","background-type":"","background-media":"","overlay-type":"","overlay-color":"","overlay-opacity":"","overlay-gradient":""},"tablet":{"background-color":"var(--ast-global-color-5)","background-image":"","background-repeat":"repeat","background-position":"center center","background-size":"auto","background-attachment":"scroll","background-type":"","background-media":"","overlay-type":"","overlay-color":"","overlay-opacity":"","overlay-gradient":""},"mobile":{"background-color":"var(--ast-global-color-5)","background-image":"","background-repeat":"repeat","background-position":"center center","background-size":"auto","background-attachment":"scroll","background-type":"","background-media":"","overlay-type":"","overlay-color":"","overlay-opacity":"","overlay-gradient":""}},"footnotes":""},"class_list":["post-11319","page","type-page","status-publish","has-post-thumbnail","hentry"],"acf":[],"yoast_head":"<!-- This site is optimized with the Yoast SEO plugin v27.3 - https:\/\/yoast.com\/product\/yoast-seo-wordpress\/ -->\n<title>Abogados de visados I-R1 en Pensilvania<\/title>\n<meta name=\"description\" content=\"\u00bfBuscas un visado I-R1 en Pensilvania? Deja que nuestros abogados expertos te presten asistencia jur\u00eddica.\" \/>\n<meta name=\"robots\" content=\"index, follow, max-snippet:-1, max-image-preview:large, max-video-preview:-1\" \/>\n<link rel=\"canonical\" href=\"https:\/\/www.rosinalaw.com\/es\/visado-i-r1\/\" \/>\n<meta property=\"og:locale\" content=\"es_ES\" \/>\n<meta property=\"og:type\" content=\"article\" \/>\n<meta property=\"og:title\" content=\"Abogados de visados I-R1 en Pensilvania\" \/>\n<meta property=\"og:description\" content=\"\u00bfBuscas un visado I-R1 en Pensilvania? Deja que nuestros abogados expertos te presten asistencia jur\u00eddica.\" \/>\n<meta property=\"og:url\" content=\"https:\/\/www.rosinalaw.com\/es\/visado-i-r1\/\" \/>\n<meta property=\"og:site_name\" content=\"The Law Office of Rosina Stambaugh\" \/>\n<meta property=\"article:publisher\" content=\"https:\/\/www.facebook.com\/rosinastambaughlaw\/\" \/>\n<meta property=\"article:modified_time\" content=\"2025-10-16T17:00:55+00:00\" \/>\n<meta property=\"og:image\" content=\"https:\/\/www.rosinalaw.com\/wp-content\/uploads\/2023\/06\/blog_fet.png\" \/>\n\t<meta property=\"og:image:width\" content=\"1100\" \/>\n\t<meta property=\"og:image:height\" content=\"590\" \/>\n\t<meta property=\"og:image:type\" content=\"image\/png\" \/>\n<meta name=\"twitter:card\" content=\"summary_large_image\" \/>\n<meta name=\"twitter:site\" content=\"@LawOffice_RCS\" \/>\n<meta name=\"twitter:label1\" content=\"Tiempo de lectura\" \/>\n\t<meta name=\"twitter:data1\" content=\"5 minutos\" \/>\n<script type=\"application\/ld+json\" class=\"yoast-schema-graph\">{\"@context\":\"https:\\\/\\\/schema.org\",\"@graph\":[{\"@type\":\"WebPage\",\"@id\":\"https:\\\/\\\/www.rosinalaw.com\\\/es\\\/visado-i-r1\\\/\",\"url\":\"https:\\\/\\\/www.rosinalaw.com\\\/es\\\/visado-i-r1\\\/\",\"name\":\"Abogados de visados I-R1 en Pensilvania\",\"isPartOf\":{\"@id\":\"https:\\\/\\\/www.rosinalaw.com\\\/#website\"},\"primaryImageOfPage\":{\"@id\":\"https:\\\/\\\/www.rosinalaw.com\\\/es\\\/visado-i-r1\\\/#primaryimage\"},\"image\":{\"@id\":\"https:\\\/\\\/www.rosinalaw.com\\\/es\\\/visado-i-r1\\\/#primaryimage\"},\"thumbnailUrl\":\"https:\\\/\\\/www.rosinalaw.com\\\/wp-content\\\/uploads\\\/2023\\\/06\\\/blog_fet.png\",\"datePublished\":\"2023-11-21T17:23:17+00:00\",\"dateModified\":\"2025-10-16T17:00:55+00:00\",\"description\":\"\u00bfBuscas un visado I-R1 en Pensilvania? Deja que nuestros abogados expertos te presten asistencia jur\u00eddica.\",\"breadcrumb\":{\"@id\":\"https:\\\/\\\/www.rosinalaw.com\\\/es\\\/visado-i-r1\\\/#breadcrumb\"},\"inLanguage\":\"es\",\"potentialAction\":[{\"@type\":\"ReadAction\",\"target\":[\"https:\\\/\\\/www.rosinalaw.com\\\/es\\\/visado-i-r1\\\/\"]}]},{\"@type\":\"ImageObject\",\"inLanguage\":\"es\",\"@id\":\"https:\\\/\\\/www.rosinalaw.com\\\/es\\\/visado-i-r1\\\/#primaryimage\",\"url\":\"https:\\\/\\\/www.rosinalaw.com\\\/wp-content\\\/uploads\\\/2023\\\/06\\\/blog_fet.png\",\"contentUrl\":\"https:\\\/\\\/www.rosinalaw.com\\\/wp-content\\\/uploads\\\/2023\\\/06\\\/blog_fet.png\",\"width\":1100,\"height\":590},{\"@type\":\"BreadcrumbList\",\"@id\":\"https:\\\/\\\/www.rosinalaw.com\\\/es\\\/visado-i-r1\\\/#breadcrumb\",\"itemListElement\":[{\"@type\":\"ListItem\",\"position\":1,\"name\":\"Inicio\",\"item\":\"https:\\\/\\\/www.rosinalaw.com\\\/es\\\/inicio\\\/\"},{\"@type\":\"ListItem\",\"position\":2,\"name\":\"Visado I-R1\"}]},{\"@type\":\"WebSite\",\"@id\":\"https:\\\/\\\/www.rosinalaw.com\\\/#website\",\"url\":\"https:\\\/\\\/www.rosinalaw.com\\\/\",\"name\":\"The Law Office of Rosina Stambaugh\",\"description\":\"\",\"publisher\":{\"@id\":\"https:\\\/\\\/www.rosinalaw.com\\\/#organization\"},\"potentialAction\":[{\"@type\":\"SearchAction\",\"target\":{\"@type\":\"EntryPoint\",\"urlTemplate\":\"https:\\\/\\\/www.rosinalaw.com\\\/?s={search_term_string}\"},\"query-input\":{\"@type\":\"PropertyValueSpecification\",\"valueRequired\":true,\"valueName\":\"search_term_string\"}}],\"inLanguage\":\"es\"},{\"@type\":\"Organization\",\"@id\":\"https:\\\/\\\/www.rosinalaw.com\\\/#organization\",\"name\":\"El bufete de Rosina Stambaugh\",\"url\":\"https:\\\/\\\/www.rosinalaw.com\\\/\",\"logo\":{\"@type\":\"ImageObject\",\"inLanguage\":\"es\",\"@id\":\"https:\\\/\\\/www.rosinalaw.com\\\/#\\\/schema\\\/logo\\\/image\\\/\",\"url\":\"https:\\\/\\\/www.rosinalaw.com\\\/wp-content\\\/uploads\\\/2023\\\/06\\\/logo-header.png\",\"contentUrl\":\"https:\\\/\\\/www.rosinalaw.com\\\/wp-content\\\/uploads\\\/2023\\\/06\\\/logo-header.png\",\"width\":540,\"height\":80,\"caption\":\"El bufete de Rosina Stambaugh\"},\"image\":{\"@id\":\"https:\\\/\\\/www.rosinalaw.com\\\/#\\\/schema\\\/logo\\\/image\\\/\"},\"sameAs\":[\"https:\\\/\\\/www.facebook.com\\\/rosinastambaughlaw\\\/\",\"https:\\\/\\\/x.com\\\/LawOffice_RCS\"]}]}<\/script>\n<!-- \/ Yoast SEO plugin. -->","yoast_head_json":{"title":"Abogados de visados I-R1 en Pensilvania","description":"\u00bfBuscas un visado I-R1 en Pensilvania? Deja que nuestros abogados expertos te presten asistencia jur\u00eddica.","robots":{"index":"index","follow":"follow","max-snippet":"max-snippet:-1","max-image-preview":"max-image-preview:large","max-video-preview":"max-video-preview:-1"},"canonical":"https:\/\/www.rosinalaw.com\/es\/visado-i-r1\/","og_locale":"es_ES","og_type":"article","og_title":"Abogados de visados I-R1 en Pensilvania","og_description":"\u00bfBuscas un visado I-R1 en Pensilvania? Deja que nuestros abogados expertos te presten asistencia jur\u00eddica.","og_url":"https:\/\/www.rosinalaw.com\/es\/visado-i-r1\/","og_site_name":"The Law Office of Rosina Stambaugh","article_publisher":"https:\/\/www.facebook.com\/rosinastambaughlaw\/","article_modified_time":"2025-10-16T17:00:55+00:00","og_image":[{"width":1100,"height":590,"url":"https:\/\/www.rosinalaw.com\/wp-content\/uploads\/2023\/06\/blog_fet.png","type":"image\/png"}],"twitter_card":"summary_large_image","twitter_site":"@LawOffice_RCS","twitter_misc":{"Tiempo de lectura":"5 minutos"},"schema":{"@context":"https:\/\/schema.org","@graph":[{"@type":"WebPage","@id":"https:\/\/www.rosinalaw.com\/es\/visado-i-r1\/","url":"https:\/\/www.rosinalaw.com\/es\/visado-i-r1\/","name":"Abogados de visados I-R1 en Pensilvania","isPartOf":{"@id":"https:\/\/www.rosinalaw.com\/#website"},"primaryImageOfPage":{"@id":"https:\/\/www.rosinalaw.com\/es\/visado-i-r1\/#primaryimage"},"image":{"@id":"https:\/\/www.rosinalaw.com\/es\/visado-i-r1\/#primaryimage"},"thumbnailUrl":"https:\/\/www.rosinalaw.com\/wp-content\/uploads\/2023\/06\/blog_fet.png","datePublished":"2023-11-21T17:23:17+00:00","dateModified":"2025-10-16T17:00:55+00:00","description":"\u00bfBuscas un visado I-R1 en Pensilvania? Deja que nuestros abogados expertos te presten asistencia jur\u00eddica.","breadcrumb":{"@id":"https:\/\/www.rosinalaw.com\/es\/visado-i-r1\/#breadcrumb"},"inLanguage":"es","potentialAction":[{"@type":"ReadAction","target":["https:\/\/www.rosinalaw.com\/es\/visado-i-r1\/"]}]},{"@type":"ImageObject","inLanguage":"es","@id":"https:\/\/www.rosinalaw.com\/es\/visado-i-r1\/#primaryimage","url":"https:\/\/www.rosinalaw.com\/wp-content\/uploads\/2023\/06\/blog_fet.png","contentUrl":"https:\/\/www.rosinalaw.com\/wp-content\/uploads\/2023\/06\/blog_fet.png","width":1100,"height":590},{"@type":"BreadcrumbList","@id":"https:\/\/www.rosinalaw.com\/es\/visado-i-r1\/#breadcrumb","itemListElement":[{"@type":"ListItem","position":1,"name":"Inicio","item":"https:\/\/www.rosinalaw.com\/es\/inicio\/"},{"@type":"ListItem","position":2,"name":"Visado I-R1"}]},{"@type":"WebSite","@id":"https:\/\/www.rosinalaw.com\/#website","url":"https:\/\/www.rosinalaw.com\/","name":"The Law Office of Rosina Stambaugh","description":"","publisher":{"@id":"https:\/\/www.rosinalaw.com\/#organization"},"potentialAction":[{"@type":"SearchAction","target":{"@type":"EntryPoint","urlTemplate":"https:\/\/www.rosinalaw.com\/?s={search_term_string}"},"query-input":{"@type":"PropertyValueSpecification","valueRequired":true,"valueName":"search_term_string"}}],"inLanguage":"es"},{"@type":"Organization","@id":"https:\/\/www.rosinalaw.com\/#organization","name":"El bufete de Rosina Stambaugh","url":"https:\/\/www.rosinalaw.com\/","logo":{"@type":"ImageObject","inLanguage":"es","@id":"https:\/\/www.rosinalaw.com\/#\/schema\/logo\/image\/","url":"https:\/\/www.rosinalaw.com\/wp-content\/uploads\/2023\/06\/logo-header.png","contentUrl":"https:\/\/www.rosinalaw.com\/wp-content\/uploads\/2023\/06\/logo-header.png","width":540,"height":80,"caption":"El bufete de Rosina Stambaugh"},"image":{"@id":"https:\/\/www.rosinalaw.com\/#\/schema\/logo\/image\/"},"sameAs":["https:\/\/www.facebook.com\/rosinastambaughlaw\/","https:\/\/x.com\/LawOffice_RCS"]}]}},"_links":{"self":[{"href":"https:\/\/www.rosinalaw.com\/es\/wp-json\/wp\/v2\/pages\/11319","targetHints":{"allow":["GET"]}}],"collection":[{"href":"https:\/\/www.rosinalaw.com\/es\/wp-json\/wp\/v2\/pages"}],"about":[{"href":"https:\/\/www.rosinalaw.com\/es\/wp-json\/wp\/v2\/types\/page"}],"author":[{"embeddable":true,"href":"https:\/\/www.rosinalaw.com\/es\/wp-json\/wp\/v2\/users\/27"}],"replies":[{"embeddable":true,"href":"https:\/\/www.rosinalaw.com\/es\/wp-json\/wp\/v2\/comments?post=11319"}],"version-history":[{"count":0,"href":"https:\/\/www.rosinalaw.com\/es\/wp-json\/wp\/v2\/pages\/11319\/revisions"}],"wp:featuredmedia":[{"embeddable":true,"href":"https:\/\/www.rosinalaw.com\/es\/wp-json\/wp\/v2\/media\/9697"}],"wp:attachment":[{"href":"https:\/\/www.rosinalaw.com\/es\/wp-json\/wp\/v2\/media?parent=11319"}],"curies":[{"name":"wp","href":"https:\/\/api.w.org\/{rel}","templated":true}]}}