{"id":11323,"date":"2023-10-13T11:36:48","date_gmt":"2023-10-13T11:36:48","guid":{"rendered":"https:\/\/rosinalaw.wpenginepowered.com\/visado-i-r5\/"},"modified":"2025-10-16T17:00:51","modified_gmt":"2025-10-16T17:00:51","slug":"ir5-visas-2","status":"publish","type":"page","link":"https:\/\/www.rosinalaw.com\/es\/ir5-visas-2\/","title":{"rendered":"Visado I-R5"},"content":{"rendered":"<h1>Abogados especializados en visados I-R5 en Pensilvania gu\u00edan a los clientes en el proceso de apadrinamiento de los padres<\/h1>\n<p>Para muchas personas, <a href=\"https:\/\/www.rosinalaw.com\/es\/inmigracion-familiar\/\">los miembros de su familia<\/a> son algunas de las personas m\u00e1s importantes de su vida, y puede ser incre\u00edblemente dif\u00edcil separarse de aquellos a quienes aprecias. Para los ciudadanos estadounidenses que actualmente tienen padres en otro pa\u00eds, puede ser posible patrocinarlos para la inmigraci\u00f3n mediante el visado IR-5. <\/p>\n<p>El visado IR-5 es una forma de unir a tu familia y poder pasar m\u00e1s tiempo con tus seres queridos. Pero tambi\u00e9n es un proceso de inmigraci\u00f3n complicado que requiere un conocimiento profundo de las <g id=\"gid_0\">leyes de inmigraci\u00f3n<\/g> estadounidenses para tener las mayores posibilidades de \u00e9xito. Habla con el <a href=\"https:\/\/www.rosinalaw.com\/es\/quienes-somos\/personal\/\">equipo jur\u00eddico<\/a> del Bufete de Rosina C. Stambaugh para obtener m\u00e1s informaci\u00f3n sobre c\u00f3mo puede ayudarte nuestro bufete en el proceso del visado IR-5.  <\/p>\n<h2>\u00bfQu\u00e9 es el visado IR-5?<\/h2>\n<p><img decoding=\"async\" class=\"wp-image-11685 alignright\" src=\"https:\/\/www.rosinalaw.com\/wp-content\/uploads\/2024\/11\/IR5-visa-min.png\" alt=\"Abogado del visado IR5\" width=\"293\" height=\"293\" srcset=\"https:\/\/www.rosinalaw.com\/wp-content\/uploads\/2024\/11\/IR5-visa-min.png 1080w, https:\/\/www.rosinalaw.com\/wp-content\/uploads\/2024\/11\/IR5-visa-min-300x300.png 300w, https:\/\/www.rosinalaw.com\/wp-content\/uploads\/2024\/11\/IR5-visa-min-1024x1024.png 1024w, https:\/\/www.rosinalaw.com\/wp-content\/uploads\/2024\/11\/IR5-visa-min-150x150.png 150w, https:\/\/www.rosinalaw.com\/wp-content\/uploads\/2024\/11\/IR5-visa-min-768x768.png 768w, https:\/\/www.rosinalaw.com\/wp-content\/uploads\/2024\/11\/IR5-visa-min-125x125.png 125w, https:\/\/www.rosinalaw.com\/wp-content\/uploads\/2024\/11\/IR5-visa-min-75x75.png 75w\" sizes=\"(max-width: 293px) 100vw, 293px\" \/><\/p>\n<p>El visado IR-5 es un visado de la categor\u00eda de visados para familiares directos que permite a los ciudadanos estadounidenses patrocinar a sus padres para que vengan a Estados Unidos. El visado IR-5 permite a tus padres vivir y trabajar en el pa\u00eds, lo que puede facilitarles empezar a construir una nueva vida. Los visados para familiares inmediatos tampoco tienen ning\u00fan l\u00edmite anual, lo que significa que no tienes que preocuparte de esperar hasta que haya uno disponible. Una vez aprobado el visado IR-5, a tu progenitor se le conceder\u00e1 la <a href=\"https:\/\/www.rosinalaw.com\/es\/tarjetas-verdes\/\">Tarjeta Verde<\/a>, que le otorga el estatus de residente permanente legal.   <\/p>\n<h2>\u00bfCu\u00e1les son los requisitos para obtener el visado IR-5?<\/h2>\n<p>Para poder optar a un visado IR-5, el progenitor debe ser admisible en Estados Unidos. Si no son admisibles, existe la posibilidad de poder solicitar una exenci\u00f3n. Sin embargo, \u00e9ste puede ser un proceso dif\u00edcil que requiere documentaci\u00f3n y pruebas de por qu\u00e9 debe ser aceptado, y es buena idea asesorarse con un <a href=\"https:\/\/www.rosinalaw.com\/es\/\">abogado de inmigraci\u00f3n<\/a>.  <\/p>\n<p>El progenitor tambi\u00e9n debe solicitar el visado IR-5 desde fuera de Estados Unidos. Si tu progenitor ya est\u00e1 en Estados Unidos, deber\u00e1 solicitar en su lugar un <a href=\"https:\/\/www.rosinalaw.com\/es\/ultimas-noticias\/cuales-son-los-requisitos-para-la-adaptacion-de-estatuto\/\">ajuste de estatus<\/a>. <\/p>\n<h2>\u00bfQu\u00e9 documentaci\u00f3n necesito para un visado IR-5?<\/h2>\n<p>Para poder solicitar un visado IR-5, tendr\u00e1s que establecer una relaci\u00f3n paterno-filial. En el caso de un hijo ciudadano estadounidense que patrocine a su madre, el hijo tendr\u00e1 que tener una copia de su partida de nacimiento en la que figuren tanto su nombre como el de la madre. <\/p>\n<p>En el caso de un hijo de ciudadano estadounidense que apadrine a su padre, deber\u00e1 tener una copia del certificado de nacimiento en el que figuren los nombres de ambos progenitores y una copia del certificado de matrimonio de los padres, si procede. Si los padres no estaban casados, debe haber pruebas de un v\u00ednculo emocional o econ\u00f3mico entre el padrino y su padre. Ese v\u00ednculo debe haberse producido antes de que el menor cumpliera 21 a\u00f1os o se casara, lo que ocurriera primero.  <\/p>\n<p>Tambi\u00e9n es posible que un ciudadano estadounidense patrocine a un padrastro o a un padre adoptivo, pero los requisitos de documentaci\u00f3n var\u00edan para estas situaciones. Una consulta con un abogado de inmigraci\u00f3n puede ayudarte a comprender lo que necesitar\u00e1s. <\/p>\n<p>El progenitor tambi\u00e9n deber\u00e1 tener un pasaporte no caducado y dos fotograf\u00edas en color tipo carn\u00e9. \u00c9stas se presentar\u00e1n en la entrevista obligatoria con la oficina del Servicio de Ciudadan\u00eda e Inmigraci\u00f3n de EE.UU. <\/p>\n<h2>\u00bfHay alg\u00fan requisito para el solicitante que sea ciudadano estadounidense?<\/h2>\n<p>Los hijos que apadrinan a un progenitor para inmigraci\u00f3n tambi\u00e9n deben cumplir requisitos espec\u00edficos. Debes tener al menos 21 a\u00f1os para poder apadrinar a tu progenitor. Tambi\u00e9n debes poder mantener econ\u00f3micamente al progenitor hasta que \u00e9ste pueda empezar a trabajar legalmente en Estados Unidos. Tendr\u00e1s que presentar documentaci\u00f3n sobre tu situaci\u00f3n econ\u00f3mica para demostrar que puedes cuidar de tu progenitor sin suponer una carga econ\u00f3mica. Debes residir actualmente en Estados Unidos y tener una direcci\u00f3n estadounidense v\u00e1lida.    <\/p>\n<h2>\u00bfPuede alguien con un visado IR-5 convertirse en ciudadano?<\/h2>\n<p>Si tus padres esperan convertirse en ciudadanos estadounidenses, el visado IR-5 puede ser un trampol\u00edn. Una vez concedido el visado IR-5, el progenitor puede solicitar la nacionalidad estadounidense una vez transcurrido un periodo de 5 a\u00f1os. Para poder solicitar la nacionalidad, no debes haber salido de Estados Unidos durante m\u00e1s de 6 meses durante el periodo de espera de 5 a\u00f1os, y tienes que haber sido residente en el estado en el que vayas a presentar la solicitud durante al menos los \u00faltimos 3 meses.  <\/p>\n<p>Las personas que solicitan la nacionalidad estadounidense deben poder demostrar que tienen \u00abbuen car\u00e1cter moral\u00bb y que pueden ser miembros productivos de la sociedad. Para que te aprueben la nacionalidad, tambi\u00e9n debes superar un examen de conocimientos de ingl\u00e9s y un examen de educaci\u00f3n c\u00edvica, que incluye informaci\u00f3n sobre el gobierno y la historia de Estados Unidos. Una vez completados todos los tr\u00e1mites, se te concede la nacionalidad tras la ceremonia de Juramento de Lealtad. Si tu progenitor espera convertirse en ciudadano estadounidense, puede resultarle \u00fatil hablar con un abogado de inmigraci\u00f3n para que sepa lo que implica el proceso y cu\u00e1nto tiempo tendr\u00e1 que esperar entre la obtenci\u00f3n del visado IR-5 y la solicitud de naturalizaci\u00f3n.   <\/p>\n<p>Pasar por el proceso de solicitud y aprobaci\u00f3n del visado puede llevar bastante tiempo, y hay muchas oportunidades de cometer errores. Trabajar con un abogado de inmigraci\u00f3n con experiencia puede ayudarte a agilizar este proceso, asegur\u00e1ndose de que comprendes lo que se requiere y si re\u00fanes los requisitos, y ayud\u00e1ndote a completar el proceso de solicitud. Llama <a href=\"tel:717-900-1818\">al 717-900-1818<\/a> para <a href=\"https:\/\/www.rosinalaw.com\/es\/contacte-con-nosotros\/\">hablar con un<\/a> abogado de inmigraci\u00f3n del Bufete de Rosina C. Stambaugh.  <\/p>\n","protected":false},"excerpt":{"rendered":"<p>Abogados especializados en visados I-R5 en Pensilvania gu\u00edan a los clientes en el proceso de apadrinamiento de los padres Para muchas personas, los miembros de su familia son algunas de las personas m\u00e1s importantes de su vida, y puede ser incre\u00edblemente dif\u00edcil separarse de aquellos a quienes aprecias. Para los ciudadanos estadounidenses que actualmente tienen [&hellip;]<\/p>\n","protected":false},"author":21,"featured_media":9697,"parent":0,"menu_order":0,"comment_status":"closed","ping_status":"closed","template":"","meta":{"_acf_changed":false,"site-sidebar-layout":"default","site-content-layout":"","ast-site-content-layout":"default","site-content-style":"default","site-sidebar-style":"default","ast-global-header-display":"","ast-banner-title-visibility":"","ast-main-header-display":"","ast-hfb-above-header-display":"","ast-hfb-below-header-display":"","ast-hfb-mobile-header-display":"","site-post-title":"","ast-breadcrumbs-content":"","ast-featured-img":"","footer-sml-layout":"","ast-disable-related-posts":"","theme-transparent-header-meta":"default","adv-header-id-meta":"","stick-header-meta":"","header-above-stick-meta":"","header-main-stick-meta":"","header-below-stick-meta":"","astra-migrate-meta-layouts":"set","ast-page-background-enabled":"default","ast-page-background-meta":{"desktop":{"background-color":"var(--ast-global-color-4)","background-image":"","background-repeat":"repeat","background-position":"center center","background-size":"auto","background-attachment":"scroll","background-type":"","background-media":"","overlay-type":"","overlay-color":"","overlay-opacity":"","overlay-gradient":""},"tablet":{"background-color":"","background-image":"","background-repeat":"repeat","background-position":"center center","background-size":"auto","background-attachment":"scroll","background-type":"","background-media":"","overlay-type":"","overlay-color":"","overlay-opacity":"","overlay-gradient":""},"mobile":{"background-color":"","background-image":"","background-repeat":"repeat","background-position":"center center","background-size":"auto","background-attachment":"scroll","background-type":"","background-media":"","overlay-type":"","overlay-color":"","overlay-opacity":"","overlay-gradient":""}},"ast-content-background-meta":{"desktop":{"background-color":"var(--ast-global-color-5)","background-image":"","background-repeat":"repeat","background-position":"center center","background-size":"auto","background-attachment":"scroll","background-type":"","background-media":"","overlay-type":"","overlay-color":"","overlay-opacity":"","overlay-gradient":""},"tablet":{"background-color":"var(--ast-global-color-5)","background-image":"","background-repeat":"repeat","background-position":"center center","background-size":"auto","background-attachment":"scroll","background-type":"","background-media":"","overlay-type":"","overlay-color":"","overlay-opacity":"","overlay-gradient":""},"mobile":{"background-color":"var(--ast-global-color-5)","background-image":"","background-repeat":"repeat","background-position":"center center","background-size":"auto","background-attachment":"scroll","background-type":"","background-media":"","overlay-type":"","overlay-color":"","overlay-opacity":"","overlay-gradient":""}},"footnotes":""},"class_list":["post-11323","page","type-page","status-publish","has-post-thumbnail","hentry"],"acf":[],"yoast_head":"<!-- This site is optimized with the Yoast SEO plugin v27.2 - https:\/\/yoast.com\/product\/yoast-seo-wordpress\/ -->\n<title>Abogados Visado I-R5 | Pensilvania | Concertar una consulta<\/title>\n<meta name=\"description\" content=\"\u00bfQuieres patrocinar a tu progenitor para que venga a Estados Unidos? Averigua c\u00f3mo funciona un visado IR-5 y c\u00f3mo puede ayudarte un abogado durante el proceso.\" \/>\n<meta name=\"robots\" content=\"index, follow, max-snippet:-1, max-image-preview:large, max-video-preview:-1\" \/>\n<link rel=\"canonical\" href=\"https:\/\/www.rosinalaw.com\/es\/ir5-visas-2\/\" \/>\n<meta property=\"og:locale\" content=\"es_ES\" \/>\n<meta property=\"og:type\" content=\"article\" \/>\n<meta property=\"og:title\" content=\"Abogados Visado I-R5 | Pensilvania | Concertar una consulta\" \/>\n<meta property=\"og:description\" content=\"\u00bfQuieres patrocinar a tu progenitor para que venga a Estados Unidos? Averigua c\u00f3mo funciona un visado IR-5 y c\u00f3mo puede ayudarte un abogado durante el proceso.\" \/>\n<meta property=\"og:url\" content=\"https:\/\/www.rosinalaw.com\/es\/ir5-visas-2\/\" \/>\n<meta property=\"og:site_name\" content=\"The Law Office of Rosina Stambaugh\" \/>\n<meta property=\"article:publisher\" content=\"https:\/\/www.facebook.com\/rosinastambaughlaw\/\" \/>\n<meta property=\"article:modified_time\" content=\"2025-10-16T17:00:51+00:00\" \/>\n<meta property=\"og:image\" content=\"https:\/\/www.rosinalaw.com\/wp-content\/uploads\/2023\/06\/blog_fet.png\" \/>\n\t<meta property=\"og:image:width\" content=\"1100\" \/>\n\t<meta property=\"og:image:height\" content=\"590\" \/>\n\t<meta property=\"og:image:type\" content=\"image\/png\" \/>\n<meta name=\"twitter:card\" content=\"summary_large_image\" \/>\n<meta name=\"twitter:site\" content=\"@LawOffice_RCS\" \/>\n<meta name=\"twitter:label1\" content=\"Tiempo de lectura\" \/>\n\t<meta name=\"twitter:data1\" content=\"5 minutos\" \/>\n<script type=\"application\/ld+json\" class=\"yoast-schema-graph\">{\"@context\":\"https:\/\/schema.org\",\"@graph\":[{\"@type\":\"WebPage\",\"@id\":\"https:\/\/www.rosinalaw.com\/es\/ir5-visas-2\/\",\"url\":\"https:\/\/www.rosinalaw.com\/es\/ir5-visas-2\/\",\"name\":\"Abogados Visado I-R5 | Pensilvania | Concertar una consulta\",\"isPartOf\":{\"@id\":\"https:\/\/www.rosinalaw.com\/#website\"},\"primaryImageOfPage\":{\"@id\":\"https:\/\/www.rosinalaw.com\/es\/ir5-visas-2\/#primaryimage\"},\"image\":{\"@id\":\"https:\/\/www.rosinalaw.com\/es\/ir5-visas-2\/#primaryimage\"},\"thumbnailUrl\":\"https:\/\/www.rosinalaw.com\/wp-content\/uploads\/2023\/06\/blog_fet.png\",\"datePublished\":\"2023-10-13T11:36:48+00:00\",\"dateModified\":\"2025-10-16T17:00:51+00:00\",\"description\":\"\u00bfQuieres patrocinar a tu progenitor para que venga a Estados Unidos? Averigua c\u00f3mo funciona un visado IR-5 y c\u00f3mo puede ayudarte un abogado durante el proceso.\",\"breadcrumb\":{\"@id\":\"https:\/\/www.rosinalaw.com\/es\/ir5-visas-2\/#breadcrumb\"},\"inLanguage\":\"es\",\"potentialAction\":[{\"@type\":\"ReadAction\",\"target\":[\"https:\/\/www.rosinalaw.com\/es\/ir5-visas-2\/\"]}]},{\"@type\":\"ImageObject\",\"inLanguage\":\"es\",\"@id\":\"https:\/\/www.rosinalaw.com\/es\/ir5-visas-2\/#primaryimage\",\"url\":\"https:\/\/www.rosinalaw.com\/wp-content\/uploads\/2023\/06\/blog_fet.png\",\"contentUrl\":\"https:\/\/www.rosinalaw.com\/wp-content\/uploads\/2023\/06\/blog_fet.png\",\"width\":1100,\"height\":590},{\"@type\":\"BreadcrumbList\",\"@id\":\"https:\/\/www.rosinalaw.com\/es\/ir5-visas-2\/#breadcrumb\",\"itemListElement\":[{\"@type\":\"ListItem\",\"position\":1,\"name\":\"Inicio\",\"item\":\"https:\/\/www.rosinalaw.com\/es\/inicio\/\"},{\"@type\":\"ListItem\",\"position\":2,\"name\":\"Visado I-R5\"}]},{\"@type\":\"WebSite\",\"@id\":\"https:\/\/www.rosinalaw.com\/#website\",\"url\":\"https:\/\/www.rosinalaw.com\/\",\"name\":\"The Law Office of Rosina Stambaugh\",\"description\":\"\",\"publisher\":{\"@id\":\"https:\/\/www.rosinalaw.com\/#organization\"},\"potentialAction\":[{\"@type\":\"SearchAction\",\"target\":{\"@type\":\"EntryPoint\",\"urlTemplate\":\"https:\/\/www.rosinalaw.com\/?s={search_term_string}\"},\"query-input\":{\"@type\":\"PropertyValueSpecification\",\"valueRequired\":true,\"valueName\":\"search_term_string\"}}],\"inLanguage\":\"es\"},{\"@type\":\"Organization\",\"@id\":\"https:\/\/www.rosinalaw.com\/#organization\",\"name\":\"El bufete de Rosina Stambaugh\",\"url\":\"https:\/\/www.rosinalaw.com\/\",\"logo\":{\"@type\":\"ImageObject\",\"inLanguage\":\"es\",\"@id\":\"https:\/\/www.rosinalaw.com\/#\/schema\/logo\/image\/\",\"url\":\"https:\/\/www.rosinalaw.com\/wp-content\/uploads\/2023\/06\/logo-header.png\",\"contentUrl\":\"https:\/\/www.rosinalaw.com\/wp-content\/uploads\/2023\/06\/logo-header.png\",\"width\":540,\"height\":80,\"caption\":\"El bufete de Rosina Stambaugh\"},\"image\":{\"@id\":\"https:\/\/www.rosinalaw.com\/#\/schema\/logo\/image\/\"},\"sameAs\":[\"https:\/\/www.facebook.com\/rosinastambaughlaw\/\",\"https:\/\/x.com\/LawOffice_RCS\"]}]}<\/script>\n<!-- \/ Yoast SEO plugin. -->","yoast_head_json":{"title":"Abogados Visado I-R5 | Pensilvania | Concertar una consulta","description":"\u00bfQuieres patrocinar a tu progenitor para que venga a Estados Unidos? Averigua c\u00f3mo funciona un visado IR-5 y c\u00f3mo puede ayudarte un abogado durante el proceso.","robots":{"index":"index","follow":"follow","max-snippet":"max-snippet:-1","max-image-preview":"max-image-preview:large","max-video-preview":"max-video-preview:-1"},"canonical":"https:\/\/www.rosinalaw.com\/es\/ir5-visas-2\/","og_locale":"es_ES","og_type":"article","og_title":"Abogados Visado I-R5 | Pensilvania | Concertar una consulta","og_description":"\u00bfQuieres patrocinar a tu progenitor para que venga a Estados Unidos? Averigua c\u00f3mo funciona un visado IR-5 y c\u00f3mo puede ayudarte un abogado durante el proceso.","og_url":"https:\/\/www.rosinalaw.com\/es\/ir5-visas-2\/","og_site_name":"The Law Office of Rosina Stambaugh","article_publisher":"https:\/\/www.facebook.com\/rosinastambaughlaw\/","article_modified_time":"2025-10-16T17:00:51+00:00","og_image":[{"width":1100,"height":590,"url":"https:\/\/www.rosinalaw.com\/wp-content\/uploads\/2023\/06\/blog_fet.png","type":"image\/png"}],"twitter_card":"summary_large_image","twitter_site":"@LawOffice_RCS","twitter_misc":{"Tiempo de lectura":"5 minutos"},"schema":{"@context":"https:\/\/schema.org","@graph":[{"@type":"WebPage","@id":"https:\/\/www.rosinalaw.com\/es\/ir5-visas-2\/","url":"https:\/\/www.rosinalaw.com\/es\/ir5-visas-2\/","name":"Abogados Visado I-R5 | Pensilvania | Concertar una consulta","isPartOf":{"@id":"https:\/\/www.rosinalaw.com\/#website"},"primaryImageOfPage":{"@id":"https:\/\/www.rosinalaw.com\/es\/ir5-visas-2\/#primaryimage"},"image":{"@id":"https:\/\/www.rosinalaw.com\/es\/ir5-visas-2\/#primaryimage"},"thumbnailUrl":"https:\/\/www.rosinalaw.com\/wp-content\/uploads\/2023\/06\/blog_fet.png","datePublished":"2023-10-13T11:36:48+00:00","dateModified":"2025-10-16T17:00:51+00:00","description":"\u00bfQuieres patrocinar a tu progenitor para que venga a Estados Unidos? Averigua c\u00f3mo funciona un visado IR-5 y c\u00f3mo puede ayudarte un abogado durante el proceso.","breadcrumb":{"@id":"https:\/\/www.rosinalaw.com\/es\/ir5-visas-2\/#breadcrumb"},"inLanguage":"es","potentialAction":[{"@type":"ReadAction","target":["https:\/\/www.rosinalaw.com\/es\/ir5-visas-2\/"]}]},{"@type":"ImageObject","inLanguage":"es","@id":"https:\/\/www.rosinalaw.com\/es\/ir5-visas-2\/#primaryimage","url":"https:\/\/www.rosinalaw.com\/wp-content\/uploads\/2023\/06\/blog_fet.png","contentUrl":"https:\/\/www.rosinalaw.com\/wp-content\/uploads\/2023\/06\/blog_fet.png","width":1100,"height":590},{"@type":"BreadcrumbList","@id":"https:\/\/www.rosinalaw.com\/es\/ir5-visas-2\/#breadcrumb","itemListElement":[{"@type":"ListItem","position":1,"name":"Inicio","item":"https:\/\/www.rosinalaw.com\/es\/inicio\/"},{"@type":"ListItem","position":2,"name":"Visado I-R5"}]},{"@type":"WebSite","@id":"https:\/\/www.rosinalaw.com\/#website","url":"https:\/\/www.rosinalaw.com\/","name":"The Law Office of Rosina Stambaugh","description":"","publisher":{"@id":"https:\/\/www.rosinalaw.com\/#organization"},"potentialAction":[{"@type":"SearchAction","target":{"@type":"EntryPoint","urlTemplate":"https:\/\/www.rosinalaw.com\/?s={search_term_string}"},"query-input":{"@type":"PropertyValueSpecification","valueRequired":true,"valueName":"search_term_string"}}],"inLanguage":"es"},{"@type":"Organization","@id":"https:\/\/www.rosinalaw.com\/#organization","name":"El bufete de Rosina Stambaugh","url":"https:\/\/www.rosinalaw.com\/","logo":{"@type":"ImageObject","inLanguage":"es","@id":"https:\/\/www.rosinalaw.com\/#\/schema\/logo\/image\/","url":"https:\/\/www.rosinalaw.com\/wp-content\/uploads\/2023\/06\/logo-header.png","contentUrl":"https:\/\/www.rosinalaw.com\/wp-content\/uploads\/2023\/06\/logo-header.png","width":540,"height":80,"caption":"El bufete de Rosina Stambaugh"},"image":{"@id":"https:\/\/www.rosinalaw.com\/#\/schema\/logo\/image\/"},"sameAs":["https:\/\/www.facebook.com\/rosinastambaughlaw\/","https:\/\/x.com\/LawOffice_RCS"]}]}},"_links":{"self":[{"href":"https:\/\/www.rosinalaw.com\/es\/wp-json\/wp\/v2\/pages\/11323","targetHints":{"allow":["GET"]}}],"collection":[{"href":"https:\/\/www.rosinalaw.com\/es\/wp-json\/wp\/v2\/pages"}],"about":[{"href":"https:\/\/www.rosinalaw.com\/es\/wp-json\/wp\/v2\/types\/page"}],"author":[{"embeddable":true,"href":"https:\/\/www.rosinalaw.com\/es\/wp-json\/wp\/v2\/users\/21"}],"replies":[{"embeddable":true,"href":"https:\/\/www.rosinalaw.com\/es\/wp-json\/wp\/v2\/comments?post=11323"}],"version-history":[{"count":0,"href":"https:\/\/www.rosinalaw.com\/es\/wp-json\/wp\/v2\/pages\/11323\/revisions"}],"wp:featuredmedia":[{"embeddable":true,"href":"https:\/\/www.rosinalaw.com\/es\/wp-json\/wp\/v2\/media\/9697"}],"wp:attachment":[{"href":"https:\/\/www.rosinalaw.com\/es\/wp-json\/wp\/v2\/media?parent=11323"}],"curies":[{"name":"wp","href":"https:\/\/api.w.org\/{rel}","templated":true}]}}