{"id":12119,"date":"2023-07-21T09:31:17","date_gmt":"2023-07-21T09:31:17","guid":{"rendered":"https:\/\/www.rosinalaw.com\/espanol\/defensa-ante-la-deportacion\/procedimientos-de-pago-de-fianza\/"},"modified":"2023-07-21T09:31:17","modified_gmt":"2023-07-21T09:31:17","slug":"procedimientos-de-pago-de-fianza","status":"publish","type":"page","link":"https:\/\/www.rosinalaw.com\/es\/espanol\/defensa-ante-la-deportacion\/procedimientos-de-pago-de-fianza\/","title":{"rendered":"Procedimientos De Pago De Fianza"},"content":{"rendered":"<h1>PROCEDIMIENTOS DE PAGO DE FIANZA<\/h1>\n<p>La persona que va a pagar puede hacer el pago en la oficina de ICE de York al 1605 Clugston Rd, York, PA 17404 o en cualquier otra oficina de ICE. Una lista completa se puede encontrar aqu\u00ed: <a href=\"https:\/\/www.ice.gov\/ice-ero-bond-acceptance-facilities\" target=\"_blank\" rel=\"noopener\">https:\/\/www.ice.gov\/ice-ero-bond-acceptance-facilities<\/a> <\/p>\n<p><b>PROCEDIMIENTOS PARA YORK<a href=\"tel:717-900-1818\">:717-900-1818<\/a><\/b><\/p>\n<ol>\n<li>El pago completo de la fianza debe ser realizado en su totalidad, ya sea por un individuo o una compa\u00f1\u00eda de fianzas.<\/li>\n<\/ol>\n<ol start=\"2\">\n<li>La persona que paga la fianza debe tener:\n<ul>\n<li>Estatus legal en los EE.UU.<\/li>\n<li>2 formas de identificaci\u00f3n (preferiblemente una foto y cualquier otra forma)<\/li>\n<li>Nombre del detenido, n\u00famero de extranjero, fecha de nacimiento y la direcci\u00f3n donde vivir\u00e1.<\/li>\n<\/ul>\n<\/li>\n<\/ol>\n<ol start=\"3\">\n<li>La fianza debe pagarse antes de las 3:00 p.m. Est\u00e1ndar del Este (EST). <\/li>\n<\/ol>\n<ol start=\"4\">\n<li>Cualquier fianza de 5.000 $ o m\u00e1s, debe hacerse con un cheque bancario certificado (hacer pagadero a \u00abTHE DEPARTMENT OF HOMELAND SECURITY\u00bb&#8211;no agregue ninguna otra informaci\u00f3n al giro postal o cheque, ni siquiera el nombre del detenido o A#).<\/li>\n<li>Cualquier fianza de menos de 5.000 $ se puede hacer por giro postal o cheque bancario certificado (hacer pagadero a \u00bb THE DEPARTMENT OF HOMELAND SECURITY\u00bb; no agregue ninguna otra informaci\u00f3n al giro postal o cheque, ni siquiera el nombre del detenido o A #).<\/li>\n<li>Si se utiliza una compa\u00f1\u00eda de fianzas, tambi\u00e9n deben tener la informaci\u00f3n del detenido.<\/li>\n<\/ol>\n<ol start=\"7\">\n<li>Mant\u00e9n toda la documentaci\u00f3n de la fianza en un lugar seguro. Al final del procedimiento, necesitar\u00e1 estos documentos para que le devuelvan su fianza. <\/li>\n<\/ol>\n<p><b>PROCEDIMIENTOS EN OTRAS OFICINAS DE ICE<\/b><\/p>\n<ol>\n<li>Comun\u00edquese con la oficina de ICE en la que planea realizar el pago y preg\u00fanteles sobre sus requisitos.<\/li>\n<\/ol>\n<ol start=\"2\">\n<li>Si est\u00e1 haciendo un pago en cualquier otra oficina de ICE, tenga en cuenta que las instalaciones de Pensilvania operan en hora del este. Todos los pagos deben pagarse antes de las 3:00 p.m. EST.  <\/li>\n<\/ol>\n<ol start=\"3\">\n<li>Puedes hacer el pago en otra oficina del ICE y recoger a la persona o comprar un medio de transporte. Informa a los funcionarios del ICE si est\u00e1 recogiendo a la persona. <\/li>\n<\/ol>\n<p><strong>FILADELFIA<\/strong><\/p>\n<p><b>Los pagos se pueden realizar todos los dem\u00e1s d\u00edas en la oficina de ICE en <\/b><b>FILADELFIA antes de las 3:00 p.m. <\/b><b>114 North 8th Street, Filadelfia, PA 19107 <a href=\"tel:717-900-1818\">717-900-1818<\/a><\/b><\/p>\n","protected":false},"excerpt":{"rendered":"<p>PROCEDIMIENTOS DE PAGO DE FIANZA La persona que va a pagar puede hacer el pago en la oficina de ICE de York al 1605 Clugston Rd, York, PA 17404 o en cualquier otra oficina de ICE. Una lista completa se puede encontrar aqu\u00ed: https:\/\/www.ice.gov\/ice-ero-bond-acceptance-facilities PROCEDIMIENTOS PARA YORK:717-900-1818 El pago completo de la fianza debe ser [&hellip;]<\/p>\n","protected":false},"author":21,"featured_media":9697,"parent":10709,"menu_order":0,"comment_status":"closed","ping_status":"closed","template":"","meta":{"_acf_changed":false,"site-sidebar-layout":"default","site-content-layout":"default","ast-site-content-layout":"default","site-content-style":"default","site-sidebar-style":"default","ast-global-header-display":"","ast-banner-title-visibility":"","ast-main-header-display":"","ast-hfb-above-header-display":"","ast-hfb-below-header-display":"","ast-hfb-mobile-header-display":"","site-post-title":"","ast-breadcrumbs-content":"","ast-featured-img":"","footer-sml-layout":"","ast-disable-related-posts":"","theme-transparent-header-meta":"default","adv-header-id-meta":"","stick-header-meta":"","header-above-stick-meta":"","header-main-stick-meta":"","header-below-stick-meta":"","astra-migrate-meta-layouts":"default","ast-page-background-enabled":"default","ast-page-background-meta":{"desktop":{"background-color":"var(--ast-global-color-4)","background-image":"","background-repeat":"repeat","background-position":"center center","background-size":"auto","background-attachment":"scroll","background-type":"","background-media":"","overlay-type":"","overlay-color":"","overlay-opacity":"","overlay-gradient":""},"tablet":{"background-color":"","background-image":"","background-repeat":"repeat","background-position":"center center","background-size":"auto","background-attachment":"scroll","background-type":"","background-media":"","overlay-type":"","overlay-color":"","overlay-opacity":"","overlay-gradient":""},"mobile":{"background-color":"","background-image":"","background-repeat":"repeat","background-position":"center center","background-size":"auto","background-attachment":"scroll","background-type":"","background-media":"","overlay-type":"","overlay-color":"","overlay-opacity":"","overlay-gradient":""}},"ast-content-background-meta":{"desktop":{"background-color":"var(--ast-global-color-5)","background-image":"","background-repeat":"repeat","background-position":"center center","background-size":"auto","background-attachment":"scroll","background-type":"","background-media":"","overlay-type":"","overlay-color":"","overlay-opacity":"","overlay-gradient":""},"tablet":{"background-color":"var(--ast-global-color-5)","background-image":"","background-repeat":"repeat","background-position":"center center","background-size":"auto","background-attachment":"scroll","background-type":"","background-media":"","overlay-type":"","overlay-color":"","overlay-opacity":"","overlay-gradient":""},"mobile":{"background-color":"var(--ast-global-color-5)","background-image":"","background-repeat":"repeat","background-position":"center center","background-size":"auto","background-attachment":"scroll","background-type":"","background-media":"","overlay-type":"","overlay-color":"","overlay-opacity":"","overlay-gradient":""}},"footnotes":""},"class_list":["post-12119","page","type-page","status-publish","has-post-thumbnail","hentry"],"acf":[],"yoast_head":"<!-- This site is optimized with the Yoast SEO plugin v27.3 - https:\/\/yoast.com\/product\/yoast-seo-wordpress\/ -->\n<title>Procedimientos De Pago De Fianza | El Bufete De Rosina C. Stambaugh<\/title>\n<meta name=\"description\" content=\"Procedimientos De Pago De Fianza . Si necesitas ayuda con tus asuntos legales, llama hoy mismo a nuestro abogado de inmigraci\u00f3n en York.\" \/>\n<meta name=\"robots\" content=\"index, follow, max-snippet:-1, max-image-preview:large, max-video-preview:-1\" \/>\n<link rel=\"canonical\" href=\"https:\/\/www.rosinalaw.com\/es\/espanol\/defensa-ante-la-deportacion\/procedimientos-de-pago-de-fianza\/\" \/>\n<meta property=\"og:locale\" content=\"es_ES\" \/>\n<meta property=\"og:type\" content=\"article\" \/>\n<meta property=\"og:title\" content=\"Procedimientos De Pago De Fianza | El Bufete De Rosina C. Stambaugh\" \/>\n<meta property=\"og:description\" content=\"Procedimientos De Pago De Fianza . Si necesitas ayuda con tus asuntos legales, llama hoy mismo a nuestro abogado de inmigraci\u00f3n en York.\" \/>\n<meta property=\"og:url\" content=\"https:\/\/www.rosinalaw.com\/es\/espanol\/defensa-ante-la-deportacion\/procedimientos-de-pago-de-fianza\/\" \/>\n<meta property=\"og:site_name\" content=\"The Law Office of Rosina Stambaugh\" \/>\n<meta property=\"article:publisher\" content=\"https:\/\/www.facebook.com\/rosinastambaughlaw\/\" \/>\n<meta property=\"og:image\" content=\"https:\/\/www.rosinalaw.com\/wp-content\/uploads\/2023\/06\/blog_fet.png\" \/>\n\t<meta property=\"og:image:width\" content=\"1100\" \/>\n\t<meta property=\"og:image:height\" content=\"590\" \/>\n\t<meta property=\"og:image:type\" content=\"image\/png\" \/>\n<meta name=\"twitter:card\" content=\"summary_large_image\" \/>\n<meta name=\"twitter:site\" content=\"@LawOffice_RCS\" \/>\n<meta name=\"twitter:label1\" content=\"Tiempo de lectura\" \/>\n\t<meta name=\"twitter:data1\" content=\"2 minutos\" \/>\n<script type=\"application\/ld+json\" class=\"yoast-schema-graph\">{\"@context\":\"https:\\\/\\\/schema.org\",\"@graph\":[{\"@type\":\"WebPage\",\"@id\":\"https:\\\/\\\/www.rosinalaw.com\\\/es\\\/espanol\\\/defensa-ante-la-deportacion\\\/procedimientos-de-pago-de-fianza\\\/\",\"url\":\"https:\\\/\\\/www.rosinalaw.com\\\/es\\\/espanol\\\/defensa-ante-la-deportacion\\\/procedimientos-de-pago-de-fianza\\\/\",\"name\":\"Procedimientos De Pago De Fianza | El Bufete De Rosina C. Stambaugh\",\"isPartOf\":{\"@id\":\"https:\\\/\\\/www.rosinalaw.com\\\/#website\"},\"primaryImageOfPage\":{\"@id\":\"https:\\\/\\\/www.rosinalaw.com\\\/es\\\/espanol\\\/defensa-ante-la-deportacion\\\/procedimientos-de-pago-de-fianza\\\/#primaryimage\"},\"image\":{\"@id\":\"https:\\\/\\\/www.rosinalaw.com\\\/es\\\/espanol\\\/defensa-ante-la-deportacion\\\/procedimientos-de-pago-de-fianza\\\/#primaryimage\"},\"thumbnailUrl\":\"https:\\\/\\\/www.rosinalaw.com\\\/wp-content\\\/uploads\\\/2023\\\/06\\\/blog_fet.png\",\"datePublished\":\"2023-07-21T09:31:17+00:00\",\"description\":\"Procedimientos De Pago De Fianza . Si necesitas ayuda con tus asuntos legales, llama hoy mismo a nuestro abogado de inmigraci\u00f3n en York.\",\"breadcrumb\":{\"@id\":\"https:\\\/\\\/www.rosinalaw.com\\\/es\\\/espanol\\\/defensa-ante-la-deportacion\\\/procedimientos-de-pago-de-fianza\\\/#breadcrumb\"},\"inLanguage\":\"es\",\"potentialAction\":[{\"@type\":\"ReadAction\",\"target\":[\"https:\\\/\\\/www.rosinalaw.com\\\/es\\\/espanol\\\/defensa-ante-la-deportacion\\\/procedimientos-de-pago-de-fianza\\\/\"]}]},{\"@type\":\"ImageObject\",\"inLanguage\":\"es\",\"@id\":\"https:\\\/\\\/www.rosinalaw.com\\\/es\\\/espanol\\\/defensa-ante-la-deportacion\\\/procedimientos-de-pago-de-fianza\\\/#primaryimage\",\"url\":\"https:\\\/\\\/www.rosinalaw.com\\\/wp-content\\\/uploads\\\/2023\\\/06\\\/blog_fet.png\",\"contentUrl\":\"https:\\\/\\\/www.rosinalaw.com\\\/wp-content\\\/uploads\\\/2023\\\/06\\\/blog_fet.png\",\"width\":1100,\"height\":590},{\"@type\":\"BreadcrumbList\",\"@id\":\"https:\\\/\\\/www.rosinalaw.com\\\/es\\\/espanol\\\/defensa-ante-la-deportacion\\\/procedimientos-de-pago-de-fianza\\\/#breadcrumb\",\"itemListElement\":[{\"@type\":\"ListItem\",\"position\":1,\"name\":\"Inicio\",\"item\":\"https:\\\/\\\/www.rosinalaw.com\\\/es\\\/inicio\\\/\"},{\"@type\":\"ListItem\",\"position\":2,\"name\":\"Espa\u00f1ol\",\"item\":\"https:\\\/\\\/www.rosinalaw.com\\\/es\\\/espanol\\\/\"},{\"@type\":\"ListItem\",\"position\":3,\"name\":\"Defensa ante la deportaci\u00f3n\",\"item\":\"https:\\\/\\\/www.rosinalaw.com\\\/es\\\/espanol\\\/defensa-ante-la-deportacion\\\/\"},{\"@type\":\"ListItem\",\"position\":4,\"name\":\"Procedimientos De Pago De Fianza\"}]},{\"@type\":\"WebSite\",\"@id\":\"https:\\\/\\\/www.rosinalaw.com\\\/#website\",\"url\":\"https:\\\/\\\/www.rosinalaw.com\\\/\",\"name\":\"The Law Office of Rosina Stambaugh\",\"description\":\"\",\"publisher\":{\"@id\":\"https:\\\/\\\/www.rosinalaw.com\\\/#organization\"},\"potentialAction\":[{\"@type\":\"SearchAction\",\"target\":{\"@type\":\"EntryPoint\",\"urlTemplate\":\"https:\\\/\\\/www.rosinalaw.com\\\/?s={search_term_string}\"},\"query-input\":{\"@type\":\"PropertyValueSpecification\",\"valueRequired\":true,\"valueName\":\"search_term_string\"}}],\"inLanguage\":\"es\"},{\"@type\":\"Organization\",\"@id\":\"https:\\\/\\\/www.rosinalaw.com\\\/#organization\",\"name\":\"El bufete de Rosina Stambaugh\",\"url\":\"https:\\\/\\\/www.rosinalaw.com\\\/\",\"logo\":{\"@type\":\"ImageObject\",\"inLanguage\":\"es\",\"@id\":\"https:\\\/\\\/www.rosinalaw.com\\\/#\\\/schema\\\/logo\\\/image\\\/\",\"url\":\"https:\\\/\\\/www.rosinalaw.com\\\/wp-content\\\/uploads\\\/2023\\\/06\\\/logo-header.png\",\"contentUrl\":\"https:\\\/\\\/www.rosinalaw.com\\\/wp-content\\\/uploads\\\/2023\\\/06\\\/logo-header.png\",\"width\":540,\"height\":80,\"caption\":\"El bufete de Rosina Stambaugh\"},\"image\":{\"@id\":\"https:\\\/\\\/www.rosinalaw.com\\\/#\\\/schema\\\/logo\\\/image\\\/\"},\"sameAs\":[\"https:\\\/\\\/www.facebook.com\\\/rosinastambaughlaw\\\/\",\"https:\\\/\\\/x.com\\\/LawOffice_RCS\"]}]}<\/script>\n<!-- \/ Yoast SEO plugin. -->","yoast_head_json":{"title":"Procedimientos De Pago De Fianza | El Bufete De Rosina C. Stambaugh","description":"Procedimientos De Pago De Fianza . Si necesitas ayuda con tus asuntos legales, llama hoy mismo a nuestro abogado de inmigraci\u00f3n en York.","robots":{"index":"index","follow":"follow","max-snippet":"max-snippet:-1","max-image-preview":"max-image-preview:large","max-video-preview":"max-video-preview:-1"},"canonical":"https:\/\/www.rosinalaw.com\/es\/espanol\/defensa-ante-la-deportacion\/procedimientos-de-pago-de-fianza\/","og_locale":"es_ES","og_type":"article","og_title":"Procedimientos De Pago De Fianza | El Bufete De Rosina C. Stambaugh","og_description":"Procedimientos De Pago De Fianza . Si necesitas ayuda con tus asuntos legales, llama hoy mismo a nuestro abogado de inmigraci\u00f3n en York.","og_url":"https:\/\/www.rosinalaw.com\/es\/espanol\/defensa-ante-la-deportacion\/procedimientos-de-pago-de-fianza\/","og_site_name":"The Law Office of Rosina Stambaugh","article_publisher":"https:\/\/www.facebook.com\/rosinastambaughlaw\/","og_image":[{"width":1100,"height":590,"url":"https:\/\/www.rosinalaw.com\/wp-content\/uploads\/2023\/06\/blog_fet.png","type":"image\/png"}],"twitter_card":"summary_large_image","twitter_site":"@LawOffice_RCS","twitter_misc":{"Tiempo de lectura":"2 minutos"},"schema":{"@context":"https:\/\/schema.org","@graph":[{"@type":"WebPage","@id":"https:\/\/www.rosinalaw.com\/es\/espanol\/defensa-ante-la-deportacion\/procedimientos-de-pago-de-fianza\/","url":"https:\/\/www.rosinalaw.com\/es\/espanol\/defensa-ante-la-deportacion\/procedimientos-de-pago-de-fianza\/","name":"Procedimientos De Pago De Fianza | El Bufete De Rosina C. Stambaugh","isPartOf":{"@id":"https:\/\/www.rosinalaw.com\/#website"},"primaryImageOfPage":{"@id":"https:\/\/www.rosinalaw.com\/es\/espanol\/defensa-ante-la-deportacion\/procedimientos-de-pago-de-fianza\/#primaryimage"},"image":{"@id":"https:\/\/www.rosinalaw.com\/es\/espanol\/defensa-ante-la-deportacion\/procedimientos-de-pago-de-fianza\/#primaryimage"},"thumbnailUrl":"https:\/\/www.rosinalaw.com\/wp-content\/uploads\/2023\/06\/blog_fet.png","datePublished":"2023-07-21T09:31:17+00:00","description":"Procedimientos De Pago De Fianza . Si necesitas ayuda con tus asuntos legales, llama hoy mismo a nuestro abogado de inmigraci\u00f3n en York.","breadcrumb":{"@id":"https:\/\/www.rosinalaw.com\/es\/espanol\/defensa-ante-la-deportacion\/procedimientos-de-pago-de-fianza\/#breadcrumb"},"inLanguage":"es","potentialAction":[{"@type":"ReadAction","target":["https:\/\/www.rosinalaw.com\/es\/espanol\/defensa-ante-la-deportacion\/procedimientos-de-pago-de-fianza\/"]}]},{"@type":"ImageObject","inLanguage":"es","@id":"https:\/\/www.rosinalaw.com\/es\/espanol\/defensa-ante-la-deportacion\/procedimientos-de-pago-de-fianza\/#primaryimage","url":"https:\/\/www.rosinalaw.com\/wp-content\/uploads\/2023\/06\/blog_fet.png","contentUrl":"https:\/\/www.rosinalaw.com\/wp-content\/uploads\/2023\/06\/blog_fet.png","width":1100,"height":590},{"@type":"BreadcrumbList","@id":"https:\/\/www.rosinalaw.com\/es\/espanol\/defensa-ante-la-deportacion\/procedimientos-de-pago-de-fianza\/#breadcrumb","itemListElement":[{"@type":"ListItem","position":1,"name":"Inicio","item":"https:\/\/www.rosinalaw.com\/es\/inicio\/"},{"@type":"ListItem","position":2,"name":"Espa\u00f1ol","item":"https:\/\/www.rosinalaw.com\/es\/espanol\/"},{"@type":"ListItem","position":3,"name":"Defensa ante la deportaci\u00f3n","item":"https:\/\/www.rosinalaw.com\/es\/espanol\/defensa-ante-la-deportacion\/"},{"@type":"ListItem","position":4,"name":"Procedimientos De Pago De Fianza"}]},{"@type":"WebSite","@id":"https:\/\/www.rosinalaw.com\/#website","url":"https:\/\/www.rosinalaw.com\/","name":"The Law Office of Rosina Stambaugh","description":"","publisher":{"@id":"https:\/\/www.rosinalaw.com\/#organization"},"potentialAction":[{"@type":"SearchAction","target":{"@type":"EntryPoint","urlTemplate":"https:\/\/www.rosinalaw.com\/?s={search_term_string}"},"query-input":{"@type":"PropertyValueSpecification","valueRequired":true,"valueName":"search_term_string"}}],"inLanguage":"es"},{"@type":"Organization","@id":"https:\/\/www.rosinalaw.com\/#organization","name":"El bufete de Rosina Stambaugh","url":"https:\/\/www.rosinalaw.com\/","logo":{"@type":"ImageObject","inLanguage":"es","@id":"https:\/\/www.rosinalaw.com\/#\/schema\/logo\/image\/","url":"https:\/\/www.rosinalaw.com\/wp-content\/uploads\/2023\/06\/logo-header.png","contentUrl":"https:\/\/www.rosinalaw.com\/wp-content\/uploads\/2023\/06\/logo-header.png","width":540,"height":80,"caption":"El bufete de Rosina Stambaugh"},"image":{"@id":"https:\/\/www.rosinalaw.com\/#\/schema\/logo\/image\/"},"sameAs":["https:\/\/www.facebook.com\/rosinastambaughlaw\/","https:\/\/x.com\/LawOffice_RCS"]}]}},"_links":{"self":[{"href":"https:\/\/www.rosinalaw.com\/es\/wp-json\/wp\/v2\/pages\/12119","targetHints":{"allow":["GET"]}}],"collection":[{"href":"https:\/\/www.rosinalaw.com\/es\/wp-json\/wp\/v2\/pages"}],"about":[{"href":"https:\/\/www.rosinalaw.com\/es\/wp-json\/wp\/v2\/types\/page"}],"author":[{"embeddable":true,"href":"https:\/\/www.rosinalaw.com\/es\/wp-json\/wp\/v2\/users\/21"}],"replies":[{"embeddable":true,"href":"https:\/\/www.rosinalaw.com\/es\/wp-json\/wp\/v2\/comments?post=12119"}],"version-history":[{"count":0,"href":"https:\/\/www.rosinalaw.com\/es\/wp-json\/wp\/v2\/pages\/12119\/revisions"}],"up":[{"embeddable":true,"href":"https:\/\/www.rosinalaw.com\/es\/wp-json\/wp\/v2\/pages\/10709"}],"wp:featuredmedia":[{"embeddable":true,"href":"https:\/\/www.rosinalaw.com\/es\/wp-json\/wp\/v2\/media\/9697"}],"wp:attachment":[{"href":"https:\/\/www.rosinalaw.com\/es\/wp-json\/wp\/v2\/media?parent=12119"}],"curies":[{"name":"wp","href":"https:\/\/api.w.org\/{rel}","templated":true}]}}